{"id":6449,"date":"2015-08-17T08:50:48","date_gmt":"2015-08-17T06:50:48","guid":{"rendered":"http:\/\/wp.unil.ch\/connaissance3\/?page_id=6449"},"modified":"2025-04-30T11:48:10","modified_gmt":"2025-04-30T09:48:10","slug":"conferences-de-nyon","status":"publish","type":"page","link":"https:\/\/wp.unil.ch\/connaissance3\/conferences\/saisons-regionales\/conferences-de-nyon\/","title":{"rendered":"Conf\u00e9rences de Nyon"},"content":{"rendered":"\n<p>Le comit\u00e9 r\u00e9gional de Connaissance 3 \u2013 Nyon vous propose des conf\u00e9rences \u00e0 Nyon.<br>Adresse des salles, voir: <a href=\"https:\/\/wp.unil.ch\/connaissance3\/conferences\/lieux-et-acces\/\">Lieux et acc\u00e8s<\/a><\/p>\n\n\n\n<h2 class=\"wp-block-heading\"><\/h2>\n\n\n\n<h2 class=\"wp-block-heading\">Saison 2025-2026<\/h2>\n\n\n<div class=\"simcal-calendar simcal-default-calendar simcal-default-calendar-list simcal-default-calendar-light\" data-calendar-id=\"6448\" data-timezone=\"Europe\/Paris\" data-offset=\"7200\" data-week-start=\"1\" data-calendar-start=\"1756072800\" data-calendar-end=\"1774537200\" data-events-first=\"1760013000\" data-events-last=\"1774537200\"><div class=\"simcal-calendar-list \"><dl class=\"simcal-events-list-container\" data-prev=\"1730156400\" data-next=\"1781992800\" data-heading-small=\"2025 - 2026\" data-heading-large=\"2025 - 2026\">\t<dt class=\"simcal-day-label\" style=\"border-bottom: 1px solid #00acc8;\" ><span style=\"background-color: #00acc8; color: #ffffff;\"><span class=\"simcal-date-format\" data-date-format=\"j F Y\">9 octobre 2025<\/span> <\/span><\/dt>\n<dd class=\"simcal-weekday-4 simcal-past simcal-day simcal-day-has-events simcal-day-has-1-events simcal-events-calendar-6448\" data-events-count=\"1\">\n\t<ul class=\"simcal-events\">\n\t<li class=\"simcal-event simcal-event-has-location simcal-events-calendar-6448\" style=\"\" itemscope itemtype=\"http:\/\/schema.org\/Event\" data-start=\"1760013000\">\n\t\t<div class=\"simcal-event-details\"><p class=\"gce-list-event event-title\"><span style=\"color: #00acc8\"><em><span class=\"simcal-event-start simcal-event-start-time\" data-event-start=\"1760013000\" data-event-format=\"H:i\" itemprop=\"startDate\" content=\"2025-10-09T14:30:00+02:00\">14:30<\/span> - <span class=\"simcal-event-address simcal-event-start-location\" itemprop=\"location\" itemscope itemtype=\"http:\/\/schema.org\/Place\"><meta itemprop=\"name\" content=\"Nyon \u2013 Salle du Conseil communal, Ferme du Manoir, Rue Maupertuis 1\" \/><meta itemprop=\"address\" content=\"Nyon \u2013 Salle du Conseil communal, Ferme du Manoir, Rue Maupertuis 1\" \/>Nyon \u2013 Salle du Conseil communal, Ferme du Manoir, Rue Maupertuis 1<\/span><\/em><\/span><\/p>\r\n<p class=\"gce-list-event event-title\"><strong><span class=\"simcal-event-title\" itemprop=\"name\">Le cerveau : la force de nos bugs<\/span><\/strong><\/p>\r\n<div class=\"simcal-event-description\" itemprop=\"description\"><p>Sebastian Dieguez, docteur en neurosciences, auteur, enseignant et chercheur, Unifr<\/p>\n<\/div>\r\n\r\n&nbsp;\r\n<div><\/div><\/div>\n\t<\/li>\n<\/ul>\n\n<\/dd>\n\t<dt class=\"simcal-day-label\" style=\"border-bottom: 1px solid #00acc8;\" ><span style=\"background-color: #00acc8; color: #ffffff;\"><span class=\"simcal-date-format\" data-date-format=\"j F Y\">30 octobre 2025<\/span> <\/span><\/dt>\n<dd class=\"simcal-weekday-4 simcal-past simcal-day simcal-day-has-events simcal-day-has-1-events simcal-events-calendar-6448\" data-events-count=\"1\">\n\t<ul class=\"simcal-events\">\n\t<li class=\"simcal-event simcal-event-has-location simcal-events-calendar-6448\" style=\"\" itemscope itemtype=\"http:\/\/schema.org\/Event\" data-start=\"1761831000\">\n\t\t<div class=\"simcal-event-details\"><p class=\"gce-list-event event-title\"><span style=\"color: #00acc8\"><em><span class=\"simcal-event-start simcal-event-start-time\" data-event-start=\"1761831000\" data-event-format=\"H:i\" itemprop=\"startDate\" content=\"2025-10-30T14:30:00+01:00\">14:30<\/span> - <span class=\"simcal-event-address simcal-event-start-location\" itemprop=\"location\" itemscope itemtype=\"http:\/\/schema.org\/Place\"><meta itemprop=\"name\" content=\"Nyon \u2013 Salle du Conseil communal, Ferme du Manoir, Rue Maupertuis 1\" \/><meta itemprop=\"address\" content=\"Nyon \u2013 Salle du Conseil communal, Ferme du Manoir, Rue Maupertuis 1\" \/>Nyon \u2013 Salle du Conseil communal, Ferme du Manoir, Rue Maupertuis 1<\/span><\/em><\/span><\/p>\r\n<p class=\"gce-list-event event-title\"><strong><span class=\"simcal-event-title\" itemprop=\"name\">Simone Veil, sa famille, la Shoa et la R\u00e9sistance<\/span><\/strong><\/p>\r\n<div class=\"simcal-event-description\" itemprop=\"description\"><p>Michel Doleires, ancien directeur de l\u2019Office du tourisme d\u2019Avenches, passionn\u00e9 d\u2019histoire<\/p>\n<\/div>\r\n\r\n&nbsp;\r\n<div><\/div><\/div>\n\t<\/li>\n<\/ul>\n\n<\/dd>\n\t<dt class=\"simcal-day-label\" style=\"border-bottom: 1px solid #00acc8;\" ><span style=\"background-color: #00acc8; color: #ffffff;\"><span class=\"simcal-date-format\" data-date-format=\"j F Y\">13 novembre 2025<\/span> <\/span><\/dt>\n<dd class=\"simcal-weekday-4 simcal-past simcal-day simcal-day-has-events simcal-day-has-1-events simcal-events-calendar-6448\" data-events-count=\"1\">\n\t<ul class=\"simcal-events\">\n\t<li class=\"simcal-event simcal-event-has-location simcal-events-calendar-6448\" style=\"\" itemscope itemtype=\"http:\/\/schema.org\/Event\" data-start=\"1763040600\">\n\t\t<div class=\"simcal-event-details\"><p class=\"gce-list-event event-title\"><span style=\"color: #00acc8\"><em><span class=\"simcal-event-start simcal-event-start-time\" data-event-start=\"1763040600\" data-event-format=\"H:i\" itemprop=\"startDate\" content=\"2025-11-13T14:30:00+01:00\">14:30<\/span> - <span class=\"simcal-event-address simcal-event-start-location\" itemprop=\"location\" itemscope itemtype=\"http:\/\/schema.org\/Place\"><meta itemprop=\"name\" content=\"Nyon \u2013 Salle du Conseil communal, Ferme du Manoir, Rue Maupertuis 1\" \/><meta itemprop=\"address\" content=\"Nyon \u2013 Salle du Conseil communal, Ferme du Manoir, Rue Maupertuis 1\" \/>Nyon \u2013 Salle du Conseil communal, Ferme du Manoir, Rue Maupertuis 1<\/span><\/em><\/span><\/p>\r\n<p class=\"gce-list-event event-title\"><strong><span class=\"simcal-event-title\" itemprop=\"name\">Sur les traces des d\u00e9sastres naturels en Suisse<\/span><\/strong><\/p>\r\n<div class=\"simcal-event-description\" itemprop=\"description\"><p>Walter Wildi, g\u00e9ologue, professeur honoraire, Unige<\/p>\n<\/div>\r\n\r\n&nbsp;\r\n<div><\/div><\/div>\n\t<\/li>\n<\/ul>\n\n<\/dd>\n\t<dt class=\"simcal-day-label\" style=\"border-bottom: 1px solid #00acc8;\" ><span style=\"background-color: #00acc8; color: #ffffff;\"><span class=\"simcal-date-format\" data-date-format=\"j F Y\">27 novembre 2025<\/span> <\/span><\/dt>\n<dd class=\"simcal-weekday-4 simcal-past simcal-day simcal-day-has-events simcal-day-has-1-events simcal-events-calendar-6448\" data-events-count=\"1\">\n\t<ul class=\"simcal-events\">\n\t<li class=\"simcal-event simcal-event-has-location simcal-events-calendar-6448\" style=\"\" itemscope itemtype=\"http:\/\/schema.org\/Event\" data-start=\"1764250200\">\n\t\t<div class=\"simcal-event-details\"><p class=\"gce-list-event event-title\"><span style=\"color: #00acc8\"><em><span class=\"simcal-event-start simcal-event-start-time\" data-event-start=\"1764250200\" data-event-format=\"H:i\" itemprop=\"startDate\" content=\"2025-11-27T14:30:00+01:00\">14:30<\/span> - <span class=\"simcal-event-address simcal-event-start-location\" itemprop=\"location\" itemscope itemtype=\"http:\/\/schema.org\/Place\"><meta itemprop=\"name\" content=\"Nyon \u2013 Salle du Conseil communal, Ferme du Manoir, Rue Maupertuis 1\" \/><meta itemprop=\"address\" content=\"Nyon \u2013 Salle du Conseil communal, Ferme du Manoir, Rue Maupertuis 1\" \/>Nyon \u2013 Salle du Conseil communal, Ferme du Manoir, Rue Maupertuis 1<\/span><\/em><\/span><\/p>\r\n<p class=\"gce-list-event event-title\"><strong><span class=\"simcal-event-title\" itemprop=\"name\">De l\u2019Amazone au L\u00e9man - Le photographe qui r\u00e9v\u00e8le la beaut\u00e9 sous la surface de l\u2019eau<\/span><\/strong><\/p>\r\n<div class=\"simcal-event-description\" itemprop=\"description\"><p>Michel Roggo, photographe naturaliste aquatique<\/p>\n<\/div>\r\n\r\n&nbsp;\r\n<div><\/div><\/div>\n\t<\/li>\n<\/ul>\n\n<\/dd>\n\t<dt class=\"simcal-day-label\" style=\"border-bottom: 1px solid #00acc8;\" ><span style=\"background-color: #00acc8; color: #ffffff;\"><span class=\"simcal-date-format\" data-date-format=\"j F Y\">11 d\u00e9cembre 2025<\/span> <\/span><\/dt>\n<dd class=\"simcal-weekday-4 simcal-past simcal-day simcal-day-has-events simcal-day-has-1-events simcal-events-calendar-6448\" data-events-count=\"1\">\n\t<ul class=\"simcal-events\">\n\t<li class=\"simcal-event simcal-event-has-location simcal-events-calendar-6448\" style=\"\" itemscope itemtype=\"http:\/\/schema.org\/Event\" data-start=\"1765459800\">\n\t\t<div class=\"simcal-event-details\"><p class=\"gce-list-event event-title\"><span style=\"color: #00acc8\"><em><span class=\"simcal-event-start simcal-event-start-time\" data-event-start=\"1765459800\" data-event-format=\"H:i\" itemprop=\"startDate\" content=\"2025-12-11T14:30:00+01:00\">14:30<\/span> - <span class=\"simcal-event-address simcal-event-start-location\" itemprop=\"location\" itemscope itemtype=\"http:\/\/schema.org\/Place\"><meta itemprop=\"name\" content=\"Nyon \u2013 Salle du Conseil communal, Ferme du Manoir, Rue Maupertuis 1\" \/><meta itemprop=\"address\" content=\"Nyon \u2013 Salle du Conseil communal, Ferme du Manoir, Rue Maupertuis 1\" \/>Nyon \u2013 Salle du Conseil communal, Ferme du Manoir, Rue Maupertuis 1<\/span><\/em><\/span><\/p>\r\n<p class=\"gce-list-event event-title\"><strong><span class=\"simcal-event-title\" itemprop=\"name\">Les incroyables migrations des oiseaux<\/span><\/strong><\/p>\r\n<div class=\"simcal-event-description\" itemprop=\"description\"><p>Fran\u00e7ois Turrian, directeur romand de BirdLife<\/p>\n<\/div>\r\n\r\n&nbsp;\r\n<div><\/div><\/div>\n\t<\/li>\n<\/ul>\n\n<\/dd>\n\t<dt class=\"simcal-day-label\" style=\"border-bottom: 1px solid #00acc8;\" ><span style=\"background-color: #00acc8; color: #ffffff;\"><span class=\"simcal-date-format\" data-date-format=\"j F Y\">22 janvier 2026<\/span> <\/span><\/dt>\n<dd class=\"simcal-weekday-4 simcal-past simcal-day simcal-day-has-events simcal-day-has-1-events simcal-events-calendar-6448\" data-events-count=\"1\">\n\t<ul class=\"simcal-events\">\n\t<li class=\"simcal-event simcal-event-has-location simcal-events-calendar-6448\" style=\"\" itemscope itemtype=\"http:\/\/schema.org\/Event\" data-start=\"1769088600\">\n\t\t<div class=\"simcal-event-details\"><p class=\"gce-list-event event-title\"><span style=\"color: #00acc8\"><em><span class=\"simcal-event-start simcal-event-start-time\" data-event-start=\"1769088600\" data-event-format=\"H:i\" itemprop=\"startDate\" content=\"2026-01-22T14:30:00+01:00\">14:30<\/span> - <span class=\"simcal-event-address simcal-event-start-location\" itemprop=\"location\" itemscope itemtype=\"http:\/\/schema.org\/Place\"><meta itemprop=\"name\" content=\"Nyon \u2013 Salle du Conseil communal, Ferme du Manoir, Rue Maupertuis 1\" \/><meta itemprop=\"address\" content=\"Nyon \u2013 Salle du Conseil communal, Ferme du Manoir, Rue Maupertuis 1\" \/>Nyon \u2013 Salle du Conseil communal, Ferme du Manoir, Rue Maupertuis 1<\/span><\/em><\/span><\/p>\r\n<p class=\"gce-list-event event-title\"><strong><span class=\"simcal-event-title\" itemprop=\"name\">Qui donc \u00e9taient les Helv\u00e8tes ?<\/span><\/strong><\/p>\r\n<div class=\"simcal-event-description\" itemprop=\"description\"><p>Lionel Pernet, arch\u00e9ologue, directeur du Mus\u00e9e cantonal d\u2019arch\u00e9ologie et d\u2019histoire de Lausanne<\/p>\n<\/div>\r\n\r\n&nbsp;\r\n<div><\/div><\/div>\n\t<\/li>\n<\/ul>\n\n<\/dd>\n\t<dt class=\"simcal-day-label\" style=\"border-bottom: 1px solid #00acc8;\" ><span style=\"background-color: #00acc8; color: #ffffff;\"><span class=\"simcal-date-format\" data-date-format=\"j F Y\">5 f\u00e9vrier 2026<\/span> <\/span><\/dt>\n<dd class=\"simcal-weekday-4 simcal-past simcal-day simcal-day-has-events simcal-day-has-1-events simcal-events-calendar-6448\" data-events-count=\"1\">\n\t<ul class=\"simcal-events\">\n\t<li class=\"simcal-event simcal-event-has-location simcal-events-calendar-6448\" style=\"\" itemscope itemtype=\"http:\/\/schema.org\/Event\" data-start=\"1770298200\">\n\t\t<div class=\"simcal-event-details\"><p class=\"gce-list-event event-title\"><span style=\"color: #00acc8\"><em><span class=\"simcal-event-start simcal-event-start-time\" data-event-start=\"1770298200\" data-event-format=\"H:i\" itemprop=\"startDate\" content=\"2026-02-05T14:30:00+01:00\">14:30<\/span> - <span class=\"simcal-event-address simcal-event-start-location\" itemprop=\"location\" itemscope itemtype=\"http:\/\/schema.org\/Place\"><meta itemprop=\"name\" content=\"Nyon \u2013 Salle du Conseil communal, Ferme du Manoir, Rue Maupertuis 1\" \/><meta itemprop=\"address\" content=\"Nyon \u2013 Salle du Conseil communal, Ferme du Manoir, Rue Maupertuis 1\" \/>Nyon \u2013 Salle du Conseil communal, Ferme du Manoir, Rue Maupertuis 1<\/span><\/em><\/span><\/p>\r\n<p class=\"gce-list-event event-title\"><strong><span class=\"simcal-event-title\" itemprop=\"name\">Ferdinand Hodler<\/span><\/strong><\/p>\r\n<div class=\"simcal-event-description\" itemprop=\"description\"><p>Ren\u00e9\u00a0Armellino,\u00a0docteur en histoire de l\u2019art<\/p>\n<\/div>\r\n\r\n&nbsp;\r\n<div><\/div><\/div>\n\t<\/li>\n<\/ul>\n\n<\/dd>\n\t<dt class=\"simcal-day-label\" style=\"border-bottom: 1px solid #00acc8;\" ><span style=\"background-color: #00acc8; color: #ffffff;\"><span class=\"simcal-date-format\" data-date-format=\"j F Y\">26 f\u00e9vrier 2026<\/span> <\/span><\/dt>\n<dd class=\"simcal-weekday-4 simcal-past simcal-day simcal-day-has-events simcal-day-has-1-events simcal-events-calendar-6448\" data-events-count=\"1\">\n\t<ul class=\"simcal-events\">\n\t<li class=\"simcal-event simcal-event-has-location simcal-events-calendar-6448\" style=\"\" itemscope itemtype=\"http:\/\/schema.org\/Event\" data-start=\"1772112600\">\n\t\t<div class=\"simcal-event-details\"><p class=\"gce-list-event event-title\"><span style=\"color: #00acc8\"><em><span class=\"simcal-event-start simcal-event-start-time\" data-event-start=\"1772112600\" data-event-format=\"H:i\" itemprop=\"startDate\" content=\"2026-02-26T14:30:00+01:00\">14:30<\/span> - <span class=\"simcal-event-address simcal-event-start-location\" itemprop=\"location\" itemscope itemtype=\"http:\/\/schema.org\/Place\"><meta itemprop=\"name\" content=\"Nyon \u2013 Salle du Conseil communal, Ferme du Manoir, Rue Maupertuis 1\" \/><meta itemprop=\"address\" content=\"Nyon \u2013 Salle du Conseil communal, Ferme du Manoir, Rue Maupertuis 1\" \/>Nyon \u2013 Salle du Conseil communal, Ferme du Manoir, Rue Maupertuis 1<\/span><\/em><\/span><\/p>\r\n<p class=\"gce-list-event event-title\"><strong><span class=\"simcal-event-title\" itemprop=\"name\">Jean-Jacques Rousseau et le courage d\u2019\u00eatre soi<\/span><\/strong><\/p>\r\n<div class=\"simcal-event-description\" itemprop=\"description\"><p>Pierre-Henri\u00a0B\u00e9guin,\u00a0enseignant retrait\u00e9 de langue et de litt\u00e9rature fran\u00e7aise<\/p>\n<\/div>\r\n\r\n&nbsp;\r\n<div><\/div><\/div>\n\t<\/li>\n<\/ul>\n\n<\/dd>\n\t<dt class=\"simcal-day-label\" style=\"border-bottom: 1px solid #00acc8;\" ><span style=\"background-color: #00acc8; color: #ffffff;\"><span class=\"simcal-date-format\" data-date-format=\"j F Y\">12 mars 2026<\/span> <\/span><\/dt>\n<dd class=\"simcal-weekday-4 simcal-past simcal-day simcal-day-has-events simcal-day-has-1-events simcal-events-calendar-6448\" data-events-count=\"1\">\n\t<ul class=\"simcal-events\">\n\t<li class=\"simcal-event simcal-event-has-location simcal-events-calendar-6448\" style=\"\" itemscope itemtype=\"http:\/\/schema.org\/Event\" data-start=\"1773322200\">\n\t\t<div class=\"simcal-event-details\"><p class=\"gce-list-event event-title\"><span style=\"color: #00acc8\"><em><span class=\"simcal-event-start simcal-event-start-time\" data-event-start=\"1773322200\" data-event-format=\"H:i\" itemprop=\"startDate\" content=\"2026-03-12T14:30:00+01:00\">14:30<\/span> - <span class=\"simcal-event-address simcal-event-start-location\" itemprop=\"location\" itemscope itemtype=\"http:\/\/schema.org\/Place\"><meta itemprop=\"name\" content=\"Nyon \u2013 Salle du Conseil communal, Ferme du Manoir, Rue Maupertuis 1\" \/><meta itemprop=\"address\" content=\"Nyon \u2013 Salle du Conseil communal, Ferme du Manoir, Rue Maupertuis 1\" \/>Nyon \u2013 Salle du Conseil communal, Ferme du Manoir, Rue Maupertuis 1<\/span><\/em><\/span><\/p>\r\n<p class=\"gce-list-event event-title\"><strong><span class=\"simcal-event-title\" itemprop=\"name\">Richard Strauss, g\u00e9nie de l\u2019orchestration<\/span><\/strong><\/p>\r\n<div class=\"simcal-event-description\" itemprop=\"description\"><p>\u00c9ric\u00a0Chailler,\u00a0musicologue<\/p>\n<\/div>\r\n\r\n&nbsp;\r\n<div><\/div><\/div>\n\t<\/li>\n<\/ul>\n\n<\/dd>\n\t<dt class=\"simcal-day-label\" style=\"border-bottom: 1px solid #00acc8;\" ><span style=\"background-color: #00acc8; color: #ffffff;\"><span class=\"simcal-date-format\" data-date-format=\"j F Y\">26 mars 2026<\/span> <\/span><\/dt>\n<dd class=\"simcal-weekday-4 simcal-past simcal-day simcal-day-has-events simcal-day-has-1-events simcal-events-calendar-6448\" data-events-count=\"1\">\n\t<ul class=\"simcal-events\">\n\t<li class=\"simcal-event simcal-event-has-location simcal-events-calendar-6448\" style=\"\" itemscope itemtype=\"http:\/\/schema.org\/Event\" data-start=\"1774531800\">\n\t\t<div class=\"simcal-event-details\"><p class=\"gce-list-event event-title\"><span style=\"color: #00acc8\"><em><span class=\"simcal-event-start simcal-event-start-time\" data-event-start=\"1774531800\" data-event-format=\"H:i\" itemprop=\"startDate\" content=\"2026-03-26T14:30:00+01:00\">14:30<\/span> - <span class=\"simcal-event-address simcal-event-start-location\" itemprop=\"location\" itemscope itemtype=\"http:\/\/schema.org\/Place\"><meta itemprop=\"name\" content=\"Nyon \u2013 Salle du Conseil communal, Ferme du Manoir, Rue Maupertuis 1\" \/><meta itemprop=\"address\" content=\"Nyon \u2013 Salle du Conseil communal, Ferme du Manoir, Rue Maupertuis 1\" \/>Nyon \u2013 Salle du Conseil communal, Ferme du Manoir, Rue Maupertuis 1<\/span><\/em><\/span><\/p>\r\n<p class=\"gce-list-event event-title\"><strong><span class=\"simcal-event-title\" itemprop=\"name\">Le r\u00f4le du microbiote sur notre bien-\u00eatre et notre sant\u00e9<\/span><\/strong><\/p>\r\n<div class=\"simcal-event-description\" itemprop=\"description\"><p>Pascale\u00a0Vonaesch,\u00a0professeure assistante au D\u00e9partement de microbiologie fondamentale, UNIL<\/p>\n<\/div>\r\n\r\n&nbsp;\r\n<div><\/div><\/div>\n\t<\/li>\n<\/ul>\n\n<\/dd>\n<\/dl><div class=\"simcal-ajax-loader simcal-spinner-top\" style=\"display: none;\"><i class=\"simcal-icon-spinner simcal-icon-spin\"><\/i><\/div><\/div><\/div>\n\n\n\n<hr class=\"wp-block-separator has-alpha-channel-opacity is-style-wide\" \/>\n\n\n\n<p class=\"has-text-align-left is-style-default has-white-color has-text-color has-background has-link-color wp-elements-edadd0922c15ce805ea91927bd3cc4a1\" style=\"background-color:#00acc8;font-size:16px\"><strong><a href=\"https:\/\/wp.unil.ch\/connaissance3\/tarifs-et-conditions\/\">Prix des entr\u00e9es:<\/a>&nbsp; 15 fr. | avec adh\u00e9sion: 10 fr. | avec abonnement: entr\u00e9e libre<br>\u00c0 r\u00e9gler sur place. Pas d\u2019inscription.<\/strong><br><br>Entr\u00e9e libre pour les membres de l\u2019UNIL, de l\u2019EPFL, de la HEIG-VD et de la HES-La Source ainsi que des autres Universit\u00e9s des seniors, sur pr\u00e9sentation d\u2019une carte de l\u00e9gitimation (<a href=\"https:\/\/wp.unil.ch\/connaissance3\/adherer\/tarifs-et-conditions-generales\/\" data-type=\"link\" data-id=\"https:\/\/wp.unil.ch\/connaissance3\/adherer\/tarifs-et-conditions-generales\/\" target=\"_blank\" rel=\"noreferrer noopener\">voir conditions<\/a>).<\/p>\n","protected":false},"excerpt":{"rendered":"<p>Le comit\u00e9 r\u00e9gional de Connaissance 3 \u2013 Nyon vous propose des conf\u00e9rences \u00e0 Nyon.Adresse des salles, voir: Lieux et acc\u00e8s<\/p>\n","protected":false},"author":1136,"featured_media":0,"parent":8679,"menu_order":0,"comment_status":"closed","ping_status":"closed","template":"","meta":{"_seopress_robots_primary_cat":"","_seopress_titles_title":"","_seopress_titles_desc":"","_seopress_robots_index":"","footnotes":""},"class_list":["post-6449","page","type-page","status-publish"],"_links":{"self":[{"href":"https:\/\/wp.unil.ch\/connaissance3\/wp-json\/wp\/v2\/pages\/6449","targetHints":{"allow":["GET"]}}],"collection":[{"href":"https:\/\/wp.unil.ch\/connaissance3\/wp-json\/wp\/v2\/pages"}],"about":[{"href":"https:\/\/wp.unil.ch\/connaissance3\/wp-json\/wp\/v2\/types\/page"}],"author":[{"embeddable":true,"href":"https:\/\/wp.unil.ch\/connaissance3\/wp-json\/wp\/v2\/users\/1136"}],"replies":[{"embeddable":true,"href":"https:\/\/wp.unil.ch\/connaissance3\/wp-json\/wp\/v2\/comments?post=6449"}],"version-history":[{"count":5,"href":"https:\/\/wp.unil.ch\/connaissance3\/wp-json\/wp\/v2\/pages\/6449\/revisions"}],"predecessor-version":[{"id":30550,"href":"https:\/\/wp.unil.ch\/connaissance3\/wp-json\/wp\/v2\/pages\/6449\/revisions\/30550"}],"up":[{"embeddable":true,"href":"https:\/\/wp.unil.ch\/connaissance3\/wp-json\/wp\/v2\/pages\/8679"}],"wp:attachment":[{"href":"https:\/\/wp.unil.ch\/connaissance3\/wp-json\/wp\/v2\/media?parent=6449"}],"curies":[{"name":"wp","href":"https:\/\/api.w.org\/{rel}","templated":true}]}}