{"id":6430,"date":"2015-08-17T08:48:01","date_gmt":"2015-08-17T06:48:01","guid":{"rendered":"http:\/\/wp.unil.ch\/connaissance3\/?page_id=6430"},"modified":"2026-01-20T10:21:06","modified_gmt":"2026-01-20T09:21:06","slug":"conferences-de-morges","status":"publish","type":"page","link":"https:\/\/wp.unil.ch\/connaissance3\/conferences\/saisons-regionales\/conferences-de-morges\/","title":{"rendered":"Conf\u00e9rences de Morges"},"content":{"rendered":"\n<p>Le comit\u00e9 r\u00e9gional de Connaissance 3 \u2013 Morges vous propose des conf\u00e9rences le vendredi apr\u00e8s-midi.<br>Adresse des salles, voir: <a href=\"https:\/\/wp.unil.ch\/connaissance3\/conferences\/lieux-et-acces\/\">Lieux et acc\u00e8s<\/a><\/p>\n\n\n\n<hr class=\"wp-block-separator has-alpha-channel-opacity\" \/>\n\n\n\n<h2 class=\"wp-block-heading\">Saison 2025-2026<\/h2>\n\n\n<div class=\"simcal-calendar simcal-default-calendar simcal-default-calendar-list simcal-default-calendar-light\" data-calendar-id=\"6429\" data-timezone=\"Europe\/Paris\" data-offset=\"7200\" data-week-start=\"1\" data-calendar-start=\"1756072800\" data-calendar-end=\"1773414000\" data-events-first=\"1761917400\" data-events-last=\"1773414000\"><div class=\"simcal-calendar-list \"><dl class=\"simcal-events-list-container\" data-prev=\"1730156400\" data-next=\"1781992800\" data-heading-small=\"2025 - 2026\" data-heading-large=\"2025 - 2026\">\t<dt class=\"simcal-day-label\" style=\"border-bottom: 1px solid #00acc8;\" ><span style=\"background-color: #00acc8; color: #ffffff;\"><span class=\"simcal-date-format\" data-date-format=\"j F Y\">31 octobre 2025<\/span> <\/span><\/dt>\n<dd class=\"simcal-weekday-5 simcal-past simcal-day simcal-day-has-events simcal-day-has-1-events simcal-events-calendar-6429\" data-events-count=\"1\">\n\t<ul class=\"simcal-events\">\n\t<li class=\"simcal-event simcal-event-has-location simcal-events-calendar-6429\" style=\"\" itemscope itemtype=\"http:\/\/schema.org\/Event\" data-start=\"1761917400\">\n\t\t<div class=\"simcal-event-details\"><p class=\"gce-list-event event-title\"><span style=\"color: #00acc8\"><em><span class=\"simcal-event-start simcal-event-start-time\" data-event-start=\"1761917400\" data-event-format=\"H:i\" itemprop=\"startDate\" content=\"2025-10-31T14:30:00+01:00\">14:30<\/span> - <span class=\"simcal-event-address simcal-event-start-location\" itemprop=\"location\" itemscope itemtype=\"http:\/\/schema.org\/Place\"><meta itemprop=\"name\" content=\"Morges - Grenier bernois du Centre\" \/><meta itemprop=\"address\" content=\"Morges - Grenier bernois du Centre\" \/>Morges - Grenier bernois du Centre<\/span><\/em><\/span><\/p>\r\n<p class=\"gce-list-event event-title\"><strong><span class=\"simcal-event-title\" itemprop=\"name\">Le d\u00e9fi d\u2019un m\u00e9dia papier \u00e0 l\u2019heure d\u2019internet<\/span><\/strong><\/p>\r\n<div class=\"simcal-event-description\" itemprop=\"description\"><p>C\u00e9dric Jotterand, r\u00e9dacteur en chef du Journal de Morges<\/p>\n<p>Un journal papier qui ne donne que des nouvelles d\u2019ici \u2013 le district de Morges \u2013 peut-il survivre \u00e0 l\u2019\u00e8re du 100% num\u00e9rique\u00a0? C\u2019est le d\u00e9fi que rel\u00e8ve le Journal de Morges dans un environnement qui ne cesse d\u2019\u00e9voluer d\u00e9favorablement pour la presse dite \u00e9crite.<\/p>\n<p>C\u00e9dric Jotterand, propri\u00e9taire et r\u00e9dacteur en chef, nous racontera pourquoi et comment, avec son \u00e9quipe, il fait le pari d\u2019une information de qualit\u00e9, faisant du \u00ab JDM \u00bb un ovni de la presse romande, avec des valeurs et un esprit de famille.\u00a0<\/p>\n<\/div>\r\n\r\n&nbsp;\r\n\r\n&nbsp;\r\n<div><\/div><\/div>\n\t<\/li>\n<\/ul>\n\n<\/dd>\n\t<dt class=\"simcal-day-label\" style=\"border-bottom: 1px solid #00acc8;\" ><span style=\"background-color: #00acc8; color: #ffffff;\"><span class=\"simcal-date-format\" data-date-format=\"j F Y\">28 novembre 2025<\/span> <\/span><\/dt>\n<dd class=\"simcal-weekday-5 simcal-past simcal-day simcal-day-has-events simcal-day-has-1-events simcal-events-calendar-6429\" data-events-count=\"1\">\n\t<ul class=\"simcal-events\">\n\t<li class=\"simcal-event simcal-event-has-location simcal-events-calendar-6429\" style=\"\" itemscope itemtype=\"http:\/\/schema.org\/Event\" data-start=\"1764336600\">\n\t\t<div class=\"simcal-event-details\"><p class=\"gce-list-event event-title\"><span style=\"color: #00acc8\"><em><span class=\"simcal-event-start simcal-event-start-time\" data-event-start=\"1764336600\" data-event-format=\"H:i\" itemprop=\"startDate\" content=\"2025-11-28T14:30:00+01:00\">14:30<\/span> - <span class=\"simcal-event-address simcal-event-start-location\" itemprop=\"location\" itemscope itemtype=\"http:\/\/schema.org\/Place\"><meta itemprop=\"name\" content=\"Morges - Grenier bernois du Centre culturel, place du Casino 1\" \/><meta itemprop=\"address\" content=\"Morges - Grenier bernois du Centre culturel, place du Casino 1\" \/>Morges - Grenier bernois du Centre culturel, place du Casino 1<\/span><\/em><\/span><\/p>\r\n<p class=\"gce-list-event event-title\"><strong><span class=\"simcal-event-title\" itemprop=\"name\">La transition \u00e9nerg\u00e9tique : un face-\u00e0-face entre ambition et r\u00e9alit\u00e9<\/span><\/strong><\/p>\r\n<div class=\"simcal-event-description\" itemprop=\"description\"><p>Jean-Fran\u00e7ois Equey, docteur en chimie<\/p>\n<p>Le r\u00e9chauffement climatique impose une transition \u00e9nerg\u00e9tique rapide pour r\u00e9duire notre d\u00e9pendance aux \u00e9nergies fossiles et \u00e9viter des cons\u00e9quences irr\u00e9versibles pour notre plan\u00e8te.\u00a0<\/p>\n<p>Avec les \u00e9nergies renouvelables, les innovations technologiques, le d\u00e9ploiement de l\u2019hydrog\u00e8ne et des carburants verts, une v\u00e9ritable r\u00e9volution industrielle est en marche. Toutefois, les indicateurs actuels montrent que le d\u00e9ploiement des technologies reste insuffisant pour atteindre une soci\u00e9t\u00e9 z\u00e9ro \u00e9mission nette d\u2019ici 2050. O\u00f9 en sommes-nous vraiment\u202f? Parviendrons-nous \u00e0 \u00e9viter une crise climatique majeure\u202f? Un tour d\u2019horizon s\u2019impose.<\/p>\n<\/div>\r\n\r\n&nbsp;\r\n\r\n&nbsp;\r\n<div><\/div><\/div>\n\t<\/li>\n<\/ul>\n\n<\/dd>\n\t<dt class=\"simcal-day-label\" style=\"border-bottom: 1px solid #00acc8;\" ><span style=\"background-color: #00acc8; color: #ffffff;\"><span class=\"simcal-date-format\" data-date-format=\"j F Y\">23 janvier 2026<\/span> <\/span><\/dt>\n<dd class=\"simcal-weekday-5 simcal-past simcal-day simcal-day-has-events simcal-day-has-1-events simcal-events-calendar-6429\" data-events-count=\"1\">\n\t<ul class=\"simcal-events\">\n\t<li class=\"simcal-event simcal-event-has-location simcal-events-calendar-6429\" style=\"\" itemscope itemtype=\"http:\/\/schema.org\/Event\" data-start=\"1769175000\">\n\t\t<div class=\"simcal-event-details\"><p class=\"gce-list-event event-title\"><span style=\"color: #00acc8\"><em><span class=\"simcal-event-start simcal-event-start-time\" data-event-start=\"1769175000\" data-event-format=\"H:i\" itemprop=\"startDate\" content=\"2026-01-23T14:30:00+01:00\">14:30<\/span> - <span class=\"simcal-event-address simcal-event-start-location\" itemprop=\"location\" itemscope itemtype=\"http:\/\/schema.org\/Place\"><meta itemprop=\"name\" content=\"Morges - Grenier bernois du Centre culturel, place du Casino 1\" \/><meta itemprop=\"address\" content=\"Morges - Grenier bernois du Centre culturel, place du Casino 1\" \/>Morges - Grenier bernois du Centre culturel, place du Casino 1<\/span><\/em><\/span><\/p>\r\n<p class=\"gce-list-event event-title\"><strong><span class=\"simcal-event-title\" itemprop=\"name\">L\u2019IA au quotidien, une \u00e9trange familiarit\u00e9<\/span><\/strong><\/p>\r\n<div class=\"simcal-event-description\" itemprop=\"description\"><p>Olivier Glassey, sociologue, ma\u00eetre d\u2019enseignement et de recherche, UNIL<\/p>\n<p>Qu\u2019on le veuille ou non, les intelligences artificielles s\u2019immiscent toujours davantage dans d\u2019innombrables aspects de nos existences. Quels enjeux soul\u00e8vent les multiples usages de ChatGPT et des autres IA dites g\u00e9n\u00e9ratives dans notre quotidien ?<\/p>\n<p>Comment fonctionnent ces programmes ? Quels sont les avantages et les limites de ces technologies ? Est-il possible de tirer le meilleur parti de leur puissance tout en faisant en sorte qu'elles demeurent de simples outils \u00e0 notre service ? Une conf\u00e9rence indispensable pour ne pas se laisser influencer par la technologie.<\/p>\n<\/div>\r\n\r\n&nbsp;\r\n\r\n&nbsp;\r\n<div><\/div><\/div>\n\t<\/li>\n<\/ul>\n\n<\/dd>\n\t<dt class=\"simcal-day-label\" style=\"border-bottom: 1px solid #00acc8;\" ><span style=\"background-color: #00acc8; color: #ffffff;\"><span class=\"simcal-date-format\" data-date-format=\"j F Y\">13 f\u00e9vrier 2026<\/span> <\/span><\/dt>\n<dd class=\"simcal-weekday-5 simcal-past simcal-day simcal-day-has-events simcal-day-has-1-events simcal-events-calendar-6429\" data-events-count=\"1\">\n\t<ul class=\"simcal-events\">\n\t<li class=\"simcal-event simcal-event-has-location simcal-events-calendar-6429\" style=\"\" itemscope itemtype=\"http:\/\/schema.org\/Event\" data-start=\"1770989400\">\n\t\t<div class=\"simcal-event-details\"><p class=\"gce-list-event event-title\"><span style=\"color: #00acc8\"><em><span class=\"simcal-event-start simcal-event-start-time\" data-event-start=\"1770989400\" data-event-format=\"H:i\" itemprop=\"startDate\" content=\"2026-02-13T14:30:00+01:00\">14:30<\/span> - <span class=\"simcal-event-address simcal-event-start-location\" itemprop=\"location\" itemscope itemtype=\"http:\/\/schema.org\/Place\"><meta itemprop=\"name\" content=\"Morges - Salle des Milices du Ch\u00e2teau de Morges\" \/><meta itemprop=\"address\" content=\"Morges - Salle des Milices du Ch\u00e2teau de Morges\" \/>Morges - Salle des Milices du Ch\u00e2teau de Morges<\/span><\/em><\/span><\/p>\r\n<p class=\"gce-list-event event-title\"><strong><span class=\"simcal-event-title\" itemprop=\"name\">Espionnage, alliances secr\u00e8tes, enjeux politiques: la Suisse en 39-45<\/span><\/strong><\/p>\r\n<div class=\"simcal-event-description\" itemprop=\"description\"><p>Christian\u00a0Ross\u00e9,\u00a0docteur en histoire, sp\u00e9cialiste du renseignement helv\u00e9tique<\/p>\n<p><b>Les inscriptions sont d\u00e9sormais compl\u00e8tes: il n'est donc plus possible d'assister \u00e0 la conf\u00e9rence.<\/b><\/p>\n<p>Si vous aimez les histoires d\u2019espionnage, ne manquez sous aucun pr\u00e9texte la conf\u00e9rence de Christian Ross\u00e9. Vous apprendrez comment s\u2019est organis\u00e9e, \u00e0 l\u2019insu des Allemands, la collaboration entre le Service de renseignements suisse et ses homologues fran\u00e7ais, britannique, polonais, belge et am\u00e9ricain, faisant de la Conf\u00e9d\u00e9ration la plaque tournante d\u2019op\u00e9rations clandestines et d\u2019intrigues internationales.<\/p>\n<p>Cette conf\u00e9rence sera suivie d'une br\u00e8ve visite guid\u00e9e de l'exposition\u00a0<i>TOP SECRET : Espionnage et r\u00e9sistance en Suisse et en Europe, 1939-1945<\/i>, propos\u00e9e par le Ch\u00e2teau de Morges. Un ap\u00e9ritif sera offert apr\u00e8s la visite.\u00a0<\/p>\n<\/div>\r\n\r\n&nbsp;\r\n\r\n&nbsp;\r\n<div><\/div><\/div>\n\t<\/li>\n<\/ul>\n\n<\/dd>\n\t<dt class=\"simcal-day-label\" style=\"border-bottom: 1px solid #00acc8;\" ><span style=\"background-color: #00acc8; color: #ffffff;\"><span class=\"simcal-date-format\" data-date-format=\"j F Y\">27 f\u00e9vrier 2026<\/span> <\/span><\/dt>\n<dd class=\"simcal-weekday-5 simcal-past simcal-day simcal-day-has-events simcal-day-has-1-events simcal-events-calendar-6429\" data-events-count=\"1\">\n\t<ul class=\"simcal-events\">\n\t<li class=\"simcal-event simcal-event-has-location simcal-events-calendar-6429\" style=\"\" itemscope itemtype=\"http:\/\/schema.org\/Event\" data-start=\"1772199000\">\n\t\t<div class=\"simcal-event-details\"><p class=\"gce-list-event event-title\"><span style=\"color: #00acc8\"><em><span class=\"simcal-event-start simcal-event-start-time\" data-event-start=\"1772199000\" data-event-format=\"H:i\" itemprop=\"startDate\" content=\"2026-02-27T14:30:00+01:00\">14:30<\/span> - <span class=\"simcal-event-address simcal-event-start-location\" itemprop=\"location\" itemscope itemtype=\"http:\/\/schema.org\/Place\"><meta itemprop=\"name\" content=\"Morges - Grenier bernois du Centre culturel, place du Casino 1\" \/><meta itemprop=\"address\" content=\"Morges - Grenier bernois du Centre culturel, place du Casino 1\" \/>Morges - Grenier bernois du Centre culturel, place du Casino 1<\/span><\/em><\/span><\/p>\r\n<p class=\"gce-list-event event-title\"><strong><span class=\"simcal-event-title\" itemprop=\"name\">Du Grand Tour au tourisme: voyager en Pays de Vaud (XVIIIe-XXe)<\/span><\/strong><\/p>\r\n<div class=\"simcal-event-description\" itemprop=\"description\"><p>Ariane\u00a0Devanth\u00e9ry, docteure \u00e8s Lettres, sp\u00e9cialiste en histoire culturelle<\/p>\n<p>Faire l\u2019histoire du tourisme, c\u2019est raconter l\u2019histoire d\u2019un voyage bien particulier : celui que l\u2019on fait avec pour seul but le plaisir des yeux et de l\u2019esprit. Que visitait-on dans le Pays de Vaud aux 18<sup>e<\/sup> et 19<sup>e<\/sup> si\u00e8cles\u00a0?\u00a0<\/p>\n<p>Y avait-il des hauts lieux que l\u2019on n\u2019appelait pas encore \u00ab\u00a0touristiques\u00a0\u00bb\u00a0? Que sont venus y faire Rousseau, Voltaire, Casanova, Gibbon\u00a0? Et, quelques ann\u00e9es plus tard, Byron et Shelley, Hugo, Flaubert, ou, au d\u00e9but du 20<sup>e<\/sup> si\u00e8cle, notre amie de papier B\u00e9cassine\u00a0? Comment circulait-on\u00a0? O\u00f9 et comment mangeait-on et dormait-on\u00a0?\u00a0<\/p>\n<\/div>\r\n\r\n&nbsp;\r\n\r\n&nbsp;\r\n<div><\/div><\/div>\n\t<\/li>\n<\/ul>\n\n<\/dd>\n\t<dt class=\"simcal-day-label\" style=\"border-bottom: 1px solid #00acc8;\" ><span style=\"background-color: #00acc8; color: #ffffff;\"><span class=\"simcal-date-format\" data-date-format=\"j F Y\">13 mars 2026<\/span> <\/span><\/dt>\n<dd class=\"simcal-weekday-5 simcal-past simcal-day simcal-day-has-events simcal-day-has-1-events simcal-events-calendar-6429\" data-events-count=\"1\">\n\t<ul class=\"simcal-events\">\n\t<li class=\"simcal-event simcal-event-has-location simcal-events-calendar-6429\" style=\"\" itemscope itemtype=\"http:\/\/schema.org\/Event\" data-start=\"1773408600\">\n\t\t<div class=\"simcal-event-details\"><p class=\"gce-list-event event-title\"><span style=\"color: #00acc8\"><em><span class=\"simcal-event-start simcal-event-start-time\" data-event-start=\"1773408600\" data-event-format=\"H:i\" itemprop=\"startDate\" content=\"2026-03-13T14:30:00+01:00\">14:30<\/span> - <span class=\"simcal-event-address simcal-event-start-location\" itemprop=\"location\" itemscope itemtype=\"http:\/\/schema.org\/Place\"><meta itemprop=\"name\" content=\"Morges - Grenier bernois du Centre culturel, place du Casino 1\" \/><meta itemprop=\"address\" content=\"Morges - Grenier bernois du Centre culturel, place du Casino 1\" \/>Morges - Grenier bernois du Centre culturel, place du Casino 1<\/span><\/em><\/span><\/p>\r\n<p class=\"gce-list-event event-title\"><strong><span class=\"simcal-event-title\" itemprop=\"name\">Penser le matrimoine : l\u2019Histoire qu\u2019on ne vous a pas racont\u00e9e<\/span><\/strong><\/p>\r\n<div class=\"simcal-event-description\" itemprop=\"description\"><p>Carla Caucotto, charg\u00e9e de projets culturels<\/p>\n<p>Le \u00ab matrimoine \u00bb, h\u00e9ritage (im)mat\u00e9riel transmis par les femmes, refait surface apr\u00e8s des si\u00e8cles d\u2019oubli. Combien de femmes architectes, artistes, \u00e9crivaines ou scientifiques ont marqu\u00e9 notre culture mais restent m\u00e9connues parce qu\u2019elles ont \u00e9t\u00e9 effac\u00e9es de la m\u00e9moire collective ?<\/p>\n<p>Carla Caucotto invite \u00e0 red\u00e9couvrir ces figures oubli\u00e9es pour transmettre aux g\u00e9n\u00e9rations futures un h\u00e9ritage plus juste et plus complet, rendant toute leur place \u00e0 celles qui ont aussi b\u00e2ti notre soci\u00e9t\u00e9.<\/p>\n<\/div>\r\n\r\n&nbsp;\r\n\r\n&nbsp;\r\n<div><\/div><\/div>\n\t<\/li>\n<\/ul>\n\n<\/dd>\n<\/dl><div class=\"simcal-ajax-loader simcal-spinner-top\" style=\"display: none;\"><i class=\"simcal-icon-spinner simcal-icon-spin\"><\/i><\/div><\/div><\/div>\n\n\n\n<hr class=\"wp-block-separator has-alpha-channel-opacity is-style-wide\" \/>\n\n\n\n<p class=\"has-text-align-left is-style-default has-white-color has-text-color has-background has-link-color wp-elements-edadd0922c15ce805ea91927bd3cc4a1\" style=\"background-color:#00acc8;font-size:16px\"><strong><a href=\"https:\/\/wp.unil.ch\/connaissance3\/tarifs-et-conditions\/\">Prix des entr\u00e9es:<\/a>&nbsp; 15 fr. | avec adh\u00e9sion: 10 fr. | avec abonnement: entr\u00e9e libre<br>\u00c0 r\u00e9gler sur place. Pas d\u2019inscription.<\/strong><br><br>Entr\u00e9e libre pour les membres de l\u2019UNIL, de l\u2019EPFL, de la HEIG-VD et de la HES-La Source ainsi que des autres Universit\u00e9s des seniors, sur pr\u00e9sentation d\u2019une carte de l\u00e9gitimation (<a href=\"https:\/\/wp.unil.ch\/connaissance3\/adherer\/tarifs-et-conditions-generales\/\" data-type=\"link\" data-id=\"https:\/\/wp.unil.ch\/connaissance3\/adherer\/tarifs-et-conditions-generales\/\" target=\"_blank\" rel=\"noreferrer noopener\">voir conditions<\/a>).<\/p>\n","protected":false},"excerpt":{"rendered":"<p>Le comit\u00e9 r\u00e9gional de Connaissance 3 \u2013 Morges vous propose des conf\u00e9rences le vendredi apr\u00e8s-midi.Adresse des salles, voir: Lieux et acc\u00e8s<\/p>\n","protected":false},"author":1136,"featured_media":0,"parent":8679,"menu_order":0,"comment_status":"closed","ping_status":"closed","template":"","meta":{"_seopress_robots_primary_cat":"","_seopress_titles_title":"","_seopress_titles_desc":"","_seopress_robots_index":"","footnotes":""},"class_list":["post-6430","page","type-page","status-publish"],"_links":{"self":[{"href":"https:\/\/wp.unil.ch\/connaissance3\/wp-json\/wp\/v2\/pages\/6430","targetHints":{"allow":["GET"]}}],"collection":[{"href":"https:\/\/wp.unil.ch\/connaissance3\/wp-json\/wp\/v2\/pages"}],"about":[{"href":"https:\/\/wp.unil.ch\/connaissance3\/wp-json\/wp\/v2\/types\/page"}],"author":[{"embeddable":true,"href":"https:\/\/wp.unil.ch\/connaissance3\/wp-json\/wp\/v2\/users\/1136"}],"replies":[{"embeddable":true,"href":"https:\/\/wp.unil.ch\/connaissance3\/wp-json\/wp\/v2\/comments?post=6430"}],"version-history":[{"count":5,"href":"https:\/\/wp.unil.ch\/connaissance3\/wp-json\/wp\/v2\/pages\/6430\/revisions"}],"predecessor-version":[{"id":31574,"href":"https:\/\/wp.unil.ch\/connaissance3\/wp-json\/wp\/v2\/pages\/6430\/revisions\/31574"}],"up":[{"embeddable":true,"href":"https:\/\/wp.unil.ch\/connaissance3\/wp-json\/wp\/v2\/pages\/8679"}],"wp:attachment":[{"href":"https:\/\/wp.unil.ch\/connaissance3\/wp-json\/wp\/v2\/media?parent=6430"}],"curies":[{"name":"wp","href":"https:\/\/api.w.org\/{rel}","templated":true}]}}