{"id":6425,"date":"2015-08-17T08:47:27","date_gmt":"2015-08-17T06:47:27","guid":{"rendered":"http:\/\/wp.unil.ch\/connaissance3\/?page_id=6425"},"modified":"2024-07-23T09:50:43","modified_gmt":"2024-07-23T07:50:43","slug":"conferences-du-gros-de-vaud","status":"publish","type":"page","link":"https:\/\/wp.unil.ch\/connaissance3\/conferences\/saisons-regionales\/conferences-du-gros-de-vaud\/","title":{"rendered":"Conf\u00e9rences du Gros-de-Vaud"},"content":{"rendered":"\n<p>Le comit\u00e9 r\u00e9gional de Connaissance 3 \u2013 Gros-de-Vaud vous propose des conf\u00e9rences \u00e0 \u00c9challens.<br>Adresse des salles, voir: <a href=\"https:\/\/wp.unil.ch\/connaissance3\/conferences\/lieux-et-acces\/\">Lieux et acc\u00e8s<\/a><\/p>\n\n\n\n<h2 class=\"wp-block-heading\">Saison 2025-2026<\/h2>\n\n\n<div class=\"simcal-calendar simcal-default-calendar simcal-default-calendar-list simcal-default-calendar-light\" data-calendar-id=\"6424\" data-timezone=\"Europe\/Paris\" data-offset=\"7200\" data-week-start=\"1\" data-calendar-start=\"1756072800\" data-calendar-end=\"1774364400\" data-events-first=\"1759840200\" data-events-last=\"1774364400\"><div class=\"simcal-calendar-list \"><dl class=\"simcal-events-list-container\" data-prev=\"1730156400\" data-next=\"1781992800\" data-heading-small=\"2025 - 2026\" data-heading-large=\"2025 - 2026\">\t<dt class=\"simcal-day-label\" style=\"border-bottom: 1px solid #00acc8;\" ><span style=\"background-color: #00acc8; color: #ffffff;\"><span class=\"simcal-date-format\" data-date-format=\"j F Y\">7 octobre 2025<\/span> <\/span><\/dt>\n<dd class=\"simcal-weekday-2 simcal-past simcal-day simcal-day-has-events simcal-day-has-1-events simcal-events-calendar-6424\" data-events-count=\"1\">\n\t<ul class=\"simcal-events\">\n\t<li class=\"simcal-event simcal-event-has-location simcal-events-calendar-6424\" style=\"\" itemscope itemtype=\"http:\/\/schema.org\/Event\" data-start=\"1759840200\">\n\t\t<div class=\"simcal-event-details\"><p class=\"gce-list-event event-title\"><span style=\"color: #00acc8\"><em><span class=\"simcal-event-start simcal-event-start-time\" data-event-start=\"1759840200\" data-event-format=\"H:i\" itemprop=\"startDate\" content=\"2025-10-07T14:30:00+02:00\">14:30<\/span> - <span class=\"simcal-event-address simcal-event-start-location\" itemprop=\"location\" itemscope itemtype=\"http:\/\/schema.org\/Place\"><meta itemprop=\"name\" content=\"Echallens \u2013 Salle du Turlet, Restaurant de l\u2019H\u00f4tel de ville, place de l\u2019H\u00f4tel de Ville 1\" \/><meta itemprop=\"address\" content=\"Echallens \u2013 Salle du Turlet, Restaurant de l\u2019H\u00f4tel de ville, place de l\u2019H\u00f4tel de Ville 1\" \/>Echallens \u2013 Salle du Turlet, Restaurant de l\u2019H\u00f4tel de ville, place de l\u2019H\u00f4tel de Ville 1<\/span><\/em><\/span><\/p>\r\n<p class=\"gce-list-event event-title\"><strong><span class=\"simcal-event-title\" itemprop=\"name\">Dessin de presse : fini de rire ?<\/span><\/strong><\/p>\r\n<div class=\"simcal-event-description\" itemprop=\"description\"><p>B\u00e9n\u00e9dicte Sambo, dessinatrice de presse<\/p>\n<\/div><\/div>\n\t<\/li>\n<\/ul>\n\n<\/dd>\n\t<dt class=\"simcal-day-label\" style=\"border-bottom: 1px solid #00acc8;\" ><span style=\"background-color: #00acc8; color: #ffffff;\"><span class=\"simcal-date-format\" data-date-format=\"j F Y\">11 novembre 2025<\/span> <\/span><\/dt>\n<dd class=\"simcal-weekday-2 simcal-past simcal-day simcal-day-has-events simcal-day-has-1-events simcal-events-calendar-6424\" data-events-count=\"1\">\n\t<ul class=\"simcal-events\">\n\t<li class=\"simcal-event simcal-event-has-location simcal-events-calendar-6424\" style=\"\" itemscope itemtype=\"http:\/\/schema.org\/Event\" data-start=\"1762867800\">\n\t\t<div class=\"simcal-event-details\"><p class=\"gce-list-event event-title\"><span style=\"color: #00acc8\"><em><span class=\"simcal-event-start simcal-event-start-time\" data-event-start=\"1762867800\" data-event-format=\"H:i\" itemprop=\"startDate\" content=\"2025-11-11T14:30:00+01:00\">14:30<\/span> - <span class=\"simcal-event-address simcal-event-start-location\" itemprop=\"location\" itemscope itemtype=\"http:\/\/schema.org\/Place\"><meta itemprop=\"name\" content=\"Echallens \u2013 Salle du Turlet, Restaurant de l\u2019H\u00f4tel de ville, place de l\u2019H\u00f4tel de Ville 1\" \/><meta itemprop=\"address\" content=\"Echallens \u2013 Salle du Turlet, Restaurant de l\u2019H\u00f4tel de ville, place de l\u2019H\u00f4tel de Ville 1\" \/>Echallens \u2013 Salle du Turlet, Restaurant de l\u2019H\u00f4tel de ville, place de l\u2019H\u00f4tel de Ville 1<\/span><\/em><\/span><\/p>\r\n<p class=\"gce-list-event event-title\"><strong><span class=\"simcal-event-title\" itemprop=\"name\">Sur le fil, de Lutry au Cap Nord \u00e0 v\u00e9lo - Le changement : risque ou opportunit\u00e9 ?<\/span><\/strong><\/p>\r\n<div class=\"simcal-event-description\" itemprop=\"description\"><p>Patrick Sumi, ancien cadre sup\u00e9rieur dans une multinationale commerciale, grand sportif, accompagnateur en montagne<\/p>\n<\/div><\/div>\n\t<\/li>\n<\/ul>\n\n<\/dd>\n\t<dt class=\"simcal-day-label\" style=\"border-bottom: 1px solid #00acc8;\" ><span style=\"background-color: #00acc8; color: #ffffff;\"><span class=\"simcal-date-format\" data-date-format=\"j F Y\">9 d\u00e9cembre 2025<\/span> <\/span><\/dt>\n<dd class=\"simcal-weekday-2 simcal-past simcal-day simcal-day-has-events simcal-day-has-1-events simcal-events-calendar-6424\" data-events-count=\"1\">\n\t<ul class=\"simcal-events\">\n\t<li class=\"simcal-event simcal-event-has-location simcal-events-calendar-6424\" style=\"\" itemscope itemtype=\"http:\/\/schema.org\/Event\" data-start=\"1765287000\">\n\t\t<div class=\"simcal-event-details\"><p class=\"gce-list-event event-title\"><span style=\"color: #00acc8\"><em><span class=\"simcal-event-start simcal-event-start-time\" data-event-start=\"1765287000\" data-event-format=\"H:i\" itemprop=\"startDate\" content=\"2025-12-09T14:30:00+01:00\">14:30<\/span> - <span class=\"simcal-event-address simcal-event-start-location\" itemprop=\"location\" itemscope itemtype=\"http:\/\/schema.org\/Place\"><meta itemprop=\"name\" content=\"Echallens \u2013 Salle du Turlet, Restaurant de l\u2019H\u00f4tel de ville, place de l\u2019H\u00f4tel de Ville 1\" \/><meta itemprop=\"address\" content=\"Echallens \u2013 Salle du Turlet, Restaurant de l\u2019H\u00f4tel de ville, place de l\u2019H\u00f4tel de Ville 1\" \/>Echallens \u2013 Salle du Turlet, Restaurant de l\u2019H\u00f4tel de ville, place de l\u2019H\u00f4tel de Ville 1<\/span><\/em><\/span><\/p>\r\n<p class=\"gce-list-event event-title\"><strong><span class=\"simcal-event-title\" itemprop=\"name\">Winston Churchill, l\u2019homme qui sauva l\u2019Occident<\/span><\/strong><\/p>\r\n<div class=\"simcal-event-description\" itemprop=\"description\"><p>Michel Doleires, ancien directeur de l\u2019Office du tourisme d\u2019Avenches, passionn\u00e9 d\u2019histoire<\/p>\n<\/div><\/div>\n\t<\/li>\n<\/ul>\n\n<\/dd>\n\t<dt class=\"simcal-day-label\" style=\"border-bottom: 1px solid #00acc8;\" ><span style=\"background-color: #00acc8; color: #ffffff;\"><span class=\"simcal-date-format\" data-date-format=\"j F Y\">20 janvier 2026<\/span> <\/span><\/dt>\n<dd class=\"simcal-weekday-2 simcal-past simcal-day simcal-day-has-events simcal-day-has-1-events simcal-events-calendar-6424\" data-events-count=\"1\">\n\t<ul class=\"simcal-events\">\n\t<li class=\"simcal-event simcal-event-has-location simcal-events-calendar-6424\" style=\"\" itemscope itemtype=\"http:\/\/schema.org\/Event\" data-start=\"1768915800\">\n\t\t<div class=\"simcal-event-details\"><p class=\"gce-list-event event-title\"><span style=\"color: #00acc8\"><em><span class=\"simcal-event-start simcal-event-start-time\" data-event-start=\"1768915800\" data-event-format=\"H:i\" itemprop=\"startDate\" content=\"2026-01-20T14:30:00+01:00\">14:30<\/span> - <span class=\"simcal-event-address simcal-event-start-location\" itemprop=\"location\" itemscope itemtype=\"http:\/\/schema.org\/Place\"><meta itemprop=\"name\" content=\"Echallens \u2013 Salle du Turlet, Restaurant de l\u2019H\u00f4tel de ville, place de l\u2019H\u00f4tel de Ville 1\" \/><meta itemprop=\"address\" content=\"Echallens \u2013 Salle du Turlet, Restaurant de l\u2019H\u00f4tel de ville, place de l\u2019H\u00f4tel de Ville 1\" \/>Echallens \u2013 Salle du Turlet, Restaurant de l\u2019H\u00f4tel de ville, place de l\u2019H\u00f4tel de Ville 1<\/span><\/em><\/span><\/p>\r\n<p class=\"gce-list-event event-title\"><strong><span class=\"simcal-event-title\" itemprop=\"name\">Oser la libert\u00e9 : Marguerite Burnat-Provins, artiste et pionni\u00e8re<\/span><\/strong><\/p>\r\n<div class=\"simcal-event-description\" itemprop=\"description\"><p>Anne Murray-Robertson, historienne de l\u2019art, sp\u00e9cialiste de l\u2019artiste<\/p>\n<\/div><\/div>\n\t<\/li>\n<\/ul>\n\n<\/dd>\n\t<dt class=\"simcal-day-label\" style=\"border-bottom: 1px solid #00acc8;\" ><span style=\"background-color: #00acc8; color: #ffffff;\"><span class=\"simcal-date-format\" data-date-format=\"j F Y\">24 f\u00e9vrier 2026<\/span> <\/span><\/dt>\n<dd class=\"simcal-weekday-2 simcal-past simcal-day simcal-day-has-events simcal-day-has-1-events simcal-events-calendar-6424\" data-events-count=\"1\">\n\t<ul class=\"simcal-events\">\n\t<li class=\"simcal-event simcal-event-has-location simcal-events-calendar-6424\" style=\"\" itemscope itemtype=\"http:\/\/schema.org\/Event\" data-start=\"1771939800\">\n\t\t<div class=\"simcal-event-details\"><p class=\"gce-list-event event-title\"><span style=\"color: #00acc8\"><em><span class=\"simcal-event-start simcal-event-start-time\" data-event-start=\"1771939800\" data-event-format=\"H:i\" itemprop=\"startDate\" content=\"2026-02-24T14:30:00+01:00\">14:30<\/span> - <span class=\"simcal-event-address simcal-event-start-location\" itemprop=\"location\" itemscope itemtype=\"http:\/\/schema.org\/Place\"><meta itemprop=\"name\" content=\"Echallens \u2013 Salle du Turlet, Restaurant de l\u2019H\u00f4tel de ville, place de l\u2019H\u00f4tel de Ville 1\" \/><meta itemprop=\"address\" content=\"Echallens \u2013 Salle du Turlet, Restaurant de l\u2019H\u00f4tel de ville, place de l\u2019H\u00f4tel de Ville 1\" \/>Echallens \u2013 Salle du Turlet, Restaurant de l\u2019H\u00f4tel de ville, place de l\u2019H\u00f4tel de Ville 1<\/span><\/em><\/span><\/p>\r\n<p class=\"gce-list-event event-title\"><strong><span class=\"simcal-event-title\" itemprop=\"name\">Retrouver les sensations du toucher avec une proth\u00e8se de main<\/span><\/strong><\/p>\r\n<div class=\"simcal-event-description\" itemprop=\"description\"><p>Solaiman\u00a0Shokur,\u00a0docteur en neuro-ing\u00e9nierie, chercheur au Laboratoire d\u2019ing\u00e9nierie neurale translationnelle, EPFL<\/p>\n<\/div><\/div>\n\t<\/li>\n<\/ul>\n\n<\/dd>\n\t<dt class=\"simcal-day-label\" style=\"border-bottom: 1px solid #00acc8;\" ><span style=\"background-color: #00acc8; color: #ffffff;\"><span class=\"simcal-date-format\" data-date-format=\"j F Y\">24 mars 2026<\/span> <\/span><\/dt>\n<dd class=\"simcal-weekday-2 simcal-past simcal-day simcal-day-has-events simcal-day-has-1-events simcal-events-calendar-6424\" data-events-count=\"1\">\n\t<ul class=\"simcal-events\">\n\t<li class=\"simcal-event simcal-event-has-location simcal-events-calendar-6424\" style=\"\" itemscope itemtype=\"http:\/\/schema.org\/Event\" data-start=\"1774359000\">\n\t\t<div class=\"simcal-event-details\"><p class=\"gce-list-event event-title\"><span style=\"color: #00acc8\"><em><span class=\"simcal-event-start simcal-event-start-time\" data-event-start=\"1774359000\" data-event-format=\"H:i\" itemprop=\"startDate\" content=\"2026-03-24T14:30:00+01:00\">14:30<\/span> - <span class=\"simcal-event-address simcal-event-start-location\" itemprop=\"location\" itemscope itemtype=\"http:\/\/schema.org\/Place\"><meta itemprop=\"name\" content=\"Echallens \u2013 Salle du Turlet, Restaurant de l\u2019H\u00f4tel de ville, place de l\u2019H\u00f4tel de Ville 1\" \/><meta itemprop=\"address\" content=\"Echallens \u2013 Salle du Turlet, Restaurant de l\u2019H\u00f4tel de ville, place de l\u2019H\u00f4tel de Ville 1\" \/>Echallens \u2013 Salle du Turlet, Restaurant de l\u2019H\u00f4tel de ville, place de l\u2019H\u00f4tel de Ville 1<\/span><\/em><\/span><\/p>\r\n<p class=\"gce-list-event event-title\"><strong><span class=\"simcal-event-title\" itemprop=\"name\">Tricherie: les coulisses d\u2019une fraude collective<\/span><\/strong><\/p>\r\n<div class=\"simcal-event-description\" itemprop=\"description\"><p>Cinzia\u00a0Zanetti,\u00a0docteure en psychologie sociale, chercheuse, UNIL<\/p>\n<\/div><\/div>\n\t<\/li>\n<\/ul>\n\n<\/dd>\n<\/dl><div class=\"simcal-ajax-loader simcal-spinner-top\" style=\"display: none;\"><i class=\"simcal-icon-spinner simcal-icon-spin\"><\/i><\/div><\/div><\/div>\n\n\n\n<hr class=\"wp-block-separator has-alpha-channel-opacity is-style-wide\" \/>\n\n\n\n<div class=\"wp-block-group\"><div class=\"wp-block-group__inner-container is-layout-constrained wp-block-group-is-layout-constrained\">\n<p class=\"has-text-align-left is-style-default has-white-color has-text-color has-background has-link-color wp-elements-edadd0922c15ce805ea91927bd3cc4a1\" style=\"background-color:#00acc8;font-size:16px\"><strong><a href=\"https:\/\/wp.unil.ch\/connaissance3\/tarifs-et-conditions\/\">Prix des entr\u00e9es:<\/a>&nbsp; 15 fr. | avec adh\u00e9sion: 10 fr. | avec abonnement: entr\u00e9e libre<br>\u00c0 r\u00e9gler sur place. Pas d\u2019inscription.<\/strong><br><br>Entr\u00e9e libre pour les membres de l\u2019UNIL, de l\u2019EPFL, de la HEIG-VD et de la HES-La Source ainsi que des autres Universit\u00e9s des seniors, sur pr\u00e9sentation d\u2019une carte de l\u00e9gitimation (<a href=\"https:\/\/wp.unil.ch\/connaissance3\/adherer\/tarifs-et-conditions-generales\/\" data-type=\"link\" data-id=\"https:\/\/wp.unil.ch\/connaissance3\/adherer\/tarifs-et-conditions-generales\/\" target=\"_blank\" rel=\"noreferrer noopener\">voir conditions<\/a>).<\/p>\n<\/div><\/div>\n","protected":false},"excerpt":{"rendered":"<p>Le comit\u00e9 r\u00e9gional de Connaissance 3 \u2013 Gros-de-Vaud vous propose des conf\u00e9rences \u00e0 \u00c9challens.Adresse des salles, voir: Lieux et acc\u00e8s<\/p>\n","protected":false},"author":1136,"featured_media":0,"parent":8679,"menu_order":0,"comment_status":"closed","ping_status":"closed","template":"","meta":{"_seopress_robots_primary_cat":"","_seopress_titles_title":"","_seopress_titles_desc":"","_seopress_robots_index":"","footnotes":""},"class_list":["post-6425","page","type-page","status-publish"],"_links":{"self":[{"href":"https:\/\/wp.unil.ch\/connaissance3\/wp-json\/wp\/v2\/pages\/6425","targetHints":{"allow":["GET"]}}],"collection":[{"href":"https:\/\/wp.unil.ch\/connaissance3\/wp-json\/wp\/v2\/pages"}],"about":[{"href":"https:\/\/wp.unil.ch\/connaissance3\/wp-json\/wp\/v2\/types\/page"}],"author":[{"embeddable":true,"href":"https:\/\/wp.unil.ch\/connaissance3\/wp-json\/wp\/v2\/users\/1136"}],"replies":[{"embeddable":true,"href":"https:\/\/wp.unil.ch\/connaissance3\/wp-json\/wp\/v2\/comments?post=6425"}],"version-history":[{"count":5,"href":"https:\/\/wp.unil.ch\/connaissance3\/wp-json\/wp\/v2\/pages\/6425\/revisions"}],"predecessor-version":[{"id":28776,"href":"https:\/\/wp.unil.ch\/connaissance3\/wp-json\/wp\/v2\/pages\/6425\/revisions\/28776"}],"up":[{"embeddable":true,"href":"https:\/\/wp.unil.ch\/connaissance3\/wp-json\/wp\/v2\/pages\/8679"}],"wp:attachment":[{"href":"https:\/\/wp.unil.ch\/connaissance3\/wp-json\/wp\/v2\/media?parent=6425"}],"curies":[{"name":"wp","href":"https:\/\/api.w.org\/{rel}","templated":true}]}}