{"id":6420,"date":"2015-08-17T08:43:49","date_gmt":"2015-08-17T06:43:49","guid":{"rendered":"http:\/\/wp.unil.ch\/connaissance3\/?page_id=6420"},"modified":"2024-07-23T09:50:20","modified_gmt":"2024-07-23T07:50:20","slug":"conferences-de-la-broye","status":"publish","type":"page","link":"https:\/\/wp.unil.ch\/connaissance3\/conferences\/saisons-regionales\/conferences-de-la-broye\/","title":{"rendered":"Conf\u00e9rences de la Broye"},"content":{"rendered":"\n<p>Le comit\u00e9 r\u00e9gional de Connaissance 3 \u2013 Broye vous propose des conf\u00e9rences \u00e0 Payerne.<br>Adresse des salles, voir: <a href=\"https:\/\/wp.unil.ch\/connaissance3\/conferences\/lieux-et-acces\/\">Lieux et acc\u00e8s<\/a><\/p>\n\n\n\n<h2 class=\"wp-block-heading\">Saison 2025-2026<\/h2>\n\n\n<div class=\"simcal-calendar simcal-default-calendar simcal-default-calendar-list simcal-default-calendar-light\" data-calendar-id=\"6421\" data-timezone=\"Europe\/Paris\" data-offset=\"7200\" data-week-start=\"1\" data-calendar-start=\"1756072800\" data-calendar-end=\"1776866400\" data-events-first=\"1759926600\" data-events-last=\"1776866400\"><div class=\"simcal-calendar-list \"><dl class=\"simcal-events-list-container\" data-prev=\"1730156400\" data-next=\"1781992800\" data-heading-small=\"2025 - 2026\" data-heading-large=\"2025 - 2026\">\t<dt class=\"simcal-day-label\" style=\"border-bottom: 1px solid #00acc8;\" ><span style=\"background-color: #00acc8; color: #ffffff;\"><span class=\"simcal-date-format\" data-date-format=\"j F Y\">8 octobre 2025<\/span> <\/span><\/dt>\n<dd class=\"simcal-weekday-3 simcal-past simcal-day simcal-day-has-events simcal-day-has-1-events simcal-events-calendar-6421\" data-events-count=\"1\">\n\t<ul class=\"simcal-events\">\n\t<li class=\"simcal-event simcal-event-has-location simcal-events-calendar-6421\" style=\"\" itemscope itemtype=\"http:\/\/schema.org\/Event\" data-start=\"1759926600\">\n\t\t<div class=\"simcal-event-details\"><p class=\"gce-list-event event-title\" style=\"text-align: justify\"><span style=\"color: #00acc8\"><em><span class=\"simcal-event-start simcal-event-start-time\" data-event-start=\"1759926600\" data-event-format=\"H:i\" itemprop=\"startDate\" content=\"2025-10-08T14:30:00+02:00\">14:30<\/span> - <span class=\"simcal-event-address simcal-event-start-location\" itemprop=\"location\" itemscope itemtype=\"http:\/\/schema.org\/Place\"><meta itemprop=\"name\" content=\"Payerne - Aula du Coll\u00e8ge Derri\u00e8re-la-Tour, rue Derri\u00e8re-la-Tour 6\" \/><meta itemprop=\"address\" content=\"Payerne - Aula du Coll\u00e8ge Derri\u00e8re-la-Tour, rue Derri\u00e8re-la-Tour 6\" \/>Payerne - Aula du Coll\u00e8ge Derri\u00e8re-la-Tour, rue Derri\u00e8re-la-Tour 6<\/span><\/em><\/span><\/p>\r\n<p class=\"gce-list-event event-title\" style=\"text-align: justify\"><strong><span class=\"simcal-event-title\" itemprop=\"name\">L\u2019arriv\u00e9e du chemin de fer dans la Broye<\/span><\/strong><\/p>\r\n<p style=\"text-align: justify\"><div class=\"simcal-event-description\" itemprop=\"description\"><p>Jean-Louis Scherz, ancien porte-parole des CFF<\/p>\n<\/div><\/p>\r\n\r\n<div class=\"event-infos\" style=\"text-align: justify\"><\/div><\/div>\n\t<\/li>\n<\/ul>\n\n<\/dd>\n\t<dt class=\"simcal-day-label\" style=\"border-bottom: 1px solid #00acc8;\" ><span style=\"background-color: #00acc8; color: #ffffff;\"><span class=\"simcal-date-format\" data-date-format=\"j F Y\">5 novembre 2025<\/span> <\/span><\/dt>\n<dd class=\"simcal-weekday-3 simcal-past simcal-day simcal-day-has-events simcal-day-has-1-events simcal-events-calendar-6421\" data-events-count=\"1\">\n\t<ul class=\"simcal-events\">\n\t<li class=\"simcal-event simcal-event-has-location simcal-events-calendar-6421\" style=\"\" itemscope itemtype=\"http:\/\/schema.org\/Event\" data-start=\"1762349400\">\n\t\t<div class=\"simcal-event-details\"><p class=\"gce-list-event event-title\" style=\"text-align: justify\"><span style=\"color: #00acc8\"><em><span class=\"simcal-event-start simcal-event-start-time\" data-event-start=\"1762349400\" data-event-format=\"H:i\" itemprop=\"startDate\" content=\"2025-11-05T14:30:00+01:00\">14:30<\/span> - <span class=\"simcal-event-address simcal-event-start-location\" itemprop=\"location\" itemscope itemtype=\"http:\/\/schema.org\/Place\"><meta itemprop=\"name\" content=\"Payerne - Aula du Coll\u00e8ge Derri\u00e8re-la-Tour, rue Derri\u00e8re-la-Tour 6\" \/><meta itemprop=\"address\" content=\"Payerne - Aula du Coll\u00e8ge Derri\u00e8re-la-Tour, rue Derri\u00e8re-la-Tour 6\" \/>Payerne - Aula du Coll\u00e8ge Derri\u00e8re-la-Tour, rue Derri\u00e8re-la-Tour 6<\/span><\/em><\/span><\/p>\r\n<p class=\"gce-list-event event-title\" style=\"text-align: justify\"><strong><span class=\"simcal-event-title\" itemprop=\"name\">Hommes, femmes, quelles diff\u00e9rences dans les traitements ?<\/span><\/strong><\/p>\r\n<p style=\"text-align: justify\"><div class=\"simcal-event-description\" itemprop=\"description\"><p>Carole Clair, professeure, UNIL, cheffe du D\u00e9partement des policliniques, Unisant\u00e9<\/p>\n<\/div><\/p>\r\n\r\n<div class=\"event-infos\" style=\"text-align: justify\"><\/div><\/div>\n\t<\/li>\n<\/ul>\n\n<\/dd>\n\t<dt class=\"simcal-day-label\" style=\"border-bottom: 1px solid #00acc8;\" ><span style=\"background-color: #00acc8; color: #ffffff;\"><span class=\"simcal-date-format\" data-date-format=\"j F Y\">19 novembre 2025<\/span> <\/span><\/dt>\n<dd class=\"simcal-weekday-3 simcal-past simcal-day simcal-day-has-events simcal-day-has-1-events simcal-events-calendar-6421\" data-events-count=\"1\">\n\t<ul class=\"simcal-events\">\n\t<li class=\"simcal-event simcal-event-has-location simcal-events-calendar-6421\" style=\"\" itemscope itemtype=\"http:\/\/schema.org\/Event\" data-start=\"1763559000\">\n\t\t<div class=\"simcal-event-details\"><p class=\"gce-list-event event-title\" style=\"text-align: justify\"><span style=\"color: #00acc8\"><em><span class=\"simcal-event-start simcal-event-start-time\" data-event-start=\"1763559000\" data-event-format=\"H:i\" itemprop=\"startDate\" content=\"2025-11-19T14:30:00+01:00\">14:30<\/span> - <span class=\"simcal-event-address simcal-event-start-location\" itemprop=\"location\" itemscope itemtype=\"http:\/\/schema.org\/Place\"><meta itemprop=\"name\" content=\"Payerne - Aula du Coll\u00e8ge Derri\u00e8re-la-Tour, rue Derri\u00e8re-la-Tour 6\" \/><meta itemprop=\"address\" content=\"Payerne - Aula du Coll\u00e8ge Derri\u00e8re-la-Tour, rue Derri\u00e8re-la-Tour 6\" \/>Payerne - Aula du Coll\u00e8ge Derri\u00e8re-la-Tour, rue Derri\u00e8re-la-Tour 6<\/span><\/em><\/span><\/p>\r\n<p class=\"gce-list-event event-title\" style=\"text-align: justify\"><strong><span class=\"simcal-event-title\" itemprop=\"name\">Ch\u00e2teaux, tr\u00e9sors cach\u00e9s de la Broye<\/span><\/strong><\/p>\r\n<p style=\"text-align: justify\"><div class=\"simcal-event-description\" itemprop=\"description\"><p>Jean-Blaise Gardiol, arch\u00e9ologue sp\u00e9cialis\u00e9 dans l\u2019analyse de b\u00e2timents et de jardins historiques<\/p>\n<\/div><\/p>\r\n\r\n<div class=\"event-infos\" style=\"text-align: justify\"><\/div><\/div>\n\t<\/li>\n<\/ul>\n\n<\/dd>\n\t<dt class=\"simcal-day-label\" style=\"border-bottom: 1px solid #00acc8;\" ><span style=\"background-color: #00acc8; color: #ffffff;\"><span class=\"simcal-date-format\" data-date-format=\"j F Y\">3 d\u00e9cembre 2025<\/span> <\/span><\/dt>\n<dd class=\"simcal-weekday-3 simcal-past simcal-day simcal-day-has-events simcal-day-has-1-events simcal-events-calendar-6421\" data-events-count=\"1\">\n\t<ul class=\"simcal-events\">\n\t<li class=\"simcal-event simcal-event-has-location simcal-events-calendar-6421\" style=\"\" itemscope itemtype=\"http:\/\/schema.org\/Event\" data-start=\"1764768600\">\n\t\t<div class=\"simcal-event-details\"><p class=\"gce-list-event event-title\" style=\"text-align: justify\"><span style=\"color: #00acc8\"><em><span class=\"simcal-event-start simcal-event-start-time\" data-event-start=\"1764768600\" data-event-format=\"H:i\" itemprop=\"startDate\" content=\"2025-12-03T14:30:00+01:00\">14:30<\/span> - <span class=\"simcal-event-address simcal-event-start-location\" itemprop=\"location\" itemscope itemtype=\"http:\/\/schema.org\/Place\"><meta itemprop=\"name\" content=\"Payerne - Aula du Coll\u00e8ge Derri\u00e8re-la-Tour, rue Derri\u00e8re-la-Tour 6\" \/><meta itemprop=\"address\" content=\"Payerne - Aula du Coll\u00e8ge Derri\u00e8re-la-Tour, rue Derri\u00e8re-la-Tour 6\" \/>Payerne - Aula du Coll\u00e8ge Derri\u00e8re-la-Tour, rue Derri\u00e8re-la-Tour 6<\/span><\/em><\/span><\/p>\r\n<p class=\"gce-list-event event-title\" style=\"text-align: justify\"><strong><span class=\"simcal-event-title\" itemprop=\"name\">Quels sont les d\u00e9fis de ceux qui nous nourrissent ?<\/span><\/strong><\/p>\r\n<p style=\"text-align: justify\"><div class=\"simcal-event-description\" itemprop=\"description\"><p>Martin Pidoux, ing\u00e9nieur agronome, directeur de Prom\u00e9terre<\/p>\n<\/div><\/p>\r\n\r\n<div class=\"event-infos\" style=\"text-align: justify\"><\/div><\/div>\n\t<\/li>\n<\/ul>\n\n<\/dd>\n\t<dt class=\"simcal-day-label\" style=\"border-bottom: 1px solid #00acc8;\" ><span style=\"background-color: #00acc8; color: #ffffff;\"><span class=\"simcal-date-format\" data-date-format=\"j F Y\">7 janvier 2026<\/span> <\/span><\/dt>\n<dd class=\"simcal-weekday-3 simcal-past simcal-day simcal-day-has-events simcal-day-has-1-events simcal-events-calendar-6421\" data-events-count=\"1\">\n\t<ul class=\"simcal-events\">\n\t<li class=\"simcal-event simcal-event-has-location simcal-events-calendar-6421\" style=\"\" itemscope itemtype=\"http:\/\/schema.org\/Event\" data-start=\"1767792600\">\n\t\t<div class=\"simcal-event-details\"><p class=\"gce-list-event event-title\" style=\"text-align: justify\"><span style=\"color: #00acc8\"><em><span class=\"simcal-event-start simcal-event-start-time\" data-event-start=\"1767792600\" data-event-format=\"H:i\" itemprop=\"startDate\" content=\"2026-01-07T14:30:00+01:00\">14:30<\/span> - <span class=\"simcal-event-address simcal-event-start-location\" itemprop=\"location\" itemscope itemtype=\"http:\/\/schema.org\/Place\"><meta itemprop=\"name\" content=\"Payerne - Aula du Coll\u00e8ge Derri\u00e8re-la-Tour, rue Derri\u00e8re-la-Tour 6\" \/><meta itemprop=\"address\" content=\"Payerne - Aula du Coll\u00e8ge Derri\u00e8re-la-Tour, rue Derri\u00e8re-la-Tour 6\" \/>Payerne - Aula du Coll\u00e8ge Derri\u00e8re-la-Tour, rue Derri\u00e8re-la-Tour 6<\/span><\/em><\/span><\/p>\r\n<p class=\"gce-list-event event-title\" style=\"text-align: justify\"><strong><span class=\"simcal-event-title\" itemprop=\"name\">Coup d\u2019\u0153il sous les jupes de la banque nationale<\/span><\/strong><\/p>\r\n<p style=\"text-align: justify\"><div class=\"simcal-event-description\" itemprop=\"description\"><p>Isabelle Ducret, journaliste RTS<\/p>\n<\/div><\/p>\r\n\r\n<div class=\"event-infos\" style=\"text-align: justify\"><\/div><\/div>\n\t<\/li>\n<\/ul>\n\n<\/dd>\n\t<dt class=\"simcal-day-label\" style=\"border-bottom: 1px solid #00acc8;\" ><span style=\"background-color: #00acc8; color: #ffffff;\"><span class=\"simcal-date-format\" data-date-format=\"j F Y\">4 f\u00e9vrier 2026<\/span> <\/span><\/dt>\n<dd class=\"simcal-weekday-3 simcal-past simcal-day simcal-day-has-events simcal-day-has-1-events simcal-events-calendar-6421\" data-events-count=\"1\">\n\t<ul class=\"simcal-events\">\n\t<li class=\"simcal-event simcal-event-has-location simcal-events-calendar-6421\" style=\"\" itemscope itemtype=\"http:\/\/schema.org\/Event\" data-start=\"1770211800\">\n\t\t<div class=\"simcal-event-details\"><p class=\"gce-list-event event-title\" style=\"text-align: justify\"><span style=\"color: #00acc8\"><em><span class=\"simcal-event-start simcal-event-start-time\" data-event-start=\"1770211800\" data-event-format=\"H:i\" itemprop=\"startDate\" content=\"2026-02-04T14:30:00+01:00\">14:30<\/span> - <span class=\"simcal-event-address simcal-event-start-location\" itemprop=\"location\" itemscope itemtype=\"http:\/\/schema.org\/Place\"><meta itemprop=\"name\" content=\"Payerne - Aula du Coll\u00e8ge Derri\u00e8re-la-Tour, rue Derri\u00e8re-la-Tour 6\" \/><meta itemprop=\"address\" content=\"Payerne - Aula du Coll\u00e8ge Derri\u00e8re-la-Tour, rue Derri\u00e8re-la-Tour 6\" \/>Payerne - Aula du Coll\u00e8ge Derri\u00e8re-la-Tour, rue Derri\u00e8re-la-Tour 6<\/span><\/em><\/span><\/p>\r\n<p class=\"gce-list-event event-title\" style=\"text-align: justify\"><strong><span class=\"simcal-event-title\" itemprop=\"name\">Les insectes invasifs dans la Broye<\/span><\/strong><\/p>\r\n<p style=\"text-align: justify\"><div class=\"simcal-event-description\" itemprop=\"description\"><p>Daniel\u00a0Ch\u00e9rix,\u00a0biologiste, professeur honoraire, UNIL<\/p>\n<\/div><\/p>\r\n\r\n<div class=\"event-infos\" style=\"text-align: justify\"><\/div><\/div>\n\t<\/li>\n<\/ul>\n\n<\/dd>\n\t<dt class=\"simcal-day-label\" style=\"border-bottom: 1px solid #00acc8;\" ><span style=\"background-color: #00acc8; color: #ffffff;\"><span class=\"simcal-date-format\" data-date-format=\"j F Y\">4 mars 2026<\/span> <\/span><\/dt>\n<dd class=\"simcal-weekday-3 simcal-past simcal-day simcal-day-has-events simcal-day-has-1-events simcal-events-calendar-6421\" data-events-count=\"1\">\n\t<ul class=\"simcal-events\">\n\t<li class=\"simcal-event simcal-event-has-location simcal-events-calendar-6421\" style=\"\" itemscope itemtype=\"http:\/\/schema.org\/Event\" data-start=\"1772631000\">\n\t\t<div class=\"simcal-event-details\"><p class=\"gce-list-event event-title\" style=\"text-align: justify\"><span style=\"color: #00acc8\"><em><span class=\"simcal-event-start simcal-event-start-time\" data-event-start=\"1772631000\" data-event-format=\"H:i\" itemprop=\"startDate\" content=\"2026-03-04T14:30:00+01:00\">14:30<\/span> - <span class=\"simcal-event-address simcal-event-start-location\" itemprop=\"location\" itemscope itemtype=\"http:\/\/schema.org\/Place\"><meta itemprop=\"name\" content=\"Payerne - Aula du Coll\u00e8ge Derri\u00e8re-la-Tour, rue Derri\u00e8re-la-Tour 6\" \/><meta itemprop=\"address\" content=\"Payerne - Aula du Coll\u00e8ge Derri\u00e8re-la-Tour, rue Derri\u00e8re-la-Tour 6\" \/>Payerne - Aula du Coll\u00e8ge Derri\u00e8re-la-Tour, rue Derri\u00e8re-la-Tour 6<\/span><\/em><\/span><\/p>\r\n<p class=\"gce-list-event event-title\" style=\"text-align: justify\"><strong><span class=\"simcal-event-title\" itemprop=\"name\">Les psys sont-ils indispensables?<\/span><\/strong><\/p>\r\n<p style=\"text-align: justify\"><div class=\"simcal-event-description\" itemprop=\"description\"><p>Nicolas\u00a0Duruz,\u00a0psychologue-psychoth\u00e9rapeute, professeur honoraire, UNIL<\/p>\n<\/div><\/p>\r\n\r\n<div class=\"event-infos\" style=\"text-align: justify\"><\/div><\/div>\n\t<\/li>\n<\/ul>\n\n<\/dd>\n\t<dt class=\"simcal-day-label\" style=\"border-bottom: 1px solid #00acc8;\" ><span style=\"background-color: #00acc8; color: #ffffff;\"><span class=\"simcal-date-format\" data-date-format=\"j F Y\">25 mars 2026<\/span> <\/span><\/dt>\n<dd class=\"simcal-weekday-3 simcal-past simcal-day simcal-day-has-events simcal-day-has-1-events simcal-events-calendar-6421\" data-events-count=\"1\">\n\t<ul class=\"simcal-events\">\n\t<li class=\"simcal-event simcal-event-has-location simcal-events-calendar-6421\" style=\"\" itemscope itemtype=\"http:\/\/schema.org\/Event\" data-start=\"1774445400\">\n\t\t<div class=\"simcal-event-details\"><p class=\"gce-list-event event-title\" style=\"text-align: justify\"><span style=\"color: #00acc8\"><em><span class=\"simcal-event-start simcal-event-start-time\" data-event-start=\"1774445400\" data-event-format=\"H:i\" itemprop=\"startDate\" content=\"2026-03-25T14:30:00+01:00\">14:30<\/span> - <span class=\"simcal-event-address simcal-event-start-location\" itemprop=\"location\" itemscope itemtype=\"http:\/\/schema.org\/Place\"><meta itemprop=\"name\" content=\"Payerne - Aula du Coll\u00e8ge Derri\u00e8re-la-Tour, rue Derri\u00e8re-la-Tour 6\" \/><meta itemprop=\"address\" content=\"Payerne - Aula du Coll\u00e8ge Derri\u00e8re-la-Tour, rue Derri\u00e8re-la-Tour 6\" \/>Payerne - Aula du Coll\u00e8ge Derri\u00e8re-la-Tour, rue Derri\u00e8re-la-Tour 6<\/span><\/em><\/span><\/p>\r\n<p class=\"gce-list-event event-title\" style=\"text-align: justify\"><strong><span class=\"simcal-event-title\" itemprop=\"name\">Tableaux d&#039;une exposition de Moussorgski<\/span><\/strong><\/p>\r\n<p style=\"text-align: justify\"><div class=\"simcal-event-description\" itemprop=\"description\"><p>Ren\u00e9 Spalinger, chef d\u2019orchestre, musicien et essayiste<\/p>\n<\/div><\/p>\r\n\r\n<div class=\"event-infos\" style=\"text-align: justify\"><\/div><\/div>\n\t<\/li>\n<\/ul>\n\n<\/dd>\n\t<dt class=\"simcal-day-label\" style=\"border-bottom: 1px solid #00acc8;\" ><span style=\"background-color: #00acc8; color: #ffffff;\"><span class=\"simcal-date-format\" data-date-format=\"j F Y\">22 avril 2026<\/span> <\/span><\/dt>\n<dd class=\"simcal-weekday-3 simcal-past simcal-day simcal-day-has-events simcal-day-has-1-events simcal-events-calendar-6421\" data-events-count=\"1\">\n\t<ul class=\"simcal-events\">\n\t<li class=\"simcal-event simcal-event-has-location simcal-events-calendar-6421\" style=\"\" itemscope itemtype=\"http:\/\/schema.org\/Event\" data-start=\"1776861000\">\n\t\t<div class=\"simcal-event-details\"><p class=\"gce-list-event event-title\" style=\"text-align: justify\"><span style=\"color: #00acc8\"><em><span class=\"simcal-event-start simcal-event-start-time\" data-event-start=\"1776861000\" data-event-format=\"H:i\" itemprop=\"startDate\" content=\"2026-04-22T14:30:00+02:00\">14:30<\/span> - <span class=\"simcal-event-address simcal-event-start-location\" itemprop=\"location\" itemscope itemtype=\"http:\/\/schema.org\/Place\"><meta itemprop=\"name\" content=\"Payerne - Aula du Coll\u00e8ge Derri\u00e8re-la-Tour, rue Derri\u00e8re-la-Tour 6\" \/><meta itemprop=\"address\" content=\"Payerne - Aula du Coll\u00e8ge Derri\u00e8re-la-Tour, rue Derri\u00e8re-la-Tour 6\" \/>Payerne - Aula du Coll\u00e8ge Derri\u00e8re-la-Tour, rue Derri\u00e8re-la-Tour 6<\/span><\/em><\/span><\/p>\r\n<p class=\"gce-list-event event-title\" style=\"text-align: justify\"><strong><span class=\"simcal-event-title\" itemprop=\"name\">Coup d\u2019\u0153il sous les jupes de la banque nationale<\/span><\/strong><\/p>\r\n<p style=\"text-align: justify\"><div class=\"simcal-event-description\" itemprop=\"description\"><p>Isabelle Ducret, journaliste RTS<\/p>\n<\/div><\/p>\r\n\r\n<div class=\"event-infos\" style=\"text-align: justify\"><\/div><\/div>\n\t<\/li>\n<\/ul>\n\n<\/dd>\n<\/dl><div class=\"simcal-ajax-loader simcal-spinner-top\" style=\"display: none;\"><i class=\"simcal-icon-spinner simcal-icon-spin\"><\/i><\/div><\/div><\/div>\n\n\n\n<hr class=\"wp-block-separator has-alpha-channel-opacity is-style-wide\" \/>\n\n\n\n<div class=\"wp-block-group\"><div class=\"wp-block-group__inner-container is-layout-constrained wp-block-group-is-layout-constrained\">\n<div class=\"wp-block-group\"><div class=\"wp-block-group__inner-container is-layout-constrained wp-block-group-is-layout-constrained\">\n<p class=\"has-text-align-left is-style-default has-white-color has-text-color has-background has-link-color wp-elements-edadd0922c15ce805ea91927bd3cc4a1\" style=\"background-color:#00acc8;font-size:16px\"><strong><a href=\"https:\/\/wp.unil.ch\/connaissance3\/tarifs-et-conditions\/\">Prix des entr\u00e9es:<\/a>&nbsp; 15 fr. | avec adh\u00e9sion: 10 fr. | avec abonnement: entr\u00e9e libre<br>\u00c0 r\u00e9gler sur place. Pas d\u2019inscription.<\/strong><br><br>Entr\u00e9e libre pour les membres de l\u2019UNIL, de l\u2019EPFL, de la HEIG-VD et de la HES-La Source ainsi que des autres Universit\u00e9s des seniors, sur pr\u00e9sentation d\u2019une carte de l\u00e9gitimation (<a href=\"https:\/\/wp.unil.ch\/connaissance3\/adherer\/tarifs-et-conditions-generales\/\" data-type=\"link\" data-id=\"https:\/\/wp.unil.ch\/connaissance3\/adherer\/tarifs-et-conditions-generales\/\" target=\"_blank\" rel=\"noreferrer noopener\">voir conditions<\/a>).<\/p>\n<\/div><\/div>\n<\/div><\/div>\n","protected":false},"excerpt":{"rendered":"<p>Le comit\u00e9 r\u00e9gional de Connaissance 3 \u2013 Broye vous propose des conf\u00e9rences \u00e0 Payerne.Adresse des salles, voir: Lieux et acc\u00e8s<\/p>\n","protected":false},"author":1136,"featured_media":0,"parent":8679,"menu_order":0,"comment_status":"closed","ping_status":"closed","template":"","meta":{"_seopress_robots_primary_cat":"","_seopress_titles_title":"","_seopress_titles_desc":"","_seopress_robots_index":"","footnotes":""},"class_list":["post-6420","page","type-page","status-publish"],"_links":{"self":[{"href":"https:\/\/wp.unil.ch\/connaissance3\/wp-json\/wp\/v2\/pages\/6420","targetHints":{"allow":["GET"]}}],"collection":[{"href":"https:\/\/wp.unil.ch\/connaissance3\/wp-json\/wp\/v2\/pages"}],"about":[{"href":"https:\/\/wp.unil.ch\/connaissance3\/wp-json\/wp\/v2\/types\/page"}],"author":[{"embeddable":true,"href":"https:\/\/wp.unil.ch\/connaissance3\/wp-json\/wp\/v2\/users\/1136"}],"replies":[{"embeddable":true,"href":"https:\/\/wp.unil.ch\/connaissance3\/wp-json\/wp\/v2\/comments?post=6420"}],"version-history":[{"count":5,"href":"https:\/\/wp.unil.ch\/connaissance3\/wp-json\/wp\/v2\/pages\/6420\/revisions"}],"predecessor-version":[{"id":28775,"href":"https:\/\/wp.unil.ch\/connaissance3\/wp-json\/wp\/v2\/pages\/6420\/revisions\/28775"}],"up":[{"embeddable":true,"href":"https:\/\/wp.unil.ch\/connaissance3\/wp-json\/wp\/v2\/pages\/8679"}],"wp:attachment":[{"href":"https:\/\/wp.unil.ch\/connaissance3\/wp-json\/wp\/v2\/media?parent=6420"}],"curies":[{"name":"wp","href":"https:\/\/api.w.org\/{rel}","templated":true}]}}