{"id":6412,"date":"2015-08-17T08:48:54","date_gmt":"2015-08-17T06:48:54","guid":{"rendered":"http:\/\/wp.unil.ch\/connaissance3\/?page_id=6412"},"modified":"2025-04-07T11:52:41","modified_gmt":"2025-04-07T09:52:41","slug":"conferences-du-chablais","status":"publish","type":"page","link":"https:\/\/wp.unil.ch\/connaissance3\/conferences\/saisons-regionales\/conferences-du-chablais\/","title":{"rendered":"Conf\u00e9rences du Chablais"},"content":{"rendered":"\n<p>Le comit\u00e9 r\u00e9gional de Connaissance 3 \u2013 Chablais vous propose des conf\u00e9rences \u00e0 Aigle.<br>Adresse des salles, voir: <a href=\"https:\/\/wp.unil.ch\/connaissance3\/conferences\/lieux-et-acces\/\">Lieux et acc\u00e8s<\/a><\/p>\n\n\n\n<h2 class=\"wp-block-heading\">Saison 2025-2026<\/h2>\n\n\n<div class=\"simcal-calendar simcal-default-calendar simcal-default-calendar-list simcal-default-calendar-light\" data-calendar-id=\"6411\" data-timezone=\"Europe\/Paris\" data-offset=\"7200\" data-week-start=\"1\" data-calendar-start=\"1756072800\" data-calendar-end=\"1774018800\" data-events-first=\"1761309000\" data-events-last=\"1774018800\"><div class=\"simcal-calendar-list \"><dl class=\"simcal-events-list-container\" data-prev=\"1729807200\" data-next=\"1782338400\" data-heading-small=\"2025 - 2026\" data-heading-large=\"2025 - 2026\">\t<dt class=\"simcal-day-label\" style=\"border-bottom: 1px solid #00acc8;\" ><span style=\"background-color: #00acc8; color: #ffffff;\"><span class=\"simcal-date-format\" data-date-format=\"j F Y\">24 octobre 2025<\/span> <\/span><\/dt>\n<dd class=\"simcal-weekday-5 simcal-past simcal-day simcal-day-has-events simcal-day-has-1-events simcal-events-calendar-6411\" data-events-count=\"1\">\n\t<ul class=\"simcal-events\">\n\t<li class=\"simcal-event simcal-event-has-location simcal-events-calendar-6411\" style=\"\" itemscope itemtype=\"http:\/\/schema.org\/Event\" data-start=\"1761309000\">\n\t\t<div class=\"simcal-event-details\"><p class=\"gce-list-event event-title\" style=\"text-align: justify\"><span style=\"color: #00acc8\"><em><span class=\"simcal-event-start simcal-event-start-time\" data-event-start=\"1761309000\" data-event-format=\"H:i\" itemprop=\"startDate\" content=\"2025-10-24T14:30:00+02:00\">14:30<\/span> - <span class=\"simcal-event-address simcal-event-start-location\" itemprop=\"location\" itemscope itemtype=\"http:\/\/schema.org\/Place\"><meta itemprop=\"name\" content=\"Aigle - Salle Chevron, Ancienne Maison de Ville, place du March\u00e9 2\" \/><meta itemprop=\"address\" content=\"Aigle - Salle Chevron, Ancienne Maison de Ville, place du March\u00e9 2\" \/>Aigle - Salle Chevron, Ancienne Maison de Ville, place du March\u00e9 2<\/span><\/em><\/span><\/p>\r\n<p class=\"gce-list-event event-title\" style=\"text-align: justify\"><strong><span class=\"simcal-event-title\" itemprop=\"name\">Sommes-nous arm\u00e9s face aux fake news ?<\/span><\/strong><\/p>\r\n<p style=\"text-align: justify\"><div class=\"simcal-event-description\" itemprop=\"description\"><p>Pascal Wagner-Egger, enseignant-chercheur en psychologie sociale, Unifr<\/p>\n<\/div><\/p>\r\n\r\n<div class=\"event-infos\" style=\"text-align: justify\"><\/div>\r\n<div><\/div><\/div>\n\t<\/li>\n<\/ul>\n\n<\/dd>\n\t<dt class=\"simcal-day-label\" style=\"border-bottom: 1px solid #00acc8;\" ><span style=\"background-color: #00acc8; color: #ffffff;\"><span class=\"simcal-date-format\" data-date-format=\"j F Y\">7 novembre 2025<\/span> <\/span><\/dt>\n<dd class=\"simcal-weekday-5 simcal-past simcal-day simcal-day-has-events simcal-day-has-1-events simcal-events-calendar-6411\" data-events-count=\"1\">\n\t<ul class=\"simcal-events\">\n\t<li class=\"simcal-event simcal-event-has-location simcal-events-calendar-6411\" style=\"\" itemscope itemtype=\"http:\/\/schema.org\/Event\" data-start=\"1762522200\">\n\t\t<div class=\"simcal-event-details\"><p class=\"gce-list-event event-title\" style=\"text-align: justify\"><span style=\"color: #00acc8\"><em><span class=\"simcal-event-start simcal-event-start-time\" data-event-start=\"1762522200\" data-event-format=\"H:i\" itemprop=\"startDate\" content=\"2025-11-07T14:30:00+01:00\">14:30<\/span> - <span class=\"simcal-event-address simcal-event-start-location\" itemprop=\"location\" itemscope itemtype=\"http:\/\/schema.org\/Place\"><meta itemprop=\"name\" content=\"Aigle - Salle Chevron, Ancienne Maison de Ville, place du March\u00e9 2\" \/><meta itemprop=\"address\" content=\"Aigle - Salle Chevron, Ancienne Maison de Ville, place du March\u00e9 2\" \/>Aigle - Salle Chevron, Ancienne Maison de Ville, place du March\u00e9 2<\/span><\/em><\/span><\/p>\r\n<p class=\"gce-list-event event-title\" style=\"text-align: justify\"><strong><span class=\"simcal-event-title\" itemprop=\"name\">Utiliser l\u2019IA pour combattre l\u2019infob\u00e9sit\u00e9<\/span><\/strong><\/p>\r\n<p style=\"text-align: justify\"><div class=\"simcal-event-description\" itemprop=\"description\"><p>Olivier Glassey, sociologue sp\u00e9cialis\u00e9 dans les usages du num\u00e9rique, UNIL<\/p>\n<\/div><\/p>\r\n\r\n<div class=\"event-infos\" style=\"text-align: justify\"><\/div>\r\n<div><\/div><\/div>\n\t<\/li>\n<\/ul>\n\n<\/dd>\n\t<dt class=\"simcal-day-label\" style=\"border-bottom: 1px solid #00acc8;\" ><span style=\"background-color: #00acc8; color: #ffffff;\"><span class=\"simcal-date-format\" data-date-format=\"j F Y\">21 novembre 2025<\/span> <\/span><\/dt>\n<dd class=\"simcal-weekday-5 simcal-past simcal-day simcal-day-has-events simcal-day-has-1-events simcal-events-calendar-6411\" data-events-count=\"1\">\n\t<ul class=\"simcal-events\">\n\t<li class=\"simcal-event simcal-event-has-location simcal-events-calendar-6411\" style=\"\" itemscope itemtype=\"http:\/\/schema.org\/Event\" data-start=\"1763731800\">\n\t\t<div class=\"simcal-event-details\"><p class=\"gce-list-event event-title\" style=\"text-align: justify\"><span style=\"color: #00acc8\"><em><span class=\"simcal-event-start simcal-event-start-time\" data-event-start=\"1763731800\" data-event-format=\"H:i\" itemprop=\"startDate\" content=\"2025-11-21T14:30:00+01:00\">14:30<\/span> - <span class=\"simcal-event-address simcal-event-start-location\" itemprop=\"location\" itemscope itemtype=\"http:\/\/schema.org\/Place\"><meta itemprop=\"name\" content=\"Aigle - Salle Chevron, Ancienne Maison de Ville, place du March\u00e9 2\" \/><meta itemprop=\"address\" content=\"Aigle - Salle Chevron, Ancienne Maison de Ville, place du March\u00e9 2\" \/>Aigle - Salle Chevron, Ancienne Maison de Ville, place du March\u00e9 2<\/span><\/em><\/span><\/p>\r\n<p class=\"gce-list-event event-title\" style=\"text-align: justify\"><strong><span class=\"simcal-event-title\" itemprop=\"name\">Le populisme, pire menace pour la d\u00e9mocratie<\/span><\/strong><\/p>\r\n<p style=\"text-align: justify\"><div class=\"simcal-event-description\" itemprop=\"description\"><p>Yves Rossier, ancien secr\u00e9taire d\u2019\u00c9tat et ambassadeur de Suisse \u00e0 Moscou<\/p>\n<\/div><\/p>\r\n\r\n<div class=\"event-infos\" style=\"text-align: justify\"><\/div>\r\n<div><\/div><\/div>\n\t<\/li>\n<\/ul>\n\n<\/dd>\n\t<dt class=\"simcal-day-label\" style=\"border-bottom: 1px solid #00acc8;\" ><span style=\"background-color: #00acc8; color: #ffffff;\"><span class=\"simcal-date-format\" data-date-format=\"j F Y\">5 d\u00e9cembre 2025<\/span> <\/span><\/dt>\n<dd class=\"simcal-weekday-5 simcal-past simcal-day simcal-day-has-events simcal-day-has-1-events simcal-events-calendar-6411\" data-events-count=\"1\">\n\t<ul class=\"simcal-events\">\n\t<li class=\"simcal-event simcal-event-has-location simcal-events-calendar-6411\" style=\"\" itemscope itemtype=\"http:\/\/schema.org\/Event\" data-start=\"1764941400\">\n\t\t<div class=\"simcal-event-details\"><p class=\"gce-list-event event-title\" style=\"text-align: justify\"><span style=\"color: #00acc8\"><em><span class=\"simcal-event-start simcal-event-start-time\" data-event-start=\"1764941400\" data-event-format=\"H:i\" itemprop=\"startDate\" content=\"2025-12-05T14:30:00+01:00\">14:30<\/span> - <span class=\"simcal-event-address simcal-event-start-location\" itemprop=\"location\" itemscope itemtype=\"http:\/\/schema.org\/Place\"><meta itemprop=\"name\" content=\"Aigle - Salle Chevron, Ancienne Maison de Ville, place du March\u00e9 2\" \/><meta itemprop=\"address\" content=\"Aigle - Salle Chevron, Ancienne Maison de Ville, place du March\u00e9 2\" \/>Aigle - Salle Chevron, Ancienne Maison de Ville, place du March\u00e9 2<\/span><\/em><\/span><\/p>\r\n<p class=\"gce-list-event event-title\" style=\"text-align: justify\"><strong><span class=\"simcal-event-title\" itemprop=\"name\">Satom, un acteur principal dans la d\u00e9carbonisation du Chablais<\/span><\/strong><\/p>\r\n<p style=\"text-align: justify\"><div class=\"simcal-event-description\" itemprop=\"description\"><p>Blandine Pinta, ing\u00e9nieure cheffe de projet et Tanja Dubas, responsable communication &amp; marketing<\/p>\n<\/div><\/p>\r\n\r\n<div class=\"event-infos\" style=\"text-align: justify\"><\/div>\r\n<div><\/div><\/div>\n\t<\/li>\n<\/ul>\n\n<\/dd>\n\t<dt class=\"simcal-day-label\" style=\"border-bottom: 1px solid #00acc8;\" ><span style=\"background-color: #00acc8; color: #ffffff;\"><span class=\"simcal-date-format\" data-date-format=\"j F Y\">9 janvier 2026<\/span> <\/span><\/dt>\n<dd class=\"simcal-weekday-5 simcal-past simcal-day simcal-day-has-events simcal-day-has-1-events simcal-events-calendar-6411\" data-events-count=\"1\">\n\t<ul class=\"simcal-events\">\n\t<li class=\"simcal-event simcal-event-has-location simcal-events-calendar-6411\" style=\"\" itemscope itemtype=\"http:\/\/schema.org\/Event\" data-start=\"1767965400\">\n\t\t<div class=\"simcal-event-details\"><p class=\"gce-list-event event-title\" style=\"text-align: justify\"><span style=\"color: #00acc8\"><em><span class=\"simcal-event-start simcal-event-start-time\" data-event-start=\"1767965400\" data-event-format=\"H:i\" itemprop=\"startDate\" content=\"2026-01-09T14:30:00+01:00\">14:30<\/span> - <span class=\"simcal-event-address simcal-event-start-location\" itemprop=\"location\" itemscope itemtype=\"http:\/\/schema.org\/Place\"><meta itemprop=\"name\" content=\"Aigle - Salle Chevron, Ancienne Maison de Ville, place du March\u00e9 2\" \/><meta itemprop=\"address\" content=\"Aigle - Salle Chevron, Ancienne Maison de Ville, place du March\u00e9 2\" \/>Aigle - Salle Chevron, Ancienne Maison de Ville, place du March\u00e9 2<\/span><\/em><\/span><\/p>\r\n<p class=\"gce-list-event event-title\" style=\"text-align: justify\"><strong><span class=\"simcal-event-title\" itemprop=\"name\">L\u2019\u0153il du 3e \u00e2ge : physiologie, pathologies, th\u00e9rapies actuelles et futures<\/span><\/strong><\/p>\r\n<p style=\"text-align: justify\"><div class=\"simcal-event-description\" itemprop=\"description\"><p>Dr Tim Beltraminelli, chef de clinique, H\u00f4pital ophtalmique Jules-Gonin<\/p>\n<\/div><\/p>\r\n\r\n<div class=\"event-infos\" style=\"text-align: justify\"><\/div>\r\n<div><\/div><\/div>\n\t<\/li>\n<\/ul>\n\n<\/dd>\n\t<dt class=\"simcal-day-label\" style=\"border-bottom: 1px solid #00acc8;\" ><span style=\"background-color: #00acc8; color: #ffffff;\"><span class=\"simcal-date-format\" data-date-format=\"j F Y\">23 janvier 2026<\/span> <\/span><\/dt>\n<dd class=\"simcal-weekday-5 simcal-past simcal-day simcal-day-has-events simcal-day-has-1-events simcal-events-calendar-6411\" data-events-count=\"1\">\n\t<ul class=\"simcal-events\">\n\t<li class=\"simcal-event simcal-event-has-location simcal-events-calendar-6411\" style=\"\" itemscope itemtype=\"http:\/\/schema.org\/Event\" data-start=\"1769175000\">\n\t\t<div class=\"simcal-event-details\"><p class=\"gce-list-event event-title\" style=\"text-align: justify\"><span style=\"color: #00acc8\"><em><span class=\"simcal-event-start simcal-event-start-time\" data-event-start=\"1769175000\" data-event-format=\"H:i\" itemprop=\"startDate\" content=\"2026-01-23T14:30:00+01:00\">14:30<\/span> - <span class=\"simcal-event-address simcal-event-start-location\" itemprop=\"location\" itemscope itemtype=\"http:\/\/schema.org\/Place\"><meta itemprop=\"name\" content=\"Aigle - Salle Chevron, Ancienne Maison de Ville, place du March\u00e9 2\" \/><meta itemprop=\"address\" content=\"Aigle - Salle Chevron, Ancienne Maison de Ville, place du March\u00e9 2\" \/>Aigle - Salle Chevron, Ancienne Maison de Ville, place du March\u00e9 2<\/span><\/em><\/span><\/p>\r\n<p class=\"gce-list-event event-title\" style=\"text-align: justify\"><strong><span class=\"simcal-event-title\" itemprop=\"name\">Lousonna, fouille arch\u00e9ologique exceptionnelle sur les rives du L\u00e9man<\/span><\/strong><\/p>\r\n<p style=\"text-align: justify\"><div class=\"simcal-event-description\" itemprop=\"description\"><p>Romain Guichon, arch\u00e9ologue, responsable d\u2019op\u00e9ration, Archeodunum SA-UNIL<\/p>\n<\/div><\/p>\r\n\r\n<div class=\"event-infos\" style=\"text-align: justify\"><\/div>\r\n<div><\/div><\/div>\n\t<\/li>\n<\/ul>\n\n<\/dd>\n\t<dt class=\"simcal-day-label\" style=\"border-bottom: 1px solid #00acc8;\" ><span style=\"background-color: #00acc8; color: #ffffff;\"><span class=\"simcal-date-format\" data-date-format=\"j F Y\">6 f\u00e9vrier 2026<\/span> <\/span><\/dt>\n<dd class=\"simcal-weekday-5 simcal-past simcal-day simcal-day-has-events simcal-day-has-1-events simcal-events-calendar-6411\" data-events-count=\"1\">\n\t<ul class=\"simcal-events\">\n\t<li class=\"simcal-event simcal-event-has-location simcal-events-calendar-6411\" style=\"\" itemscope itemtype=\"http:\/\/schema.org\/Event\" data-start=\"1770384600\">\n\t\t<div class=\"simcal-event-details\"><p class=\"gce-list-event event-title\" style=\"text-align: justify\"><span style=\"color: #00acc8\"><em><span class=\"simcal-event-start simcal-event-start-time\" data-event-start=\"1770384600\" data-event-format=\"H:i\" itemprop=\"startDate\" content=\"2026-02-06T14:30:00+01:00\">14:30<\/span> - <span class=\"simcal-event-address simcal-event-start-location\" itemprop=\"location\" itemscope itemtype=\"http:\/\/schema.org\/Place\"><meta itemprop=\"name\" content=\"Aigle - Salle Chevron, Ancienne Maison de Ville, place du March\u00e9 2\" \/><meta itemprop=\"address\" content=\"Aigle - Salle Chevron, Ancienne Maison de Ville, place du March\u00e9 2\" \/>Aigle - Salle Chevron, Ancienne Maison de Ville, place du March\u00e9 2<\/span><\/em><\/span><\/p>\r\n<p class=\"gce-list-event event-title\" style=\"text-align: justify\"><strong><span class=\"simcal-event-title\" itemprop=\"name\">Assainissement des chauffages et chauffe-eau \u00e9lectriques<\/span><\/strong><\/p>\r\n<p style=\"text-align: justify\"><div class=\"simcal-event-description\" itemprop=\"description\"><p>Mohamed Meghari, chef de la division efficacit\u00e9 \u00e9nerg\u00e9tique \u00e0 la Direction de l\u2019\u00e9nergie du canton de Vaud<\/p>\n<\/div><\/p>\r\n\r\n<div class=\"event-infos\" style=\"text-align: justify\"><\/div>\r\n<div><\/div><\/div>\n\t<\/li>\n<\/ul>\n\n<\/dd>\n\t<dt class=\"simcal-day-label\" style=\"border-bottom: 1px solid #00acc8;\" ><span style=\"background-color: #00acc8; color: #ffffff;\"><span class=\"simcal-date-format\" data-date-format=\"j F Y\">20 f\u00e9vrier 2026<\/span> <\/span><\/dt>\n<dd class=\"simcal-weekday-5 simcal-past simcal-day simcal-day-has-events simcal-day-has-1-events simcal-events-calendar-6411\" data-events-count=\"1\">\n\t<ul class=\"simcal-events\">\n\t<li class=\"simcal-event simcal-event-has-location simcal-events-calendar-6411\" style=\"\" itemscope itemtype=\"http:\/\/schema.org\/Event\" data-start=\"1771594200\">\n\t\t<div class=\"simcal-event-details\"><p class=\"gce-list-event event-title\" style=\"text-align: justify\"><span style=\"color: #00acc8\"><em><span class=\"simcal-event-start simcal-event-start-time\" data-event-start=\"1771594200\" data-event-format=\"H:i\" itemprop=\"startDate\" content=\"2026-02-20T14:30:00+01:00\">14:30<\/span> - <span class=\"simcal-event-address simcal-event-start-location\" itemprop=\"location\" itemscope itemtype=\"http:\/\/schema.org\/Place\"><meta itemprop=\"name\" content=\"Aigle - Salle Chevron, Ancienne Maison de Ville, place du March\u00e9 2\" \/><meta itemprop=\"address\" content=\"Aigle - Salle Chevron, Ancienne Maison de Ville, place du March\u00e9 2\" \/>Aigle - Salle Chevron, Ancienne Maison de Ville, place du March\u00e9 2<\/span><\/em><\/span><\/p>\r\n<p class=\"gce-list-event event-title\" style=\"text-align: justify\"><strong><span class=\"simcal-event-title\" itemprop=\"name\">Exp\u00e9riences de mort imminente: une \u00e9nigme pour la science<\/span><\/strong><\/p>\r\n<p style=\"text-align: justify\"><div class=\"simcal-event-description\" itemprop=\"description\"><p>Jacques\u00a0Besson,\u00a0professeur honoraire, UNIL, ancien chef du Service de psychiatrie communautaire, CHUV<\/p>\n<\/div><\/p>\r\n\r\n<div class=\"event-infos\" style=\"text-align: justify\"><\/div>\r\n<div><\/div><\/div>\n\t<\/li>\n<\/ul>\n\n<\/dd>\n\t<dt class=\"simcal-day-label\" style=\"border-bottom: 1px solid #00acc8;\" ><span style=\"background-color: #00acc8; color: #ffffff;\"><span class=\"simcal-date-format\" data-date-format=\"j F Y\">6 mars 2026<\/span> <\/span><\/dt>\n<dd class=\"simcal-weekday-5 simcal-past simcal-day simcal-day-has-events simcal-day-has-1-events simcal-events-calendar-6411\" data-events-count=\"1\">\n\t<ul class=\"simcal-events\">\n\t<li class=\"simcal-event simcal-event-has-location simcal-events-calendar-6411\" style=\"\" itemscope itemtype=\"http:\/\/schema.org\/Event\" data-start=\"1772803800\">\n\t\t<div class=\"simcal-event-details\"><p class=\"gce-list-event event-title\" style=\"text-align: justify\"><span style=\"color: #00acc8\"><em><span class=\"simcal-event-start simcal-event-start-time\" data-event-start=\"1772803800\" data-event-format=\"H:i\" itemprop=\"startDate\" content=\"2026-03-06T14:30:00+01:00\">14:30<\/span> - <span class=\"simcal-event-address simcal-event-start-location\" itemprop=\"location\" itemscope itemtype=\"http:\/\/schema.org\/Place\"><meta itemprop=\"name\" content=\"Aigle - Salle Chevron, Ancienne Maison de Ville, place du March\u00e9 2\" \/><meta itemprop=\"address\" content=\"Aigle - Salle Chevron, Ancienne Maison de Ville, place du March\u00e9 2\" \/>Aigle - Salle Chevron, Ancienne Maison de Ville, place du March\u00e9 2<\/span><\/em><\/span><\/p>\r\n<p class=\"gce-list-event event-title\" style=\"text-align: justify\"><strong><span class=\"simcal-event-title\" itemprop=\"name\">Divertissements et beaut\u00e9s math\u00e9matiques<\/span><\/strong><\/p>\r\n<p style=\"text-align: justify\"><div class=\"simcal-event-description\" itemprop=\"description\"><p>Pierre-Andr\u00e9\u00a0D'Andr\u00e8s,\u00a0professeur HES honoraire de physique, Haute \u00e9cole d\u2019ing\u00e9nierie de Sion<\/p>\n<\/div><\/p>\r\n\r\n<div class=\"event-infos\" style=\"text-align: justify\"><\/div>\r\n<div><\/div><\/div>\n\t<\/li>\n<\/ul>\n\n<\/dd>\n\t<dt class=\"simcal-day-label\" style=\"border-bottom: 1px solid #00acc8;\" ><span style=\"background-color: #00acc8; color: #ffffff;\"><span class=\"simcal-date-format\" data-date-format=\"j F Y\">20 mars 2026<\/span> <\/span><\/dt>\n<dd class=\"simcal-weekday-5 simcal-past simcal-day simcal-day-has-events simcal-day-has-1-events simcal-events-calendar-6411\" data-events-count=\"1\">\n\t<ul class=\"simcal-events\">\n\t<li class=\"simcal-event simcal-event-has-location simcal-events-calendar-6411\" style=\"\" itemscope itemtype=\"http:\/\/schema.org\/Event\" data-start=\"1774013400\">\n\t\t<div class=\"simcal-event-details\"><p class=\"gce-list-event event-title\" style=\"text-align: justify\"><span style=\"color: #00acc8\"><em><span class=\"simcal-event-start simcal-event-start-time\" data-event-start=\"1774013400\" data-event-format=\"H:i\" itemprop=\"startDate\" content=\"2026-03-20T14:30:00+01:00\">14:30<\/span> - <span class=\"simcal-event-address simcal-event-start-location\" itemprop=\"location\" itemscope itemtype=\"http:\/\/schema.org\/Place\"><meta itemprop=\"name\" content=\"Aigle - Salle Chevron, Ancienne Maison de Ville, place du March\u00e9 2\" \/><meta itemprop=\"address\" content=\"Aigle - Salle Chevron, Ancienne Maison de Ville, place du March\u00e9 2\" \/>Aigle - Salle Chevron, Ancienne Maison de Ville, place du March\u00e9 2<\/span><\/em><\/span><\/p>\r\n<p class=\"gce-list-event event-title\" style=\"text-align: justify\"><strong><span class=\"simcal-event-title\" itemprop=\"name\">Le castor d\u2019Europe, cet ing\u00e9nieur de nos rivi\u00e8res<\/span><\/strong><\/p>\r\n<p style=\"text-align: justify\"><div class=\"simcal-event-description\" itemprop=\"description\"><p>Charlotte\u00a0Kaiser,\u00a0biologiste, responsable de secteur et porte-parole de Beaverwatch<\/p>\n<\/div><\/p>\r\n\r\n<div class=\"event-infos\" style=\"text-align: justify\"><\/div>\r\n<div><\/div><\/div>\n\t<\/li>\n<\/ul>\n\n<\/dd>\n<\/dl><div class=\"simcal-ajax-loader simcal-spinner-top\" style=\"display: none;\"><i class=\"simcal-icon-spinner simcal-icon-spin\"><\/i><\/div><\/div><\/div>\n\n\n\n<hr class=\"wp-block-separator has-alpha-channel-opacity is-style-wide\" \/>\n\n\n\n<p class=\"has-text-align-left is-style-default has-white-color has-text-color has-background has-link-color wp-elements-edadd0922c15ce805ea91927bd3cc4a1\" style=\"background-color:#00acc8;font-size:16px\"><strong><a href=\"https:\/\/wp.unil.ch\/connaissance3\/tarifs-et-conditions\/\">Prix des entr\u00e9es:<\/a>&nbsp; 15 fr. | avec adh\u00e9sion: 10 fr. | avec abonnement: entr\u00e9e libre<br>\u00c0 r\u00e9gler sur place. Pas d\u2019inscription.<\/strong><br><br>Entr\u00e9e libre pour les membres de l\u2019UNIL, de l\u2019EPFL, de la HEIG-VD et de la HES-La Source ainsi que des autres Universit\u00e9s des seniors, sur pr\u00e9sentation d\u2019une carte de l\u00e9gitimation (<a href=\"https:\/\/wp.unil.ch\/connaissance3\/adherer\/tarifs-et-conditions-generales\/\" data-type=\"link\" data-id=\"https:\/\/wp.unil.ch\/connaissance3\/adherer\/tarifs-et-conditions-generales\/\" target=\"_blank\" rel=\"noreferrer noopener\">voir conditions<\/a>).<\/p>\n\n\n\n<p><\/p>\n","protected":false},"excerpt":{"rendered":"<p>Le comit\u00e9 r\u00e9gional de Connaissance 3 \u2013 Chablais vous propose des conf\u00e9rences \u00e0 Aigle.Adresse des salles, voir: Lieux et acc\u00e8s<\/p>\n","protected":false},"author":1136,"featured_media":0,"parent":8679,"menu_order":0,"comment_status":"closed","ping_status":"closed","template":"","meta":{"_seopress_robots_primary_cat":"","_seopress_titles_title":"","_seopress_titles_desc":"","_seopress_robots_index":"","footnotes":""},"class_list":["post-6412","page","type-page","status-publish"],"_links":{"self":[{"href":"https:\/\/wp.unil.ch\/connaissance3\/wp-json\/wp\/v2\/pages\/6412","targetHints":{"allow":["GET"]}}],"collection":[{"href":"https:\/\/wp.unil.ch\/connaissance3\/wp-json\/wp\/v2\/pages"}],"about":[{"href":"https:\/\/wp.unil.ch\/connaissance3\/wp-json\/wp\/v2\/types\/page"}],"author":[{"embeddable":true,"href":"https:\/\/wp.unil.ch\/connaissance3\/wp-json\/wp\/v2\/users\/1136"}],"replies":[{"embeddable":true,"href":"https:\/\/wp.unil.ch\/connaissance3\/wp-json\/wp\/v2\/comments?post=6412"}],"version-history":[{"count":5,"href":"https:\/\/wp.unil.ch\/connaissance3\/wp-json\/wp\/v2\/pages\/6412\/revisions"}],"predecessor-version":[{"id":30489,"href":"https:\/\/wp.unil.ch\/connaissance3\/wp-json\/wp\/v2\/pages\/6412\/revisions\/30489"}],"up":[{"embeddable":true,"href":"https:\/\/wp.unil.ch\/connaissance3\/wp-json\/wp\/v2\/pages\/8679"}],"wp:attachment":[{"href":"https:\/\/wp.unil.ch\/connaissance3\/wp-json\/wp\/v2\/media?parent=6412"}],"curies":[{"name":"wp","href":"https:\/\/api.w.org\/{rel}","templated":true}]}}