{"id":6258,"date":"2015-08-14T10:26:40","date_gmt":"2015-08-14T08:26:40","guid":{"rendered":"http:\/\/wp.unil.ch\/connaissance3\/?page_id=6258"},"modified":"2024-03-19T10:23:54","modified_gmt":"2024-03-19T09:23:54","slug":"actualites","status":"publish","type":"page","link":"https:\/\/wp.unil.ch\/connaissance3\/actualites\/","title":{"rendered":"Actualit\u00e9s"},"content":{"rendered":"\n<div style=\"height:20px\" aria-hidden=\"true\" class=\"wp-block-spacer\"><\/div>\n\n\n\n\n<div class=\"su-posts su-posts-default-loop \">\n\n\t\n\t\t\t\t\t\n\t\t\t\n\t\t\t<div id=\"su-post-31732\" class=\"su-post \">\n\n\t\t\t\t\t\t\t\t\t<a class=\"su-post-thumbnail\" href=\"https:\/\/wp.unil.ch\/connaissance3\/2026\/03\/offre-demploi-direction-executive\/\"><img loading=\"lazy\" decoding=\"async\" width=\"1200\" height=\"1200\" src=\"https:\/\/wp.unil.ch\/connaissance3\/files\/2026\/03\/offre-emploi-direction.png\" class=\"attachment-post-thumbnail size-post-thumbnail wp-post-image\" alt=\"offre emploi direction\" srcset=\"https:\/\/wp.unil.ch\/connaissance3\/files\/2026\/03\/offre-emploi-direction.png 1200w, https:\/\/wp.unil.ch\/connaissance3\/files\/2026\/03\/offre-emploi-direction-300x300.png 300w, https:\/\/wp.unil.ch\/connaissance3\/files\/2026\/03\/offre-emploi-direction-1024x1024.png 1024w, https:\/\/wp.unil.ch\/connaissance3\/files\/2026\/03\/offre-emploi-direction-180x180.png 180w, https:\/\/wp.unil.ch\/connaissance3\/files\/2026\/03\/offre-emploi-direction-768x768.png 768w, https:\/\/wp.unil.ch\/connaissance3\/files\/2026\/03\/offre-emploi-direction-230x230.png 230w, https:\/\/wp.unil.ch\/connaissance3\/files\/2026\/03\/offre-emploi-direction-365x365.png 365w\" sizes=\"auto, (max-width: 1200px) 100vw, 1200px\" \/><\/a>\n\t\t\t\t\n\t\t\t\t<h2 class=\"su-post-title\"><a href=\"https:\/\/wp.unil.ch\/connaissance3\/2026\/03\/offre-demploi-direction-executive\/\">Offre d&#8217;emploi &#8211; Connaissance 3 recherche son ou sa prochain\u00b7e directeur\u00b7trice<\/a><\/h2>\n\n\t\t\t\t<div class=\"su-post-meta\">\n\t\t\t\t\tPosted: 6 mars 2026\t\t\t\t<\/div>\n\n\t\t\t\t<div class=\"su-post-excerpt\">\n\t\t\t\t\t<p>Le Conseil de fondation de Connaissance 3 met au concours le poste de Directeur ex\u00e9cutif \/ Directrice ex\u00e9cutive \u00e0 80% au secr\u00e9tariat de Lausanne.<\/p>\n\t\t\t\t<\/div>\n\n\t\t\t\t\n\t\t\t<\/div>\n\n\t\t\t\t\t\n\t\t\t\n\t\t\t<div id=\"su-post-31517\" class=\"su-post \">\n\n\t\t\t\t\t\t\t\t\t<a class=\"su-post-thumbnail\" href=\"https:\/\/wp.unil.ch\/connaissance3\/2026\/01\/apprendre-toute-la-vie-un-enjeu-de-societe\/\"><img loading=\"lazy\" decoding=\"async\" width=\"1080\" height=\"1080\" src=\"https:\/\/wp.unil.ch\/connaissance3\/files\/2026\/01\/lll.jpg\" class=\"attachment-post-thumbnail size-post-thumbnail wp-post-image\" alt=\"lll\" srcset=\"https:\/\/wp.unil.ch\/connaissance3\/files\/2026\/01\/lll.jpg 1080w, https:\/\/wp.unil.ch\/connaissance3\/files\/2026\/01\/lll-300x300.jpg 300w, https:\/\/wp.unil.ch\/connaissance3\/files\/2026\/01\/lll-1024x1024.jpg 1024w, https:\/\/wp.unil.ch\/connaissance3\/files\/2026\/01\/lll-180x180.jpg 180w, https:\/\/wp.unil.ch\/connaissance3\/files\/2026\/01\/lll-768x768.jpg 768w, https:\/\/wp.unil.ch\/connaissance3\/files\/2026\/01\/lll-230x230.jpg 230w, https:\/\/wp.unil.ch\/connaissance3\/files\/2026\/01\/lll-365x365.jpg 365w\" sizes=\"auto, (max-width: 1080px) 100vw, 1080px\" \/><\/a>\n\t\t\t\t\n\t\t\t\t<h2 class=\"su-post-title\"><a href=\"https:\/\/wp.unil.ch\/connaissance3\/2026\/01\/apprendre-toute-la-vie-un-enjeu-de-societe\/\">Apprendre toute la vie: un enjeu de soci\u00e9t\u00e9<\/a><\/h2>\n\n\t\t\t\t<div class=\"su-post-meta\">\n\t\t\t\t\tPosted: 20 janvier 2026\t\t\t\t<\/div>\n\n\t\t\t\t<div class=\"su-post-excerpt\">\n\t\t\t\t\t<p>Lundi 30 mars 2026, Connaissance 3, les Uni3 latines et le magazine g\u00e9n\u00e9rations vous invitent pour un \u00e9v\u00e9nement in\u00e9dit: une conf\u00e9rence nationale d\u00e9di\u00e9e \u00e0 la formation tout au long de la vie. Au programme: table ronde, conf\u00e9rence et t\u00e9moignages<\/p>\n\t\t\t\t<\/div>\n\n\t\t\t\t\n\t\t\t<\/div>\n\n\t\t\t\t\t\n\t\t\t\n\t\t\t<div id=\"su-post-31506\" class=\"su-post \">\n\n\t\t\t\t\t\t\t\t\t<a class=\"su-post-thumbnail\" href=\"https:\/\/wp.unil.ch\/connaissance3\/2026\/01\/programme-printemps-ete-2026-je-minscris-a-tout\/\"><img loading=\"lazy\" decoding=\"async\" width=\"960\" height=\"1200\" src=\"https:\/\/wp.unil.ch\/connaissance3\/files\/2026\/01\/sortie-prog-pe26.jpg\" class=\"attachment-post-thumbnail size-post-thumbnail wp-post-image\" alt=\"sortie prog pe26\" srcset=\"https:\/\/wp.unil.ch\/connaissance3\/files\/2026\/01\/sortie-prog-pe26.jpg 960w, https:\/\/wp.unil.ch\/connaissance3\/files\/2026\/01\/sortie-prog-pe26-240x300.jpg 240w, https:\/\/wp.unil.ch\/connaissance3\/files\/2026\/01\/sortie-prog-pe26-819x1024.jpg 819w, https:\/\/wp.unil.ch\/connaissance3\/files\/2026\/01\/sortie-prog-pe26-144x180.jpg 144w, https:\/\/wp.unil.ch\/connaissance3\/files\/2026\/01\/sortie-prog-pe26-768x960.jpg 768w\" sizes=\"auto, (max-width: 960px) 100vw, 960px\" \/><\/a>\n\t\t\t\t\n\t\t\t\t<h2 class=\"su-post-title\"><a href=\"https:\/\/wp.unil.ch\/connaissance3\/2026\/01\/programme-printemps-ete-2026-je-minscris-a-tout\/\">Programme Printemps-\u00c9t\u00e9 2026: \u00ab\u00a0Je m&rsquo;inscris \u00e0 tout\u00a0\u00bb<\/a><\/h2>\n\n\t\t\t\t<div class=\"su-post-meta\">\n\t\t\t\t\tPosted: 19 janvier 2026\t\t\t\t<\/div>\n\n\t\t\t\t<div class=\"su-post-excerpt\">\n\t\t\t\t\t<p>Le programme pour le semestre printemps-\u00e9t\u00e9 2026 est d\u00e9sormais disponible! Connaissance 3 vous invite pour une nouvelle saison de conf\u00e9rences, cours et visites in\u00e9dites.\u00a0D\u00e9couvrez l\u2019\u00e9dito de Patricia Dubois, directrice de Connaissance 3.<\/p>\n\t\t\t\t<\/div>\n\n\t\t\t\t\n\t\t\t<\/div>\n\n\t\t\t\t\t\n\t\t\t\n\t\t\t<div id=\"su-post-31090\" class=\"su-post \">\n\n\t\t\t\t\t\t\t\t\t<a class=\"su-post-thumbnail\" href=\"https:\/\/wp.unil.ch\/connaissance3\/2025\/09\/connaissance-3-prepare-lavenir\/\"><img loading=\"lazy\" decoding=\"async\" width=\"841\" height=\"842\" src=\"https:\/\/wp.unil.ch\/connaissance3\/files\/2025\/09\/1-cours_c3-e1756738783485.jpg\" class=\"attachment-post-thumbnail size-post-thumbnail wp-post-image\" alt=\"1 cours c3\" srcset=\"https:\/\/wp.unil.ch\/connaissance3\/files\/2025\/09\/1-cours_c3-e1756738783485.jpg 841w, https:\/\/wp.unil.ch\/connaissance3\/files\/2025\/09\/1-cours_c3-e1756738783485-300x300.jpg 300w, https:\/\/wp.unil.ch\/connaissance3\/files\/2025\/09\/1-cours_c3-e1756738783485-180x180.jpg 180w, https:\/\/wp.unil.ch\/connaissance3\/files\/2025\/09\/1-cours_c3-e1756738783485-768x769.jpg 768w, https:\/\/wp.unil.ch\/connaissance3\/files\/2025\/09\/1-cours_c3-e1756738783485-230x230.jpg 230w, https:\/\/wp.unil.ch\/connaissance3\/files\/2025\/09\/1-cours_c3-e1756738783485-365x365.jpg 365w, https:\/\/wp.unil.ch\/connaissance3\/files\/2025\/09\/1-cours_c3-e1756738783485-400x400.jpg 400w, https:\/\/wp.unil.ch\/connaissance3\/files\/2025\/09\/1-cours_c3-e1756738783485-600x600.jpg 600w\" sizes=\"auto, (max-width: 841px) 100vw, 841px\" \/><\/a>\n\t\t\t\t\n\t\t\t\t<h2 class=\"su-post-title\"><a href=\"https:\/\/wp.unil.ch\/connaissance3\/2025\/09\/connaissance-3-prepare-lavenir\/\">Connaissance 3 pr\u00e9pare l\u2019avenir<\/a><\/h2>\n\n\t\t\t\t<div class=\"su-post-meta\">\n\t\t\t\t\tPosted: 5 septembre 2025\t\t\t\t<\/div>\n\n\t\t\t\t<div class=\"su-post-excerpt\">\n\t\t\t\t\t<p>Ces derniers mois, Connaissance 3 a pris le temps de revisiter son organisation et son mode de fonctionnement, conform\u00e9ment \u00e0 ses priorit\u00e9s strat\u00e9giques. De nouveaux statuts sont ainsi entr\u00e9s en vigueur le 1er\u00a0septembre 2025. Une nouvelle politique du b\u00e9n\u00e9volat est aussi \u00e0 l&rsquo;\u0153uvre depuis la rentr\u00e9e 2025-2026. Enfin, la direction op\u00e9rationnelle est assur\u00e9e d\u00e9sormais par le secr\u00e9tariat central.<\/p>\n\t\t\t\t<\/div>\n\n\t\t\t\t\n\t\t\t<\/div>\n\n\t\t\t\t\t\n\t\t\t\n\t\t\t<div id=\"su-post-30973\" class=\"su-post \">\n\n\t\t\t\t\t\t\t\t\t<a class=\"su-post-thumbnail\" href=\"https:\/\/wp.unil.ch\/connaissance3\/2025\/08\/programme-automne-hiver-2025-2026-apprendre-na-pas-dage-et-tant-mieux\/\"><img loading=\"lazy\" decoding=\"async\" width=\"960\" height=\"1200\" src=\"https:\/\/wp.unil.ch\/connaissance3\/files\/2025\/08\/visuel-sortie-prog25-26.jpg\" class=\"attachment-post-thumbnail size-post-thumbnail wp-post-image\" alt=\"visuel sortie prog25 26\" srcset=\"https:\/\/wp.unil.ch\/connaissance3\/files\/2025\/08\/visuel-sortie-prog25-26.jpg 960w, https:\/\/wp.unil.ch\/connaissance3\/files\/2025\/08\/visuel-sortie-prog25-26-240x300.jpg 240w, https:\/\/wp.unil.ch\/connaissance3\/files\/2025\/08\/visuel-sortie-prog25-26-819x1024.jpg 819w, https:\/\/wp.unil.ch\/connaissance3\/files\/2025\/08\/visuel-sortie-prog25-26-144x180.jpg 144w, https:\/\/wp.unil.ch\/connaissance3\/files\/2025\/08\/visuel-sortie-prog25-26-768x960.jpg 768w\" sizes=\"auto, (max-width: 960px) 100vw, 960px\" \/><\/a>\n\t\t\t\t\n\t\t\t\t<h2 class=\"su-post-title\"><a href=\"https:\/\/wp.unil.ch\/connaissance3\/2025\/08\/programme-automne-hiver-2025-2026-apprendre-na-pas-dage-et-tant-mieux\/\">Programme automne-hiver 2025-2026: \u00ab\u00a0Apprendre n&rsquo;a pas d&rsquo;\u00e2ge, et tant mieux!\u00a0\u00bb<\/a><\/h2>\n\n\t\t\t\t<div class=\"su-post-meta\">\n\t\t\t\t\tPosted: 25 ao\u00fbt 2025\t\t\t\t<\/div>\n\n\t\t\t\t<div class=\"su-post-excerpt\">\n\t\t\t\t\t<p>Le programme pour le semestre automne-hiver 2025-26 est d\u00e9sormais disponible! Connaissance 3 vous invite pour une nouvelle saison de conf\u00e9rences, de cours et de visites culturelles in\u00e9dites.\u00a0D\u00e9couvrez l&rsquo;\u00e9dito de Jacques Lanar\u00e8s, pr\u00e9sident de Connaissance 3.<\/p>\n\t\t\t\t<\/div>\n\n\t\t\t\t\n\t\t\t<\/div>\n\n\t\t\t\t\t\n\t\t\t\n\t\t\t<div id=\"su-post-30986\" class=\"su-post \">\n\n\t\t\t\t\t\t\t\t\t<a class=\"su-post-thumbnail\" href=\"https:\/\/wp.unil.ch\/connaissance3\/2025\/08\/nous-recherchons-de-nouveaux-et-nouvelles-benevoles\/\"><img loading=\"lazy\" decoding=\"async\" width=\"1692\" height=\"1200\" src=\"https:\/\/wp.unil.ch\/connaissance3\/files\/2025\/08\/salle-montbenon.png\" class=\"attachment-post-thumbnail size-post-thumbnail wp-post-image\" alt=\"salle montbenon\" srcset=\"https:\/\/wp.unil.ch\/connaissance3\/files\/2025\/08\/salle-montbenon.png 1692w, https:\/\/wp.unil.ch\/connaissance3\/files\/2025\/08\/salle-montbenon-300x213.png 300w, https:\/\/wp.unil.ch\/connaissance3\/files\/2025\/08\/salle-montbenon-1024x726.png 1024w, https:\/\/wp.unil.ch\/connaissance3\/files\/2025\/08\/salle-montbenon-180x128.png 180w, https:\/\/wp.unil.ch\/connaissance3\/files\/2025\/08\/salle-montbenon-768x545.png 768w, https:\/\/wp.unil.ch\/connaissance3\/files\/2025\/08\/salle-montbenon-1536x1089.png 1536w, https:\/\/wp.unil.ch\/connaissance3\/files\/2025\/08\/salle-montbenon-1320x936.png 1320w\" sizes=\"auto, (max-width: 1692px) 100vw, 1692px\" \/><\/a>\n\t\t\t\t\n\t\t\t\t<h2 class=\"su-post-title\"><a href=\"https:\/\/wp.unil.ch\/connaissance3\/2025\/08\/nous-recherchons-de-nouveaux-et-nouvelles-benevoles\/\">Nous recherchons de nouveaux et nouvelles b\u00e9n\u00e9voles !<\/a><\/h2>\n\n\t\t\t\t<div class=\"su-post-meta\">\n\t\t\t\t\tPosted: 22 ao\u00fbt 2025\t\t\t\t<\/div>\n\n\t\t\t\t<div class=\"su-post-excerpt\">\n\t\t\t\t\t<p>Pour \u00e9toffer l\u2019\u00e9quipe actuelle, Connaissance 3 recherche activement deux nouvelles personnes b\u00e9n\u00e9voles pour la billetterie des conf\u00e9rences de Lausanne<\/p>\n\t\t\t\t<\/div>\n\n\t\t\t\t\n\t\t\t<\/div>\n\n\t\t\t\t\t\n\t\t\t\n\t\t\t<div id=\"su-post-28974\" class=\"su-post \">\n\n\t\t\t\t\t\t\t\t\t<a class=\"su-post-thumbnail\" href=\"https:\/\/wp.unil.ch\/connaissance3\/2025\/08\/conference-ouverture-24\/\"><img loading=\"lazy\" decoding=\"async\" width=\"1056\" height=\"1200\" src=\"https:\/\/wp.unil.ch\/connaissance3\/files\/2024\/07\/conf_ouverture25_epoux-magistretti-e1751634104352.jpeg\" class=\"attachment-post-thumbnail size-post-thumbnail wp-post-image\" alt=\"conf ouverture25 \u00e9poux magistretti\" srcset=\"https:\/\/wp.unil.ch\/connaissance3\/files\/2024\/07\/conf_ouverture25_epoux-magistretti-e1751634104352.jpeg 1056w, https:\/\/wp.unil.ch\/connaissance3\/files\/2024\/07\/conf_ouverture25_epoux-magistretti-e1751634104352-264x300.jpeg 264w, https:\/\/wp.unil.ch\/connaissance3\/files\/2024\/07\/conf_ouverture25_epoux-magistretti-e1751634104352-901x1024.jpeg 901w, https:\/\/wp.unil.ch\/connaissance3\/files\/2024\/07\/conf_ouverture25_epoux-magistretti-e1751634104352-158x180.jpeg 158w, https:\/\/wp.unil.ch\/connaissance3\/files\/2024\/07\/conf_ouverture25_epoux-magistretti-e1751634104352-768x873.jpeg 768w\" sizes=\"auto, (max-width: 1056px) 100vw, 1056px\" \/><\/a>\n\t\t\t\t\n\t\t\t\t<h2 class=\"su-post-title\"><a href=\"https:\/\/wp.unil.ch\/connaissance3\/2025\/08\/conference-ouverture-24\/\">Conf\u00e9rence d&rsquo;ouverture 2025 &#8211; Les myst\u00e8res du cerveau<\/a><\/h2>\n\n\t\t\t\t<div class=\"su-post-meta\">\n\t\t\t\t\tPosted: 12 ao\u00fbt 2025\t\t\t\t<\/div>\n\n\t\t\t\t<div class=\"su-post-excerpt\">\n\t\t\t\t\t<p>Pour lancer sa saison de conf\u00e9rences 2025-2026, Connaissance 3 a choisi d\u2019inviter un duo de plumes, Pierre et Christine Magistretti, qui signe un polar scientifique palpitant sur la maladie d\u2019Alzheimer.<\/p>\n\t\t\t\t<\/div>\n\n\t\t\t\t\n\t\t\t<\/div>\n\n\t\t\t\t\t\n\t\t\t\n\t\t\t<div id=\"su-post-30654\" class=\"su-post \">\n\n\t\t\t\t\t\t\t\t\t<a class=\"su-post-thumbnail\" href=\"https:\/\/wp.unil.ch\/connaissance3\/2025\/06\/se-former-aux-enjeux-du-monde-de-demain-journee-des-benevoles-2025\/\"><img loading=\"lazy\" decoding=\"async\" width=\"1802\" height=\"1200\" src=\"https:\/\/wp.unil.ch\/connaissance3\/files\/2025\/06\/dsc_3608.jpg\" class=\"attachment-post-thumbnail size-post-thumbnail wp-post-image\" alt=\"\" srcset=\"https:\/\/wp.unil.ch\/connaissance3\/files\/2025\/06\/dsc_3608.jpg 1802w, https:\/\/wp.unil.ch\/connaissance3\/files\/2025\/06\/dsc_3608-300x200.jpg 300w, https:\/\/wp.unil.ch\/connaissance3\/files\/2025\/06\/dsc_3608-1024x682.jpg 1024w, https:\/\/wp.unil.ch\/connaissance3\/files\/2025\/06\/dsc_3608-180x120.jpg 180w, https:\/\/wp.unil.ch\/connaissance3\/files\/2025\/06\/dsc_3608-768x511.jpg 768w, https:\/\/wp.unil.ch\/connaissance3\/files\/2025\/06\/dsc_3608-1536x1023.jpg 1536w, https:\/\/wp.unil.ch\/connaissance3\/files\/2025\/06\/dsc_3608-1320x879.jpg 1320w\" sizes=\"auto, (max-width: 1802px) 100vw, 1802px\" \/><\/a>\n\t\t\t\t\n\t\t\t\t<h2 class=\"su-post-title\"><a href=\"https:\/\/wp.unil.ch\/connaissance3\/2025\/06\/se-former-aux-enjeux-du-monde-de-demain-journee-des-benevoles-2025\/\">Se former aux enjeux du monde de demain \u2013 Journ\u00e9e des b\u00e9n\u00e9voles 2025<\/a><\/h2>\n\n\t\t\t\t<div class=\"su-post-meta\">\n\t\t\t\t\tPosted: 23 juin 2025\t\t\t\t<\/div>\n\n\t\t\t\t<div class=\"su-post-excerpt\">\n\t\t\t\t\t<p>Chaque ann\u00e9e, Connaissance 3 remercie et honore l\u2019engagement de ses b\u00e9n\u00e9voles par une journ\u00e9e qui leur est sp\u00e9cialement d\u00e9di\u00e9e. C\u2019est dans le cadre agr\u00e9able du campus de la Haute \u00e9cole d\u2019ing\u00e9nierie et de gestion du Canton de Vaud (HEIG-VD) que<\/p>\n\t\t\t\t<\/div>\n\n\t\t\t\t\n\t\t\t<\/div>\n\n\t\t\t\t\t\n\t\t\t\n\t\t\t<div id=\"su-post-28016\" class=\"su-post \">\n\n\t\t\t\t\t\t\t\t\t<a class=\"su-post-thumbnail\" href=\"https:\/\/wp.unil.ch\/connaissance3\/2025\/04\/celebrer-le-passage-a-la-retraite-avec-connaissance-3\/\"><img loading=\"lazy\" decoding=\"async\" width=\"1800\" height=\"1200\" src=\"https:\/\/wp.unil.ch\/connaissance3\/files\/2024\/05\/Accueil-retraites-Mont.jpg\" class=\"attachment-post-thumbnail size-post-thumbnail wp-post-image\" alt=\"\" srcset=\"https:\/\/wp.unil.ch\/connaissance3\/files\/2024\/05\/Accueil-retraites-Mont.jpg 1800w, https:\/\/wp.unil.ch\/connaissance3\/files\/2024\/05\/Accueil-retraites-Mont-300x200.jpg 300w, https:\/\/wp.unil.ch\/connaissance3\/files\/2024\/05\/Accueil-retraites-Mont-1024x683.jpg 1024w, https:\/\/wp.unil.ch\/connaissance3\/files\/2024\/05\/Accueil-retraites-Mont-180x120.jpg 180w, https:\/\/wp.unil.ch\/connaissance3\/files\/2024\/05\/Accueil-retraites-Mont-768x512.jpg 768w, https:\/\/wp.unil.ch\/connaissance3\/files\/2024\/05\/Accueil-retraites-Mont-1536x1024.jpg 1536w, https:\/\/wp.unil.ch\/connaissance3\/files\/2024\/05\/Accueil-retraites-Mont-1320x880.jpg 1320w\" sizes=\"auto, (max-width: 1800px) 100vw, 1800px\" \/><\/a>\n\t\t\t\t\n\t\t\t\t<h2 class=\"su-post-title\"><a href=\"https:\/\/wp.unil.ch\/connaissance3\/2025\/04\/celebrer-le-passage-a-la-retraite-avec-connaissance-3\/\">C\u00e9l\u00e9brer le passage \u00e0 la retraite avec Connaissance 3<\/a><\/h2>\n\n\t\t\t\t<div class=\"su-post-meta\">\n\t\t\t\t\tPosted: 28 avril 2025\t\t\t\t<\/div>\n\n\t\t\t\t<div class=\"su-post-excerpt\">\n\t\t\t\t\t<p>28.03.2025 | Connaissance 3 prend r\u00e9guli\u00e8rement part \u00e0 des c\u00e9r\u00e9monies d&rsquo;accueil pour les nouvelles et nouveaux retrait\u00e9s. Gr\u00e2ce \u00e0 un engagement b\u00e9n\u00e9vole important et pr\u00e9cieux, la fondation continue de promouvoir la formation tout au long de la vie.<\/p>\n\t\t\t\t<\/div>\n\n\t\t\t\t\n\t\t\t<\/div>\n\n\t\t\t\t\t\n\t\t\t\n\t\t\t<div id=\"su-post-30419\" class=\"su-post \">\n\n\t\t\t\t\t\t\t\t\t<a class=\"su-post-thumbnail\" href=\"https:\/\/wp.unil.ch\/connaissance3\/2025\/03\/conference-dactualite-pourquoi-la-droite-populiste\/\"><img loading=\"lazy\" decoding=\"async\" width=\"1812\" height=\"1200\" src=\"https:\/\/wp.unil.ch\/connaissance3\/files\/2025\/03\/dsc_0526-2.jpg\" class=\"attachment-post-thumbnail size-post-thumbnail wp-post-image\" alt=\"\" srcset=\"https:\/\/wp.unil.ch\/connaissance3\/files\/2025\/03\/dsc_0526-2.jpg 1812w, https:\/\/wp.unil.ch\/connaissance3\/files\/2025\/03\/dsc_0526-2-300x199.jpg 300w, https:\/\/wp.unil.ch\/connaissance3\/files\/2025\/03\/dsc_0526-2-1024x678.jpg 1024w, https:\/\/wp.unil.ch\/connaissance3\/files\/2025\/03\/dsc_0526-2-180x119.jpg 180w, https:\/\/wp.unil.ch\/connaissance3\/files\/2025\/03\/dsc_0526-2-768x509.jpg 768w, https:\/\/wp.unil.ch\/connaissance3\/files\/2025\/03\/dsc_0526-2-1536x1017.jpg 1536w, https:\/\/wp.unil.ch\/connaissance3\/files\/2025\/03\/dsc_0526-2-1320x874.jpg 1320w\" sizes=\"auto, (max-width: 1812px) 100vw, 1812px\" \/><\/a>\n\t\t\t\t\n\t\t\t\t<h2 class=\"su-post-title\"><a href=\"https:\/\/wp.unil.ch\/connaissance3\/2025\/03\/conference-dactualite-pourquoi-la-droite-populiste\/\">Conf\u00e9rence d&rsquo;actualit\u00e9 &#8211; Pourquoi la droite populiste?<\/a><\/h2>\n\n\t\t\t\t<div class=\"su-post-meta\">\n\t\t\t\t\tPosted: 31 mars 2025\t\t\t\t<\/div>\n\n\t\t\t\t<div class=\"su-post-excerpt\">\n\t\t\t\t\t<p>31.03.2025 | Comment expliquer le succ\u00e8s de la droite radicale ou populiste aux \u00c9tats-Unis, en Hongrie, en Italie, aux Pays-Bas et ailleurs? Pourquoi un tel attrait pour des hommes se pr\u00e9sentant comme forts, provocateurs et autoritaires?<\/p>\n\t\t\t\t<\/div>\n\n\t\t\t\t\n\t\t\t<\/div>\n\n\t\t\t\t\t\n\t\t\t\n\t\t\t<div id=\"su-post-30082\" class=\"su-post \">\n\n\t\t\t\t\t\t\t\t\t<a class=\"su-post-thumbnail\" href=\"https:\/\/wp.unil.ch\/connaissance3\/2025\/01\/programme-printemps-ete-2025-les-tresors-des-seniors\/\"><img loading=\"lazy\" decoding=\"async\" width=\"1080\" height=\"730\" src=\"https:\/\/wp.unil.ch\/connaissance3\/files\/2025\/01\/PE25-actualite.png\" class=\"attachment-post-thumbnail size-post-thumbnail wp-post-image\" alt=\"\" srcset=\"https:\/\/wp.unil.ch\/connaissance3\/files\/2025\/01\/PE25-actualite.png 1080w, https:\/\/wp.unil.ch\/connaissance3\/files\/2025\/01\/PE25-actualite-300x203.png 300w, https:\/\/wp.unil.ch\/connaissance3\/files\/2025\/01\/PE25-actualite-1024x692.png 1024w, https:\/\/wp.unil.ch\/connaissance3\/files\/2025\/01\/PE25-actualite-180x122.png 180w, https:\/\/wp.unil.ch\/connaissance3\/files\/2025\/01\/PE25-actualite-768x519.png 768w\" sizes=\"auto, (max-width: 1080px) 100vw, 1080px\" \/><\/a>\n\t\t\t\t\n\t\t\t\t<h2 class=\"su-post-title\"><a href=\"https:\/\/wp.unil.ch\/connaissance3\/2025\/01\/programme-printemps-ete-2025-les-tresors-des-seniors\/\">Programme printemps-\u00e9t\u00e9 2025: \u00ab\u00a0les tr\u00e9sors des seniors\u00a0\u00bb<\/a><\/h2>\n\n\t\t\t\t<div class=\"su-post-meta\">\n\t\t\t\t\tPosted: 13 janvier 2025\t\t\t\t<\/div>\n\n\t\t\t\t<div class=\"su-post-excerpt\">\n\t\t\t\t\t<p>13.01.2025 | Un tout nouveau programme pour le semestre de printemps-\u00e9t\u00e9 2025 est d\u00e9sormais disponible. Laissez-vous s\u00e9duire par les diverses activit\u00e9s propos\u00e9es et d\u00e9couvrez, en quelques lignes, l&rsquo;\u00e9dito de notre secr\u00e9taire g\u00e9n\u00e9rale.<\/p>\n\t\t\t\t<\/div>\n\n\t\t\t\t\n\t\t\t<\/div>\n\n\t\t\t\t\t\n\t\t\t\n\t\t\t<div id=\"su-post-29383\" class=\"su-post \">\n\n\t\t\t\t\t\t\t\t\t<a class=\"su-post-thumbnail\" href=\"https:\/\/wp.unil.ch\/connaissance3\/2024\/11\/filiations\/\"><img loading=\"lazy\" decoding=\"async\" width=\"1600\" height=\"1200\" src=\"https:\/\/wp.unil.ch\/connaissance3\/files\/2024\/11\/Filiations_livre_Connaissance2_UNIL.jpg\" class=\"attachment-post-thumbnail size-post-thumbnail wp-post-image\" alt=\"\" srcset=\"https:\/\/wp.unil.ch\/connaissance3\/files\/2024\/11\/Filiations_livre_Connaissance2_UNIL.jpg 1600w, https:\/\/wp.unil.ch\/connaissance3\/files\/2024\/11\/Filiations_livre_Connaissance2_UNIL-300x225.jpg 300w, https:\/\/wp.unil.ch\/connaissance3\/files\/2024\/11\/Filiations_livre_Connaissance2_UNIL-1024x768.jpg 1024w, https:\/\/wp.unil.ch\/connaissance3\/files\/2024\/11\/Filiations_livre_Connaissance2_UNIL-180x135.jpg 180w, https:\/\/wp.unil.ch\/connaissance3\/files\/2024\/11\/Filiations_livre_Connaissance2_UNIL-768x576.jpg 768w, https:\/\/wp.unil.ch\/connaissance3\/files\/2024\/11\/Filiations_livre_Connaissance2_UNIL-1536x1152.jpg 1536w, https:\/\/wp.unil.ch\/connaissance3\/files\/2024\/11\/Filiations_livre_Connaissance2_UNIL-1320x990.jpg 1320w\" sizes=\"auto, (max-width: 1600px) 100vw, 1600px\" \/><\/a>\n\t\t\t\t\n\t\t\t\t<h2 class=\"su-post-title\"><a href=\"https:\/\/wp.unil.ch\/connaissance3\/2024\/11\/filiations\/\">Filiations &#8211; un ouvrage collectif issu d&rsquo;une collaboration entre l&rsquo;UNIL et Connaissance 3<\/a><\/h2>\n\n\t\t\t\t<div class=\"su-post-meta\">\n\t\t\t\t\tPosted: 22 novembre 2024\t\t\t\t<\/div>\n\n\t\t\t\t<div class=\"su-post-excerpt\">\n\t\t\t\t\t<p>22.11.2024 | Suite \u00e0 un atelier d&rsquo;\u00e9criture interg\u00e9n\u00e9rationnel organis\u00e9 avec des participant\u00b7es de l&rsquo;UNIL et de Connaissance 3, l&rsquo;ouvrage \u00ab\u00a0Filitations\u00a0\u00bb a vu le jour en automne 2024. Des lectures publiques mises en sc\u00e8ne, interpr\u00e9t\u00e9es par certain\u00b7es des \u00e9crivain\u00b7es sont pr\u00e9vues pour le premier semestre 2025.<\/p>\n\t\t\t\t<\/div>\n\n\t\t\t\t\n\t\t\t<\/div>\n\n\t\t\n\t\n<\/div>\n\n","protected":false},"excerpt":{"rendered":"","protected":false},"author":1136,"featured_media":0,"parent":0,"menu_order":0,"comment_status":"closed","ping_status":"closed","template":"","meta":{"_seopress_robots_primary_cat":"","_seopress_titles_title":"","_seopress_titles_desc":"","_seopress_robots_index":"","footnotes":""},"class_list":["post-6258","page","type-page","status-publish"],"_links":{"self":[{"href":"https:\/\/wp.unil.ch\/connaissance3\/wp-json\/wp\/v2\/pages\/6258","targetHints":{"allow":["GET"]}}],"collection":[{"href":"https:\/\/wp.unil.ch\/connaissance3\/wp-json\/wp\/v2\/pages"}],"about":[{"href":"https:\/\/wp.unil.ch\/connaissance3\/wp-json\/wp\/v2\/types\/page"}],"author":[{"embeddable":true,"href":"https:\/\/wp.unil.ch\/connaissance3\/wp-json\/wp\/v2\/users\/1136"}],"replies":[{"embeddable":true,"href":"https:\/\/wp.unil.ch\/connaissance3\/wp-json\/wp\/v2\/comments?post=6258"}],"version-history":[{"count":2,"href":"https:\/\/wp.unil.ch\/connaissance3\/wp-json\/wp\/v2\/pages\/6258\/revisions"}],"predecessor-version":[{"id":27722,"href":"https:\/\/wp.unil.ch\/connaissance3\/wp-json\/wp\/v2\/pages\/6258\/revisions\/27722"}],"wp:attachment":[{"href":"https:\/\/wp.unil.ch\/connaissance3\/wp-json\/wp\/v2\/media?parent=6258"}],"curies":[{"name":"wp","href":"https:\/\/api.w.org\/{rel}","templated":true}]}}