{"id":4180,"date":"2014-08-05T08:17:50","date_gmt":"2014-08-05T06:17:50","guid":{"rendered":"http:\/\/wp.unil.ch\/connaissance3\/?page_id=4180"},"modified":"2025-10-27T16:57:03","modified_gmt":"2025-10-27T15:57:03","slug":"conferences","status":"publish","type":"page","link":"https:\/\/wp.unil.ch\/connaissance3\/conferences\/","title":{"rendered":"Conf\u00e9rences"},"content":{"rendered":"\n<h2 class=\"wp-block-heading\" id=\"dans-onze-regions-du-canton-de-vaud\">Dans onze r\u00e9gions du canton de Vaud<\/h2>\n\n\n\n<p>Connaissance 3 propose des conf\u00e9rences sur des sujets pointus donn\u00e9es par des intervenant\u00b7es de haut vol. La programmation laisse une place consid\u00e9rable aux th\u00e9matiques actuelles et locales. En fonction des r\u00e9gions, des s\u00e9ries sont propos\u00e9es chaque saison. Vous pouvez \u00e9galement consulter les <a href=\"https:\/\/wp.unil.ch\/connaissance3\/saisons-regionales\/\">agendas par r\u00e9gion<\/a>.<\/p>\n\n\n\n<p>Nous vous rappelons que les conf\u00e9rences lausannoises sont disponibles sous forme de <a href=\"https:\/\/wp.unil.ch\/connaissance3\/conferences\/podcasts-2\/\" target=\"_blank\" rel=\"noreferrer noopener\">podcasts<\/a>.<\/p>\n\n\n\n<div class=\"wp-block-group\"><div class=\"wp-block-group__inner-container is-layout-constrained wp-block-group-is-layout-constrained\">\n<div class=\"su-note\"  style=\"border-color:#e5e5e5;border-radius:13px;-moz-border-radius:13px;-webkit-border-radius:13px;\"><div class=\"su-note-inner su-u-clearfix su-u-trim\" style=\"background-color:#ffffff;border-color:#ffffff;color:#333333;border-radius:13px;-moz-border-radius:13px;-webkit-border-radius:13px;\">\n\n\n\n<h4 class=\"wp-block-heading\"><mark style=\"background-color:#ffffff;color:#00acc8\" class=\"has-inline-color\">Informations pratiques<\/mark><\/h4>\n\n\n\n<div class=\"wp-block-columns is-layout-flex wp-container-core-columns-is-layout-9d6595d7 wp-block-columns-is-layout-flex\">\n<div class=\"wp-block-column is-layout-flow wp-block-column-is-layout-flow\" style=\"flex-basis:18%\"><div class=\"wp-block-image\">\n<figure class=\"aligncenter size-large\"><img alt=\"\" loading=\"lazy\" decoding=\"async\" width=\"1024\" height=\"868\" src=\"https:\/\/wp.unil.ch\/connaissance3\/files\/2024\/04\/Fonctionnement_infos-1-1024x868.png\" alt=\"\" class=\"wp-image-27931\" style=\"object-fit:cover\" srcset=\"https:\/\/wp.unil.ch\/connaissance3\/files\/2024\/04\/Fonctionnement_infos-1-1024x868.png 1024w, https:\/\/wp.unil.ch\/connaissance3\/files\/2024\/04\/Fonctionnement_infos-1-300x254.png 300w, https:\/\/wp.unil.ch\/connaissance3\/files\/2024\/04\/Fonctionnement_infos-1-180x153.png 180w, https:\/\/wp.unil.ch\/connaissance3\/files\/2024\/04\/Fonctionnement_infos-1-768x651.png 768w, https:\/\/wp.unil.ch\/connaissance3\/files\/2024\/04\/Fonctionnement_infos-1.png 1080w\" sizes=\"auto, (max-width: 1024px) 100vw, 1024px\" \/><\/figure>\n<\/div><\/div>\n\n\n\n<div class=\"wp-block-column is-layout-flow wp-block-column-is-layout-flow\" style=\"flex-basis:66.66%\">\n<p><strong>Adresses des salles: <a href=\"https:\/\/wp.unil.ch\/connaissance3\/conferences\/lieux-et-acces\/\">Lieux et acc\u00e8s<\/a><\/strong><\/p>\n\n\n\n<p><strong>Entr\u00e9e:<\/strong> 15 fr.<br><strong>Tarif <a href=\"https:\/\/wp.unil.ch\/connaissance3\/adherer\/tarifs-et-conditions-generales\/\" data-type=\"page\" data-id=\"7857\" target=\"_blank\" rel=\"noreferrer noopener\">avec adh\u00e9sion<\/a>: <\/strong>10 fr.<br><em> Aucune inscription n\u00e9cessaire.<br>R\u00e8glement de l&rsquo;entr\u00e9e sur place, en liquide.<\/em><\/p>\n<\/div>\n<\/div>\n\n\n\n<p><strong>Entr\u00e9e<\/strong> <strong>libre:<\/strong><br>&#8211; <strong>avec <a href=\"https:\/\/wp.unil.ch\/connaissance3\/adherer\/adhesion-et-avantages\/\" data-type=\"page\" data-id=\"7814\" target=\"_blank\" rel=\"noreferrer noopener\">abonnement<\/a><\/strong><br>&#8211; pour les membres de l&rsquo;UNIL, de l&rsquo;EPFL, de la HEIG-VD et de la HES-La Source<br>&#8211; pour les membres des autres UNI3 (except\u00e9 Lucerne)<\/p>\n\n\n\n<\/div><\/div>\n<\/div><\/div>\n\n\n\n<hr class=\"wp-block-separator has-alpha-channel-opacity is-style-wide\" \/>\n\n\n\n<div style=\"height:57px\" aria-hidden=\"true\" class=\"wp-block-spacer\"><\/div>\n\n\n\n<h2 class=\"wp-block-heading\" id=\"saison-2021-2022\"><mark style=\"background-color:#ffffff;color:#00acc8\" class=\"has-inline-color\">Programme des conf\u00e9rences<\/mark><\/h2>\n\n\n<div class=\"simcal-calendar simcal-default-calendar simcal-default-calendar-list simcal-default-calendar-light\" data-calendar-id=\"4580\" data-timezone=\"Europe\/Paris\" data-offset=\"7200\" data-week-start=\"1\" data-calendar-start=\"1775426400\" data-calendar-end=\"1776866400\" data-events-first=\"1776861000\" data-events-last=\"1776866400\"><div class=\"simcal-calendar-list \"><dl class=\"simcal-events-list-container\" data-prev=\"1743890400\" data-next=\"1806962400\" data-heading-small=\"22 avril 2026\" data-heading-large=\"22 avril 2026\">\t<dt class=\"simcal-day-label\" style=\"border-bottom: 1px solid #00acc8;\" ><span style=\"background-color: #00acc8; color: #ffffff;\"><span class=\"simcal-date-format\" data-date-format=\"j F Y\">22 avril 2026<\/span> <\/span><\/dt>\n<dd class=\"simcal-weekday-3 simcal-past simcal-day simcal-day-has-events simcal-day-has-1-events simcal-events-calendar-4580\" data-events-count=\"1\">\n\t<ul class=\"simcal-events\">\n\t<li class=\"simcal-event simcal-event-has-location simcal-events-calendar-4580\" style=\"\" itemscope itemtype=\"http:\/\/schema.org\/Event\" data-start=\"1776861000\">\n\t\t<div class=\"simcal-event-details\"><p class=\"gce-list-event event-title\"><span style=\"color: #00acc8\"><em><span class=\"simcal-event-start simcal-event-start-time\" data-event-start=\"1776861000\" data-event-format=\"H:i\" itemprop=\"startDate\" content=\"2026-04-22T14:30:00+02:00\">14:30<\/span> - <span class=\"simcal-event-address simcal-event-start-location\" itemprop=\"location\" itemscope itemtype=\"http:\/\/schema.org\/Place\"><meta itemprop=\"name\" content=\"Payerne - Aula du Coll\u00e8ge Derri\u00e8re-la-Tour, rue Derri\u00e8re-la-Tour 6\" \/><meta itemprop=\"address\" content=\"Payerne - Aula du Coll\u00e8ge Derri\u00e8re-la-Tour, rue Derri\u00e8re-la-Tour 6\" \/>Payerne - Aula du Coll\u00e8ge Derri\u00e8re-la-Tour, rue Derri\u00e8re-la-Tour 6<\/span><\/em><\/span><\/p>\r\n<p class=\"gce-list-event event-title\"><strong><span class=\"simcal-event-title\" itemprop=\"name\">Coup d\u2019\u0153il sous les jupes de la banque nationale<\/span><\/strong><\/p>\r\n<div class=\"simcal-event-description\" itemprop=\"description\"><p>Isabelle Ducret, journaliste RTS<\/p>\n<\/div><\/div>\n\t<\/li>\n<\/ul>\n\n<\/dd>\n<\/dl><div class=\"simcal-ajax-loader simcal-spinner-top\" style=\"display: none;\"><i class=\"simcal-icon-spinner simcal-icon-spin\"><\/i><\/div><\/div><\/div>\n","protected":false},"excerpt":{"rendered":"<p>Dans onze r\u00e9gions du canton de Vaud Connaissance 3 propose des conf\u00e9rences sur des sujets pointus donn\u00e9es par des intervenant\u00b7es de haut vol. La programmation laisse une place consid\u00e9rable aux th\u00e9matiques actuelles et locales. En fonction des r\u00e9gions, des s\u00e9ries<\/p>\n","protected":false},"author":1136,"featured_media":27204,"parent":0,"menu_order":0,"comment_status":"closed","ping_status":"closed","template":"","meta":{"_seopress_robots_primary_cat":"","_seopress_titles_title":"","_seopress_titles_desc":"","_seopress_robots_index":"","footnotes":""},"class_list":["post-4180","page","type-page","status-publish","has-post-thumbnail"],"_links":{"self":[{"href":"https:\/\/wp.unil.ch\/connaissance3\/wp-json\/wp\/v2\/pages\/4180","targetHints":{"allow":["GET"]}}],"collection":[{"href":"https:\/\/wp.unil.ch\/connaissance3\/wp-json\/wp\/v2\/pages"}],"about":[{"href":"https:\/\/wp.unil.ch\/connaissance3\/wp-json\/wp\/v2\/types\/page"}],"author":[{"embeddable":true,"href":"https:\/\/wp.unil.ch\/connaissance3\/wp-json\/wp\/v2\/users\/1136"}],"replies":[{"embeddable":true,"href":"https:\/\/wp.unil.ch\/connaissance3\/wp-json\/wp\/v2\/comments?post=4180"}],"version-history":[{"count":5,"href":"https:\/\/wp.unil.ch\/connaissance3\/wp-json\/wp\/v2\/pages\/4180\/revisions"}],"predecessor-version":[{"id":31221,"href":"https:\/\/wp.unil.ch\/connaissance3\/wp-json\/wp\/v2\/pages\/4180\/revisions\/31221"}],"wp:featuredmedia":[{"embeddable":true,"href":"https:\/\/wp.unil.ch\/connaissance3\/wp-json\/wp\/v2\/media\/27204"}],"wp:attachment":[{"href":"https:\/\/wp.unil.ch\/connaissance3\/wp-json\/wp\/v2\/media?parent=4180"}],"curies":[{"name":"wp","href":"https:\/\/api.w.org\/{rel}","templated":true}]}}