{"id":3920,"date":"2014-07-08T14:09:55","date_gmt":"2014-07-08T12:09:55","guid":{"rendered":"http:\/\/wp.unil.ch\/connaissance3\/?page_id=3920"},"modified":"2026-01-19T14:57:03","modified_gmt":"2026-01-19T13:57:03","slug":"programmes","status":"publish","type":"page","link":"https:\/\/wp.unil.ch\/connaissance3\/portrait\/publications\/programmes\/","title":{"rendered":"Programmes d&rsquo;activit\u00e9s"},"content":{"rendered":"\n<h2 class=\"wp-block-heading\">Ann\u00e9e acad\u00e9mique en cours (PDF)<\/h2>\n\n\n\n<h3 class=\"wp-block-heading has-text-align-center\"><mark style=\"background-color:#ffffff;color:#00acc8\" class=\"has-inline-color\">Programme printemps-\u00e9t\u00e9 2026<\/mark><\/h3>\n\n\n<div class=\"wp-block-image\">\n<figure class=\"aligncenter size-large is-resized\"><a href=\"https:\/\/wp.unil.ch\/connaissance3\/files\/2026\/01\/programme_pe_2026_web_pages.pdf\" target=\"_blank\" rel=\" noreferrer noopener\"><img loading=\"lazy\" decoding=\"async\" width=\"819\" height=\"1024\" src=\"https:\/\/wp.unil.ch\/connaissance3\/files\/2026\/01\/visuel-programme-pe26-819x1024.jpg\" alt=\"visuel programme pe26\" class=\"wp-image-31544\" style=\"aspect-ratio:0.7998374314163788;width:334px;height:auto\" srcset=\"https:\/\/wp.unil.ch\/connaissance3\/files\/2026\/01\/visuel-programme-pe26-819x1024.jpg 819w, https:\/\/wp.unil.ch\/connaissance3\/files\/2026\/01\/visuel-programme-pe26-240x300.jpg 240w, https:\/\/wp.unil.ch\/connaissance3\/files\/2026\/01\/visuel-programme-pe26-144x180.jpg 144w, https:\/\/wp.unil.ch\/connaissance3\/files\/2026\/01\/visuel-programme-pe26-768x960.jpg 768w, https:\/\/wp.unil.ch\/connaissance3\/files\/2026\/01\/visuel-programme-pe26.jpg 960w\" sizes=\"auto, (max-width: 819px) 100vw, 819px\" \/><\/a><\/figure>\n<\/div>\n\n\n<div style=\"height:17px\" aria-hidden=\"true\" class=\"wp-block-spacer\"><\/div>\n\n\n\n<div class=\"su-spoiler su-spoiler-style-fancy su-spoiler-icon-arrow su-spoiler-closed\" data-anchor=\"formulaire-programme\" data-scroll-offset=\"0\" data-anchor-in-url=\"no\"><div class=\"su-spoiler-title\" tabindex=\"0\" role=\"button\"><span class=\"su-spoiler-icon\"><\/span><strong>Recevoir le programme \u00e0 domicile<\/strong><\/div><div class=\"su-spoiler-content su-u-clearfix su-u-trim\">\n\n\n<script type=\"text\/javascript\">\n\/* <![CDATA[ *\/\nvar gform;gform||(document.addEventListener(\"gform_main_scripts_loaded\",function(){gform.scriptsLoaded=!0}),document.addEventListener(\"gform\/theme\/scripts_loaded\",function(){gform.themeScriptsLoaded=!0}),window.addEventListener(\"DOMContentLoaded\",function(){gform.domLoaded=!0}),gform={domLoaded:!1,scriptsLoaded:!1,themeScriptsLoaded:!1,isFormEditor:()=>\"function\"==typeof InitializeEditor,callIfLoaded:function(o){return!(!gform.domLoaded||!gform.scriptsLoaded||!gform.themeScriptsLoaded&&!gform.isFormEditor()||(gform.isFormEditor()&&console.warn(\"The use of gform.initializeOnLoaded() is deprecated in the form editor context and will be removed in Gravity Forms 3.1.\"),o(),0))},initializeOnLoaded:function(o){gform.callIfLoaded(o)||(document.addEventListener(\"gform_main_scripts_loaded\",()=>{gform.scriptsLoaded=!0,gform.callIfLoaded(o)}),document.addEventListener(\"gform\/theme\/scripts_loaded\",()=>{gform.themeScriptsLoaded=!0,gform.callIfLoaded(o)}),window.addEventListener(\"DOMContentLoaded\",()=>{gform.domLoaded=!0,gform.callIfLoaded(o)}))},hooks:{action:{},filter:{}},addAction:function(o,r,e,t){gform.addHook(\"action\",o,r,e,t)},addFilter:function(o,r,e,t){gform.addHook(\"filter\",o,r,e,t)},doAction:function(o){gform.doHook(\"action\",o,arguments)},applyFilters:function(o){return gform.doHook(\"filter\",o,arguments)},removeAction:function(o,r){gform.removeHook(\"action\",o,r)},removeFilter:function(o,r,e){gform.removeHook(\"filter\",o,r,e)},addHook:function(o,r,e,t,n){null==gform.hooks[o][r]&&(gform.hooks[o][r]=[]);var d=gform.hooks[o][r];null==n&&(n=r+\"_\"+d.length),gform.hooks[o][r].push({tag:n,callable:e,priority:t=null==t?10:t})},doHook:function(r,o,e){var t;if(e=Array.prototype.slice.call(e,1),null!=gform.hooks[r][o]&&((o=gform.hooks[r][o]).sort(function(o,r){return o.priority-r.priority}),o.forEach(function(o){\"function\"!=typeof(t=o.callable)&&(t=window[t]),\"action\"==r?t.apply(null,e):e[0]=t.apply(null,e)})),\"filter\"==r)return e[0]},removeHook:function(o,r,t,n){var e;null!=gform.hooks[o][r]&&(e=(e=gform.hooks[o][r]).filter(function(o,r,e){return!!(null!=n&&n!=o.tag||null!=t&&t!=o.priority)}),gform.hooks[o][r]=e)}});\n\/* ]]> *\/\n<\/script>\n\n                <div class='gf_browser_gecko gform_wrapper gravity-theme gform-theme--no-framework' data-form-theme='gravity-theme' data-form-index='0' id='gform_wrapper_32' >\n                        <div class='gform_heading'>\n                            <h2 class=\"gform_title\">Recevoir le programme papier par courrier postal<\/h2>\n                            <p class='gform_description'><\/p>\n\t\t\t\t\t\t\t<p class='gform_required_legend'>&quot;<span class=\"gfield_required gfield_required_custom\">(N\u00e9cessaire)<\/span>&quot; indicates required fields<\/p>\n                        <\/div><form method='post' enctype='multipart\/form-data'  id='gform_32'  action='\/connaissance3\/wp-json\/wp\/v2\/pages\/3920' data-formid='32' novalidate><div class='gf_invisible ginput_recaptchav3' data-sitekey='6LdujuwpAAAAAPhxRpxIHMzMYtcnJGeT7dAg7O30' data-tabindex='0'><input id=\"input_e46098e95bea01a2c2d1b831e5d49d61\" class=\"gfield_recaptcha_response\" type=\"hidden\" name=\"input_e46098e95bea01a2c2d1b831e5d49d61\" value=\"\"\/><\/div>\n                        <div class='gform-body gform_body'><div id='gform_fields_32' class='gform_fields top_label form_sublabel_below description_below validation_below'><fieldset id=\"field_32_17\" class=\"gfield gfield--type-radio gfield--type-choice gfield--input-type-radio gfield--width-full field_sublabel_below gfield--no-description field_description_below field_validation_below gfield_visibility_visible\"  ><legend class='gfield_label gform-field-label' >Titre<\/legend><div class='ginput_container ginput_container_radio'><div class='gfield_radio' id='input_32_17'>\n\t\t\t<div class='gchoice gchoice_32_17_0'>\n\t\t\t\t\t<input class='gfield-choice-input' name='input_17' type='radio' value='Madame'  id='choice_32_17_0' onchange='gformToggleRadioOther( this )'    \/>\n\t\t\t\t\t<label for='choice_32_17_0' id='label_32_17_0' class='gform-field-label gform-field-label--type-inline'>Madame<\/label>\n\t\t\t<\/div>\n\t\t\t<div class='gchoice gchoice_32_17_1'>\n\t\t\t\t\t<input class='gfield-choice-input' name='input_17' type='radio' value='Monsieur'  id='choice_32_17_1' onchange='gformToggleRadioOther( this )'    \/>\n\t\t\t\t\t<label for='choice_32_17_1' id='label_32_17_1' class='gform-field-label gform-field-label--type-inline'>Monsieur<\/label>\n\t\t\t<\/div><\/div><\/div><\/fieldset><fieldset id=\"field_32_5\" class=\"gfield gfield--type-name gfield--input-type-name gfield--width-full gfield_contains_required field_sublabel_below gfield--no-description field_description_below field_validation_below gfield_visibility_visible\"  ><legend class='gfield_label gform-field-label gfield_label_before_complex' >Nom<span class=\"gfield_required\"><span class=\"gfield_required gfield_required_custom\">(N\u00e9cessaire)<\/span><\/span><\/legend><div class='ginput_complex ginput_container ginput_container--name no_prefix has_first_name no_middle_name has_last_name no_suffix gf_name_has_2 ginput_container_name gform-grid-row' id='input_32_5'>\n                            \n                            <span id='input_32_5_3_container' class='name_first gform-grid-col gform-grid-col--size-auto' >\n                                                    <input type='text' name='input_5.3' id='input_32_5_3' value=''   aria-required='true'     \/>\n                                                    <label for='input_32_5_3' class='gform-field-label gform-field-label--type-sub '>Pr\u00e9nom<\/label>\n                                                <\/span>\n                            \n                            <span id='input_32_5_6_container' class='name_last gform-grid-col gform-grid-col--size-auto' >\n                                                    <input type='text' name='input_5.6' id='input_32_5_6' value=''   aria-required='true'     \/>\n                                                    <label for='input_32_5_6' class='gform-field-label gform-field-label--type-sub '>Nom<\/label>\n                                                <\/span>\n                            \n                        <\/div><\/fieldset><fieldset id=\"field_32_6\" class=\"gfield gfield--type-address gfield--input-type-address gfield_contains_required field_sublabel_below gfield--no-description field_description_below field_validation_below gfield_visibility_visible\"  ><legend class='gfield_label gform-field-label gfield_label_before_complex' >Adresse<span class=\"gfield_required\"><span class=\"gfield_required gfield_required_custom\">(N\u00e9cessaire)<\/span><\/span><\/legend>    \n                    <div class='ginput_complex ginput_container has_street has_city has_zip ginput_container_address gform-grid-row' id='input_32_6' >\n                         <span class='ginput_full address_line_1 ginput_address_line_1 gform-grid-col' id='input_32_6_1_container' >\n                                        <input type='text' name='input_6.1' id='input_32_6_1' value=''    aria-required='true'    \/>\n                                        <label for='input_32_6_1' id='input_32_6_1_label' class='gform-field-label gform-field-label--type-sub '>Rue et num\u00e9ro<\/label>\n                                    <\/span><span class='ginput_left address_city ginput_address_city gform-grid-col' id='input_32_6_3_container' >\n                                    <input type='text' name='input_6.3' id='input_32_6_3' value=''    aria-required='true'    \/>\n                                    <label for='input_32_6_3' id='input_32_6_3_label' class='gform-field-label gform-field-label--type-sub '>Code postal<\/label>\n                                 <\/span><input type='hidden' class='gform_hidden' name='input_6.4' id='input_32_6_4' value=''\/><span class='ginput_right address_zip ginput_address_zip gform-grid-col' id='input_32_6_5_container' >\n                                    <input type='text' name='input_6.5' id='input_32_6_5' value=''    aria-required='true'    \/>\n                                    <label for='input_32_6_5' id='input_32_6_5_label' class='gform-field-label gform-field-label--type-sub '>Ville<\/label>\n                                <\/span><input type='hidden' class='gform_hidden' name='input_6.6' id='input_32_6_6' value='' \/>\n                    <div class='gf_clear gf_clear_complex'><\/div>\n                <\/div><\/fieldset><div id=\"field_32_7\" class=\"gfield gfield--type-email gfield--input-type-email gfield_contains_required field_sublabel_below gfield--no-description field_description_below field_validation_below gfield_visibility_visible\"  ><label class='gfield_label gform-field-label' for='input_32_7'>E-mail<span class=\"gfield_required\"><span class=\"gfield_required gfield_required_custom\">(N\u00e9cessaire)<\/span><\/span><\/label><div class='ginput_container ginput_container_email'>\n                            <input name='input_7' id='input_32_7' type='email' value='' class='large'    aria-required=\"true\" aria-invalid=\"false\"  \/>\n                        <\/div><\/div><div id=\"field_32_25\" class=\"gfield gfield--type-phone gfield--input-type-phone gfield--width-full gfield_contains_required field_sublabel_below gfield--has-description field_description_below field_validation_below gfield_visibility_visible\"  ><label class='gfield_label gform-field-label' for='input_32_25'>T\u00e9l\u00e9phone<span class=\"gfield_required\"><span class=\"gfield_required gfield_required_custom\">(N\u00e9cessaire)<\/span><\/span><\/label><div class='ginput_container ginput_container_phone'><input name='input_25' id='input_32_25' type='tel' value='' class='large'   aria-required=\"true\" aria-invalid=\"false\" aria-describedby=\"gfield_description_32_25\"  \/><\/div><div class='gfield_description' id='gfield_description_32_25'>Si possible, num\u00e9ro de t\u00e9l\u00e9phone portable.<\/div><\/div><div id=\"field_32_23\" class=\"gfield gfield--type-textarea gfield--input-type-textarea gfield--width-full field_sublabel_below gfield--no-description field_description_below field_validation_below gfield_visibility_visible\"  ><label class='gfield_label gform-field-label' for='input_32_23'>Questions ou remarques<\/label><div class='ginput_container ginput_container_textarea'><textarea name='input_23' id='input_32_23' class='textarea large'      aria-invalid=\"false\"   rows='10' cols='50'><\/textarea><\/div><\/div><\/div><\/div>\n        <div class='gform-footer gform_footer top_label'> <input type='submit' id='gform_submit_button_32' class='gform_button button' onclick='gform.submission.handleButtonClick(this);' data-submission-type='submit' value='Envoyer ma demande'  \/> \n            <input type='hidden' class='gform_hidden' name='gform_submission_method' data-js='gform_submission_method_32' value='postback' \/>\n            <input type='hidden' class='gform_hidden' name='gform_theme' data-js='gform_theme_32' id='gform_theme_32' value='gravity-theme' \/>\n            <input type='hidden' class='gform_hidden' name='gform_style_settings' data-js='gform_style_settings_32' id='gform_style_settings_32' value='{&quot;inputPrimaryColor&quot;:&quot;#204ce5&quot;}' \/>\n            <input type='hidden' class='gform_hidden' name='is_submit_32' value='1' \/>\n            <input type='hidden' class='gform_hidden' name='gform_submit' value='32' \/>\n            \n            <input type='hidden' class='gform_hidden' name='gform_currency' data-currency='CHF' value='CizaOQLetIczoaeuHfMNwpfhu5enx\/ux2BBXRqdNsfHLUypb7ePqJuPQPNwkZo3FinDsyP08rL5aZEFLAqPEF+uUZr6z2GyNVC1xF7LtWxt7Bfk=' \/>\n            <input type='hidden' class='gform_hidden' name='gform_unique_id' value='' \/>\n            <input type='hidden' class='gform_hidden' name='state_32' value='WyJbXSIsImE0NTAzOWYzZGZhMWUzOTA2NGI3ZjI1YzljYjJhODRkIl0=' \/>\n            <input type='hidden' autocomplete='off' class='gform_hidden' name='gform_target_page_number_32' id='gform_target_page_number_32' value='0' \/>\n            <input type='hidden' autocomplete='off' class='gform_hidden' name='gform_source_page_number_32' id='gform_source_page_number_32' value='1' \/>\n            <input type='hidden' name='gform_field_values' value='' \/>\n            \n        <\/div>\n                        <\/form>\n                        <\/div><script type=\"text\/javascript\">\n\/* <![CDATA[ *\/\n gform.initializeOnLoaded( function() {gformInitSpinner( 32, 'https:\/\/wp.unil.ch\/connaissance3\/wp-content\/plugins\/gravityforms\/images\/spinner.svg', true );jQuery('#gform_ajax_frame_32').on('load',function(){var contents = jQuery(this).contents().find('*').html();var is_postback = contents.indexOf('GF_AJAX_POSTBACK') >= 0;if(!is_postback){return;}var form_content = jQuery(this).contents().find('#gform_wrapper_32');var is_confirmation = jQuery(this).contents().find('#gform_confirmation_wrapper_32').length > 0;var is_redirect = contents.indexOf('gformRedirect(){') >= 0;var is_form = form_content.length > 0 && ! is_redirect && ! is_confirmation;var mt = parseInt(jQuery('html').css('margin-top'), 10) + parseInt(jQuery('body').css('margin-top'), 10) + 100;if(is_form){jQuery('#gform_wrapper_32').html(form_content.html());if(form_content.hasClass('gform_validation_error')){jQuery('#gform_wrapper_32').addClass('gform_validation_error');} else {jQuery('#gform_wrapper_32').removeClass('gform_validation_error');}setTimeout( function() { \/* delay the scroll by 50 milliseconds to fix a bug in chrome *\/  }, 50 );if(window['gformInitDatepicker']) {gformInitDatepicker();}if(window['gformInitPriceFields']) {gformInitPriceFields();}var current_page = jQuery('#gform_source_page_number_32').val();gformInitSpinner( 32, 'https:\/\/wp.unil.ch\/connaissance3\/wp-content\/plugins\/gravityforms\/images\/spinner.svg', true );jQuery(document).trigger('gform_page_loaded', [32, current_page]);window['gf_submitting_32'] = false;}else if(!is_redirect){var confirmation_content = jQuery(this).contents().find('.GF_AJAX_POSTBACK').html();if(!confirmation_content){confirmation_content = contents;}jQuery('#gform_wrapper_32').replaceWith(confirmation_content);jQuery(document).trigger('gform_confirmation_loaded', [32]);window['gf_submitting_32'] = false;wp.a11y.speak(jQuery('#gform_confirmation_message_32').text());}else{jQuery('#gform_32').append(contents);if(window['gformRedirect']) {gformRedirect();}}jQuery(document).trigger(\"gform_pre_post_render\", [{ formId: \"32\", currentPage: \"current_page\", abort: function() { this.preventDefault(); } }]);        if (event && event.defaultPrevented) {                return;        }        const gformWrapperDiv = document.getElementById( \"gform_wrapper_32\" );        if ( gformWrapperDiv ) {            const visibilitySpan = document.createElement( \"span\" );            visibilitySpan.id = \"gform_visibility_test_32\";            gformWrapperDiv.insertAdjacentElement( \"afterend\", visibilitySpan );        }        const visibilityTestDiv = document.getElementById( \"gform_visibility_test_32\" );        let postRenderFired = false;        function triggerPostRender() {            if ( postRenderFired ) {                return;            }            postRenderFired = true;            gform.core.triggerPostRenderEvents( 32, current_page );            if ( visibilityTestDiv ) {                visibilityTestDiv.parentNode.removeChild( visibilityTestDiv );            }        }        function debounce( func, wait, immediate ) {            var timeout;            return function() {                var context = this, args = arguments;                var later = function() {                    timeout = null;                    if ( !immediate ) func.apply( context, args );                };                var callNow = immediate && !timeout;                clearTimeout( timeout );                timeout = setTimeout( later, wait );                if ( callNow ) func.apply( context, args );            };        }        const debouncedTriggerPostRender = debounce( function() {            triggerPostRender();        }, 200 );        if ( visibilityTestDiv && visibilityTestDiv.offsetParent === null ) {            const observer = new MutationObserver( ( mutations ) => {                mutations.forEach( ( mutation ) => {                    if ( mutation.type === 'attributes' && visibilityTestDiv.offsetParent !== null ) {                        debouncedTriggerPostRender();                        observer.disconnect();                    }                });            });            observer.observe( document.body, {                attributes: true,                childList: false,                subtree: true,                attributeFilter: [ 'style', 'class' ],            });        } else {            triggerPostRender();        }    } );} ); \n\/* ]]> *\/\n<\/script>\n\n\n\n<\/div><\/div>\n\n\n\n<hr class=\"wp-block-separator has-alpha-channel-opacity is-style-wide\" \/>\n\n\n\n<h3 class=\"wp-block-heading\">Archives (PDF)<\/h3>\n\n\n\n<p><strong>2025-2026<\/strong><\/p>\n\n\n\n<ul class=\"wp-block-list\">\n<li><a href=\"https:\/\/wp.unil.ch\/connaissance3\/files\/2025\/08\/connaissance3-programme-ah2025-26.pdf\">Programme automne-hiver 2025-2026<\/a><\/li>\n<\/ul>\n\n\n\n<p><strong>2024-2025<\/strong><\/p>\n\n\n\n<ul class=\"wp-block-list\">\n<li><a href=\"https:\/\/wp.unil.ch\/connaissance3\/files\/2025\/01\/Programme_PE_2025.pdf\">Programme printemps-\u00e9t\u00e9 2025<\/a><\/li>\n\n\n\n<li><a href=\"https:\/\/wp.unil.ch\/connaissance3\/files\/2024\/09\/ProgrammeAH2024-25doubles_pages.pdf\">Programme automne-hiver 2024-25<\/a><\/li>\n<\/ul>\n\n\n\n<p><strong>2023-2024<\/strong><\/p>\n\n\n\n<ul class=\"wp-block-list\">\n<li><a href=\"https:\/\/wp.unil.ch\/connaissance3\/files\/2024\/01\/Programme_PE_2024_web.pdf\" data-type=\"link\" data-id=\"https:\/\/wp.unil.ch\/connaissance3\/files\/2024\/01\/Programme_PE_2024_web.pdf\" target=\"_blank\" rel=\"noreferrer noopener\">Programme printemps-\u00e9t\u00e9 2024<\/a><\/li>\n\n\n\n<li><a href=\"https:\/\/wp.unil.ch\/connaissance3\/files\/2023\/08\/Programme_23-24_web.pdf\" target=\"_blank\" rel=\"noreferrer noopener\">Programme automne-hiver 2023-24<\/a><\/li>\n<\/ul>\n\n\n\n<p><strong>2022-2023<\/strong><\/p>\n\n\n\n<ul class=\"wp-block-list\">\n<li><a href=\"https:\/\/wp.unil.ch\/connaissance3\/files\/2023\/03\/Programme_2023_web.pdf\" data-type=\"URL\" data-id=\"https:\/\/wp.unil.ch\/connaissance3\/files\/2023\/03\/Programme_2023_web.pdf\" target=\"_blank\" rel=\"noreferrer noopener\">Programme printemps 2023<\/a><\/li>\n\n\n\n<li><a rel=\"noreferrer noopener\" href=\"https:\/\/wp.unil.ch\/connaissance3\/files\/2022\/08\/Programme_22-23_web.pdf\" data-type=\"URL\" data-id=\"https:\/\/wp.unil.ch\/connaissance3\/files\/2022\/08\/Programme_22-23_web.pdf\" target=\"_blank\">Programme automne-hiver 2022-23<\/a><\/li>\n<\/ul>\n\n\n\n<p><strong>2021-2022<\/strong><\/p>\n\n\n\n<p><\/p>\n\n\n<ul>\n<li><a href=\"https:\/\/wp.unil.ch\/connaissance3\/files\/2022\/01\/Programme_PE2022_web.pdf\" target=\"_blank\" rel=\"noreferrer noopener\" data-type=\"URL\" data-id=\"https:\/\/wp.unil.ch\/connaissance3\/files\/2022\/01\/Programme_PE2022_web.pdf\" data-wplink-edit=\"true\">Programme printemps 2022<\/a><\/li>\n<li><a href=\"https:\/\/wp.unil.ch\/connaissance3\/files\/2022\/04\/Programme_21-22_web.pdf\" target=\"_blank\" rel=\"noreferrer noopener\" data-type=\"URL\" data-id=\"https:\/\/wp.unil.ch\/connaissance3\/files\/2022\/04\/Programme_21-22_web.pdf\">Programme automne-hiver 2021-22<\/a><\/li>\n<\/ul>\n\n\n<p><strong>2020-2021<\/strong><\/p>\n\n\n\n<ul class=\"wp-block-list\">\n<li>Programme printemps 2021<\/li>\n\n\n\n<li><a href=\"https:\/\/wp.unil.ch\/connaissance3\/files\/2024\/01\/Programme_AH20-21_web.pdf\" data-type=\"URL\" data-id=\"https:\/\/wp.unil.ch\/connaissance3\/programmes\/programme_20-21_web\/\" target=\"_blank\" rel=\"noreferrer noopener\">Programme automne-hiver 2020-21<\/a><\/li>\n<\/ul>\n\n\n\n<p><strong>2019-2020<\/strong><\/p>\n\n\n\n<ul class=\"wp-block-list\">\n<li><a href=\"https:\/\/wp.unil.ch\/connaissance3\/files\/2020\/01\/Programme_PE_2020_web.pdf\" target=\"_blank\" rel=\"noopener noreferrer\">Programme printemps 2020<\/a><\/li>\n\n\n\n<li><a href=\"https:\/\/wp.unil.ch\/connaissance3\/files\/2019\/09\/Programme_19-20_web.pdf\" target=\"_blank\" rel=\"noopener noreferrer\">Programme automne-hiver 2019-20<\/a><\/li>\n<\/ul>\n\n\n\n<p><strong>2018-2019<\/strong><\/p>\n\n\n\n<ul class=\"wp-block-list\">\n<li><a href=\"https:\/\/wp.unil.ch\/connaissance3\/files\/2019\/01\/Programme_2019_web.pdf\" target=\"_blank\" rel=\"noopener noreferrer\">Programme printemps 2019<\/a><\/li>\n\n\n\n<li><a href=\"https:\/\/wp.unil.ch\/connaissance3\/files\/2018\/08\/Programme_18-19.pdf\" target=\"_blank\" rel=\"noopener noreferrer\">Programme automne-hiver 2018-19<\/a><\/li>\n<\/ul>\n\n\n\n<p><strong>2017-2018<\/strong><\/p>\n\n\n\n<ul class=\"wp-block-list\">\n<li><a href=\"https:\/\/wp.unil.ch\/connaissance3\/files\/2018\/01\/Programme-PE_2018.pdf\" target=\"_blank\" rel=\"noopener noreferrer\">Programme printemps 2018<\/a><\/li>\n\n\n\n<li><a href=\"https:\/\/wp.unil.ch\/connaissance3\/files\/2017\/08\/Programme-17-18-1-web.pdf\" target=\"_blank\" rel=\"noopener noreferrer\">Programme automne-hiver 2017-18<\/a><\/li>\n<\/ul>\n\n\n\n<p><strong>2016-2017<\/strong><\/p>\n\n\n\n<ul class=\"wp-block-list\">\n<li><a href=\"https:\/\/wp.unil.ch\/connaissance3\/files\/2017\/01\/Programme_2017.pdf\" target=\"_blank\" rel=\"noopener noreferrer\">Programme printemps-\u00e9t\u00e9 2017<\/a><\/li>\n\n\n\n<li><a href=\"https:\/\/wp.unil.ch\/connaissance3\/files\/2016\/08\/Programme_16-17def-diffusion.pdf\" target=\"_blank\" rel=\"noopener noreferrer\">Programme automne-hiver 2016-17 <\/a><\/li>\n<\/ul>\n\n\n\n<p><strong>2015-2016<\/strong><\/p>\n\n\n\n<ul class=\"wp-block-list\">\n<li><a rel=\"noopener noreferrer\" href=\"https:\/\/wp.unil.ch\/connaissance3\/files\/2016\/03\/Programme_2016-7.pdf\" target=\"_blank\">Programme printemps-\u00e9t\u00e9 2016<\/a><\/li>\n\n\n\n<li><a href=\"https:\/\/wp.unil.ch\/connaissance3\/files\/2015\/08\/Programme_15-16_web.pdf\" target=\"_blank\" rel=\"noopener noreferrer\">Programme automne-hiver 2015-16<\/a><\/li>\n<\/ul>\n","protected":false},"excerpt":{"rendered":"<p>Ann\u00e9e acad\u00e9mique en cours (PDF) Programme printemps-\u00e9t\u00e9 2026 Archives (PDF) 2025-2026 2024-2025 2023-2024 2022-2023 2021-2022 Programme printemps 2022 Programme automne-hiver 2021-22 2020-2021 2019-2020 2018-2019 2017-2018 2016-2017 2015-2016<\/p>\n","protected":false},"author":1136,"featured_media":0,"parent":3916,"menu_order":0,"comment_status":"closed","ping_status":"closed","template":"","meta":{"_seopress_robots_primary_cat":"","_seopress_titles_title":"","_seopress_titles_desc":"","_seopress_robots_index":"","footnotes":""},"class_list":["post-3920","page","type-page","status-publish"],"_links":{"self":[{"href":"https:\/\/wp.unil.ch\/connaissance3\/wp-json\/wp\/v2\/pages\/3920","targetHints":{"allow":["GET"]}}],"collection":[{"href":"https:\/\/wp.unil.ch\/connaissance3\/wp-json\/wp\/v2\/pages"}],"about":[{"href":"https:\/\/wp.unil.ch\/connaissance3\/wp-json\/wp\/v2\/types\/page"}],"author":[{"embeddable":true,"href":"https:\/\/wp.unil.ch\/connaissance3\/wp-json\/wp\/v2\/users\/1136"}],"replies":[{"embeddable":true,"href":"https:\/\/wp.unil.ch\/connaissance3\/wp-json\/wp\/v2\/comments?post=3920"}],"version-history":[{"count":5,"href":"https:\/\/wp.unil.ch\/connaissance3\/wp-json\/wp\/v2\/pages\/3920\/revisions"}],"predecessor-version":[{"id":31564,"href":"https:\/\/wp.unil.ch\/connaissance3\/wp-json\/wp\/v2\/pages\/3920\/revisions\/31564"}],"up":[{"embeddable":true,"href":"https:\/\/wp.unil.ch\/connaissance3\/wp-json\/wp\/v2\/pages\/3916"}],"wp:attachment":[{"href":"https:\/\/wp.unil.ch\/connaissance3\/wp-json\/wp\/v2\/media?parent=3920"}],"curies":[{"name":"wp","href":"https:\/\/api.w.org\/{rel}","templated":true}]}}