{"id":3913,"date":"2014-07-08T14:11:19","date_gmt":"2014-07-08T12:11:19","guid":{"rendered":"http:\/\/wp.unil.ch\/connaissance3\/?page_id=3913"},"modified":"2025-06-16T11:20:34","modified_gmt":"2025-06-16T09:20:34","slug":"revue-de-presse","status":"publish","type":"page","link":"https:\/\/wp.unil.ch\/connaissance3\/revue-de-presse\/","title":{"rendered":"Revue de presse"},"content":{"rendered":"\n<h2 class=\"wp-block-heading\">Pour toute information, les journalistes peuvent prendre contact avec<\/h2>\n\n\n\n<ul class=\"wp-block-list\">\n<li><a href=\"mailto:p.dubois@connaissance3.ch\">Patricia Dubois<\/a>, secr\u00e9taire g\u00e9n\u00e9rale de Connaissance 3 (lu, ma, me, je)<\/li>\n\n\n\n<li><a href=\"mailto:n.bassin@connaissance3.ch\">Noa Bassin<\/a>, charg\u00e9e de communication (lu, ma, ve)<\/li>\n<\/ul>\n\n\n\n<h2 class=\"wp-block-heading\">Connaissance 3 dans les m\u00e9dias<img alt=\"\" loading=\"lazy\" decoding=\"async\" class=\" wp-image-25982 alignright\" src=\"https:\/\/wp.unil.ch\/connaissance3\/files\/2023\/10\/medias_presse-180x180.png\" alt=\"\" width=\"214\" height=\"214\" srcset=\"https:\/\/wp.unil.ch\/connaissance3\/files\/2023\/10\/medias_presse-180x180.png 180w, https:\/\/wp.unil.ch\/connaissance3\/files\/2023\/10\/medias_presse-300x300.png 300w, https:\/\/wp.unil.ch\/connaissance3\/files\/2023\/10\/medias_presse-1024x1024.png 1024w, https:\/\/wp.unil.ch\/connaissance3\/files\/2023\/10\/medias_presse-768x768.png 768w, https:\/\/wp.unil.ch\/connaissance3\/files\/2023\/10\/medias_presse-230x230.png 230w, https:\/\/wp.unil.ch\/connaissance3\/files\/2023\/10\/medias_presse-365x365.png 365w, https:\/\/wp.unil.ch\/connaissance3\/files\/2023\/10\/medias_presse.png 1080w\" sizes=\"auto, (max-width: 214px) 100vw, 214px\" \/><\/h2>\n\n\n\n<p class=\"has-text-align-left\">Ci-dessous, vous trouverez une s\u00e9lection d&rsquo;articles parus dans la presse romande sur ou autour de Connaissance 3, ses projets de recherche ou sur les Uni3 suisses et la formation des seniors en g\u00e9n\u00e9ral.<\/p>\n\n\n\n<p><a href=\"https:\/\/wp.unil.ch\/connaissance3\/files\/2024\/10\/2024.09.28_24heures_Filiations.pdf\" target=\"_blank\" rel=\"noreferrer noopener\">La rentr\u00e9e litt\u00e9raire raconte la famille dans tous ses \u00e9tats<\/a><br>24 heures, 28-29.09.2024<\/p>\n\n\n\n<p><a href=\"https:\/\/www.rts.ch\/audio-podcast\/2024\/audio\/la-retraite-active-28425760.html\" data-type=\"link\" data-id=\"https:\/\/www.lacote.ch\/vaud\/la-cote\/nyon-district\/luni-des-seniors-propose-des-conferences-tout-public-1329903\" target=\"_blank\" rel=\"noreferrer noopener\">La retraite active<\/a><br>RTS &#8211; \u00c9mission Tribu, 04.03.2024<\/p>\n\n\n\n<p><a href=\"https:\/\/www.lacote.ch\/vaud\/la-cote\/nyon-district\/luni-des-seniors-propose-des-conferences-tout-public-1329903\" data-type=\"link\" data-id=\"https:\/\/www.lacote.ch\/vaud\/la-cote\/nyon-district\/luni-des-seniors-propose-des-conferences-tout-public-1329903\" target=\"_blank\" rel=\"noreferrer noopener\">L\u2019uni des seniors propose des conf\u00e9rences tout public<\/a><br>La C\u00f4te, 14.10.2023<\/p>\n\n\n\n<p><a href=\"https:\/\/wp.unil.ch\/connaissance3\/files\/2024\/05\/2023.09.07_LaBroye_RP.pdf\" target=\"_blank\" rel=\"noreferrer noopener\">Connaissance 3 d\u00e9voile l&rsquo;affiche de sa nouvelle saison<\/a><br>La Broye, 07.09.2023<\/p>\n\n\n\n<p><a href=\"https:\/\/www.generations-plus.ch\/droit-argent\/les-seniors-benevoles-souffrent-dinvisibilite-7205\" target=\"_blank\" rel=\"noreferrer noopener\">Les seniors b\u00e9n\u00e9voles souffrent d\u2019invisibilit\u00e9<\/a><br>G\u00e9n\u00e9rations, sept. 2023<\/p>\n\n\n\n<p><a href=\"https:\/\/www.24heures.ch\/la-societe-serait-grippee-sans-le-benevolat-des-seniors-935330942323\" target=\"_blank\" rel=\"noopener\">La soci\u00e9t\u00e9 serait gripp\u00e9e dans le b\u00e9n\u00e9volat des seniors<strong><br><\/strong><\/a>24 heures, 22.05.2023<\/p>\n\n\n\n<p><a href=\"https:\/\/wp.unil.ch\/connaissance3\/files\/2024\/05\/24heures_2022-11-21_p3_RP.pdf\" data-type=\"link\" data-id=\"https:\/\/wp.unil.ch\/connaissance3\/files\/2024\/05\/24heures_2022-11-21_p3_RP.pdf\" target=\"_blank\" rel=\"noreferrer noopener\">Connaissance 3 maintient les seniors dans le coup <strong><br><\/strong><\/a>24 heures, 21.11.2022<\/p>\n\n\n\n<p><a href=\"https:\/\/wp.unil.ch\/connaissance3\/files\/2024\/05\/Echos-du-Gros-de-Vaud_30-sept22_RP.pdf\">Connaissance 3: nouvelle saison et nouvelle \u00e9quipe<\/a><strong><br><\/strong>\u00c9chos du Gros-de-Vaud, 30.09.2022<\/p>\n\n\n\n<p><a href=\"https:\/\/wp.unil.ch\/connaissance3\/files\/2022\/10\/Journal-de-la-re%CC%81gion-de-Cossonay-30.09.22.pdf\" target=\"_blank\" rel=\"noreferrer noopener\">Universit\u00e9 du Troisi\u00e8me \u00c2ge: voici la reprise des conf\u00e9rences!<\/a><strong><br><\/strong>Journal de la r\u00e9gion de Cossonay, 30.09.2022<\/p>\n\n\n\n<p><a href=\"https:\/\/wp.unil.ch\/connaissance3\/files\/2022\/09\/Journal-de-La-Broye-15.09.2022.pdf\" target=\"_blank\" rel=\"noopener\">Conf\u00e9rences, s\u00e9minaires, cours et visites au menu de Connaissance 3<strong><br><\/strong><\/a>La Broye, 15.09.2022<\/p>\n\n\n\n<p><a href=\"https:\/\/wp.unil.ch\/connaissance3\/files\/2022\/09\/C3_Le-Point-Chablais_Sept-2022.pdf\" target=\"_blank\" rel=\"noopener\">Connaissance 3 sort son programme pour la saison 2022\/2023 <strong><br><\/strong><\/a>Le Point Chablais, 01.09.2022<\/p>\n\n\n\n<p><a href=\"https:\/\/wp.unil.ch\/connaissance3\/files\/2022\/05\/Journal-de-Morges-21.05.2022.png\" target=\"_blank\" rel=\"noopener noreferrer\">L&rsquo;universit\u00e9 par et pour les seniors<\/a><strong><br><\/strong>Journal de Morges, 21.05.2022<\/p>\n\n\n\n<p><a href=\"https:\/\/www.lacote.ch\/vaud\/la-cote\/nyon-district\/borex\/borex-cours-dagrumiculture-pour-luniversite-des-seniors-1180335\" target=\"_blank\" rel=\"noopener noreferrer\">Borex: cours d\u2019agrumiculture pour l\u2019universit\u00e9 des seniors<\/a><strong><br><\/strong>La C\u00f4te, 10.05.2022<\/p>\n\n\n\n<p><a href=\"https:\/\/www.24heures.ch\/signatures\/reflexions\/defait-virus\/story\/28433430\" target=\"_blank\" rel=\"noopener noreferrer\">Il d\u00e9fait tout ce que nous faisons, ce virus! <\/a><strong><br><\/strong>24 Heures, 16.04.2020 \u2013 Rubrique \u00ab\u00a0L&rsquo;invit\u00e9\u00a0\u00bb avec Patricia Dubois, secr\u00e9taire g\u00e9n\u00e9rale de Connaissance 3<\/p>\n\n\n\n<p><a href=\"https:\/\/www.reiso.org\/articles\/themes\/vieillesse\/5445-rendre-visibles-les-competences-des-seniors\" target=\"_blank\" rel=\"noopener noreferrer\">Rendre visibles les comp\u00e9tences des seniors<\/a><br>REISO, Revue d&rsquo;information sociale, 16.01.2020<\/p>\n\n\n\n<p><a href=\"https:\/\/www.24heures.ch\/signatures\/reflexions\/seniors-travaillent-deja\/story\/27245011\" target=\"_blank\" rel=\"noopener noreferrer\">Les seniors travaillent d\u00e9j\u00e0 beaucoup. Pour vous!<\/a><br>24 Heures, 18.11.2019 \u2013 Rubrique \u00ab\u00a0L&rsquo;invit\u00e9\u00a0\u00bb avec Patricia Dubois, secr\u00e9taire g\u00e9n\u00e9rale de Connaissance 3<\/p>\n\n\n\n<p><a href=\"https:\/\/wp.unil.ch\/connaissance3\/files\/2024\/05\/RP19-10-23\u201324heures.png\" target=\"_blank\" rel=\"noreferrer noopener\">Des \u00e9tudiants rencontrent des retrait\u00e9s gr\u00e2ce \u00e0 leurs films<\/a><br>24 Heures, 23.10.2019<\/p>\n\n\n\n<p><a href=\"https:\/\/wp.unil.ch\/connaissance3\/files\/2024\/05\/RP_19-09-05_Le-Regional.pdf\" data-type=\"link\" data-id=\"https:\/\/wp.unil.ch\/connaissance3\/files\/2024\/05\/RP_19-09-05_Le-Regional.pdf\" target=\"_blank\" rel=\"noreferrer noopener\">\u00ab\u00a0La science m&rsquo;a amen\u00e9 \u00e0 la spiritualit\u00e9\u00a0\u00bb<\/a><br>Le R\u00e9gional, 05-11.09.2019<\/p>\n\n\n\n<p><a href=\"https:\/\/wp.unil.ch\/connaissance3\/files\/2019\/04\/RP_10-4-11_LeRegional.pdf\" target=\"_blank\" rel=\"noopener noreferrer\">A la retraite, les cahiers au feu?<\/a><br>Le R\u00e9gional, 11-17.04.2019<\/p>\n\n\n\n<p><a href=\"https:\/\/wp.unil.ch\/connaissance3\/files\/2019\/03\/24heures_2019-03-04_PDubois.pdf\" target=\"_blank\" rel=\"noopener noreferrer\">Comment attirer l&rsquo;attention du gar\u00e7on \u00e0 plus de 50 ans?<\/a><br>24 Heures, 04.03.2019 \u2013 Rubrique \u00ab\u00a0L&rsquo;invit\u00e9\u00a0\u00bb avec Patricia Dubois, secr\u00e9taire g\u00e9n\u00e9rale de Connaissance 3<\/p>\n\n\n\n<p><a href=\"https:\/\/wp.unil.ch\/connaissance3\/files\/2018\/11\/RP_18-11-15_LeRegional925.pdf\" target=\"_blank\" rel=\"noopener noreferrer\">Un Prix Nobel \u00e0 Connaissance 3<\/a><br>Le R\u00e9gional, 14-21.11.2018<\/p>\n\n\n\n<p><a href=\"https:\/\/wp.unil.ch\/connaissance3\/files\/2024\/05\/RP_18-10-26_LeMatin.pdf\" target=\"_blank\" rel=\"noreferrer noopener\">Quand les seniors se tournent vers l&rsquo;uni<\/a><br>Le Matin.ch, 26.10.2018<\/p>\n\n\n\n<p><a href=\"https:\/\/latele.ch\/emissions\/diversite\/diversite-s-2018-e-5\" target=\"_blank\" rel=\"noopener noreferrer\">Un regard jeune sur les seniors<\/a><br>La T\u00e9l\u00e9 Vaud-Fribourg, 25.05.2018<\/p>\n\n\n\n<p><a href=\"https:\/\/wp.unil.ch\/connaissance3\/files\/2018\/04\/24H-C3-ECAL-avril18.jpg\" target=\"_blank\" rel=\"noopener noreferrer\">Des histoires de vieillesse film\u00e9es par les \u00e9tudiants de l&rsquo;ECAL<\/a><br>24 Heures, 26.04.2018<\/p>\n\n\n\n<p><a href=\"https:\/\/www.rts.ch\/info\/suisse\/9415140-continuer-a-se-former-meme-apres-la-retraite.html\" target=\"_blank\" rel=\"noopener\">Continuer \u00e0 se former, m\u00eame apr\u00e8s la retraite &#8211; Episode 4: L&rsquo;universit\u00e9 des seniors, un acteur tout au long de la vie<\/a><a href=\"https:\/\/wp.unil.ch\/connaissance3\/files\/2018\/04\/24H-C3-ECAL-avril18.jpg\" target=\"_blank\" rel=\"noopener noreferrer\"><br><\/a>RTS, 15.03.2018<\/p>\n\n\n\n<p><a href=\"https:\/\/wp.unil.ch\/connaissance3\/files\/2019\/04\/page_3_24heures_REGION_2018-01-17.pdf\" target=\"_blank\" rel=\"noopener noreferrer\">Apprendre, c&rsquo;est bon pour la sant\u00e9 des a\u00een\u00e9s<\/a><br>24 Heures, 17.01.2018<\/p>\n\n\n\n<p><a href=\"https:\/\/wp.unil.ch\/connaissance3\/files\/2018\/04\/RP_17-18.9_Liberte.pdf\" target=\"_blank\" rel=\"noopener noreferrer\">Les seniors ont soif de connaissance<\/a><br>La Libert\u00e9, 18.08.2017<\/p>\n\n\n\n<p><a href=\"https:\/\/wp.unil.ch\/connaissance3\/files\/2017\/10\/RP_17-9-1_Echo-GrosVD.pdf\" target=\"_blank\" rel=\"noopener noreferrer\">Connaissance 3 f\u00eate ses 20 ans et regarde vers le futur<\/a><br>Echo du Gros de Vaud, 01.09.2017<\/p>\n\n\n\n<p><a href=\"https:\/\/wp.unil.ch\/connaissance3\/files\/2017\/04\/RP_17-04-5_24Heures.pdf\" target=\"_blank\" rel=\"noopener noreferrer\">Les seniors d\u00e9boulent dans les \u00e9lections<\/a><br>24 Heures, 05.04.2017<\/p>\n\n\n\n<p><a href=\"https:\/\/www.rts.ch\/audio-podcast\/2016\/audio\/la-vulgarisation-scientifique-pour-les-aines-25448348.html\" data-type=\"link\" data-id=\"https:\/\/www.rts.ch\/audio-podcast\/2016\/audio\/la-vulgarisation-scientifique-pour-les-aines-25448348.html\" target=\"_blank\" rel=\"noreferrer noopener\">La vulgarisation scientifique pour les a\u00een\u00e9s<\/a><br>RTS la 1re (radio), CQFD, 10.10.2016<\/p>\n\n\n\n<p><a href=\"https:\/\/wp.unil.ch\/connaissance3\/files\/2016\/10\/RP_16_09-28_24h-reflexion.pdf\" target=\"_blank\" rel=\"noopener noreferrer\">Le prix de la vie apr\u00e8s le travail<\/a><br>24 Heures, 28.09.2016 \u2013 Rubrique \u00ab\u00a0L&rsquo;invit\u00e9\u00a0\u00bb avec Patricia Dubois, secr\u00e9taire g\u00e9n\u00e9rale de Connaissance 3<\/p>\n\n\n\n<p><a href=\"https:\/\/wp.unil.ch\/connaissance3\/files\/2015\/10\/2015-10-03_24Heures.jpg\" target=\"_blank\" rel=\"noopener noreferrer\">Un m\u00e9decin prend les r\u00eanes de l\u2019Uni des seniors<\/a><br>24 Heures, 03.10.2015<\/p>\n\n\n\n<p><a href=\"https:\/\/wp.unil.ch\/connaissance3\/files\/2024\/05\/RP_projetHabiter_24H_29.11.14.png\" data-type=\"link\" data-id=\"https:\/\/wp.unil.ch\/connaissance3\/files\/2024\/05\/RP_projetHabiter_24H_29.11.14.png\" target=\"_blank\" rel=\"noreferrer noopener\">\u00ab\u00a0Chez soi\u00a0\u00bb, notion nomade<\/a><br>24 Heures, 29.11.2014 \u2013 \u00ab\u00a0Carte blanche\u00a0\u00bb \u00e0 Isabelle Guisan dans le cadre du projet <em>Habiter avec son \u00e2ge<\/em><\/p>\n\n\n\n<p><a href=\"https:\/\/wp.unil.ch\/connaissance3\/files\/2024\/05\/RP_24H_05.11.14.pdf\" data-type=\"link\" data-id=\"https:\/\/wp.unil.ch\/connaissance3\/files\/2024\/05\/RP_24H_05.11.14.pdf\" target=\"_blank\" rel=\"noreferrer noopener\">L\u2019attention grandit sur les \u00aboubli\u00e9s\u00bb de la formation<\/a><br>24 Heures, 05.11.2014<\/p>\n\n\n\n<p><a href=\"https:\/\/wp.unil.ch\/connaissance3\/files\/2024\/05\/RP_LeTemps.4.11.14_p.12.jpg\" data-type=\"link\" data-id=\"https:\/\/wp.unil.ch\/connaissance3\/files\/2024\/05\/RP_LeTemps.4.11.14_p.12.jpg\" target=\"_blank\" rel=\"noreferrer noopener\">La formation des a\u00een\u00e9s, un droit \u00e0 garantir<\/a><br>Le Temps, 04.11.2014<\/p>\n\n\n\n<p><a href=\"https:\/\/www.generations-plus.ch\/?q=magazine\/actualit%C3%A9s\/retraites-emploi\/avec-uni-3-les-seniors-ont-leur-temple-du-savoir\" target=\"_blank\" rel=\"noopener noreferrer\">Avec Uni3, les seniors ont leur temple du savoir<\/a><br>G\u00e9n\u00e9ration Plus, no 60, sept. 2014<\/p>\n\n\n\n<p><a href=\"https:\/\/wp.unil.ch\/connaissance3\/files\/2022\/03\/RP_MigrosMagazine_01.09.14-2.pdf\" target=\"_blank\" rel=\"noopener noreferrer\">Il n\u2019y a pas d\u2019\u00e2ge pour apprendre<\/a><br>Migros Magazine, 01.09.2014<\/p>\n\n\n\n<p><a href=\"https:\/\/wp.unil.ch\/connaissance3\/files\/2013\/06\/IMG.pdf\" target=\"_blank\" rel=\"noopener noreferrer\">L\u2019Universit\u00e9 des seniors se donne un coup de jeune<\/a><br>24 Heures, 26.09.2013<\/p>\n","protected":false},"excerpt":{"rendered":"<p>Pour toute information, les journalistes peuvent prendre contact avec Connaissance 3 dans les m\u00e9dias Ci-dessous, vous trouverez une s\u00e9lection d&rsquo;articles parus dans la presse romande sur ou autour de Connaissance 3, ses projets de recherche ou sur les Uni3 suisses<\/p>\n","protected":false},"author":1136,"featured_media":0,"parent":0,"menu_order":0,"comment_status":"closed","ping_status":"closed","template":"","meta":{"_seopress_robots_primary_cat":"","_seopress_titles_title":"","_seopress_titles_desc":"","_seopress_robots_index":"","footnotes":""},"class_list":["post-3913","page","type-page","status-publish"],"_links":{"self":[{"href":"https:\/\/wp.unil.ch\/connaissance3\/wp-json\/wp\/v2\/pages\/3913","targetHints":{"allow":["GET"]}}],"collection":[{"href":"https:\/\/wp.unil.ch\/connaissance3\/wp-json\/wp\/v2\/pages"}],"about":[{"href":"https:\/\/wp.unil.ch\/connaissance3\/wp-json\/wp\/v2\/types\/page"}],"author":[{"embeddable":true,"href":"https:\/\/wp.unil.ch\/connaissance3\/wp-json\/wp\/v2\/users\/1136"}],"replies":[{"embeddable":true,"href":"https:\/\/wp.unil.ch\/connaissance3\/wp-json\/wp\/v2\/comments?post=3913"}],"version-history":[{"count":4,"href":"https:\/\/wp.unil.ch\/connaissance3\/wp-json\/wp\/v2\/pages\/3913\/revisions"}],"predecessor-version":[{"id":30680,"href":"https:\/\/wp.unil.ch\/connaissance3\/wp-json\/wp\/v2\/pages\/3913\/revisions\/30680"}],"wp:attachment":[{"href":"https:\/\/wp.unil.ch\/connaissance3\/wp-json\/wp\/v2\/media?parent=3913"}],"curies":[{"name":"wp","href":"https:\/\/api.w.org\/{rel}","templated":true}]}}