{"id":27816,"date":"2024-11-27T09:33:34","date_gmt":"2024-11-27T08:33:34","guid":{"rendered":"https:\/\/wp.unil.ch\/connaissance3\/?page_id=27816"},"modified":"2025-06-04T09:25:18","modified_gmt":"2025-06-04T07:25:18","slug":"u3-suisse","status":"publish","type":"page","link":"https:\/\/wp.unil.ch\/connaissance3\/plaidoyer\/u3-suisse\/","title":{"rendered":"U3 Suisse: plaidoyer national pour une formation tout au long de la vie"},"content":{"rendered":"\n<div class=\"wp-block-group\"><div class=\"wp-block-group__inner-container is-layout-constrained wp-block-group-is-layout-constrained\">\n<figure class=\"wp-block-image size-full is-resized\"><img alt=\"\" loading=\"lazy\" decoding=\"async\" width=\"1080\" height=\"700\" src=\"https:\/\/wp.unil.ch\/connaissance3\/files\/2024\/03\/U3_Plaidoyer.png\" alt=\"\" class=\"wp-image-27618\" style=\"width:300px\" srcset=\"https:\/\/wp.unil.ch\/connaissance3\/files\/2024\/03\/U3_Plaidoyer.png 1080w, https:\/\/wp.unil.ch\/connaissance3\/files\/2024\/03\/U3_Plaidoyer-300x194.png 300w, https:\/\/wp.unil.ch\/connaissance3\/files\/2024\/03\/U3_Plaidoyer-1024x664.png 1024w, https:\/\/wp.unil.ch\/connaissance3\/files\/2024\/03\/U3_Plaidoyer-180x117.png 180w, https:\/\/wp.unil.ch\/connaissance3\/files\/2024\/03\/U3_Plaidoyer-768x498.png 768w\" sizes=\"auto, (max-width: 1080px) 100vw, 1080px\" \/><\/figure>\n\n\n\n<p><strong>Connaissance 3 s&rsquo;implique dans la F\u00e9d\u00e9ration suisse des universit\u00e9s des seniors, aussi appel\u00e9e U3 Suisse. Depuis novembre 2022, Jacques Lanar\u00e8s, pr\u00e9sident de Connaissance 3, y assure notamment la co-pr\u00e9sidence.<\/strong><\/p>\n\n\n\n<h2 class=\"wp-block-heading\"><mark style=\"background-color:#ffffff;color:#00acc8\" class=\"has-inline-color\">L&rsquo;U3 Suisse en bref<\/mark><\/h2>\n\n\n\n<p>L\u2019U3 Suisse est l\u2019organisation fa\u00eeti\u00e8re des neuf universit\u00e9s suisses des seniors: B\u00e2le, Berne (section germanophone), Berne (section francophone), Gen\u00e8ve, Lucerne, Neuch\u00e2tel, Tessin, Vaud et Zurich. Au total, celles-ci comptent plus de 16\u2019000 membres et proposent quelque 1\u2019000 conf\u00e9rences et s\u00e9minaires chaque ann\u00e9e.<\/p>\n\n\n\n<p>L\u2019objectif principal de l&rsquo;association fa\u00eeti\u00e8re est d&rsquo;offrir une formation de haut niveau ind\u00e9pendante et innovant \u00e0 l\u2019ensemble des citoyennes et des citoyens au-del\u00e0 de l&rsquo;\u00e2ge de la retraite. Elle a \u00e9galement pour but de favoriser les \u00e9changes d\u2019exp\u00e9riences entre ses membres.&nbsp;Assumant un r\u00f4le de moteur, U3 Suisse fait circuler des id\u00e9es et des initiatives et lance des projets pour d\u00e9velopper les universit\u00e9s des seniors et mieux r\u00e9pondre aux attentes de leur public<strong><em>.<\/em><\/strong><\/p>\n\n\n\n<div class=\"wp-block-buttons is-content-justification-center is-layout-flex wp-container-core-buttons-is-layout-16018d1d wp-block-buttons-is-layout-flex\">\n<div class=\"wp-block-button\"><a class=\"wp-block-button__link has-background wp-element-button\" href=\"https:\/\/www.uni-3.ch\/fr\/visionmission\" style=\"background-color:#00acc8\" target=\"_blank\" rel=\"noreferrer noopener\">Plus d&rsquo;informations<\/a><\/div>\n<\/div>\n<\/div><\/div>\n\n\n\n<div class=\"wp-block-group is-nowrap is-layout-flex wp-container-core-group-is-layout-ad2f72ca wp-block-group-is-layout-flex\">\n<div class=\"wp-block-columns is-layout-flex wp-container-core-columns-is-layout-9d6595d7 wp-block-columns-is-layout-flex\">\n<div class=\"wp-block-column is-layout-flow wp-block-column-is-layout-flow\" style=\"flex-basis:100%\">\n<h3 class=\"wp-block-heading has-text-align-left\"><br><mark style=\"background-color:#ffffff;color:#00acc8\" class=\"has-inline-color\">Jeudi 15 mai 2025 : Assembl\u00e9e g\u00e9n\u00e9rale des Universit\u00e9s des seniors (U3)<\/mark><\/h3>\n\n\n\n<p>C&rsquo;est lors de l&rsquo;ouverture de l&rsquo;Assembl\u00e9e g\u00e9n\u00e9ral d&rsquo;U3, et apr\u00e8s un accueil chaleureux des co-pr\u00e9sidents, dont Jacques Lanar\u00e8s, pr\u00e9sident de Connaissance 3, que Madame la conseill\u00e8re d&rsquo;\u00c9tat Marina Carobbio Guscetti a pris la parole. Le point cl\u00e9 de son discours : rendre visibles les aspects de la formation et de la culture concernant les seniors, car trop souvent, seuls les th\u00e8mes sanitaires et sociaux sont \u00e9voqu\u00e9s \u00e0 leurs \u00e9gards. L&rsquo;engagement des U3 anticipe cette probl\u00e9matique et assure un vieillissement en sant\u00e9.<br><br>La Radiot\u00e9l\u00e9visione svizzera (RSI) \u00e9tait pr\u00e9sente et \u00e0 cette occasion a film\u00e9 un reportage de qualit\u00e9 disponible ici: <kbd>\"<\/kbd><a href=\"https:\/\/www.rsi.ch\/play\/tv\/-\/video\/-?urn=urn:rsi:video:2832434\">L&rsquo;universit\u00e9 du troisi\u00e8me \u00e2ge \u00e0 la recherche de fonds<\/a><kbd>\"<\/kbd>.<br><br><\/p>\n<\/div>\n<\/div>\n\n\n\n<p><\/p>\n<\/div>\n\n\n\n<div class=\"wp-block-columns is-layout-flex wp-container-core-columns-is-layout-9d6595d7 wp-block-columns-is-layout-flex\">\n<div class=\"wp-block-column is-layout-flow wp-block-column-is-layout-flow\" style=\"flex-basis:33.33%\">\n<div class=\"su-note\"  style=\"border-color:#e5e5e5;border-radius:13px;-moz-border-radius:13px;-webkit-border-radius:13px;\"><div class=\"su-note-inner su-u-clearfix su-u-trim\" style=\"background-color:#ffffff;border-color:#ffffff;color:#333333;border-radius:13px;-moz-border-radius:13px;-webkit-border-radius:13px;\">\n\n\n\n<p><strong>Lire l&rsquo;article:<\/strong><\/p>\n\n\n<div class=\"wp-block-image\">\n<figure class=\"aligncenter size-large is-resized\"><a href=\"https:\/\/wp.unil.ch\/connaissance3\/2023\/11\/consultation-federale-uni3-se-mobilise-pour-la-formation-tout-au-long-de-la-vie\/\" target=\"_blank\" rel=\"noreferrer noopener\"><img alt=\"\" loading=\"lazy\" decoding=\"async\" width=\"1024\" height=\"692\" src=\"https:\/\/wp.unil.ch\/connaissance3\/files\/2024\/03\/Confederation-plaidoyer-U3-actu-1-1024x692.png\" alt=\"\" class=\"wp-image-27704\" style=\"width:250px\" srcset=\"https:\/\/wp.unil.ch\/connaissance3\/files\/2024\/03\/Confederation-plaidoyer-U3-actu-1-1024x692.png 1024w, https:\/\/wp.unil.ch\/connaissance3\/files\/2024\/03\/Confederation-plaidoyer-U3-actu-1-300x203.png 300w, https:\/\/wp.unil.ch\/connaissance3\/files\/2024\/03\/Confederation-plaidoyer-U3-actu-1-180x122.png 180w, https:\/\/wp.unil.ch\/connaissance3\/files\/2024\/03\/Confederation-plaidoyer-U3-actu-1-768x519.png 768w, https:\/\/wp.unil.ch\/connaissance3\/files\/2024\/03\/Confederation-plaidoyer-U3-actu-1.png 1080w\" sizes=\"auto, (max-width: 1024px) 100vw, 1024px\" \/><\/a><\/figure>\n<\/div>\n\n\n<p class=\"has-text-align-center\" style=\"font-size:12px\"><strong><a href=\"https:\/\/wp.unil.ch\/connaissance3\/2023\/11\/consultation-federale-uni3-se-mobilise-pour-la-formation-tout-au-long-de-la-vie\/\" target=\"_blank\" rel=\"noreferrer noopener\">Consultation f\u00e9d\u00e9rale: U3 Suisse se mobilise pour la formation tout au long de la vie<\/a><\/strong><\/p>\n\n\n\n<\/div><\/div>\n<\/div>\n\n\n\n<div class=\"wp-block-column is-layout-flow wp-block-column-is-layout-flow\" style=\"flex-basis:66.66%\">\n<h3 class=\"wp-block-heading\"><mark style=\"background-color:#ffffff;color:#00acc8\" class=\"has-inline-color\">Prise de position aupr\u00e8s du SEFRI<\/mark><\/h3>\n\n\n\n<p>En juin 2023, le Conseil f\u00e9d\u00e9ral a mis en consultation le message relatif \u00e0 l\u2019encouragement de la formation, de la recherche et de l\u2019innovation pour la p\u00e9riode 2025-2028 (<a href=\"https:\/\/www.sbfi.admin.ch\/sbfi\/fr\/home\/services\/publications\/base-de-donnees-des-publications\/s-n-2021-4\/s-n-2021-4d.html\" target=\"_blank\" rel=\"noreferrer noopener\">FRI 25-28<\/a>). Dans le cadre de cette consultation, U3 Suisse a profit\u00e9 de faire valoir que les d\u00e9fis de la coh\u00e9sion sociale ne s\u2019arr\u00eatant pas au seuil de la retraite, <strong>la notion d\u2019apprentissage tout au long de la vie doit inclure explicitement la formation des seniors<\/strong>. Le droit \u00e0 une formation tout au long de la vie, et notamment apr\u00e8s l\u2019\u00e2ge de la retraite, r\u00e9pond \u00e0 plusieurs objectifs: garantir l\u2019\u00e9galit\u00e9 des chances pour tous les groupes d\u2019\u00e2ge, garantir la prosp\u00e9rit\u00e9 de chacun\u00b7e en assurant la capacit\u00e9 \u00e0 faire face aux \u00e9volutions technologiques rapides ou encore pr\u00e9server la sant\u00e9, notamment la sant\u00e9 mentale. <br><a href=\"https:\/\/wp.unil.ch\/connaissance3\/2023\/11\/consultation-federale-uni3-se-mobilise-pour-la-formation-tout-au-long-de-la-vie\/\" data-type=\"post\" data-id=\"25916\" target=\"_blank\" rel=\"noreferrer noopener\"><em> Plus d&rsquo;informations sur cette prise de position<\/em><\/a><\/p>\n<\/div>\n<\/div>\n\n\n\n<hr class=\"wp-block-separator has-alpha-channel-opacity is-style-wide\" \/>\n\n\n\n<div class=\"wp-block-columns is-layout-flex wp-container-core-columns-is-layout-9d6595d7 wp-block-columns-is-layout-flex\">\n<div class=\"wp-block-column is-layout-flow wp-block-column-is-layout-flow\" style=\"flex-basis:66.66%\">\n<h3 class=\"wp-block-heading\" id=\"charte65+\"><mark style=\"background-color:#ffffff;color:#00acc8\" class=\"has-inline-color\">Charte Suisse Formation 65+<\/mark><\/h3>\n\n\n\n<p>Avec d&rsquo;autres structures de formations et\/ou d\u00e9fendant les droits des seniors, U3 Suisse a constitu\u00e9 une alliance afin de promouvoir la formation r\u00e9ellement \u00ab\u00a0tout au long de la vie\u00a0\u00bb. Car permettre aux seniors de conserver et de d\u00e9velopper leurs comp\u00e9tences et leur sens critique dans un monde en constante mutation est une n\u00e9cessit\u00e9 \u00e0 l\u2019heure o\u00f9 les personnes de plus de 65 ans repr\u00e9sentent un quart de la population suisse. Loin d\u2019un simple loisir, offrir une formation aux seniors permet:<\/p>\n\n\n\n<ul class=\"wp-block-list\">\n<li>de lutter contre les effets de l\u2019\u00e2ge en stimulant la r\u00e9flexion et la cr\u00e9ativit\u00e9 intellectuelle;<\/li>\n\n\n\n<li>d\u2019encourager une int\u00e9gration sociale dans un environnement qui favorise l\u2019\u00e9coute et la reconnaissance du r\u00f4le des a\u00een\u00e9\u00b7es&nbsp;;<\/li>\n\n\n\n<li>de participer au maintien d\u2019une vie citoyenne concern\u00e9e et \u00e9clair\u00e9e, en permettant aux retrait\u00e9\u00b7es de demeurer \u00e0 m\u00eame de comprendre un monde qui bouge de plus en plus vite et d\u2019en rester actrices et acteurs.<\/li>\n<\/ul>\n\n\n\n<p>Une charte est n\u00e9e en janvier 2024 qui constitue la base d\u2019une large alliance s&rsquo;engageant pour que des ressources accrues soient allou\u00e9es \u00e0 ce secteur de formation. Les institutions signataires ont \u00e9galement pour but de cr\u00e9er une plateforme d&rsquo;\u00e9changes autour de la formation tout au long de la vie et de d\u00e9velopper des instruments didactiques pour les personnes de plus de 65 ans, r\u00e9pondant ainsi au mieux \u00e0 leurs besoins.<\/p>\n<\/div>\n\n\n\n<div class=\"wp-block-column is-layout-flow wp-block-column-is-layout-flow\" style=\"flex-basis:33.33%\"><div class=\"wp-block-image\">\n<figure class=\"aligncenter size-large is-resized\"><a href=\"https:\/\/wp.unil.ch\/connaissance3\/files\/2024\/10\/CharteSuisseFormation65_FR.pdf\" target=\"_blank\" rel=\"noreferrer noopener\"><img alt=\"\" loading=\"lazy\" decoding=\"async\" width=\"723\" height=\"1024\" src=\"https:\/\/wp.unil.ch\/connaissance3\/files\/2024\/10\/Charte-65-723x1024.png\" alt=\"\" class=\"wp-image-29397\" style=\"width:245px;height:auto\" srcset=\"https:\/\/wp.unil.ch\/connaissance3\/files\/2024\/10\/Charte-65-723x1024.png 723w, https:\/\/wp.unil.ch\/connaissance3\/files\/2024\/10\/Charte-65-212x300.png 212w, https:\/\/wp.unil.ch\/connaissance3\/files\/2024\/10\/Charte-65-127x180.png 127w, https:\/\/wp.unil.ch\/connaissance3\/files\/2024\/10\/Charte-65-768x1087.png 768w, https:\/\/wp.unil.ch\/connaissance3\/files\/2024\/10\/Charte-65-1085x1536.png 1085w, https:\/\/wp.unil.ch\/connaissance3\/files\/2024\/10\/Charte-65-1320x1869.png 1320w, https:\/\/wp.unil.ch\/connaissance3\/files\/2024\/10\/Charte-65.png 1424w\" sizes=\"auto, (max-width: 723px) 100vw, 723px\" \/><\/a><\/figure>\n<\/div>\n\n\n<div style=\"height:45px\" aria-hidden=\"true\" class=\"wp-block-spacer\"><\/div>\n\n\n\n<div class=\"wp-block-buttons is-content-justification-center is-layout-flex wp-container-core-buttons-is-layout-16018d1d wp-block-buttons-is-layout-flex\">\n<div class=\"wp-block-button\"><a class=\"wp-block-button__link has-background wp-element-button\" href=\"https:\/\/formation65plus.ch\/\" style=\"background-color:#00acc8\" target=\"_blank\" rel=\"noreferrer noopener\">Plus d&rsquo;informations<\/a><\/div>\n<\/div>\n<\/div>\n<\/div>\n\n\n\n<div style=\"height:66px\" aria-hidden=\"true\" class=\"wp-block-spacer\"><\/div>\n\n\n\n<div class=\"su-note\"  style=\"border-color:#e5e5e5;border-radius:13px;-moz-border-radius:13px;-webkit-border-radius:13px;\"><div class=\"su-note-inner su-u-clearfix su-u-trim\" style=\"background-color:#ffffff;border-color:#ffffff;color:#333333;border-radius:13px;-moz-border-radius:13px;-webkit-border-radius:13px;\">\n\n\n\n<h2 class=\"wp-block-heading has-text-color has-link-color wp-elements-9d90d5f7933be1e84ce57cbe270230a9\" style=\"color:#00acc8\">Le r\u00f4le de Connaissance 3<\/h2>\n\n\n\n<p><strong>Dans ce cadre, Connaissance 3 s&rsquo;allie aux autres universit\u00e9s des seniors pour d\u00e9fendre, sur le plan national, l&rsquo;importance de soutenir la formation tout au long de la vie, m\u00eame apr\u00e8s l&rsquo;\u00e2ge de la retraite. <\/strong><strong> <\/strong><\/p>\n\n\n\n<p><strong>Cet engagement s&rsquo;est notamment exprim\u00e9 par la diffusion d&rsquo;une enqu\u00eate nationale aupr\u00e8s des participant\u00b7es aux activit\u00e9s de la fondation en mai 2023. S&rsquo;int\u00e9ressant \u00e0 la formation des personnes de plus de 65 ans, \u00e0 leurs int\u00e9r\u00eats et \u00e0 leur utilisation des outils informatiques pour se former, les r\u00e9sultats de cette enqu\u00eate ont pour but d&rsquo;alimenter le plaidoyer en faveur de la formation tout au long de la vie en s&rsquo;appuyant sur des analyses concr\u00e8tes. Connaissance 3 a collect\u00e9 quelques 450 r\u00e9ponses. Les r\u00e9sultats nationaux (tous cantons confondus) sont disponibles <a href=\"https:\/\/www.uni-3.ch\/images\/pdf\/U3-Befragung_Bericht_2023\/U3_rapport_enquete_23_francais.pdf\" target=\"_blank\" rel=\"noreferrer noopener\">en ligne<\/a>. Un rapport sp\u00e9cifique pour le canton de Vaud est en court de r\u00e9daction et sera diffus\u00e9 sur ce site afin d&rsquo;alimenter \u00e9galement le plaidoyer cantonal.<\/strong><\/p>\n\n\n\n<\/div><\/div>\n\n\n\n<div class=\"wp-block-buttons is-content-justification-center is-layout-flex wp-container-core-buttons-is-layout-16018d1d wp-block-buttons-is-layout-flex\">\n<div class=\"wp-block-button\"><a class=\"wp-block-button__link has-background wp-element-button\" href=\"https:\/\/wp.unil.ch\/connaissance3\/plaidoyer\/\" style=\"background-color:#00acc8\">Retourner sur la page plaidoyer<\/a><\/div>\n<\/div>\n","protected":false},"excerpt":{"rendered":"<p>Connaissance 3 s&rsquo;implique dans la F\u00e9d\u00e9ration suisse des universit\u00e9s des seniors, aussi appel\u00e9e U3 Suisse. Depuis novembre 2022, Jacques Lanar\u00e8s, pr\u00e9sident de Connaissance 3, y assure notamment la co-pr\u00e9sidence. L&rsquo;U3 Suisse en bref L\u2019U3 Suisse est l\u2019organisation fa\u00eeti\u00e8re des neuf<\/p>\n","protected":false},"author":1136,"featured_media":0,"parent":27577,"menu_order":3,"comment_status":"closed","ping_status":"closed","template":"","meta":{"_seopress_robots_primary_cat":"","_seopress_titles_title":"","_seopress_titles_desc":"","_seopress_robots_index":"","footnotes":""},"class_list":["post-27816","page","type-page","status-publish"],"_links":{"self":[{"href":"https:\/\/wp.unil.ch\/connaissance3\/wp-json\/wp\/v2\/pages\/27816","targetHints":{"allow":["GET"]}}],"collection":[{"href":"https:\/\/wp.unil.ch\/connaissance3\/wp-json\/wp\/v2\/pages"}],"about":[{"href":"https:\/\/wp.unil.ch\/connaissance3\/wp-json\/wp\/v2\/types\/page"}],"author":[{"embeddable":true,"href":"https:\/\/wp.unil.ch\/connaissance3\/wp-json\/wp\/v2\/users\/1136"}],"replies":[{"embeddable":true,"href":"https:\/\/wp.unil.ch\/connaissance3\/wp-json\/wp\/v2\/comments?post=27816"}],"version-history":[{"count":4,"href":"https:\/\/wp.unil.ch\/connaissance3\/wp-json\/wp\/v2\/pages\/27816\/revisions"}],"predecessor-version":[{"id":30635,"href":"https:\/\/wp.unil.ch\/connaissance3\/wp-json\/wp\/v2\/pages\/27816\/revisions\/30635"}],"up":[{"embeddable":true,"href":"https:\/\/wp.unil.ch\/connaissance3\/wp-json\/wp\/v2\/pages\/27577"}],"wp:attachment":[{"href":"https:\/\/wp.unil.ch\/connaissance3\/wp-json\/wp\/v2\/media?parent=27816"}],"curies":[{"name":"wp","href":"https:\/\/api.w.org\/{rel}","templated":true}]}}