{"id":27814,"date":"2024-04-17T12:56:06","date_gmt":"2024-04-17T10:56:06","guid":{"rendered":"https:\/\/wp.unil.ch\/connaissance3\/?page_id=27814"},"modified":"2025-06-20T13:36:19","modified_gmt":"2025-06-20T11:36:19","slug":"agoravaud","status":"publish","type":"page","link":"https:\/\/wp.unil.ch\/connaissance3\/plaidoyer\/agoravaud\/","title":{"rendered":"Agora Vaud: la plateforme cantonale pour porter la voix des seniors"},"content":{"rendered":"\n<div class=\"wp-block-group\"><div class=\"wp-block-group__inner-container is-layout-constrained wp-block-group-is-layout-constrained\">\n<figure class=\"wp-block-image size-full is-resized\"><a href=\"https:\/\/agoravaud.ch\"><img alt=\"\" loading=\"lazy\" decoding=\"async\" width=\"1080\" height=\"700\" src=\"https:\/\/wp.unil.ch\/connaissance3\/files\/2024\/03\/AgoraVaud_plaidoyer.png\" alt=\"\" class=\"wp-image-27617\" style=\"width:300px\" srcset=\"https:\/\/wp.unil.ch\/connaissance3\/files\/2024\/03\/AgoraVaud_plaidoyer.png 1080w, https:\/\/wp.unil.ch\/connaissance3\/files\/2024\/03\/AgoraVaud_plaidoyer-300x194.png 300w, https:\/\/wp.unil.ch\/connaissance3\/files\/2024\/03\/AgoraVaud_plaidoyer-1024x664.png 1024w, https:\/\/wp.unil.ch\/connaissance3\/files\/2024\/03\/AgoraVaud_plaidoyer-180x117.png 180w, https:\/\/wp.unil.ch\/connaissance3\/files\/2024\/03\/AgoraVaud_plaidoyer-768x498.png 768w\" sizes=\"auto, (max-width: 1080px) 100vw, 1080px\" \/><\/a><\/figure>\n\n\n\n<p><strong>Connaissance 3 est membre active de la plateforme cantonale <a href=\"https:\/\/agoravaud.ch\/\" target=\"_blank\" rel=\"noreferrer noopener\">Agora Vaud<\/a>, en compagnie de plus d&rsquo;une vingtaine d&rsquo;autres organisations. Patricia Dubois, secr\u00e9taire g\u00e9n\u00e9rale de Connaissance 3, y a notamment jou\u00e9 le r\u00f4le de co-pr\u00e9sidente jusqu&rsquo;en novembre 2024. Sa motivation pour avoir accept\u00e9 cette fonction repose sur sa conviction qu&rsquo;il est n\u00e9cessaire de \u00ab\u00a0porter la voix des seniors, regrouper les initiatives de la soci\u00e9t\u00e9 civile et influencer les politiques publiques cantonales\u00a0\u00bb.<\/strong><\/p>\n\n\n\n<div style=\"height:46px\" aria-hidden=\"true\" class=\"wp-block-spacer\"><\/div>\n\n\n\n<h2 class=\"wp-block-heading\"><mark style=\"background-color:#ffffff;color:#00acc8\" class=\"has-inline-color\">Agora Vaud en bref<\/mark><\/h2>\n\n\n\n<p>Agora Vaud est une plateforme qui r\u00e9unit des acteurs du r\u00e9seau seniors dans le but de favoriser les rencontres et les synergies entre ses membres, d\u2019inciter au dialogue et de renforcer les collaborations. Elle soutient le d\u00e9veloppement de prestations sociales d\u00e9di\u00e9es au bien-vieillir dans le canton de Vaud et porte \u00e0 la connaissance des autorit\u00e9s cantonales et communales les r\u00e9alit\u00e9s du terrain.<\/p>\n\n\n\n<p>Inspir\u00e9e de sa grande s\u0153ur <a href=\"https:\/\/www.plateformeseniors.ch\/\" target=\"_blank\" rel=\"noreferrer noopener\">Plateforme du r\u00e9seau seniors genevois<\/a>, Agora Vaud regroupe plus de <a href=\"https:\/\/agoravaud.ch\/membres\/\" target=\"_blank\" rel=\"noreferrer noopener\">25 organisations<\/a> \u0153uvrant pour le maintien et l\u2019am\u00e9lioration de la qualit\u00e9 de vie des seniors du canton de Vaud et de leurs proches.<\/p>\n\n\n\n<h3 class=\"wp-block-heading\">Ses missions:<\/h3>\n\n\n\n<div class=\"wp-block-group\"><div class=\"wp-block-group__inner-container is-layout-constrained wp-block-group-is-layout-constrained\">\n<div class=\"wp-block-group is-content-justification-center is-layout-flex wp-container-core-group-is-layout-64b26803 wp-block-group-is-layout-flex\">\n<figure data-wp-context=\"{&quot;imageId&quot;:&quot;69e4f5d1a0e53&quot;}\" data-wp-interactive=\"core\/image\" data-wp-key=\"69e4f5d1a0e53\" class=\"wp-block-image size-large is-resized is-style-default wp-lightbox-container\"><img alt=\"\" loading=\"lazy\" decoding=\"async\" width=\"773\" height=\"1024\" data-wp-class--hide=\"state.isContentHidden\" data-wp-class--show=\"state.isContentVisible\" data-wp-init=\"callbacks.setButtonStyles\" data-wp-on--click=\"actions.showLightbox\" data-wp-on--load=\"callbacks.setButtonStyles\" data-wp-on-window--resize=\"callbacks.setButtonStyles\" src=\"https:\/\/wp.unil.ch\/connaissance3\/files\/2024\/04\/AgoraVaud-reunir-1-1-773x1024.png\" alt=\"\" class=\"wp-image-27856\" style=\"width:180px\" srcset=\"https:\/\/wp.unil.ch\/connaissance3\/files\/2024\/04\/AgoraVaud-reunir-1-1-773x1024.png 773w, https:\/\/wp.unil.ch\/connaissance3\/files\/2024\/04\/AgoraVaud-reunir-1-1-226x300.png 226w, https:\/\/wp.unil.ch\/connaissance3\/files\/2024\/04\/AgoraVaud-reunir-1-1-136x180.png 136w, https:\/\/wp.unil.ch\/connaissance3\/files\/2024\/04\/AgoraVaud-reunir-1-1-768x1018.png 768w, https:\/\/wp.unil.ch\/connaissance3\/files\/2024\/04\/AgoraVaud-reunir-1-1.png 1082w\" sizes=\"auto, (max-width: 773px) 100vw, 773px\" \/><button\n\t\t\tclass=\"lightbox-trigger\"\n\t\t\ttype=\"button\"\n\t\t\taria-haspopup=\"dialog\"\n\t\t\taria-label=\"Enlarge\"\n\t\t\tdata-wp-init=\"callbacks.initTriggerButton\"\n\t\t\tdata-wp-on--click=\"actions.showLightbox\"\n\t\t\tdata-wp-style--right=\"state.imageButtonRight\"\n\t\t\tdata-wp-style--top=\"state.imageButtonTop\"\n\t\t>\n\t\t\t<svg xmlns=\"http:\/\/www.w3.org\/2000\/svg\" width=\"12\" height=\"12\" fill=\"none\" viewBox=\"0 0 12 12\">\n\t\t\t\t<path fill=\"#fff\" d=\"M2 0a2 2 0 0 0-2 2v2h1.5V2a.5.5 0 0 1 .5-.5h2V0H2Zm2 10.5H2a.5.5 0 0 1-.5-.5V8H0v2a2 2 0 0 0 2 2h2v-1.5ZM8 12v-1.5h2a.5.5 0 0 0 .5-.5V8H12v2a2 2 0 0 1-2 2H8Zm2-12a2 2 0 0 1 2 2v2h-1.5V2a.5.5 0 0 0-.5-.5H8V0h2Z\" \/>\n\t\t\t<\/svg>\n\t\t<\/button><\/figure>\n\n\n\n<figure data-wp-context=\"{&quot;imageId&quot;:&quot;69e4f5d1a3c29&quot;}\" data-wp-interactive=\"core\/image\" data-wp-key=\"69e4f5d1a3c29\" class=\"wp-block-image size-large is-resized wp-lightbox-container\"><img alt=\"\" loading=\"lazy\" decoding=\"async\" width=\"769\" height=\"1024\" data-wp-class--hide=\"state.isContentHidden\" data-wp-class--show=\"state.isContentVisible\" data-wp-init=\"callbacks.setButtonStyles\" data-wp-on--click=\"actions.showLightbox\" data-wp-on--load=\"callbacks.setButtonStyles\" data-wp-on-window--resize=\"callbacks.setButtonStyles\" src=\"https:\/\/wp.unil.ch\/connaissance3\/files\/2024\/04\/AgoraVaud-promouvoir-2-769x1024.png\" alt=\"\" class=\"wp-image-27852\" style=\"width:180px\" srcset=\"https:\/\/wp.unil.ch\/connaissance3\/files\/2024\/04\/AgoraVaud-promouvoir-2-769x1024.png 769w, https:\/\/wp.unil.ch\/connaissance3\/files\/2024\/04\/AgoraVaud-promouvoir-2-225x300.png 225w, https:\/\/wp.unil.ch\/connaissance3\/files\/2024\/04\/AgoraVaud-promouvoir-2-135x180.png 135w, https:\/\/wp.unil.ch\/connaissance3\/files\/2024\/04\/AgoraVaud-promouvoir-2-768x1023.png 768w, https:\/\/wp.unil.ch\/connaissance3\/files\/2024\/04\/AgoraVaud-promouvoir-2.png 1074w\" sizes=\"auto, (max-width: 769px) 100vw, 769px\" \/><button\n\t\t\tclass=\"lightbox-trigger\"\n\t\t\ttype=\"button\"\n\t\t\taria-haspopup=\"dialog\"\n\t\t\taria-label=\"Enlarge\"\n\t\t\tdata-wp-init=\"callbacks.initTriggerButton\"\n\t\t\tdata-wp-on--click=\"actions.showLightbox\"\n\t\t\tdata-wp-style--right=\"state.imageButtonRight\"\n\t\t\tdata-wp-style--top=\"state.imageButtonTop\"\n\t\t>\n\t\t\t<svg xmlns=\"http:\/\/www.w3.org\/2000\/svg\" width=\"12\" height=\"12\" fill=\"none\" viewBox=\"0 0 12 12\">\n\t\t\t\t<path fill=\"#fff\" d=\"M2 0a2 2 0 0 0-2 2v2h1.5V2a.5.5 0 0 1 .5-.5h2V0H2Zm2 10.5H2a.5.5 0 0 1-.5-.5V8H0v2a2 2 0 0 0 2 2h2v-1.5ZM8 12v-1.5h2a.5.5 0 0 0 .5-.5V8H12v2a2 2 0 0 1-2 2H8Zm2-12a2 2 0 0 1 2 2v2h-1.5V2a.5.5 0 0 0-.5-.5H8V0h2Z\" \/>\n\t\t\t<\/svg>\n\t\t<\/button><\/figure>\n\n\n\n<figure data-wp-context=\"{&quot;imageId&quot;:&quot;69e4f5d1a623f&quot;}\" data-wp-interactive=\"core\/image\" data-wp-key=\"69e4f5d1a623f\" class=\"wp-block-image size-large is-resized wp-lightbox-container\"><img alt=\"\" loading=\"lazy\" decoding=\"async\" width=\"777\" height=\"1024\" data-wp-class--hide=\"state.isContentHidden\" data-wp-class--show=\"state.isContentVisible\" data-wp-init=\"callbacks.setButtonStyles\" data-wp-on--click=\"actions.showLightbox\" data-wp-on--load=\"callbacks.setButtonStyles\" data-wp-on-window--resize=\"callbacks.setButtonStyles\" src=\"https:\/\/wp.unil.ch\/connaissance3\/files\/2024\/04\/AgoraVaud-communiquer-3-777x1024.png\" alt=\"\" class=\"wp-image-27853\" style=\"width:180px\" srcset=\"https:\/\/wp.unil.ch\/connaissance3\/files\/2024\/04\/AgoraVaud-communiquer-3-777x1024.png 777w, https:\/\/wp.unil.ch\/connaissance3\/files\/2024\/04\/AgoraVaud-communiquer-3-228x300.png 228w, https:\/\/wp.unil.ch\/connaissance3\/files\/2024\/04\/AgoraVaud-communiquer-3-137x180.png 137w, https:\/\/wp.unil.ch\/connaissance3\/files\/2024\/04\/AgoraVaud-communiquer-3-768x1013.png 768w, https:\/\/wp.unil.ch\/connaissance3\/files\/2024\/04\/AgoraVaud-communiquer-3.png 1080w\" sizes=\"auto, (max-width: 777px) 100vw, 777px\" \/><button\n\t\t\tclass=\"lightbox-trigger\"\n\t\t\ttype=\"button\"\n\t\t\taria-haspopup=\"dialog\"\n\t\t\taria-label=\"Enlarge\"\n\t\t\tdata-wp-init=\"callbacks.initTriggerButton\"\n\t\t\tdata-wp-on--click=\"actions.showLightbox\"\n\t\t\tdata-wp-style--right=\"state.imageButtonRight\"\n\t\t\tdata-wp-style--top=\"state.imageButtonTop\"\n\t\t>\n\t\t\t<svg xmlns=\"http:\/\/www.w3.org\/2000\/svg\" width=\"12\" height=\"12\" fill=\"none\" viewBox=\"0 0 12 12\">\n\t\t\t\t<path fill=\"#fff\" d=\"M2 0a2 2 0 0 0-2 2v2h1.5V2a.5.5 0 0 1 .5-.5h2V0H2Zm2 10.5H2a.5.5 0 0 1-.5-.5V8H0v2a2 2 0 0 0 2 2h2v-1.5ZM8 12v-1.5h2a.5.5 0 0 0 .5-.5V8H12v2a2 2 0 0 1-2 2H8Zm2-12a2 2 0 0 1 2 2v2h-1.5V2a.5.5 0 0 0-.5-.5H8V0h2Z\" \/>\n\t\t\t<\/svg>\n\t\t<\/button><\/figure>\n\n\n\n<figure data-wp-context=\"{&quot;imageId&quot;:&quot;69e4f5d1a7a0f&quot;}\" data-wp-interactive=\"core\/image\" data-wp-key=\"69e4f5d1a7a0f\" class=\"wp-block-image size-large is-resized wp-lightbox-container\"><img alt=\"\" loading=\"lazy\" decoding=\"async\" width=\"770\" height=\"1024\" data-wp-class--hide=\"state.isContentHidden\" data-wp-class--show=\"state.isContentVisible\" data-wp-init=\"callbacks.setButtonStyles\" data-wp-on--click=\"actions.showLightbox\" data-wp-on--load=\"callbacks.setButtonStyles\" data-wp-on-window--resize=\"callbacks.setButtonStyles\" src=\"https:\/\/wp.unil.ch\/connaissance3\/files\/2024\/04\/AgoraVaud-soutenir-4-770x1024.png\" alt=\"\" class=\"wp-image-27854\" style=\"width:180px\" srcset=\"https:\/\/wp.unil.ch\/connaissance3\/files\/2024\/04\/AgoraVaud-soutenir-4-770x1024.png 770w, https:\/\/wp.unil.ch\/connaissance3\/files\/2024\/04\/AgoraVaud-soutenir-4-226x300.png 226w, https:\/\/wp.unil.ch\/connaissance3\/files\/2024\/04\/AgoraVaud-soutenir-4-135x180.png 135w, https:\/\/wp.unil.ch\/connaissance3\/files\/2024\/04\/AgoraVaud-soutenir-4-768x1022.png 768w, https:\/\/wp.unil.ch\/connaissance3\/files\/2024\/04\/AgoraVaud-soutenir-4.png 1066w\" sizes=\"auto, (max-width: 770px) 100vw, 770px\" \/><button\n\t\t\tclass=\"lightbox-trigger\"\n\t\t\ttype=\"button\"\n\t\t\taria-haspopup=\"dialog\"\n\t\t\taria-label=\"Enlarge\"\n\t\t\tdata-wp-init=\"callbacks.initTriggerButton\"\n\t\t\tdata-wp-on--click=\"actions.showLightbox\"\n\t\t\tdata-wp-style--right=\"state.imageButtonRight\"\n\t\t\tdata-wp-style--top=\"state.imageButtonTop\"\n\t\t>\n\t\t\t<svg xmlns=\"http:\/\/www.w3.org\/2000\/svg\" width=\"12\" height=\"12\" fill=\"none\" viewBox=\"0 0 12 12\">\n\t\t\t\t<path fill=\"#fff\" d=\"M2 0a2 2 0 0 0-2 2v2h1.5V2a.5.5 0 0 1 .5-.5h2V0H2Zm2 10.5H2a.5.5 0 0 1-.5-.5V8H0v2a2 2 0 0 0 2 2h2v-1.5ZM8 12v-1.5h2a.5.5 0 0 0 .5-.5V8H12v2a2 2 0 0 1-2 2H8Zm2-12a2 2 0 0 1 2 2v2h-1.5V2a.5.5 0 0 0-.5-.5H8V0h2Z\" \/>\n\t\t\t<\/svg>\n\t\t<\/button><\/figure>\n<\/div>\n<\/div><\/div>\n\n\n\n<div class=\"wp-block-buttons is-content-justification-center is-layout-flex wp-container-core-buttons-is-layout-16018d1d wp-block-buttons-is-layout-flex\">\n<div class=\"wp-block-button\"><a class=\"wp-block-button__link has-background wp-element-button\" href=\"https:\/\/agoravaud.ch\/wp-content\/uploads\/2025\/05\/Flyer_A5_VDEF_Web.pdf\" style=\"background-color:#00acc8\" target=\"_blank\" rel=\"noreferrer noopener\">Flyer institutionnel<\/a><\/div>\n<\/div>\n<\/div><\/div>\n\n\n\n<div style=\"height:66px\" aria-hidden=\"true\" class=\"wp-block-spacer\"><\/div>\n\n\n\n<div class=\"su-note\"  style=\"border-color:#e5e5e5;border-radius:13px;-moz-border-radius:13px;-webkit-border-radius:13px;\"><div class=\"su-note-inner su-u-clearfix su-u-trim\" style=\"background-color:#ffffff;border-color:#ffffff;color:#333333;border-radius:13px;-moz-border-radius:13px;-webkit-border-radius:13px;\">\n\n\n\n<h2 class=\"wp-block-heading has-text-color has-link-color wp-elements-9d90d5f7933be1e84ce57cbe270230a9\" style=\"color:#00acc8\">Le r\u00f4le de Connaissance 3<\/h2>\n\n\n\n<p><strong>Dans ce cadre, Connaissance 3 collabore avec les diff\u00e9rentes partenaires, priv\u00e9s et publics, qui \u0153uvrent pour le bien-\u00eatre des seniors vaudois. L&rsquo;objectif est de s&rsquo;unir sur des revendications communes pour pouvoir les porter ensemble sur le devant de la sc\u00e8ne politique.<\/strong><\/p>\n\n\n\n<p><strong>Dans la diversit\u00e9 des sujets d\u2019importance soutenus par les diff\u00e9rentes organisations, Connaissance 3 d\u00e9fend plus particuli\u00e8rement l\u2019acc\u00e8s \u00e0 la formation tout au long de la vie et insiste sur l\u2019importance de reconna\u00eetre le r\u00f4le actif et l\u2019engagement citoyen des personnes \u00e0 la retraite.<\/strong><\/p>\n\n\n\n<p><strong>Les seniors sont trop souvent consid\u00e9r\u00e9s sous l\u2019angle des co\u00fbts qu\u2019ils et elles occasionnent. Connaissance 3 s\u2019engage afin de montrer combien les exp\u00e9riences acquises tout au long d\u2019un parcours de vie sont autant de richesses \u00e0 valoriser et \u00e0 transmettre. Les programmes d\u2019activit\u00e9s de l\u2019Universit\u00e9 des seniors en t\u00e9moignent.<\/strong><\/p>\n\n\n\n<\/div><\/div>\n\n\n\n<div class=\"wp-block-buttons is-content-justification-center is-layout-flex wp-container-core-buttons-is-layout-16018d1d wp-block-buttons-is-layout-flex\">\n<div class=\"wp-block-button\"><a class=\"wp-block-button__link has-background wp-element-button\" href=\"https:\/\/wp.unil.ch\/connaissance3\/plaidoyer\/\" style=\"background-color:#00acc8\">Retourner sur la page plaidoyer<\/a><\/div>\n<\/div>\n","protected":false},"excerpt":{"rendered":"<p>Connaissance 3 est membre active de la plateforme cantonale Agora Vaud, en compagnie de plus d&rsquo;une vingtaine d&rsquo;autres organisations. Patricia Dubois, secr\u00e9taire g\u00e9n\u00e9rale de Connaissance 3, y a notamment jou\u00e9 le r\u00f4le de co-pr\u00e9sidente jusqu&rsquo;en novembre 2024. Sa motivation pour<\/p>\n","protected":false},"author":1136,"featured_media":0,"parent":27577,"menu_order":2,"comment_status":"closed","ping_status":"closed","template":"","meta":{"_seopress_robots_primary_cat":"","_seopress_titles_title":"","_seopress_titles_desc":"","_seopress_robots_index":"","footnotes":""},"class_list":["post-27814","page","type-page","status-publish"],"_links":{"self":[{"href":"https:\/\/wp.unil.ch\/connaissance3\/wp-json\/wp\/v2\/pages\/27814","targetHints":{"allow":["GET"]}}],"collection":[{"href":"https:\/\/wp.unil.ch\/connaissance3\/wp-json\/wp\/v2\/pages"}],"about":[{"href":"https:\/\/wp.unil.ch\/connaissance3\/wp-json\/wp\/v2\/types\/page"}],"author":[{"embeddable":true,"href":"https:\/\/wp.unil.ch\/connaissance3\/wp-json\/wp\/v2\/users\/1136"}],"replies":[{"embeddable":true,"href":"https:\/\/wp.unil.ch\/connaissance3\/wp-json\/wp\/v2\/comments?post=27814"}],"version-history":[{"count":4,"href":"https:\/\/wp.unil.ch\/connaissance3\/wp-json\/wp\/v2\/pages\/27814\/revisions"}],"predecessor-version":[{"id":30699,"href":"https:\/\/wp.unil.ch\/connaissance3\/wp-json\/wp\/v2\/pages\/27814\/revisions\/30699"}],"up":[{"embeddable":true,"href":"https:\/\/wp.unil.ch\/connaissance3\/wp-json\/wp\/v2\/pages\/27577"}],"wp:attachment":[{"href":"https:\/\/wp.unil.ch\/connaissance3\/wp-json\/wp\/v2\/media?parent=27814"}],"curies":[{"name":"wp","href":"https:\/\/api.w.org\/{rel}","templated":true}]}}