{"id":27577,"date":"2024-03-18T17:36:08","date_gmt":"2024-03-18T16:36:08","guid":{"rendered":"https:\/\/wp.unil.ch\/connaissance3\/?page_id=27577"},"modified":"2025-03-03T15:07:13","modified_gmt":"2025-03-03T14:07:13","slug":"plaidoyer","status":"publish","type":"page","link":"https:\/\/wp.unil.ch\/connaissance3\/plaidoyer\/","title":{"rendered":"Engagement citoyen et plaidoyer"},"content":{"rendered":"\n<figure class=\"wp-block-image size-large is-resized\"><img alt=\"\" loading=\"lazy\" decoding=\"async\" width=\"1024\" height=\"224\" src=\"https:\/\/wp.unil.ch\/connaissance3\/files\/2024\/03\/C3_porte-voix-1024x224.png\" alt=\"\" class=\"wp-image-27582\" style=\"width:782px;height:auto\" srcset=\"https:\/\/wp.unil.ch\/connaissance3\/files\/2024\/03\/C3_porte-voix-1024x224.png 1024w, https:\/\/wp.unil.ch\/connaissance3\/files\/2024\/03\/C3_porte-voix-300x66.png 300w, https:\/\/wp.unil.ch\/connaissance3\/files\/2024\/03\/C3_porte-voix-180x39.png 180w, https:\/\/wp.unil.ch\/connaissance3\/files\/2024\/03\/C3_porte-voix-768x168.png 768w, https:\/\/wp.unil.ch\/connaissance3\/files\/2024\/03\/C3_porte-voix-1536x337.png 1536w, https:\/\/wp.unil.ch\/connaissance3\/files\/2024\/03\/C3_porte-voix-2048x449.png 2048w, https:\/\/wp.unil.ch\/connaissance3\/files\/2024\/03\/C3_porte-voix-1320x289.png 1320w\" sizes=\"auto, (max-width: 1024px) 100vw, 1024px\" \/><\/figure>\n\n\n\n<div style=\"height:32px\" aria-hidden=\"true\" class=\"wp-block-spacer\"><\/div>\n\n\n\n<p>Notre soci\u00e9t\u00e9 occidentale valorise la jeunesse, la performance et la rapidit\u00e9 et, bien souvent, le d\u00e9part \u00e0 la retraite sonne \u00ab\u00a0l\u2019obsolescence des seniors\u00a0\u00bb dans une soci\u00e9t\u00e9 o\u00f9 l\u2019\u00e9conomie prime. Pourtant les exp\u00e9riences acquises tout au long d\u2019un parcours de vie sont autant de richesses \u00e0 valoriser et \u00e0 transmettre. La tendance est \u00e0 la stigmatisation des seniors par le recours \u00e0 des images, des discours et des repr\u00e9sentations mettant davantage l\u2019accent sur leurs manques ou sur ce qu\u2019ils et elles ont perdu plut\u00f4t que sur leur soif de savoir, leur plaisir d\u2019apprendre, leur envie de rester des citoyens et des citoyennes actives, leur l\u00e9gitime besoin de participation et d\u2019appartenance ou encore leurs multiples comp\u00e9tences sociales et culturelles.<\/p>\n\n\n\n<p>Dans ce contexte, et au-del\u00e0 des activit\u00e9s qu&rsquo;elle propose, Connaissance 3 travaille \u00e0 se positionner en tant qu&rsquo;institution citoyenne pour porter la voix des seniors. L&rsquo;engagement citoyen est au c\u0153ur du <a href=\"https:\/\/wp.unil.ch\/connaissance3\/portrait\/publications\/programmes-strategiques\/\" target=\"_blank\" rel=\"noreferrer noopener\">programme strat\u00e9gique 2022-2027<\/a> (objectif 2) et constitue une dimension essentielle de l&rsquo;identit\u00e9 de la fondation. Son action repose sur quatre objectifs principaux:<\/p>\n\n\n\n<ul class=\"wp-block-list\">\n<li><strong>S\u2019impliquer dans le plaidoyer pour les seniors et lutter contre l&rsquo;\u00e2gisme<\/strong>: rendre visibles les comp\u00e9tences et l\u2019engagement des seniors<\/li>\n\n\n\n<li><strong>D\u00e9fendre et promouvoir le droit \u00e0 la formation tout au long de la vie<\/strong> (Lifelong Learning): apprendre pour rester int\u00e9gr\u00e9 \u00e0 un monde qui bouge<\/li>\n\n\n\n<li><strong>D\u00e9velopper les activit\u00e9s interg\u00e9n\u00e9rationnelles<\/strong>: offrir aux diff\u00e9rentes g\u00e9n\u00e9rations un lieu pour se d\u00e9couvrir et s\u2019enrichir mutuellement<\/li>\n\n\n\n<li><strong>Accro\u00eetre la collaboration avec les UNI3<\/strong> (universit\u00e9s des seniors de Suisse): travailler en r\u00e9seau pour cr\u00e9er des synergies<\/li>\n<\/ul>\n\n\n\n<div style=\"height:35px\" aria-hidden=\"true\" class=\"wp-block-spacer\"><\/div>\n\n\n\n<p><strong><mark style=\"background-color:#ffffff;color:#00acc8\" class=\"has-inline-color\">Cette implication s&rsquo;exprime dans plusieurs projets en partenariat avec des structures r\u00e9gionales, cantonales et nationales:<\/mark><\/strong><\/p>\n\n\n\n<div class=\"wp-block-columns is-layout-flex wp-container-core-columns-is-layout-9d6595d7 wp-block-columns-is-layout-flex\">\n<div class=\"wp-block-column is-vertically-aligned-center is-layout-flow wp-block-column-is-layout-flow\">\n<div class=\"su-note\"  style=\"border-color:#e5e5e5;border-radius:13px;-moz-border-radius:13px;-webkit-border-radius:13px;\"><div class=\"su-note-inner su-u-clearfix su-u-trim\" style=\"background-color:#ffffff;border-color:#ffffff;color:#8f8f8f;border-radius:13px;-moz-border-radius:13px;-webkit-border-radius:13px;\">\n\n\n\n<figure class=\"wp-block-image alignwide size-full is-style-rounded\"><a href=\"https:\/\/wp.unil.ch\/connaissance3\/vieillir2030\/\"><img alt=\"\" loading=\"lazy\" decoding=\"async\" width=\"1080\" height=\"700\" src=\"https:\/\/wp.unil.ch\/connaissance3\/files\/2024\/03\/Vieillir2030_plaidoyer.png\" alt=\"\" class=\"wp-image-27619\" srcset=\"https:\/\/wp.unil.ch\/connaissance3\/files\/2024\/03\/Vieillir2030_plaidoyer.png 1080w, https:\/\/wp.unil.ch\/connaissance3\/files\/2024\/03\/Vieillir2030_plaidoyer-300x194.png 300w, https:\/\/wp.unil.ch\/connaissance3\/files\/2024\/03\/Vieillir2030_plaidoyer-1024x664.png 1024w, https:\/\/wp.unil.ch\/connaissance3\/files\/2024\/03\/Vieillir2030_plaidoyer-180x117.png 180w, https:\/\/wp.unil.ch\/connaissance3\/files\/2024\/03\/Vieillir2030_plaidoyer-768x498.png 768w\" sizes=\"auto, (max-width: 1080px) 100vw, 1080px\" \/><\/a><\/figure>\n\n\n\n<p class=\"has-text-align-center\">Connaissance 3 s&rsquo;implique dans le processus de mise en place de la politique de vieillesse cantonale.<\/p>\n\n\n\n<div style=\"height:20px\" aria-hidden=\"true\" class=\"wp-block-spacer\"><\/div>\n\n\n\n<div class=\"wp-block-buttons is-content-justification-center is-layout-flex wp-container-core-buttons-is-layout-16018d1d wp-block-buttons-is-layout-flex\">\n<div class=\"wp-block-button\"><a class=\"wp-block-button__link has-background wp-element-button\" href=\"https:\/\/wp.unil.ch\/connaissance3\/vieillir2030\/\" style=\"background-color:#00acc8\">Voir la page<\/a><\/div>\n<\/div>\n\n\n\n<\/div><\/div>\n<\/div>\n\n\n\n<div class=\"wp-block-column is-vertically-aligned-center is-layout-flow wp-block-column-is-layout-flow\">\n<div class=\"su-note\"  style=\"border-color:#e5e5e5;border-radius:13px;-moz-border-radius:13px;-webkit-border-radius:13px;\"><div class=\"su-note-inner su-u-clearfix su-u-trim\" style=\"background-color:#ffffff;border-color:#ffffff;color:#8f8f8f;border-radius:13px;-moz-border-radius:13px;-webkit-border-radius:13px;\">\n\n\n\n<figure class=\"wp-block-image alignwide size-full is-style-rounded\"><a href=\"https:\/\/wp.unil.ch\/connaissance3\/plaidoyer\/agoravaud\/\" target=\"_blank\" rel=\"noreferrer noopener\"><img alt=\"\" loading=\"lazy\" decoding=\"async\" width=\"1080\" height=\"700\" src=\"https:\/\/wp.unil.ch\/connaissance3\/files\/2024\/03\/AgoraVaud_plaidoyer.png\" alt=\"\" class=\"wp-image-27617\" srcset=\"https:\/\/wp.unil.ch\/connaissance3\/files\/2024\/03\/AgoraVaud_plaidoyer.png 1080w, https:\/\/wp.unil.ch\/connaissance3\/files\/2024\/03\/AgoraVaud_plaidoyer-300x194.png 300w, https:\/\/wp.unil.ch\/connaissance3\/files\/2024\/03\/AgoraVaud_plaidoyer-1024x664.png 1024w, https:\/\/wp.unil.ch\/connaissance3\/files\/2024\/03\/AgoraVaud_plaidoyer-180x117.png 180w, https:\/\/wp.unil.ch\/connaissance3\/files\/2024\/03\/AgoraVaud_plaidoyer-768x498.png 768w\" sizes=\"auto, (max-width: 1080px) 100vw, 1080px\" \/><\/a><\/figure>\n\n\n\n<p class=\"has-text-align-center\">Connaissance 3 participe activement au r\u00e9seau de partenaires associatifs pour porter la voix des seniors.<\/p>\n\n\n\n<div style=\"height:20px\" aria-hidden=\"true\" class=\"wp-block-spacer\"><\/div>\n\n\n\n<div class=\"wp-block-buttons is-content-justification-center is-layout-flex wp-container-core-buttons-is-layout-16018d1d wp-block-buttons-is-layout-flex\">\n<div class=\"wp-block-button\"><a class=\"wp-block-button__link has-background wp-element-button\" href=\"https:\/\/wp.unil.ch\/connaissance3\/plaidoyer\/agoravaud\/\" style=\"background-color:#00acc8\">Voir la page<\/a><\/div>\n<\/div>\n\n\n\n<\/div><\/div>\n<\/div>\n\n\n\n<div class=\"wp-block-column is-vertically-aligned-center is-layout-flow wp-block-column-is-layout-flow\">\n<div class=\"su-note\"  style=\"border-color:#e5e5e5;border-radius:13px;-moz-border-radius:13px;-webkit-border-radius:13px;\"><div class=\"su-note-inner su-u-clearfix su-u-trim\" style=\"background-color:#ffffff;border-color:#ffffff;color:#8f8f8f;border-radius:13px;-moz-border-radius:13px;-webkit-border-radius:13px;\">\n\n\n\n<figure class=\"wp-block-image alignwide size-full is-style-rounded\"><a href=\"https:\/\/wp.unil.ch\/connaissance3\/plaidoyer\/u3-suisse\/\" target=\"_blank\" rel=\"noreferrer noopener\"><img alt=\"\" loading=\"lazy\" decoding=\"async\" width=\"1080\" height=\"700\" src=\"https:\/\/wp.unil.ch\/connaissance3\/files\/2024\/03\/U3_Plaidoyer.png\" alt=\"\" class=\"wp-image-27618\" srcset=\"https:\/\/wp.unil.ch\/connaissance3\/files\/2024\/03\/U3_Plaidoyer.png 1080w, https:\/\/wp.unil.ch\/connaissance3\/files\/2024\/03\/U3_Plaidoyer-300x194.png 300w, https:\/\/wp.unil.ch\/connaissance3\/files\/2024\/03\/U3_Plaidoyer-1024x664.png 1024w, https:\/\/wp.unil.ch\/connaissance3\/files\/2024\/03\/U3_Plaidoyer-180x117.png 180w, https:\/\/wp.unil.ch\/connaissance3\/files\/2024\/03\/U3_Plaidoyer-768x498.png 768w\" sizes=\"auto, (max-width: 1080px) 100vw, 1080px\" \/><\/a><\/figure>\n\n\n\n<p class=\"has-text-align-center\">Connaissance 3 participe au plaidoyer sur le plan national avec les autres universit\u00e9s des seniors de Suisse.<\/p>\n\n\n\n<div style=\"height:20px\" aria-hidden=\"true\" class=\"wp-block-spacer\"><\/div>\n\n\n\n<div class=\"wp-block-buttons is-content-justification-center is-layout-flex wp-container-core-buttons-is-layout-16018d1d wp-block-buttons-is-layout-flex\">\n<div class=\"wp-block-button\"><a class=\"wp-block-button__link has-background wp-element-button\" href=\"https:\/\/wp.unil.ch\/connaissance3\/plaidoyer\/u3-suisse\/\" style=\"background-color:#00acc8\">Voir la page<\/a><\/div>\n<\/div>\n\n\n\n<\/div><\/div>\n<\/div>\n<\/div>\n\n\n\n<div style=\"height:49px\" aria-hidden=\"true\" class=\"wp-block-spacer\"><\/div>\n\n\n\n<hr class=\"wp-block-separator has-alpha-channel-opacity is-style-wide\" \/>\n\n\n\n<p><strong>Retrouvez toutes nos actualit\u00e9s li\u00e9es \u00e0 nos actions de plaidoyer:<\/strong><\/p>\n\n\n\n\n<div class=\"su-posts su-posts-default-loop \">\n\n\t\n\t\t\t\t\t\n\t\t\t\n\t\t\t<div id=\"su-post-25916\" class=\"su-post \">\n\n\t\t\t\t\t\t\t\t\t<a class=\"su-post-thumbnail\" href=\"https:\/\/wp.unil.ch\/connaissance3\/2023\/11\/consultation-federale-uni3-se-mobilise-pour-la-formation-tout-au-long-de-la-vie\/\"><img loading=\"lazy\" decoding=\"async\" width=\"1080\" height=\"730\" src=\"https:\/\/wp.unil.ch\/connaissance3\/files\/2024\/03\/Confederation-plaidoyer-U3-actu-1.png\" class=\"attachment-post-thumbnail size-post-thumbnail wp-post-image\" alt=\"\" srcset=\"https:\/\/wp.unil.ch\/connaissance3\/files\/2024\/03\/Confederation-plaidoyer-U3-actu-1.png 1080w, https:\/\/wp.unil.ch\/connaissance3\/files\/2024\/03\/Confederation-plaidoyer-U3-actu-1-300x203.png 300w, https:\/\/wp.unil.ch\/connaissance3\/files\/2024\/03\/Confederation-plaidoyer-U3-actu-1-1024x692.png 1024w, https:\/\/wp.unil.ch\/connaissance3\/files\/2024\/03\/Confederation-plaidoyer-U3-actu-1-180x122.png 180w, https:\/\/wp.unil.ch\/connaissance3\/files\/2024\/03\/Confederation-plaidoyer-U3-actu-1-768x519.png 768w\" sizes=\"auto, (max-width: 1080px) 100vw, 1080px\" \/><\/a>\n\t\t\t\t\n\t\t\t\t<h2 class=\"su-post-title\"><a href=\"https:\/\/wp.unil.ch\/connaissance3\/2023\/11\/consultation-federale-uni3-se-mobilise-pour-la-formation-tout-au-long-de-la-vie\/\">Consultation f\u00e9d\u00e9rale: U3 Suisse se mobilise pour la formation tout au long de la vie<\/a><\/h2>\n\n\t\t\t\t<div class=\"su-post-meta\">\n\t\t\t\t\tPosted: 1 novembre 2023\t\t\t\t<\/div>\n\n\t\t\t\t<div class=\"su-post-excerpt\">\n\t\t\t\t\t<p>01.11.2023 | Le Conseil f\u00e9d\u00e9ral a mis en consultation le message relatif \u00e0 l\u2019encouragement de la formation, de la recherche et de l\u2019innovation pour la p\u00e9riode 2025-2028. Une chance pour les Universit\u00e9s des seniors suisses de faire valoir l&rsquo;importance de la formation tout au long de la vie.<\/p>\n\t\t\t\t<\/div>\n\n\t\t\t\t\n\t\t\t<\/div>\n\n\t\t\t\t\t\n\t\t\t\n\t\t\t<div id=\"su-post-21063\" class=\"su-post \">\n\n\t\t\t\t\t\t\t\t\t<a class=\"su-post-thumbnail\" href=\"https:\/\/wp.unil.ch\/connaissance3\/2022\/02\/connaissance-3-simplique-dans-vieillir-2030-une-nouvelle-strategie-cantonale-pour-repondre-aux-besoins-des-seniors\/\"><img loading=\"lazy\" decoding=\"async\" width=\"1152\" height=\"1200\" src=\"https:\/\/wp.unil.ch\/connaissance3\/files\/2022\/02\/connaissance3_vieillir2030_journeeinternationaledespersonnesagees.jpg\" class=\"attachment-post-thumbnail size-post-thumbnail wp-post-image\" alt=\"connaissance3 vieillir2030 journ\u00e9einternationaledespersonnes\u00e2g\u00e9es\" srcset=\"https:\/\/wp.unil.ch\/connaissance3\/files\/2022\/02\/connaissance3_vieillir2030_journeeinternationaledespersonnesagees.jpg 1152w, https:\/\/wp.unil.ch\/connaissance3\/files\/2022\/02\/connaissance3_vieillir2030_journeeinternationaledespersonnesagees-288x300.jpg 288w, https:\/\/wp.unil.ch\/connaissance3\/files\/2022\/02\/connaissance3_vieillir2030_journeeinternationaledespersonnesagees-983x1024.jpg 983w, https:\/\/wp.unil.ch\/connaissance3\/files\/2022\/02\/connaissance3_vieillir2030_journeeinternationaledespersonnesagees-173x180.jpg 173w, https:\/\/wp.unil.ch\/connaissance3\/files\/2022\/02\/connaissance3_vieillir2030_journeeinternationaledespersonnesagees-768x800.jpg 768w\" sizes=\"auto, (max-width: 1152px) 100vw, 1152px\" \/><\/a>\n\t\t\t\t\n\t\t\t\t<h2 class=\"su-post-title\"><a href=\"https:\/\/wp.unil.ch\/connaissance3\/2022\/02\/connaissance-3-simplique-dans-vieillir-2030-une-nouvelle-strategie-cantonale-pour-repondre-aux-besoins-des-seniors\/\">Connaissance 3 s\u2019implique dans \u00ab Vieillir 2030 \u00bb, une nouvelle strat\u00e9gie cantonale pour r\u00e9pondre aux besoins des seniors<\/a><\/h2>\n\n\t\t\t\t<div class=\"su-post-meta\">\n\t\t\t\t\tPosted: 9 f\u00e9vrier 2022\t\t\t\t<\/div>\n\n\t\t\t\t<div class=\"su-post-excerpt\">\n\t\t\t\t\t<p>22.01.2022 | Les deux prochaines d\u00e9cennies auront un impact sur la place des seniors dans la soci\u00e9t\u00e9. La politique seniors vaudoise \u00abVieillir 2030\u00bb souhaite r\u00e9pondre \u00e0 ces \u00e9volutions. Connaissance 3, s\u2019implique dans cette d\u00e9marche en s\u2019assurant que les int\u00e9r\u00eats des seniors soient toujours prioritaires.<\/p>\n\t\t\t\t<\/div>\n\n\t\t\t\t\n\t\t\t<\/div>\n\n\t\t\n\t\n<\/div>\n","protected":false},"excerpt":{"rendered":"<p>Notre soci\u00e9t\u00e9 occidentale valorise la jeunesse, la performance et la rapidit\u00e9 et, bien souvent, le d\u00e9part \u00e0 la retraite sonne \u00ab\u00a0l\u2019obsolescence des seniors\u00a0\u00bb dans une soci\u00e9t\u00e9 o\u00f9 l\u2019\u00e9conomie prime. Pourtant les exp\u00e9riences acquises tout au long d\u2019un parcours de vie<\/p>\n","protected":false},"author":1136,"featured_media":27582,"parent":0,"menu_order":0,"comment_status":"closed","ping_status":"closed","template":"","meta":{"_seopress_robots_primary_cat":"","_seopress_titles_title":"","_seopress_titles_desc":"","_seopress_robots_index":"","footnotes":""},"class_list":["post-27577","page","type-page","status-publish","has-post-thumbnail"],"_links":{"self":[{"href":"https:\/\/wp.unil.ch\/connaissance3\/wp-json\/wp\/v2\/pages\/27577","targetHints":{"allow":["GET"]}}],"collection":[{"href":"https:\/\/wp.unil.ch\/connaissance3\/wp-json\/wp\/v2\/pages"}],"about":[{"href":"https:\/\/wp.unil.ch\/connaissance3\/wp-json\/wp\/v2\/types\/page"}],"author":[{"embeddable":true,"href":"https:\/\/wp.unil.ch\/connaissance3\/wp-json\/wp\/v2\/users\/1136"}],"replies":[{"embeddable":true,"href":"https:\/\/wp.unil.ch\/connaissance3\/wp-json\/wp\/v2\/comments?post=27577"}],"version-history":[{"count":5,"href":"https:\/\/wp.unil.ch\/connaissance3\/wp-json\/wp\/v2\/pages\/27577\/revisions"}],"predecessor-version":[{"id":30340,"href":"https:\/\/wp.unil.ch\/connaissance3\/wp-json\/wp\/v2\/pages\/27577\/revisions\/30340"}],"wp:featuredmedia":[{"embeddable":true,"href":"https:\/\/wp.unil.ch\/connaissance3\/wp-json\/wp\/v2\/media\/27582"}],"wp:attachment":[{"href":"https:\/\/wp.unil.ch\/connaissance3\/wp-json\/wp\/v2\/media?parent=27577"}],"curies":[{"name":"wp","href":"https:\/\/api.w.org\/{rel}","templated":true}]}}