{"id":27518,"date":"2024-03-06T11:14:34","date_gmt":"2024-03-06T10:14:34","guid":{"rendered":"https:\/\/wp.unil.ch\/connaissance3\/?page_id=27518"},"modified":"2025-10-10T11:22:34","modified_gmt":"2025-10-10T09:22:34","slug":"podcasts-2","status":"publish","type":"page","link":"https:\/\/wp.unil.ch\/connaissance3\/conferences\/podcasts-2\/","title":{"rendered":"Podcasts Connaissance 3"},"content":{"rendered":"\n<p>Les conf\u00e9rences de Lausanne sont enregistr\u00e9es chaque semaine pour que vous puissiez les (r\u00e9-)\u00e9couter tranquillement chez vous. Utilisez le lecteur ci-dessous ou rendez-vous sur notre <a href=\"https:\/\/www.podcastics.com\/podcast\/connaissance3\/\" target=\"_blank\" rel=\"noreferrer noopener\">page Podcastics<\/a>.<\/p>\n\n\n\n<p>La piste audio de la <a href=\"https:\/\/wp.unil.ch\/connaissance3\/2025\/08\/conference-ouverture-24\/\">Conf\u00e9rence d&rsquo;ouverture <em>Les myst\u00e8res du cerveau<\/em><\/a> n&rsquo;est malheureusement pas disponible.<\/p>\n\n\n\n<!-- iframe plugin v.6.0 wordpress.org\/plugins\/iframe\/ -->\n<iframe data-role=\"podcasticsPlayer\" data-format=\"playlist\" allow=\"autoplay\" loading=\"lazy\" src=\"https:\/\/player.podcastics.com\/playlist\/7160\" height=\"900\" width=\"100%\" style=\"border: none; border-radius: 10px;\" scrolling=\"yes\" class=\"iframe-class\" frameborder=\"0\"><\/iframe>\n\n\n\n\n<div style=\"height:65px\" aria-hidden=\"true\" class=\"wp-block-spacer\"><\/div>\n\n\n\n<h6 class=\"wp-block-heading\">Vous pouvez \u00e9galement retrouver certaines de nos conf\u00e9rences sur notre page <a href=\"https:\/\/www.youtube.com\/channel\/UC1aYOhIufzFYsBbu6CXrDBA\/featured\" target=\"_blank\" rel=\"noreferrer noopener\">YouTube<\/a>.<\/h6>\n","protected":false},"excerpt":{"rendered":"<p>Les conf\u00e9rences de Lausanne sont enregistr\u00e9es chaque semaine pour que vous puissiez les (r\u00e9-)\u00e9couter tranquillement chez vous. Utilisez le lecteur ci-dessous ou rendez-vous sur notre page Podcastics. La piste audio de la Conf\u00e9rence d&rsquo;ouverture Les myst\u00e8res du cerveau n&rsquo;est malheureusement<\/p>\n","protected":false},"author":1136,"featured_media":27552,"parent":4180,"menu_order":0,"comment_status":"closed","ping_status":"closed","template":"","meta":{"_seopress_robots_primary_cat":"","_seopress_titles_title":"","_seopress_titles_desc":"","_seopress_robots_index":"","footnotes":""},"class_list":["post-27518","page","type-page","status-publish","has-post-thumbnail"],"_links":{"self":[{"href":"https:\/\/wp.unil.ch\/connaissance3\/wp-json\/wp\/v2\/pages\/27518","targetHints":{"allow":["GET"]}}],"collection":[{"href":"https:\/\/wp.unil.ch\/connaissance3\/wp-json\/wp\/v2\/pages"}],"about":[{"href":"https:\/\/wp.unil.ch\/connaissance3\/wp-json\/wp\/v2\/types\/page"}],"author":[{"embeddable":true,"href":"https:\/\/wp.unil.ch\/connaissance3\/wp-json\/wp\/v2\/users\/1136"}],"replies":[{"embeddable":true,"href":"https:\/\/wp.unil.ch\/connaissance3\/wp-json\/wp\/v2\/comments?post=27518"}],"version-history":[{"count":4,"href":"https:\/\/wp.unil.ch\/connaissance3\/wp-json\/wp\/v2\/pages\/27518\/revisions"}],"predecessor-version":[{"id":31172,"href":"https:\/\/wp.unil.ch\/connaissance3\/wp-json\/wp\/v2\/pages\/27518\/revisions\/31172"}],"up":[{"embeddable":true,"href":"https:\/\/wp.unil.ch\/connaissance3\/wp-json\/wp\/v2\/pages\/4180"}],"wp:featuredmedia":[{"embeddable":true,"href":"https:\/\/wp.unil.ch\/connaissance3\/wp-json\/wp\/v2\/media\/27552"}],"wp:attachment":[{"href":"https:\/\/wp.unil.ch\/connaissance3\/wp-json\/wp\/v2\/media?parent=27518"}],"curies":[{"name":"wp","href":"https:\/\/api.w.org\/{rel}","templated":true}]}}