{"id":26838,"date":"2023-12-19T16:06:34","date_gmt":"2023-12-19T15:06:34","guid":{"rendered":"https:\/\/wp.unil.ch\/connaissance3\/?page_id=26838"},"modified":"2024-05-27T10:09:11","modified_gmt":"2024-05-27T08:09:11","slug":"offrez-une-adhesion","status":"publish","type":"page","link":"https:\/\/wp.unil.ch\/connaissance3\/offrez-une-adhesion\/","title":{"rendered":"Offrez une adh\u00e9sion \u00e0 Connaissance 3!"},"content":{"rendered":"\n<figure class=\"wp-block-image alignfull size-large\"><img alt=\"\" loading=\"lazy\" decoding=\"async\" width=\"1024\" height=\"858\" src=\"https:\/\/wp.unil.ch\/connaissance3\/files\/2016\/04\/Promo-Bons-cadeaux-1024x858.png\" alt=\"\" class=\"wp-image-26166\" srcset=\"https:\/\/wp.unil.ch\/connaissance3\/files\/2016\/04\/Promo-Bons-cadeaux-1024x858.png 1024w, https:\/\/wp.unil.ch\/connaissance3\/files\/2016\/04\/Promo-Bons-cadeaux-300x251.png 300w, https:\/\/wp.unil.ch\/connaissance3\/files\/2016\/04\/Promo-Bons-cadeaux-180x151.png 180w, https:\/\/wp.unil.ch\/connaissance3\/files\/2016\/04\/Promo-Bons-cadeaux-768x644.png 768w, https:\/\/wp.unil.ch\/connaissance3\/files\/2016\/04\/Promo-Bons-cadeaux-1320x1106.png 1320w, https:\/\/wp.unil.ch\/connaissance3\/files\/2016\/04\/Promo-Bons-cadeaux.png 1432w\" sizes=\"auto, (max-width: 1024px) 100vw, 1024px\" \/><\/figure>\n\n\n\n<p>Nous proposons aux communes et aux entreprises d&rsquo;offrir \u00e0 leurs nouvelles et nouveaux retrait\u00e9\u00b7es une <a href=\"https:\/\/wp.unil.ch\/connaissance3\/adherer\/adhesion-et-avantages\/\" data-type=\"page\" data-id=\"7814\" target=\"_blank\" rel=\"noreferrer noopener\">adh\u00e9sion \u00e0 Connaissance 3<\/a> sous la forme d&rsquo;un bon cadeau \u00e0 remplir et renvoyer \u00e0 notre secr\u00e9tariat.<\/p>\n\n\n\n<p>Les particuliers peuvent \u00e9galement nous commander l&rsquo;un de ces bons pour l&rsquo;offrir \u00e0 un proche et lui faire d\u00e9couvrir les activit\u00e9s de Connaissance 3.<\/p>\n\n\n\n<h2 class=\"wp-block-heading\">Comment \u00e7a marche<\/h2>\n\n\n\n<p>Nos bons cadeaux sont ins\u00e9r\u00e9s dans un d\u00e9pliant de pr\u00e9sentation de l\u2019Universit\u00e9 des seniors et se pr\u00e9sentent sous la forme d\u2019un coupon-r\u00e9ponse pr\u00e9affranchi \u00e0 remplir et \u00e0 nous renvoyer. La commune, l\u2019entreprise ou le particulier nous commande le nombre d\u00e9sir\u00e9 de bons cadeaux qu\u2019il ou elle remettra aux personnes de son choix.<\/p>\n\n\n<p><span style=\"text-decoration: underline\">Il est possible d\u2019offrir:<\/span><\/p>\n<ul>\n<li style=\"text-align: justify\">la <strong>carte d\u2019adh\u00e9sion<\/strong> qui donne droit \u00e0 des prix r\u00e9duits sur les activit\u00e9s (valeur 75 fr.);<\/li>\n<li style=\"text-align: justify\">ou la <strong>carte d\u2019abonnement<\/strong> qui offre la gratuit\u00e9 aux conf\u00e9rences et des prix r\u00e9duits pour les autres activit\u00e9s (valeur 300 fr.).<\/li>\n<\/ul>\n<p style=\"text-align: justify\"><strong>Seuls les bons cadeaux remplis et renvoy\u00e9s seront factur\u00e9s au commanditaire qui inscrit ses coordonn\u00e9es au verso du coupon dans la partie \u00abbon offert par\u00bb.<\/strong><\/p>\n\n\n<h2 class=\"wp-block-heading\">Soutenir et promouvoir nos activit\u00e9s<\/h2>\n\n\n\n<p>Ces bons cadeaux sont non seulement un excellent moyen de faire d\u00e9couvrir les activit\u00e9s de Connaissance 3, mais \u00e9galement une fa\u00e7on diff\u00e9rente de soutenir son action aupr\u00e8s des seniors.<\/p>\n\n\n\n<h4 class=\"wp-block-heading\"><a href=\"https:\/\/wp.unil.ch\/connaissance3\/portrait\/structure-et-instances\/#secretariat\">Contactez-nous<\/a> pour de plus amples renseignements!<\/h4>\n","protected":false},"excerpt":{"rendered":"<p>Nous proposons aux communes et aux entreprises d&rsquo;offrir \u00e0 leurs nouvelles et nouveaux retrait\u00e9\u00b7es une adh\u00e9sion \u00e0 Connaissance 3 sous la forme d&rsquo;un bon cadeau \u00e0 remplir et renvoyer \u00e0 notre secr\u00e9tariat. Les particuliers peuvent \u00e9galement nous commander l&rsquo;un de<\/p>\n","protected":false},"author":1136,"featured_media":0,"parent":0,"menu_order":0,"comment_status":"closed","ping_status":"closed","template":"","meta":{"_seopress_robots_primary_cat":"","_seopress_titles_title":"","_seopress_titles_desc":"","_seopress_robots_index":"","footnotes":""},"class_list":["post-26838","page","type-page","status-publish"],"_links":{"self":[{"href":"https:\/\/wp.unil.ch\/connaissance3\/wp-json\/wp\/v2\/pages\/26838","targetHints":{"allow":["GET"]}}],"collection":[{"href":"https:\/\/wp.unil.ch\/connaissance3\/wp-json\/wp\/v2\/pages"}],"about":[{"href":"https:\/\/wp.unil.ch\/connaissance3\/wp-json\/wp\/v2\/types\/page"}],"author":[{"embeddable":true,"href":"https:\/\/wp.unil.ch\/connaissance3\/wp-json\/wp\/v2\/users\/1136"}],"replies":[{"embeddable":true,"href":"https:\/\/wp.unil.ch\/connaissance3\/wp-json\/wp\/v2\/comments?post=26838"}],"version-history":[{"count":5,"href":"https:\/\/wp.unil.ch\/connaissance3\/wp-json\/wp\/v2\/pages\/26838\/revisions"}],"predecessor-version":[{"id":28057,"href":"https:\/\/wp.unil.ch\/connaissance3\/wp-json\/wp\/v2\/pages\/26838\/revisions\/28057"}],"wp:attachment":[{"href":"https:\/\/wp.unil.ch\/connaissance3\/wp-json\/wp\/v2\/media?parent=26838"}],"curies":[{"name":"wp","href":"https:\/\/api.w.org\/{rel}","templated":true}]}}