{"id":26137,"date":"2023-12-12T12:08:55","date_gmt":"2023-12-12T11:08:55","guid":{"rendered":"https:\/\/wp.unil.ch\/connaissance3\/?page_id=26137"},"modified":"2024-07-01T14:26:02","modified_gmt":"2024-07-01T12:26:02","slug":"culture-pour-tous","status":"publish","type":"page","link":"https:\/\/wp.unil.ch\/connaissance3\/culture-pour-tous\/","title":{"rendered":"Culture pour tous &#8211; La culture \u00e0 prix solidaire!"},"content":{"rendered":"\n<figure class=\"wp-block-image size-large is-resized\"><img alt=\"\" loading=\"lazy\" decoding=\"async\" width=\"1024\" height=\"512\" src=\"https:\/\/wp.unil.ch\/connaissance3\/files\/2024\/07\/Banner-page-culture-pour-tous--1024x512.png\" alt=\"\" class=\"wp-image-28318\" style=\"width:1099px;height:auto\" srcset=\"https:\/\/wp.unil.ch\/connaissance3\/files\/2024\/07\/Banner-page-culture-pour-tous--1024x512.png 1024w, https:\/\/wp.unil.ch\/connaissance3\/files\/2024\/07\/Banner-page-culture-pour-tous--300x150.png 300w, https:\/\/wp.unil.ch\/connaissance3\/files\/2024\/07\/Banner-page-culture-pour-tous--180x90.png 180w, https:\/\/wp.unil.ch\/connaissance3\/files\/2024\/07\/Banner-page-culture-pour-tous--768x384.png 768w, https:\/\/wp.unil.ch\/connaissance3\/files\/2024\/07\/Banner-page-culture-pour-tous--1536x768.png 1536w, https:\/\/wp.unil.ch\/connaissance3\/files\/2024\/07\/Banner-page-culture-pour-tous--2048x1024.png 2048w, https:\/\/wp.unil.ch\/connaissance3\/files\/2024\/07\/Banner-page-culture-pour-tous--1320x660.png 1320w\" sizes=\"auto, (max-width: 1024px) 100vw, 1024px\" \/><\/figure>\n\n\n\n<p>Pour Connaissance 3, l&rsquo;accessibilit\u00e9 des activit\u00e9s \u00e0 toutes et \u00e0 tous, notamment aux seniors \u00e0 bas revenus, est une priorit\u00e9 absolue.<\/p>\n\n\n\n<p>La Fondation Esther Locher-Gurtner et Connaissance 3 ont nou\u00e9 un partenariat permettant aux <strong>personnes retrait\u00e9es ayant droit aux prestations compl\u00e9mentaires (AVS-PC) ou b\u00e9n\u00e9ficiant d&rsquo;un subside \u00e0 l&rsquo;assurance maladie<\/strong> de recevoir une carte d\u2019abonnement \u00e0 tout petit prix (25 fr. au lieu de 300 fr.) et de profiter ainsi de la gratuit\u00e9 aux conf\u00e9rences dans tout le canton.<\/p>\n\n\n\n<p>De plus, une palette de cours et de visites culturelles labellis\u00e9e \u00ab\u00a0Culture pour tous\u00a0\u00bb est propos\u00e9e \u00e0 chaque programme. Ce petit tampon permet d&rsquo;identifier les activit\u00e9s o\u00f9 80% des co\u00fbts seront pris en charge par notre partenaire afin que les personnes \u00e0 bas revenu puissent acc\u00e9der \u00e0 une grande part de notre offre.<\/p>\n\n\n\n<p><strong>Contactez le secr\u00e9tariat (<a href=\"mailto:info@connaissance3.ch\" data-type=\"mailto\" data-id=\"mailto:info@connaissance3.ch\">info@connaissance 3.ch<\/a> ou 021\/311 46 87) pour de plus amples informations et demander votre carte<\/strong> <strong>en remplissant notre <a href=\"https:\/\/wp.unil.ch\/connaissance3\/adherer\/\" target=\"_blank\" rel=\"noreferrer noopener\">formulaire d&rsquo;adh\u00e9sion<\/a>.<\/strong><\/p>\n\n\n\n<p>Un immense MERCI \u00e0 la Fondation Esther Locher-Gurtner.<\/p>\n\n\n\n<p>Voir aussi: <a href=\"https:\/\/wp.unil.ch\/connaissance3\/tarifs-et-conditions-generales\/\">Tarifs et conditions g\u00e9n\u00e9rales<\/a><\/p>\n\n\n<div class=\"wp-block-image\">\n<figure class=\"aligncenter size-full\"><img alt=\"\" loading=\"lazy\" decoding=\"async\" width=\"1500\" height=\"1065\" src=\"https:\/\/wp.unil.ch\/connaissance3\/files\/2024\/07\/Culture_pour_tous_C3.png\" alt=\"\" class=\"wp-image-28314\" srcset=\"https:\/\/wp.unil.ch\/connaissance3\/files\/2024\/07\/Culture_pour_tous_C3.png 1500w, https:\/\/wp.unil.ch\/connaissance3\/files\/2024\/07\/Culture_pour_tous_C3-300x213.png 300w, https:\/\/wp.unil.ch\/connaissance3\/files\/2024\/07\/Culture_pour_tous_C3-1024x727.png 1024w, https:\/\/wp.unil.ch\/connaissance3\/files\/2024\/07\/Culture_pour_tous_C3-180x128.png 180w, https:\/\/wp.unil.ch\/connaissance3\/files\/2024\/07\/Culture_pour_tous_C3-768x545.png 768w, https:\/\/wp.unil.ch\/connaissance3\/files\/2024\/07\/Culture_pour_tous_C3-1320x937.png 1320w\" sizes=\"auto, (max-width: 1500px) 100vw, 1500px\" \/><\/figure>\n<\/div>","protected":false},"excerpt":{"rendered":"<p>Pour Connaissance 3, l&rsquo;accessibilit\u00e9 des activit\u00e9s \u00e0 toutes et \u00e0 tous, notamment aux seniors \u00e0 bas revenus, est une priorit\u00e9 absolue. La Fondation Esther Locher-Gurtner et Connaissance 3 ont nou\u00e9 un partenariat permettant aux personnes retrait\u00e9es ayant droit aux prestations<\/p>\n","protected":false},"author":1136,"featured_media":0,"parent":0,"menu_order":0,"comment_status":"closed","ping_status":"closed","template":"","meta":{"_seopress_robots_primary_cat":"","_seopress_titles_title":"","_seopress_titles_desc":"","_seopress_robots_index":"","footnotes":""},"class_list":["post-26137","page","type-page","status-publish"],"_links":{"self":[{"href":"https:\/\/wp.unil.ch\/connaissance3\/wp-json\/wp\/v2\/pages\/26137","targetHints":{"allow":["GET"]}}],"collection":[{"href":"https:\/\/wp.unil.ch\/connaissance3\/wp-json\/wp\/v2\/pages"}],"about":[{"href":"https:\/\/wp.unil.ch\/connaissance3\/wp-json\/wp\/v2\/types\/page"}],"author":[{"embeddable":true,"href":"https:\/\/wp.unil.ch\/connaissance3\/wp-json\/wp\/v2\/users\/1136"}],"replies":[{"embeddable":true,"href":"https:\/\/wp.unil.ch\/connaissance3\/wp-json\/wp\/v2\/comments?post=26137"}],"version-history":[{"count":5,"href":"https:\/\/wp.unil.ch\/connaissance3\/wp-json\/wp\/v2\/pages\/26137\/revisions"}],"predecessor-version":[{"id":28319,"href":"https:\/\/wp.unil.ch\/connaissance3\/wp-json\/wp\/v2\/pages\/26137\/revisions\/28319"}],"wp:attachment":[{"href":"https:\/\/wp.unil.ch\/connaissance3\/wp-json\/wp\/v2\/media?parent=26137"}],"curies":[{"name":"wp","href":"https:\/\/api.w.org\/{rel}","templated":true}]}}