{"id":24535,"date":"2023-03-20T14:51:49","date_gmt":"2023-03-20T13:51:49","guid":{"rendered":"https:\/\/wp.unil.ch\/connaissance3\/?page_id=24535"},"modified":"2024-02-20T09:53:39","modified_gmt":"2024-02-20T08:53:39","slug":"programmes-strategiques","status":"publish","type":"page","link":"https:\/\/wp.unil.ch\/connaissance3\/portrait\/publications\/programmes-strategiques\/","title":{"rendered":"Programmes strat\u00e9giques"},"content":{"rendered":"\n<p>Tous les cinq ans, Connaissance 3 repense ses objectifs et ses priorit\u00e9s pour les ann\u00e9es \u00e0 venir, afin de mener \u00e0 bien sa mission. \u00c0 cette occasion, un document de r\u00e9f\u00e9rence est \u00e9tabli, permettant de clarifier l&rsquo;identit\u00e9 et la sp\u00e9cificit\u00e9 de la fondation tout en s&rsquo;assurant de r\u00e9pondre toujours mieux aux besoins et attentes du public.<\/p>\n\n\n\n<div style=\"height:44px\" aria-hidden=\"true\" class=\"wp-block-spacer\"><\/div>\n\n\n\n<div class=\"wp-block-columns is-layout-flex wp-container-core-columns-is-layout-9d6595d7 wp-block-columns-is-layout-flex\">\n<div class=\"wp-block-column is-layout-flow wp-block-column-is-layout-flow\" style=\"flex-basis:33.33%\">\n<figure class=\"wp-block-image size-large is-resized\"><a href=\"https:\/\/wp.unil.ch\/connaissance3\/files\/2022\/12\/Programme_strategique_2022.pdf\" target=\"_blank\" rel=\"noreferrer noopener\"><img alt=\"\" loading=\"lazy\" decoding=\"async\" width=\"713\" height=\"1024\" src=\"https:\/\/wp.unil.ch\/connaissance3\/files\/2023\/03\/PS22-27-713x1024.png\" alt=\"\" class=\"wp-image-24435\" style=\"width:274px;height:394px\" srcset=\"https:\/\/wp.unil.ch\/connaissance3\/files\/2023\/03\/PS22-27-713x1024.png 713w, https:\/\/wp.unil.ch\/connaissance3\/files\/2023\/03\/PS22-27-209x300.png 209w, https:\/\/wp.unil.ch\/connaissance3\/files\/2023\/03\/PS22-27-104x150.png 104w, https:\/\/wp.unil.ch\/connaissance3\/files\/2023\/03\/PS22-27-768x1103.png 768w, https:\/\/wp.unil.ch\/connaissance3\/files\/2023\/03\/PS22-27-1069x1536.png 1069w, https:\/\/wp.unil.ch\/connaissance3\/files\/2023\/03\/PS22-27-1320x1896.png 1320w, https:\/\/wp.unil.ch\/connaissance3\/files\/2023\/03\/PS22-27.png 1332w\" sizes=\"auto, (max-width: 713px) 100vw, 713px\" \/><\/a><\/figure>\n\n\n\n<div class=\"wp-block-buttons is-layout-flex wp-block-buttons-is-layout-flex\">\n<div class=\"wp-block-button aligncenter\"><a class=\"wp-block-button__link has-background wp-element-button\" href=\"https:\/\/wp.unil.ch\/connaissance3\/files\/2022\/12\/Programme_strategique_2022.pdf\" style=\"background-color:#00acc8\" target=\"_blank\" rel=\"noreferrer noopener\">Consulter le document<\/a><\/div>\n<\/div>\n<\/div>\n\n\n\n<div class=\"wp-block-column is-layout-flow wp-block-column-is-layout-flow\" style=\"flex-basis:66.66%\">\n<h2 class=\"wp-block-heading\">Programme strat\u00e9gique 2022-2027<\/h2>\n\n\n\n<p>La derni\u00e8re \u00e9dition de cette r\u00e9flexion a permis d&rsquo;identifier 3 grands axes strat\u00e9giques pour guider les actions de la fondation sur la p\u00e9riode 2022 \u00e0 2027: <\/p>\n\n\n\n<p><strong>A) Formation et recherche<\/strong>: Connaissance 3 favorise, en tant que <a href=\"https:\/\/wp.unil.ch\/connaissance3\/recherche-citoyenne\/\" data-type=\"URL\" data-id=\"https:\/\/wp.unil.ch\/connaissance3\/recherche-citoyenne\/\">p\u00f4le de recherche citoyenne<\/a>, des projets de recherche-action li\u00e9s au vieillissement ainsi que toute th\u00e9matique d\u2019actualit\u00e9 sur laquelle les seniors souhaitent faire entendre leur voix.<\/p>\n\n\n\n<p><strong>B) Engagement citoyen<\/strong>: Connaissance 3 entend s&rsquo;affirmer en tant qu&rsquo;institution citoyenne, portant la voix des seniors, en particulier sur les questions li\u00e9es au droit \u00e0 la formation la vie durant au-del\u00e0 de la vie professionnelle.<\/p>\n\n\n\n<p><strong>C) D\u00e9veloppement institutionnel<\/strong>: Connaissance 3 souhaite renforcer sa visibilit\u00e9 aupr\u00e8s du \u00ab\u00a0grand public\u00a0\u00bb,  et valoriser toujours mieux le travail b\u00e9n\u00e9vole qui constitue l&rsquo;ADN de sa structure.<\/p>\n<\/div>\n<\/div>\n\n\n\n<div style=\"height:44px\" aria-hidden=\"true\" class=\"wp-block-spacer\"><\/div>\n\n\n\n<div class=\"wp-block-columns is-layout-flex wp-container-core-columns-is-layout-9d6595d7 wp-block-columns-is-layout-flex\">\n<div class=\"wp-block-column is-layout-flow wp-block-column-is-layout-flow\" style=\"flex-basis:66.66%\">\n<h2 class=\"wp-block-heading\">Anciens programmes strat\u00e9giques<\/h2>\n\n\n\n<ul class=\"wp-block-list\">\n<li><a href=\"https:\/\/wp.unil.ch\/connaissance3\/files\/2016\/10\/Plan-strategique_def.pdf\" data-type=\"URL\" data-id=\"https:\/\/wp.unil.ch\/connaissance3\/files\/2016\/10\/Plan-strategique_def.pdf\">P\u00e9riode 2016-2021<\/a><\/li>\n<\/ul>\n<\/div>\n<\/div>\n","protected":false},"excerpt":{"rendered":"<p>Tous les cinq ans, Connaissance 3 repense ses objectifs et ses priorit\u00e9s pour les ann\u00e9es \u00e0 venir, afin de mener \u00e0 bien sa mission. \u00c0 cette occasion, un document de r\u00e9f\u00e9rence est \u00e9tabli, permettant de clarifier l&rsquo;identit\u00e9 et la sp\u00e9cificit\u00e9<\/p>\n","protected":false},"author":1136,"featured_media":0,"parent":3916,"menu_order":0,"comment_status":"closed","ping_status":"closed","template":"","meta":{"_seopress_robots_primary_cat":"","_seopress_titles_title":"","_seopress_titles_desc":"","_seopress_robots_index":"","footnotes":""},"class_list":["post-24535","page","type-page","status-publish"],"_links":{"self":[{"href":"https:\/\/wp.unil.ch\/connaissance3\/wp-json\/wp\/v2\/pages\/24535","targetHints":{"allow":["GET"]}}],"collection":[{"href":"https:\/\/wp.unil.ch\/connaissance3\/wp-json\/wp\/v2\/pages"}],"about":[{"href":"https:\/\/wp.unil.ch\/connaissance3\/wp-json\/wp\/v2\/types\/page"}],"author":[{"embeddable":true,"href":"https:\/\/wp.unil.ch\/connaissance3\/wp-json\/wp\/v2\/users\/1136"}],"replies":[{"embeddable":true,"href":"https:\/\/wp.unil.ch\/connaissance3\/wp-json\/wp\/v2\/comments?post=24535"}],"version-history":[{"count":1,"href":"https:\/\/wp.unil.ch\/connaissance3\/wp-json\/wp\/v2\/pages\/24535\/revisions"}],"predecessor-version":[{"id":27496,"href":"https:\/\/wp.unil.ch\/connaissance3\/wp-json\/wp\/v2\/pages\/24535\/revisions\/27496"}],"up":[{"embeddable":true,"href":"https:\/\/wp.unil.ch\/connaissance3\/wp-json\/wp\/v2\/pages\/3916"}],"wp:attachment":[{"href":"https:\/\/wp.unil.ch\/connaissance3\/wp-json\/wp\/v2\/media?parent=24535"}],"curies":[{"name":"wp","href":"https:\/\/api.w.org\/{rel}","templated":true}]}}