{"id":24514,"date":"2023-03-15T14:18:36","date_gmt":"2023-03-15T13:18:36","guid":{"rendered":"https:\/\/wp.unil.ch\/connaissance3\/?page_id=24514"},"modified":"2026-03-24T17:16:07","modified_gmt":"2026-03-24T16:16:07","slug":"participer","status":"publish","type":"page","link":"https:\/\/wp.unil.ch\/connaissance3\/recherche-citoyenne\/participer\/","title":{"rendered":"Participer \u00e0 la recherche"},"content":{"rendered":"\n<div class=\"wp-block-group\"><div class=\"wp-block-group__inner-container is-layout-flow wp-block-group-is-layout-flow\">\n<h5 class=\"wp-block-heading\">La formation tout au long de la vie est au c\u0153ur de la mission de Connaissance 3, et vous pouvez participer \u00e0 l&rsquo;am\u00e9liorer!<\/h5>\n<\/div><\/div>\n\n\n\n<p>Participer \u00e0 la recherche constitue une mani\u00e8re coh\u00e9rente d\u2019apporter sa pierre aux r\u00e9flexions multiples et n\u00e9cessaires li\u00e9es au vieillissement, sur le plan aussi bien individuel que d\u00e9mographique. Toutefois, la voix des seniors ne se cantonne pas \u00e0 la th\u00e9matique du vieillissement et la recherche-action collaborative et participative que d\u00e9fend la fondation traite \u00e9galement de nombreux sujets de soci\u00e9t\u00e9.<\/p>\n\n\n\n<div style=\"height:17px\" aria-hidden=\"true\" class=\"wp-block-spacer\"><\/div>\n\n\n\n<p class=\"has-text-color has-medium-font-size\" style=\"color:#00acc8\"><strong>Voici les recherches en cours auxquelles vous pouvez prendre part<\/strong>:<\/p>\n\n\n\n<div style=\"height:17px\" aria-hidden=\"true\" class=\"wp-block-spacer\"><\/div>\n\n\n\n<h4 class=\"wp-block-heading\" id=\"participer-relais\">A) Connaissance 3 comme relais<\/h4>\n\n\n\n<p>Connaissance 3 relaie les appels \u00e0 participation de chercheur\u00b7euses lorsqu&rsquo;elle juge les enqu\u00eates propos\u00e9es pertinentes pour le seniors et enrichissantes pour son programme. Les informations principales sont publi\u00e9es ci-dessous. Pour participer ou demander des pr\u00e9cisions, pri\u00e8re de contacter directement l&rsquo;\u00e9quipe de recherche.<\/p>\n\n\n<div class=\"su-spoiler su-spoiler-style-fancy su-spoiler-icon-arrow su-spoiler-closed\" data-anchor=\"relais\" data-scroll-offset=\"0\" data-anchor-in-url=\"no\"><div class=\"su-spoiler-title\" tabindex=\"0\" role=\"button\"><span class=\"su-spoiler-icon\"><\/span>Voir les \u00e9tudes cherchant des participant\u00b7es<\/div><div class=\"su-spoiler-content su-u-clearfix su-u-trim\">\n<p style=\"padding-left: 40px\"><strong>Les effets de l&rsquo;activit\u00e9 artistique ou musicale<\/strong><\/p>\n<p style=\"padding-left: 40px\"><a href=\"https:\/\/wp.unil.ch\/connaissance3\/files\/2025\/12\/flyer-v2.pdf\" target=\"_blank\" rel=\"noopener\">Informations et participation<\/a><\/p>\n<p style=\"padding-left: 40px\"><strong>\u00c9valuation centr\u00e9e sur l&rsquo;utilisateur d\u2019un exosquelette de hanche visant \u00e0 promouvoir la mobilit\u00e9 chez les personnes seniors : une approche interdisciplinaire int\u00e9grant l&rsquo;ing\u00e9nierie, l&rsquo;activit\u00e9 physique et les perspectives sociales<\/strong><\/p>\n<p style=\"padding-left: 40px\"><a href=\"https:\/\/wp.unil.ch\/connaissance3\/files\/2025\/11\/c3r18-avec-flyer-fr.pdf\" target=\"_blank\" rel=\"noopener\">Informations et participation<\/a><\/p>\n<\/div><\/div>\n\n\n<div class=\"wp-block-group\"><div class=\"wp-block-group__inner-container is-layout-constrained wp-block-group-is-layout-constrained\">\n<hr class=\"wp-block-separator has-alpha-channel-opacity is-style-default\" \/>\n<\/div><\/div>\n\n\n\n<h4 class=\"wp-block-heading\">B) Connaissance 3 comme partenaire<\/h4>\n\n\n\n<p>Connaissance 3 s\u2019engage comme partenaire de projet, en discutant des m\u00e9thodologies et de la mise en \u0153uvre avec l\u2019\u00e9quipe de recherche. La fondation donne son avis quant aux modalit\u00e9s d\u2019implication des seniors tout au long du projet et son suivi est attentivement effectu\u00e9 par la Commission de la recherche.<\/p>\n\n\n<p style=\"padding-left: 80px\"><div class=\"su-spoiler su-spoiler-style-fancy su-spoiler-icon-arrow su-spoiler-closed\" data-scroll-offset=\"0\" data-anchor-in-url=\"no\"><div class=\"su-spoiler-title\" tabindex=\"0\" role=\"button\"><span class=\"su-spoiler-icon\"><\/span>Voir les \u00e9tudes cherchant des participant\u00b7es<\/div><div class=\"su-spoiler-content su-u-clearfix su-u-trim\">\n<p style=\"padding-left: 40px\"><em>Aucune \u00e9tude de ce type n&rsquo;est actuellement \u00e0 la recherche de participant\u00b7e\u00b7s, vous pouvez cependant retrouver le suivi des r\u00e9sultats des recherches en cours sur <a href=\"https:\/\/wp.unil.ch\/connaissance3\/recherche-citoyenne\/historique-des-recherches-et-resultats\/\">cette page<\/a>.<\/em><\/p>\n<p style=\"padding-left: 80px\"><\/div><\/div>\n\n\n<div class=\"wp-block-group\"><div class=\"wp-block-group__inner-container is-layout-constrained wp-block-group-is-layout-constrained\">\n<hr class=\"wp-block-separator has-alpha-channel-opacity is-style-default\" \/>\n<\/div><\/div>\n\n\n\n<h4 class=\"wp-block-heading\">C) Connaissance 3 comme co-chercheuse<\/h4>\n\n\n\n<p>Connaissance 3 est impliqu\u00e9 d\u00e8s les premi\u00e8res r\u00e9flexions dans la conception et le lancement d\u2019un projet de recherche. Par l\u2019interm\u00e9diaire de sa Commission de la recherche, un ou plusieurs de ses membres sont associ\u00e9s au groupe de r\u00e9flexion qui identifie le th\u00e8me et \u00e9labore la m\u00e9thodologie de travail \u00e0 d\u00e9velopper.<\/p>\n\n\n<p style=\"padding-left: 80px\"><div class=\"su-spoiler su-spoiler-style-fancy su-spoiler-icon-arrow su-spoiler-closed\" data-scroll-offset=\"0\" data-anchor-in-url=\"no\"><div class=\"su-spoiler-title\" tabindex=\"0\" role=\"button\"><span class=\"su-spoiler-icon\"><\/span>Voir les \u00e9tudes cherchant des participant\u00b7es<\/div><div class=\"su-spoiler-content su-u-clearfix su-u-trim\">\n<p style=\"padding-left: 40px\"><em>Aucune \u00e9tude de ce type n&rsquo;est actuellement \u00e0 la recherche de participant\u00b7es. <\/em><\/p>\n<p style=\"padding-left: 40px\"><em>Le projet <a href=\"https:\/\/wp.unil.ch\/connaissance3\/2024\/09\/telling-death\/\" target=\"_blank\" rel=\"noopener\"><strong>Telling death &#8211; raconter la mort<\/strong><\/a> est en cours vous pouvez retrouver le suivi de l&rsquo;avanc\u00e9e de la recherche sur <a href=\"https:\/\/wp.unil.ch\/connaissance3\/recherche-citoyenne\/historique-des-recherches-et-resultats\/\">cette page<\/a>.<\/em><\/p>\n<p style=\"padding-left: 80px\"><\/div><\/div>\n\n\n<div class=\"wp-block-columns is-layout-flex wp-container-core-columns-is-layout-9d6595d7 wp-block-columns-is-layout-flex\">\n<div class=\"wp-block-column is-layout-flow wp-block-column-is-layout-flow\">\n<div class=\"wp-block-group\"><div class=\"wp-block-group__inner-container is-layout-constrained wp-block-group-is-layout-constrained\"><\/div><\/div>\n<\/div>\n<\/div>\n","protected":false},"excerpt":{"rendered":"<p>La formation tout au long de la vie est au c\u0153ur de la mission de Connaissance 3, et vous pouvez participer \u00e0 l&rsquo;am\u00e9liorer! Participer \u00e0 la recherche constitue une mani\u00e8re coh\u00e9rente d\u2019apporter sa pierre aux r\u00e9flexions multiples et n\u00e9cessaires li\u00e9es<\/p>\n","protected":false},"author":1136,"featured_media":0,"parent":23270,"menu_order":0,"comment_status":"closed","ping_status":"closed","template":"","meta":{"_seopress_robots_primary_cat":"","_seopress_titles_title":"","_seopress_titles_desc":"","_seopress_robots_index":"","footnotes":""},"class_list":["post-24514","page","type-page","status-publish"],"_links":{"self":[{"href":"https:\/\/wp.unil.ch\/connaissance3\/wp-json\/wp\/v2\/pages\/24514","targetHints":{"allow":["GET"]}}],"collection":[{"href":"https:\/\/wp.unil.ch\/connaissance3\/wp-json\/wp\/v2\/pages"}],"about":[{"href":"https:\/\/wp.unil.ch\/connaissance3\/wp-json\/wp\/v2\/types\/page"}],"author":[{"embeddable":true,"href":"https:\/\/wp.unil.ch\/connaissance3\/wp-json\/wp\/v2\/users\/1136"}],"replies":[{"embeddable":true,"href":"https:\/\/wp.unil.ch\/connaissance3\/wp-json\/wp\/v2\/comments?post=24514"}],"version-history":[{"count":5,"href":"https:\/\/wp.unil.ch\/connaissance3\/wp-json\/wp\/v2\/pages\/24514\/revisions"}],"predecessor-version":[{"id":31773,"href":"https:\/\/wp.unil.ch\/connaissance3\/wp-json\/wp\/v2\/pages\/24514\/revisions\/31773"}],"up":[{"embeddable":true,"href":"https:\/\/wp.unil.ch\/connaissance3\/wp-json\/wp\/v2\/pages\/23270"}],"wp:attachment":[{"href":"https:\/\/wp.unil.ch\/connaissance3\/wp-json\/wp\/v2\/media?parent=24514"}],"curies":[{"name":"wp","href":"https:\/\/api.w.org\/{rel}","templated":true}]}}