{"id":23312,"date":"2022-11-15T12:40:29","date_gmt":"2022-11-15T11:40:29","guid":{"rendered":"https:\/\/wp.unil.ch\/connaissance3\/?page_id=23312"},"modified":"2025-11-18T13:41:38","modified_gmt":"2025-11-18T12:41:38","slug":"pour-les-chercheur-euse-s","status":"publish","type":"page","link":"https:\/\/wp.unil.ch\/connaissance3\/recherche-citoyenne\/pour-les-chercheur-euse-s\/","title":{"rendered":"Informations aux porteur\u00b7euses de projets de recherche"},"content":{"rendered":"\n<p>En cas d\u2019int\u00e9r\u00eat, les chercheur\u00b7euses sont invit\u00e9\u00b7es \u00e0 s&rsquo;adresser \u00e0<\/p>\n\n\n\n<div class=\"su-list\" style=\"margin-left:0px\"><ul><li><i class=\"sui sui-envelope-square\" style=\"color:#00acc8\"><\/i> <a href=\"mailto:p.dubois@connaissance3.ch\" data-type=\"mailto\" data-id=\"mailto:p.dubois@connaissance3.ch\">Patricia Dubois<\/a>, directrice de Connaissance 3<\/li><li><i class=\"sui sui-envelope-square\" style=\"color:#00acc8\"><\/i> <a href=\"mailto:alain.kaufmann@unil.ch\" data-type=\"mailto\" data-id=\"alain.kaufmann@unil.ch\">Alain Kaufmann<\/a>, pr\u00e9sident de la commission de la recherche<\/div><\/li><\/ul><\/p>\n\n\n\n<p>Un\u00b7e rapporteur\u00b7e sera d\u00e9sign\u00e9\u00b7e afin d&rsquo;\u00e9tudier la demande et fournira une r\u00e9ponse dans <strong>un d\u00e9lai de maximum un mois<\/strong>. La commission de la recherche se r\u00e9serve le droit d\u2019entrer ou non en mati\u00e8re sur les demandes re\u00e7ues et de choisir les modalit\u00e9s d\u2019implication de Connaissance 3 selon les crit\u00e8res de qualit\u00e9, d\u2019originalit\u00e9, d\u2019int\u00e9r\u00eat et de faisabilit\u00e9 logistique qui lui sont propres.<\/p>\n\n\n\n<div style=\"height:35px\" aria-hidden=\"true\" class=\"wp-block-spacer\"><\/div>\n\n\n\n<p class=\"has-text-color has-medium-font-size\" style=\"color:#00acc8\"><strong>Trois modalit\u00e9s sont envisageables et impliquent des contreparties diverses<\/strong>:<\/p>\n\n\n\n<p><em>Vous pouvez retrouver toutes les modalit\u00e9s expliqu\u00e9e ci-dessous d\u00e9taill\u00e9es <a href=\"https:\/\/wp.unil.ch\/connaissance3\/files\/2025\/04\/c3-infos-chercheur-euses.pdf\" data-type=\"URL\" data-id=\"https:\/\/wp.unil.ch\/connaissance3\/files\/2023\/03\/C3_Infos_chercheur-euse-s_web.pdf\" target=\"_blank\" rel=\"noreferrer noopener\">dans ce document.<\/a><\/em><\/p>\n\n\n\n<div style=\"height:18px\" aria-hidden=\"true\" class=\"wp-block-spacer\"><\/div>\n\n\n\n<h4 class=\"wp-block-heading\">A) Connaissance 3 comme relais<\/h4>\n\n\n\n<p>Connaissance 3 relaie les appels \u00e0 participation. Les informations transmises par l\u2019\u00e9quipe de recherche sont publi\u00e9es sur notre page <a rel=\"noreferrer noopener\" href=\"https:\/\/wp.unil.ch\/connaissance3\/recherche-citoyenne\/participer\/\" data-type=\"URL\" data-id=\"https:\/\/wp.unil.ch\/connaissance3\/recherche-citoyenne\/participer\/\" target=\"_blank\">participer \u00e0 la recherche<\/a>.<\/p>\n\n\n\n<div class=\"su-spoiler su-spoiler-style-fancy su-spoiler-icon-arrow su-spoiler-closed\" data-scroll-offset=\"0\" data-anchor-in-url=\"no\"><div class=\"su-spoiler-title\" tabindex=\"0\" role=\"button\"><span class=\"su-spoiler-icon\"><\/span>Conditions<\/div><div class=\"su-spoiler-content su-u-clearfix su-u-trim\">\n\n\n\n<p>Merci de remplir la <a href=\"https:\/\/wp.unil.ch\/connaissance3\/files\/2025\/11\/def-nov25_fiche-de-projet-a.pdf\" target=\"_blank\" rel=\"noreferrer noopener\">fiche de projet<\/a> pour soumettre toute demande de type A.<\/p>\n\n\n\n<p class=\"has-small-font-size\">En s\u2019appuyant sur la fiche de projet soumise, Connaissance 3 d\u00e9termine si la recherche est pertinente pour son public et son programme. Si valid\u00e9, elle peut relayer l&rsquo;appel \u00e0 participation sur son site web et via une newsletter. Dans ce cas, il est demand\u00e9 de fournir une page web ou un \u00ab flyer \u00bb (pdf) d\u2019une \u00e0 deux pages comprenant:<\/p>\n\n\n\n<ul class=\"wp-block-list has-small-font-size\">\n<li>le(s) logo(s) de(s) (l\u2019)institution(s) porteuse(s) du projet<\/li>\n\n\n\n<li>le sujet de la recherche, sa m\u00e9thodologie, ses partenaires et son mode de financement<\/li>\n\n\n\n<li>les profils de seniors recherch\u00e9 (\u00e2ge, sexe, lieu de r\u00e9sidence, parcours de vie, etc.) et la type d&rsquo;implication attendu<\/li>\n\n\n\n<li>le d\u00e9lai dans lequel les personnes int\u00e9ress\u00e9es pourront s\u2019annoncer<\/li>\n\n\n\n<li>les coordonn\u00e9es de la personne contacter directement en cas d\u2019int\u00e9r\u00eat<\/li>\n<\/ul>\n\n\n\n<p class=\"has-small-font-size\">Une fois le projet publi\u00e9, la personne de contact s&rsquo;occupe des \u00e9changes avec les seniors int\u00e9ress\u00e9\u00b7es, sans intervention de Connaissance 3.<\/p>\n\n\n\n<\/div><\/div> <div class=\"su-spoiler su-spoiler-style-fancy su-spoiler-icon-arrow su-spoiler-closed\" data-scroll-offset=\"0\" data-anchor-in-url=\"no\"><div class=\"su-spoiler-title\" tabindex=\"0\" role=\"button\"><span class=\"su-spoiler-icon\"><\/span>Contrepartie<\/div><div class=\"su-spoiler-content su-u-clearfix su-u-trim\">\n\n\n\n<p class=\"has-small-font-size\">En guise de contrepartie, Connaissance 3 souhaite:<\/p>\n\n\n\n<ul class=\"wp-block-list has-small-font-size\">\n<li>conna\u00eetre l\u2019int\u00e9r\u00eat manifest\u00e9 pour le sujet par ses adh\u00e9rent\u00b7es (nombre de r\u00e9ponses \u00e0 l\u2019\u00e9ch\u00e9ance du d\u00e9lai d\u2019annonce, participation, questions \u00e9ventuelles, etc.)<\/li>\n\n\n\n<li>recevoir, au terme du projet, un bref descriptif des r\u00e9sultats obtenus<\/li>\n<\/ul>\n\n\n\n<p class=\"has-small-font-size\">Sur demande de Connaissance 3, l\u2019\u00e9quipe porteuse du projet se d\u00e9clare pr\u00eate \u00e0 valoriser la d\u00e9marche et les r\u00e9sultats obtenus par le biais d\u2019une activit\u00e9 \u00e0 inclure dans un prochain programme de l\u2019universit\u00e9 des seniors.<\/p>\n\n\n\n<\/div><\/div>\n\n\n\n<hr class=\"wp-block-separator aligncenter has-alpha-channel-opacity\" \/>\n\n\n\n<h4 class=\"wp-block-heading\">B) Connaissance 3 comme partenaire<\/h4>\n\n\n\n<p>Connaissance 3 propose activement \u00e0 ses adh\u00e9rent\u00b7es de participer au projet de recherche et accompagne l&rsquo;\u00e9quipe de recherche en participant r\u00e9guli\u00e8rement au comit\u00e9 de pilotage.<\/p>\n\n\n\n<div class=\"su-spoiler su-spoiler-style-fancy su-spoiler-icon-arrow su-spoiler-closed\" data-scroll-offset=\"0\" data-anchor-in-url=\"no\"><div class=\"su-spoiler-title\" tabindex=\"0\" role=\"button\"><span class=\"su-spoiler-icon\"><\/span>Conditions<\/div><div class=\"su-spoiler-content su-u-clearfix su-u-trim\">\n\n\n\n<p class=\"has-small-font-size\">Dans le cas o\u00f9 Connaissance 3 est contact\u00e9e suffisamment t\u00f4t au moment du lancement d\u2019un projet de recherche et si le projet de recherche est jug\u00e9 particuli\u00e8rement int\u00e9ressant comme lieu d\u2019expression pour ses adh\u00e9rent\u00b7es, une association plus \u00e9troite au projet peut \u00eatre envisag\u00e9e. Son r\u00f4le d\u00e9passe d\u00e8s lors la diffusion et devient partenaire du projet en s\u2019impliquant plus avant dans son suivi et en int\u00e9grant le comit\u00e9 de pilotage.<\/p>\n\n\n\n<p class=\"has-small-font-size\">Il est demand\u00e9 de fournir un lien vers une page web ou un \u00ab flyer \u00bb selon les m\u00eames crit\u00e8res qu&rsquo;au point pr\u00e9c\u00e9dent. La personne de contact s&rsquo;occupe des \u00e9changes avec les seniors int\u00e9ress\u00e9\u00b7es, sans intervention de Connaissance 3.<\/p>\n\n\n\n<\/div><\/div> <div class=\"su-spoiler su-spoiler-style-fancy su-spoiler-icon-arrow su-spoiler-closed\" data-scroll-offset=\"0\" data-anchor-in-url=\"no\"><div class=\"su-spoiler-title\" tabindex=\"0\" role=\"button\"><span class=\"su-spoiler-icon\"><\/span>Contrepartie<\/div><div class=\"su-spoiler-content su-u-clearfix su-u-trim\">\n\n\n\n<p class=\"has-small-font-size\">En guise de contrepartie, Connaissance 3 souhaite:<\/p>\n\n\n\n<ul class=\"wp-block-list has-small-font-size\">\n<li>conna\u00eetre l\u2019int\u00e9r\u00eat manifest\u00e9 pour le projet (nombre de r\u00e9ponses provenant de l\u2019universit\u00e9 des seniors \u00e0 l\u2019\u00e9ch\u00e9ance du d\u00e9lai d\u2019annonce)<\/li>\n\n\n\n<li>\u00eatre tenue r\u00e9guli\u00e8rement inform\u00e9e de l\u2019avancement de celui-ci (tous les 6 mois par l\u2019interm\u00e9diaire du\u00b7de la rapporteur\u00b7e d\u00e9sign\u00e9\u00b7e)<\/li>\n\n\n\n<li>obtenir un rapport de recherche complet au terme du projet<\/li>\n<\/ul>\n\n\n\n<p class=\"has-small-font-size\">Sur demande de Connaissance 3, l\u2019\u00e9quipe porteuse du projet se d\u00e9clare pr\u00eate \u00e0 valoriser la d\u00e9marche et les r\u00e9sultats obtenus par le biais d\u2019une activit\u00e9 \u00e0 inclure dans un prochain programme de l\u2019universit\u00e9 des seniors.<\/p>\n\n\n\n<\/div><\/div>\n\n\n\n<hr class=\"wp-block-separator aligncenter has-alpha-channel-opacity\" \/>\n\n\n\n<h4 class=\"wp-block-heading\">C) Connaissance 3 comme co-chercheuse<\/h4>\n\n\n\n<p class=\"has-text-align-left\">Connaissance 3 est impliqu\u00e9e d\u00e8s le d\u00e9part dans l\u2019\u00e9laboration du projet de recherche et est co-requ\u00e9rante du projet aupr\u00e8s des bailleurs de fonds.<\/p>\n\n\n\n<p class=\"has-text-align-left\"><div class=\"su-spoiler su-spoiler-style-fancy su-spoiler-icon-arrow su-spoiler-closed\" data-scroll-offset=\"0\" data-anchor-in-url=\"no\"><div class=\"su-spoiler-title\" tabindex=\"0\" role=\"button\"><span class=\"su-spoiler-icon\"><\/span>Conditions<\/div><div class=\"su-spoiler-content su-u-clearfix su-u-trim\">\n\n\n\n<p class=\"has-small-font-size\">Pour ce type de projet, Connaissance 3 est impliqu\u00e9e d\u00e8s le d\u00e9part dans l\u2019\u00e9laboration du projet (th\u00e8me, m\u00e9thodologie, recrutement et engagement des seniors, modalit\u00e9s de financement, calendrier et suivi, valorisation des r\u00e9sultats). L\u2019universit\u00e9 des seniors est alors co-requ\u00e9rante du projet (projets type AGORA du FNS, projets de recherche participative, initiatives du type \u00ab\u00a0sant\u00e9 int\u00e9grative\u00a0\u00bb lanc\u00e9es par des fondations, appels lanc\u00e9s par des offices cantonaux ou f\u00e9d\u00e9raux, etc.).<\/p>\n\n\n\n<p class=\"has-text-align-left\"><\/div><\/div> <div class=\"su-spoiler su-spoiler-style-fancy su-spoiler-icon-arrow su-spoiler-closed\" data-scroll-offset=\"0\" data-anchor-in-url=\"no\"><div class=\"su-spoiler-title\" tabindex=\"0\" role=\"button\"><span class=\"su-spoiler-icon\"><\/span>Engagement des deux parties<\/div><div class=\"su-spoiler-content su-u-clearfix su-u-trim\">\n\n\n\n<p class=\"has-small-font-size\">Ces points font l\u2019objet d\u2019un accord (protocole de recherche) pr\u00e9cisant les engagements respectifs des parties: <\/p>\n\n\n\n<ul class=\"wp-block-list has-small-font-size\">\n<li>Le\u00b7la rapporteur\u00b7e et\/ou une personne du secr\u00e9tariat de Connaissance est membre du comit\u00e9 de pilotage du projet de recherche<\/li>\n\n\n\n<li>La fondation est formellement partenaire (mention dans les documents diffus\u00e9s, pr\u00e9sence de son logo)<\/li>\n\n\n\n<li>Elle promeut activement la participation de ses membres au projet, lesquel\u00b7les y jouent un r\u00f4le actif, id\u00e9alement le r\u00f4le de co-chercheur\u00b7euses.<\/li>\n<\/ul>\n\n\n\n<p class=\"has-small-font-size\">Au terme du projet, le comit\u00e9 de pilotage \u00e9tudie les meilleures modalit\u00e9s de valorisation des r\u00e9sultats obtenus (\u00e9v\u00e9nement, publication, vid\u00e9os, etc.) dans lesquelles Connaissance 3 pourrait s\u2019engager, en plus d\u2019offrir les modalit\u00e9s traditionnellement propos\u00e9es dans son programme d\u2019activit\u00e9s (conf\u00e9rences, cours et visites).<\/p>\n\n\n\n<p class=\"has-text-align-left\"><\/div><\/div>\n\n\n\n<p><\/p>\n\n\n\n<p><\/p>\n\n\n\n<p><\/p>\n","protected":false},"excerpt":{"rendered":"<p>En cas d\u2019int\u00e9r\u00eat, les chercheur\u00b7euses sont invit\u00e9\u00b7es \u00e0 s&rsquo;adresser \u00e0 Un\u00b7e rapporteur\u00b7e sera d\u00e9sign\u00e9\u00b7e afin d&rsquo;\u00e9tudier la demande et fournira une r\u00e9ponse dans un d\u00e9lai de maximum un mois. La commission de la recherche se r\u00e9serve le droit d\u2019entrer ou<\/p>\n","protected":false},"author":1136,"featured_media":0,"parent":23270,"menu_order":1,"comment_status":"closed","ping_status":"closed","template":"","meta":{"_seopress_robots_primary_cat":"","_seopress_titles_title":"","_seopress_titles_desc":"","_seopress_robots_index":"","footnotes":""},"class_list":["post-23312","page","type-page","status-publish"],"_links":{"self":[{"href":"https:\/\/wp.unil.ch\/connaissance3\/wp-json\/wp\/v2\/pages\/23312","targetHints":{"allow":["GET"]}}],"collection":[{"href":"https:\/\/wp.unil.ch\/connaissance3\/wp-json\/wp\/v2\/pages"}],"about":[{"href":"https:\/\/wp.unil.ch\/connaissance3\/wp-json\/wp\/v2\/types\/page"}],"author":[{"embeddable":true,"href":"https:\/\/wp.unil.ch\/connaissance3\/wp-json\/wp\/v2\/users\/1136"}],"replies":[{"embeddable":true,"href":"https:\/\/wp.unil.ch\/connaissance3\/wp-json\/wp\/v2\/comments?post=23312"}],"version-history":[{"count":4,"href":"https:\/\/wp.unil.ch\/connaissance3\/wp-json\/wp\/v2\/pages\/23312\/revisions"}],"predecessor-version":[{"id":31259,"href":"https:\/\/wp.unil.ch\/connaissance3\/wp-json\/wp\/v2\/pages\/23312\/revisions\/31259"}],"up":[{"embeddable":true,"href":"https:\/\/wp.unil.ch\/connaissance3\/wp-json\/wp\/v2\/pages\/23270"}],"wp:attachment":[{"href":"https:\/\/wp.unil.ch\/connaissance3\/wp-json\/wp\/v2\/media?parent=23312"}],"curies":[{"name":"wp","href":"https:\/\/api.w.org\/{rel}","templated":true}]}}