{"id":23270,"date":"2022-10-06T11:58:51","date_gmt":"2022-10-06T09:58:51","guid":{"rendered":"https:\/\/wp.unil.ch\/connaissance3\/?page_id=23270"},"modified":"2024-06-10T16:52:16","modified_gmt":"2024-06-10T14:52:16","slug":"recherche-citoyenne","status":"publish","type":"page","link":"https:\/\/wp.unil.ch\/connaissance3\/recherche-citoyenne\/","title":{"rendered":"P\u00f4le de recherche citoyenne"},"content":{"rendered":"\n<h2 class=\"wp-block-heading\" id=\"dans-onze-regions-du-canton-de-vaud\">Co-diriger et collaborer \u00e0 des projets de recherche-action impliquant des seniors,  contribuer \u00e0 la diffusion des r\u00e9sultats<\/h2>\n\n\n\n<p>Afin de <strong>constituer un p\u00f4le de recherche-action<\/strong>, Connaissance 3 propose aux seniors de devenir des citoyens et des citoyennes chercheur\u00b7euse\u00b7s.<\/p>\n\n\n\n<p>Au cours de la derni\u00e8re d\u00e9cennie, les Hautes \u00e9coles ont multipli\u00e9 les recherches sur le vieillissement en sollicitant de plus en plus fr\u00e9quemment Connaissance 3 pour acc\u00e9der \u00e0 son r\u00e9seau, vu comme \u00ab objet de recherche \u00bb et \u00ab d\u00e9tenteur de donn\u00e9es \u00bb. Motiv\u00e9es peut-\u00eatre par le fameux \u00ab Tsunami gris \u00bb qui frappe notre pays (ndlr: le vieillissement de la g\u00e9n\u00e9ration des \u00abbaby-boomers\u00bb), ces recherches aux m\u00e9thodologies distinctes ont comme point commun de placer les seniors au centre de leur d\u00e9marche en leur permettant d\u2019\u00eatre protagonistes des recherches.<\/p>\n\n\n\n<p>Forte de ces exp\u00e9riences, Connaissance 3 inscrit dans son quotidien une mani\u00e8re innovante de maintenir les seniors dans la soci\u00e9t\u00e9, en les int\u00e9grant aux r\u00e9flexions sur divers th\u00e8mes d\u2019int\u00e9r\u00eat public et dans des \u00e9quipes de recherche. Pour parvenir \u00e0 ses objectifs, la fondation a mis sur pied une <a href=\"https:\/\/wp.unil.ch\/connaissance3\/portrait\/structure-et-instances\/#commission-recherche\" data-type=\"URL\" data-id=\"https:\/\/wp.unil.ch\/connaissance3\/portrait\/structure-et-instances\/#commission-recherche\">Commission de la recherche<\/a>, compos\u00e9e de membres aux parcours acad\u00e9miques et aux exp\u00e9riences de recherche riches et vari\u00e9es.<\/p>\n\n\n\n<figure class=\"wp-block-embed is-type-video is-provider-youtube wp-block-embed-youtube wp-embed-aspect-16-9 wp-has-aspect-ratio\"><div class=\"wp-block-embed__wrapper\">\n<iframe loading=\"lazy\" title=\"Connaissance 3 pre\u0301sente sa commission de la recherche\" width=\"720\" height=\"405\" src=\"https:\/\/www.youtube.com\/embed\/1RmJ3v-NZRU?feature=oembed\" frameborder=\"0\" allow=\"accelerometer; autoplay; clipboard-write; encrypted-media; gyroscope; picture-in-picture; web-share\" allowfullscreen><\/iframe>\n<\/div><\/figure>\n\n\n\n<p>Vous \u00eates curieux\u00b7se du r\u00f4le que Connaissance 3 d\u00e9sire jouer dans la recherche? Vous trouverez <a href=\"https:\/\/wp.unil.ch\/connaissance3\/files\/2022\/11\/Def.-C3_Politique-recherche.pdf\" data-type=\"URL\" data-id=\"https:\/\/wp.unil.ch\/connaissance3\/files\/2022\/11\/Def.-C3_Politique-recherche.pdf\" target=\"_blank\" rel=\"noreferrer noopener\">sur ce document<\/a> un r\u00e9sum\u00e9 des missions que se fixe la fondation et du r\u00f4le de la recherche-action pour stimuler l&rsquo;apprentissage tout au long de la vie.<\/p>\n\n\n\n<p>Les recherches auxquelles participe Connaissance 3 sont class\u00e9es selon les besoins des chercheur\u00b7euse\u00b7s qui s&rsquo;adressent \u00e0 la fondation. La fondation peut simplement faire le relais entre les chercheur\u00b7euse\u00b7s et un important r\u00e9seau de seniors. Mais elle a aussi pour vocation d&rsquo;\u00eatre v\u00e9ritablement <strong>partie prenante<\/strong> des recherches auxquelles elle choisit de s&rsquo;associer.<\/p>\n\n\n\n<div class=\"wp-block-columns is-layout-flex wp-container-core-columns-is-layout-9d6595d7 wp-block-columns-is-layout-flex\">\n<div class=\"wp-block-column is-layout-flow wp-block-column-is-layout-flow\">\n<div class=\"su-note\"  style=\"border-color:#e5e5e5;border-radius:13px;-moz-border-radius:13px;-webkit-border-radius:13px;\"><div class=\"su-note-inner su-u-clearfix su-u-trim\" style=\"background-color:#ffffff;border-color:#ffffff;color:#8f8f8f;border-radius:13px;-moz-border-radius:13px;-webkit-border-radius:13px;\">\n\n\n\n<h4 class=\"wp-block-heading has-text-align-left\"><a href=\"https:\/\/wp.unil.ch\/connaissance3\/recherche-citoyenne\/participer\/\">Participer \u00e0 la recherche<\/a><\/h4>\n\n\n\n<p class=\"has-text-align-left\">Vous \u00eates un\u00b7e senior cherchant \u00e0 apporter sa pierre \u00e0 l&rsquo;\u00e9difice en participant \u00e0 un travail acad\u00e9mique? Ind\u00e9pendamment du niveau d&rsquo;implication que vous \u00eates pr\u00eat\u00b7e \u00e0 fournir, cette rubrique signale les recherches auxquelles vous pouvez prendre part.<\/p>\n\n\n\n<div class=\"wp-block-buttons is-layout-flex wp-block-buttons-is-layout-flex\">\n<div class=\"wp-block-button has-custom-font-size aligncenter\" style=\"font-size:14px\"><a class=\"wp-block-button__link has-background wp-element-button\" href=\"https:\/\/wp.unil.ch\/connaissance3\/recherche-citoyenne\/participer\/\" style=\"background-color:#00aece\">Recherches en cours<\/a><\/div>\n<\/div>\n\n\n\n<\/div><\/div>\n<\/div>\n\n\n\n<div class=\"wp-block-column is-layout-flow wp-block-column-is-layout-flow\">\n<div class=\"su-note\"  style=\"border-color:#e5e5e5;border-radius:13px;-moz-border-radius:13px;-webkit-border-radius:13px;\"><div class=\"su-note-inner su-u-clearfix su-u-trim\" style=\"background-color:#ffffff;border-color:#ffffff;color:#8f8f8f;border-radius:13px;-moz-border-radius:13px;-webkit-border-radius:13px;\">\n\n\n\n<h4 class=\"wp-block-heading has-text-align-left\"><a href=\"https:\/\/wp.unil.ch\/connaissance3\/recherche-citoyenne\/pour-les-chercheur-euse-s\/\">Proposer une recherche<\/a><\/h4>\n\n\n\n<p class=\"has-text-align-left\">Vous \u00eates un\u00b7e chercheur\u00b7euse qui travaille sur un projet acad\u00e9mique et souhaitez y associer des seniors? Vous trouverez ici toutes les informations indiquant la mani\u00e8re de contacter Connaissance 3 ainsi que les conditions, les contreparties et les \u00e9tapes d&rsquo;un tel partenariat.<\/p>\n\n\n\n<div class=\"wp-block-buttons is-layout-flex wp-block-buttons-is-layout-flex\">\n<div class=\"wp-block-button has-custom-font-size aligncenter\" style=\"font-size:14px\"><a class=\"wp-block-button__link has-background wp-element-button\" href=\"https:\/\/wp.unil.ch\/connaissance3\/recherche-citoyenne\/pour-les-chercheur-euse-s\/\" style=\"background-color:#00aece\">Informations et conditions<\/a><\/div>\n<\/div>\n\n\n\n<\/div><\/div>\n<\/div>\n\n\n\n<div class=\"wp-block-column is-layout-flow wp-block-column-is-layout-flow\">\n<div class=\"su-note\"  style=\"border-color:#e5e5e5;border-radius:13px;-moz-border-radius:13px;-webkit-border-radius:13px;\"><div class=\"su-note-inner su-u-clearfix su-u-trim\" style=\"background-color:#ffffff;border-color:#ffffff;color:#8f8f8f;border-radius:13px;-moz-border-radius:13px;-webkit-border-radius:13px;\">\n\n\n\n<h4 class=\"wp-block-heading has-text-align-left\"><a href=\"https:\/\/wp.unil.ch\/connaissance3\/recherche-citoyenne\/historique-des-recherches-et-resultats\/\">Suivi et r\u00e9sultats<\/a><\/h4>\n\n\n\n<p class=\"has-text-align-left\">Retrouvez le suivi des recherches en cours et termin\u00e9es dans lesquelles les membres de Connaissance 3 s&rsquo;engagent. Des liens vers l&rsquo;aboutissement de ces projets y sont disponibles (r\u00e9sultats d&rsquo;\u00e9tudes, statistiques, documents r\u00e9flexifs, rebonds m\u00e9diatiques etc.).<\/p>\n\n\n\n<div class=\"wp-block-buttons is-layout-flex wp-block-buttons-is-layout-flex\">\n<div class=\"wp-block-button has-custom-font-size aligncenter\" style=\"font-size:14px\"><a class=\"wp-block-button__link has-background wp-element-button\" href=\"https:\/\/wp.unil.ch\/connaissance3\/recherche-citoyenne\/historique-des-recherches-et-resultats\/\" style=\"background-color:#00aece\">Suivi des recherches<\/a><\/div>\n<\/div>\n\n\n\n<\/div><\/div>\n<\/div>\n<\/div>\n","protected":false},"excerpt":{"rendered":"<p>Co-diriger et collaborer \u00e0 des projets de recherche-action impliquant des seniors, contribuer \u00e0 la diffusion des r\u00e9sultats Afin de constituer un p\u00f4le de recherche-action, Connaissance 3 propose aux seniors de devenir des citoyens et des citoyennes chercheur\u00b7euse\u00b7s. Au cours de<\/p>\n","protected":false},"author":1136,"featured_media":0,"parent":0,"menu_order":0,"comment_status":"closed","ping_status":"closed","template":"","meta":{"_seopress_robots_primary_cat":"","_seopress_titles_title":"","_seopress_titles_desc":"","_seopress_robots_index":"","footnotes":""},"class_list":["post-23270","page","type-page","status-publish"],"_links":{"self":[{"href":"https:\/\/wp.unil.ch\/connaissance3\/wp-json\/wp\/v2\/pages\/23270","targetHints":{"allow":["GET"]}}],"collection":[{"href":"https:\/\/wp.unil.ch\/connaissance3\/wp-json\/wp\/v2\/pages"}],"about":[{"href":"https:\/\/wp.unil.ch\/connaissance3\/wp-json\/wp\/v2\/types\/page"}],"author":[{"embeddable":true,"href":"https:\/\/wp.unil.ch\/connaissance3\/wp-json\/wp\/v2\/users\/1136"}],"replies":[{"embeddable":true,"href":"https:\/\/wp.unil.ch\/connaissance3\/wp-json\/wp\/v2\/comments?post=23270"}],"version-history":[{"count":5,"href":"https:\/\/wp.unil.ch\/connaissance3\/wp-json\/wp\/v2\/pages\/23270\/revisions"}],"predecessor-version":[{"id":28242,"href":"https:\/\/wp.unil.ch\/connaissance3\/wp-json\/wp\/v2\/pages\/23270\/revisions\/28242"}],"wp:attachment":[{"href":"https:\/\/wp.unil.ch\/connaissance3\/wp-json\/wp\/v2\/media?parent=23270"}],"curies":[{"name":"wp","href":"https:\/\/api.w.org\/{rel}","templated":true}]}}