{"id":219,"date":"2013-02-05T11:13:50","date_gmt":"2013-02-05T10:13:50","guid":{"rendered":"http:\/\/wp.unil.ch\/connaissance3\/?page_id=219"},"modified":"2026-02-23T17:45:54","modified_gmt":"2026-02-23T16:45:54","slug":"rapports-annuels","status":"publish","type":"page","link":"https:\/\/wp.unil.ch\/connaissance3\/portrait\/publications\/rapports-annuels\/","title":{"rendered":"Rapports annuels"},"content":{"rendered":"\n<p><strong>Les rapports annuels (ann\u00e9e acad\u00e9mique) ont pour but de pr\u00e9sentent les points forts qui ont anim\u00e9 la vie de Connaissance 3 ainsi que les activit\u00e9s propos\u00e9es \u00e0 ses participant\u00b7es. Les comptes et le bilan financier de la fondation y sont \u00e9galement pr\u00e9sent\u00e9s et comment\u00e9s.<\/strong><\/p>\n\n\n\n<div style=\"height:26px\" aria-hidden=\"true\" class=\"wp-block-spacer\"><\/div>\n\n\n\n<h2 class=\"wp-block-heading\" id=\"en-2020-2021\"><mark style=\"background-color:#ffffff;color:#00acc8\" class=\"has-inline-color\">Rapport annuel 2024-2025<\/mark><\/h2>\n\n\n\n<p>D\u00e9couvrez notre dernier rapport d&rsquo;activit\u00e9s sur l&rsquo;ann\u00e9e acad\u00e9mique 2024-2025. Retravaill\u00e9 sur sa forme, afin d\u2019am\u00e9liorer le confort de lecture, il a \u00e9galement \u00e9t\u00e9 agr\u00e9ment\u00e9 dans son contenu, afin de d\u00e9voiler, sous forme de \u00ab\u00a0ligne du temps\u00a0\u00bb, une plus grande partie des divers \u00e9v\u00e9nements qui jalonnent la vie de la fondation.<\/p>\n\n\n<div class=\"wp-block-image\">\n<figure class=\"aligncenter size-large is-resized\"><a href=\"https:\/\/wp.unil.ch\/connaissance3\/files\/2026\/02\/rapport_2024-2025-def-2.pdf\"><img loading=\"lazy\" decoding=\"async\" width=\"719\" height=\"1024\" src=\"https:\/\/wp.unil.ch\/connaissance3\/files\/2026\/02\/capture-decran-2026-02-23-a-17.21.49-719x1024.png\" alt=\"capture d\u2019\u00e9cran 2026 02 23 \u00e0 17.21.49\" class=\"wp-image-31667\" style=\"aspect-ratio:0.7021719726271943;width:258px;height:auto\" srcset=\"https:\/\/wp.unil.ch\/connaissance3\/files\/2026\/02\/capture-decran-2026-02-23-a-17.21.49-719x1024.png 719w, https:\/\/wp.unil.ch\/connaissance3\/files\/2026\/02\/capture-decran-2026-02-23-a-17.21.49-211x300.png 211w, https:\/\/wp.unil.ch\/connaissance3\/files\/2026\/02\/capture-decran-2026-02-23-a-17.21.49-126x180.png 126w, https:\/\/wp.unil.ch\/connaissance3\/files\/2026\/02\/capture-decran-2026-02-23-a-17.21.49-768x1095.png 768w, https:\/\/wp.unil.ch\/connaissance3\/files\/2026\/02\/capture-decran-2026-02-23-a-17.21.49.png 842w\" sizes=\"auto, (max-width: 719px) 100vw, 719px\" \/><\/a><\/figure>\n<\/div>\n\n\n<div class=\"wp-block-buttons is-content-justification-center is-layout-flex wp-container-core-buttons-is-layout-16018d1d wp-block-buttons-is-layout-flex\">\n<div class=\"wp-block-button\"><a class=\"wp-block-button__link has-white-color has-text-color has-background has-link-color has-text-align-center wp-element-button\" href=\"https:\/\/wp.unil.ch\/connaissance3\/files\/2026\/02\/rapport_2024-2025-def-2.pdf\" style=\"background-color:#00acc8\" target=\"_blank\" rel=\"noreferrer noopener\">Lire le rapport<\/a><\/div>\n<\/div>\n\n\n\n<div style=\"height:28px\" aria-hidden=\"true\" class=\"wp-block-spacer\"><\/div>\n\n\n\n<div class=\"wp-block-group\"><div class=\"wp-block-group__inner-container is-layout-constrained wp-block-group-is-layout-constrained\">\n<div class=\"su-note\"  style=\"border-color:#e5e5e5;border-radius:13px;-moz-border-radius:13px;-webkit-border-radius:13px;\"><div class=\"su-note-inner su-u-clearfix su-u-trim\" style=\"background-color:#ffffff;border-color:#ffffff;color:#333333;border-radius:13px;-moz-border-radius:13px;-webkit-border-radius:13px;\">\n\n\n\n<\/div><\/div>\n<\/div><\/div>\n\n\n\n<div style=\"height:16px\" aria-hidden=\"true\" class=\"wp-block-spacer\"><\/div>\n\n\n\n<h3 class=\"wp-block-heading\" id=\"telecharger-les-rapports-annuels-pdf\">Anciens rapports annuels (PDF)<\/h3>\n\n\n\n<ul class=\"wp-block-list\">\n<li><a style=\"white-space: normal\" href=\"https:\/\/wp.unil.ch\/connaissance3\/files\/2026\/02\/ra_2023-2024.pdf\">Rapport annuel 2023-2024<\/a><\/li>\n\n\n\n<li><a href=\"https:\/\/wp.unil.ch\/connaissance3\/files\/2024\/02\/RA22-23_web_planches.pdf\" target=\"_blank\" rel=\"noreferrer noopener\">Rapport annuel 2022-2023<\/a><\/li>\n\n\n\n<li><a href=\"https:\/\/wp.unil.ch\/connaissance3\/files\/2023\/03\/Rapport_2022_web.pdf\" data-type=\"URL\" data-id=\"https:\/\/wp.unil.ch\/connaissance3\/files\/2023\/03\/Rapport_2022_web.pdf\" target=\"_blank\" rel=\"noreferrer noopener\">Rapport annuel 2021-2022<\/a><\/li>\n\n\n\n<li><a href=\"https:\/\/wp.unil.ch\/connaissance3\/files\/2022\/02\/Rapport-annuel-2020-2021.pdf\" data-type=\"URL\" data-id=\"https:\/\/wp.unil.ch\/connaissance3\/files\/2022\/02\/Rapport-annuel-2020-2021.pdf\" target=\"_blank\" rel=\"noreferrer noopener\">Rapport annuel 2020-2021<\/a><\/li>\n\n\n\n<li><a rel=\"noreferrer noopener\" href=\"https:\/\/wp.unil.ch\/connaissance3\/files\/2021\/01\/OK-Rapport_2020.pdf\" target=\"_blank\">Rapport annuel 2019-2020<\/a><\/li>\n\n\n\n<li><a href=\"https:\/\/wp.unil.ch\/connaissance3\/files\/2024\/01\/RA_2018-19_planches.pdf\" target=\"_blank\" rel=\"noreferrer noopener\">Rapport annuel 2018-2019<\/a><\/li>\n\n\n\n<li><a href=\"https:\/\/wp.unil.ch\/connaissance3\/files\/2024\/01\/RA-2017-18.pdf\" target=\"_blank\" rel=\"noreferrer noopener\">Rapport annuel 2017-2018<\/a><\/li>\n\n\n\n<li><a href=\"https:\/\/wp.unil.ch\/connaissance3\/files\/2024\/01\/RA_2016-17.pdf\" target=\"_blank\" rel=\"noreferrer noopener\">Rapport annuel 2016-2017<\/a><\/li>\n\n\n\n<li><a rel=\"noopener noreferrer\" href=\"https:\/\/wp.unil.ch\/connaissance3\/files\/2017\/03\/Rapport_15-16.pdf\" target=\"_blank\">Rapport annuel 2015-2016<\/a><\/li>\n\n\n\n<li><a rel=\"noopener noreferrer\" href=\"https:\/\/wp.unil.ch\/connaissance3\/files\/2016\/03\/C3_rapport2014-5.pdf\" target=\"_blank\">Rapport annuel 2014-2015<\/a><\/li>\n<\/ul>\n\n\n\n<p><\/p>\n","protected":false},"excerpt":{"rendered":"<p>Les rapports annuels (ann\u00e9e acad\u00e9mique) ont pour but de pr\u00e9sentent les points forts qui ont anim\u00e9 la vie de Connaissance 3 ainsi que les activit\u00e9s propos\u00e9es \u00e0 ses participant\u00b7es. Les comptes et le bilan financier de la fondation y sont<\/p>\n","protected":false},"author":1136,"featured_media":30255,"parent":3916,"menu_order":0,"comment_status":"closed","ping_status":"closed","template":"","meta":{"_seopress_robots_primary_cat":"","_seopress_titles_title":"","_seopress_titles_desc":"","_seopress_robots_index":"","footnotes":""},"class_list":["post-219","page","type-page","status-publish","has-post-thumbnail"],"_links":{"self":[{"href":"https:\/\/wp.unil.ch\/connaissance3\/wp-json\/wp\/v2\/pages\/219","targetHints":{"allow":["GET"]}}],"collection":[{"href":"https:\/\/wp.unil.ch\/connaissance3\/wp-json\/wp\/v2\/pages"}],"about":[{"href":"https:\/\/wp.unil.ch\/connaissance3\/wp-json\/wp\/v2\/types\/page"}],"author":[{"embeddable":true,"href":"https:\/\/wp.unil.ch\/connaissance3\/wp-json\/wp\/v2\/users\/1136"}],"replies":[{"embeddable":true,"href":"https:\/\/wp.unil.ch\/connaissance3\/wp-json\/wp\/v2\/comments?post=219"}],"version-history":[{"count":5,"href":"https:\/\/wp.unil.ch\/connaissance3\/wp-json\/wp\/v2\/pages\/219\/revisions"}],"predecessor-version":[{"id":31679,"href":"https:\/\/wp.unil.ch\/connaissance3\/wp-json\/wp\/v2\/pages\/219\/revisions\/31679"}],"up":[{"embeddable":true,"href":"https:\/\/wp.unil.ch\/connaissance3\/wp-json\/wp\/v2\/pages\/3916"}],"wp:featuredmedia":[{"embeddable":true,"href":"https:\/\/wp.unil.ch\/connaissance3\/wp-json\/wp\/v2\/media\/30255"}],"wp:attachment":[{"href":"https:\/\/wp.unil.ch\/connaissance3\/wp-json\/wp\/v2\/media?parent=219"}],"curies":[{"name":"wp","href":"https:\/\/api.w.org\/{rel}","templated":true}]}}