{"id":1655,"date":"2013-06-04T09:16:11","date_gmt":"2013-06-04T07:16:11","guid":{"rendered":"http:\/\/wp.unil.ch\/connaissance3\/?page_id=1655"},"modified":"2025-09-02T09:23:05","modified_gmt":"2025-09-02T07:23:05","slug":"portrait","status":"publish","type":"page","link":"https:\/\/wp.unil.ch\/connaissance3\/portrait\/","title":{"rendered":"Portrait et missions"},"content":{"rendered":"\n<h2 class=\"wp-block-heading\"><mark style=\"background-color:#ffffff;color:#00acc8\" class=\"has-inline-color\">Passerelle entre le savoir universitaire et la soci\u00e9t\u00e9<\/mark><\/h2>\n\n\n\n<p>Cr\u00e9\u00e9e dans une perspective de formation continue tout au long de la vie, Connaissance 3 est l\u2019Universit\u00e9 des seniors du canton de Vaud. Ses activit\u00e9s s\u2019adressent en priorit\u00e9 aux seniors, mais elle est ouverte \u00e0 toutes et \u00e0 tous, sans limite d\u2019\u00e2ge ni consid\u00e9ration de dipl\u00f4me.<\/p>\n\n\n<div class=\"wp-block-image is-style-default\">\n<figure class=\"aligncenter size-full is-resized\"><img alt=\"\" loading=\"lazy\" decoding=\"async\" width=\"1920\" height=\"748\" src=\"https:\/\/wp.unil.ch\/connaissance3\/files\/2023\/06\/Ampoule_Mains.jpg\" alt=\"\" class=\"wp-image-24957\" style=\"width:1739px;height:undefinedpx\" srcset=\"https:\/\/wp.unil.ch\/connaissance3\/files\/2023\/06\/Ampoule_Mains.jpg 1920w, https:\/\/wp.unil.ch\/connaissance3\/files\/2023\/06\/Ampoule_Mains-300x117.jpg 300w, https:\/\/wp.unil.ch\/connaissance3\/files\/2023\/06\/Ampoule_Mains-1024x399.jpg 1024w, https:\/\/wp.unil.ch\/connaissance3\/files\/2023\/06\/Ampoule_Mains-180x70.jpg 180w, https:\/\/wp.unil.ch\/connaissance3\/files\/2023\/06\/Ampoule_Mains-768x299.jpg 768w, https:\/\/wp.unil.ch\/connaissance3\/files\/2023\/06\/Ampoule_Mains-1536x598.jpg 1536w, https:\/\/wp.unil.ch\/connaissance3\/files\/2023\/06\/Ampoule_Mains-1320x514.jpg 1320w\" sizes=\"auto, (max-width: 1920px) 100vw, 1920px\" \/><\/figure>\n<\/div>\n\n\n<figure class=\"wp-block-pullquote has-white-color has-text-color\"><blockquote><p>Son ambition: apporter au grand public une formation et une information de niveau universitaire mises \u00e0 la port\u00e9e de chacun\u00b7e.<\/p><\/blockquote><\/figure>\n\n\n\n<div style=\"height:30px\" aria-hidden=\"true\" class=\"wp-block-spacer\"><\/div>\n\n\n\n<p>Affili\u00e9e \u00e0 la <a href=\"https:\/\/www.uni-3.ch\/fr\/actuel\" data-type=\"URL\" data-id=\"https:\/\/www.uni-3.ch\/fr\/actuel\" target=\"_blank\" rel=\"noreferrer noopener\">F\u00e9d\u00e9ration suisse des Uni3<\/a> et \u00e0 l\u2019<a href=\"https:\/\/www.aiu3a.org\/v2\/\" data-type=\"URL\" data-id=\"https:\/\/www.aiu3a.org\/v2\/\" target=\"_blank\" rel=\"noreferrer noopener\">Association internationale des Uni3 (AIUTA)<\/a>, dont elle partage les valeurs et les objectifs, elle est issue du milieu associatif, plus pr\u00e9cis\u00e9ment du Mouvement des a\u00een\u00e9s (MDA). Elle est reconnue comme fondation autonome depuis 1997. En relation avec l\u2019UNIL, l\u2019EPFL, l\u2019HEIG-VD et d\u2019autres Haute \u00e9coles avec lesquelles elle a sign\u00e9 des conventions, Connaissance 3 entend jouer un r\u00f4le de passerelle entre le savoir universitaire au sens large et la soci\u00e9t\u00e9.<br>Voir: <a href=\"https:\/\/wp.unil.ch\/connaissance3\/files\/2024\/01\/STATUTS-C3-2008-nouveau-logo.pdf\" target=\"_blank\" rel=\"noreferrer noopener\">Statuts<\/a> (PDF) | Voir: <a href=\"https:\/\/wp.unil.ch\/connaissance3\/portrait\/partenaires\/\" target=\"_blank\" rel=\"noreferrer noopener\">Partenaires<\/a><\/p>\n\n\n\n<div style=\"height:30px\" aria-hidden=\"true\" class=\"wp-block-spacer\"><\/div>\n\n\n\n<h2 class=\"wp-block-heading\" id=\"paretpourlesseniors\"><mark style=\"background-color:#ffffff;color:#00acc8\" class=\"has-inline-color\">Par et pour les seniors<\/mark><\/h2>\n\n\n\n<p>Connaissance 3 s\u2019appuie sur une force b\u00e9n\u00e9vole consid\u00e9rable, une centaine de seniors actifs \u00e0 la r\u00e9alisation de la programmation des activit\u00e9s. Un secr\u00e9tariat salari\u00e9 tr\u00e8s l\u00e9ger assure la gestion op\u00e9rationnelle, l\u2019administration, la recherche de fonds et la communication.<br>Voir: <a href=\"https:\/\/wp.unil.ch\/connaissance3\/portrait\/structure-et-instances\/\">Structure<\/a><\/p>\n\n\n\n<p>Les activit\u00e9s de cette universit\u00e9 faite par et pour les seniors entendent favoriser le lien social ainsi que les \u00e9changes entre les g\u00e9n\u00e9rations et les milieux sociaux.<\/p>\n\n\n\n<p>Son riche programme de conf\u00e9rences, cours, s\u00e9minaires, ateliers et visites culturelles\/scientifiques permet aux participant\u00b7es de conserver et de d\u00e9velopper leurs comp\u00e9tences et leur sens critique dans un monde en constante mutation. Apprendre et rester en phase avec l\u2019\u00e9volution de la soci\u00e9t\u00e9 sont \u00e9galement un plaisir et un vecteur de qualit\u00e9 de vie.<\/p>\n\n\n\n<div class=\"su-spoiler su-spoiler-style-fancy su-spoiler-icon-arrow su-spoiler-closed\" data-anchor=\"missions\" data-scroll-offset=\"0\" data-anchor-in-url=\"no\"><div class=\"su-spoiler-title\" tabindex=\"0\" role=\"button\"><span class=\"su-spoiler-icon\"><\/span><strong>Missions de la fondation<\/strong><\/div><div class=\"su-spoiler-content su-u-clearfix su-u-trim\">\n\n\n\n<h4 class=\"wp-block-heading\"><mark style=\"background-color:#ffffff;color:#00acc8\" class=\"has-inline-color\">Nourrir la curiosit\u00e9 et d\u00e9velopper le sens critique<\/mark><\/h4>\n\n\n\n<p>Les activit\u00e9s de Connaissance 3 ont pour but d\u2019apporter aux seniors et au grand public en g\u00e9n\u00e9ral une formation et une information de niveau universitaire, sous forme de conf\u00e9rences, de cours, ateliers ou s\u00e9minaires, ainsi que par le biais de visites scientifiques et culturelles ou m\u00eame de voyages.<\/p>\n\n\n\n<p>Connaissance 3 souhaite que ses activit\u00e9s apportent aux participant\u00b7es non seulement plaisir et satisfaction, mais \u00e9galement qu\u2019elles leur permettent de rester int\u00e9gr\u00e9s \u00e0 la vie sociale, culturelle et citoyenne de leur r\u00e9gion.<\/p>\n\n\n\n<h5 class=\"wp-block-heading\">Objectifs de Connaissance 3 et de ses activit\u00e9s<\/h5>\n\n\n\n<ul class=\"wp-block-list\">\n<li>Permettre aux seniors de rester actifs, engag\u00e9s et conscients des nouveaux enjeux de la soci\u00e9t\u00e9.<\/li>\n\n\n\n<li>Proposer des activit\u00e9s permettant aux participant\u00b7es de maintenir \u00e0 flot leurs connaissances, de d\u00e9velopper leur curiosit\u00e9 du savoir et d\u2019exercer un esprit critique et inform\u00e9 dans un monde en constante transition.<\/li>\n\n\n\n<li>\u0152uvrer avec les seniors pour pr\u00e9server leur autonomie et leur dignit\u00e9 et lutter contre leur stigmatisation.<\/li>\n\n\n\n<li>Promouvoir la qualit\u00e9 de vie et la sant\u00e9, en freinant le d\u00e9clin des capacit\u00e9s fonctionnelles et cognitives par des activit\u00e9s stimulantes et conviviales.<\/li>\n\n\n\n<li>Entretenir des relations suivies avec l\u2019UNIL, l\u2019EPFL, les HES et, plus largement, avec les milieux de la formation et les collectivit\u00e9s publiques.<\/li>\n\n\n\n<li>Travailler en partenariat avec les associations et les organismes \u0153uvrant en faveur des seniors ainsi qu\u2019avec les r\u00e9seaux culturels.<\/li>\n<\/ul>\n\n\n\n<\/div><\/div>\n\n\n\n<div class=\"su-spoiler su-spoiler-style-fancy su-spoiler-icon-arrow su-spoiler-closed\" data-anchor=\"missions\" data-scroll-offset=\"0\" data-anchor-in-url=\"no\"><div class=\"su-spoiler-title\" tabindex=\"0\" role=\"button\"><span class=\"su-spoiler-icon\"><\/span><strong>Statuts de la fondation<\/strong><\/div><div class=\"su-spoiler-content su-u-clearfix su-u-trim\">\n\n\n\n<p>D\u00e9couvrez les <a href=\"https:\/\/wp.unil.ch\/connaissance3\/files\/2025\/09\/status-de-connaissance-3_2025.pdf\">statuts de Connaissance 3<\/a>, entr\u00e9s en vigueur le 1er septembre 2025<\/p>\n\n\n\n<\/div><\/div>\n\n\n\n<div style=\"height:30px\" aria-hidden=\"true\" class=\"wp-block-spacer\"><\/div>\n\n\n\n<h2 class=\"wp-block-heading\"><mark style=\"background-color:#ffffff;color:#00acc8\" class=\"has-inline-color\">Une institution citoyenne<\/mark><\/h2>\n\n\n\n<p>Connaissance 3 souhaite constituer un p\u00f4le de recherche-action afin de jouer un r\u00f4le d\u2019institution citoyenne et apporter sa pierre aux r\u00e9flexions li\u00e9es au vieillissement et \u00e0 l\u2019int\u00e9gration des seniors dans la soci\u00e9t\u00e9. C\u2019est pourquoi, elle initie et participe \u00e0 des projets de recherches sur ces questions.<br>Voir: <a href=\"https:\/\/wp.unil.ch\/connaissance3\/recherche-citoyenne\/\">P\u00f4le de recherche citoyenne<\/a> | Voir: <a href=\"https:\/\/wp.unil.ch\/connaissance3\/plaidoyer\/\" data-type=\"page\" data-id=\"27577\">Plaidoyer<\/a><\/p>\n\n\n\n<div style=\"height:30px\" aria-hidden=\"true\" class=\"wp-block-spacer\"><\/div>\n\n\n\n<h2 class=\"wp-block-heading\"><mark style=\"background-color:#ffffff;color:#00acc8\" class=\"has-inline-color\">Finances<\/mark><\/h2>\n\n\n\n<p>Fondation sans fortune, Connaissance 3 doit chaque ann\u00e9e trouver de quoi financer la totalit\u00e9 de ses activit\u00e9s. \u00c0 ce jour, la moiti\u00e9 de son budget est autofinanc\u00e9 par le revenu des activit\u00e9s. L\u2019autre moiti\u00e9 est couverte par des subsides publics et par des fonds priv\u00e9s.<br>Voir: <a href=\"https:\/\/wp.unil.ch\/connaissance3\/portrait\/partenaires#financiers\" data-type=\"internal\" data-id=\"#financiers\">Partenaires financiers<\/a><\/p>\n\n\n\n<h4 class=\"wp-block-heading\">Nous soutenir<\/h4>\n\n\n\n<div class=\"wp-block-columns is-layout-flex wp-container-core-columns-is-layout-9d6595d7 wp-block-columns-is-layout-flex\">\n<div class=\"wp-block-column is-layout-flow wp-block-column-is-layout-flow\" style=\"flex-basis:20%\">\n<p class=\"has-text-align-left\"><img alt=\"\" loading=\"lazy\" decoding=\"async\" width=\"420\" height=\"420\" class=\"wp-image-27750\" style=\"width: 130px\" src=\"https:\/\/wp.unil.ch\/connaissance3\/files\/2024\/03\/QR-facture-don.png\" alt=\"\" srcset=\"https:\/\/wp.unil.ch\/connaissance3\/files\/2024\/03\/QR-facture-don.png 420w, https:\/\/wp.unil.ch\/connaissance3\/files\/2024\/03\/QR-facture-don-300x300.png 300w, https:\/\/wp.unil.ch\/connaissance3\/files\/2024\/03\/QR-facture-don-180x180.png 180w, https:\/\/wp.unil.ch\/connaissance3\/files\/2024\/03\/QR-facture-don-230x230.png 230w, https:\/\/wp.unil.ch\/connaissance3\/files\/2024\/03\/QR-facture-don-365x365.png 365w\" sizes=\"auto, (max-width: 420px) 100vw, 420px\" \/><\/p>\n<\/div>\n\n\n\n<div class=\"wp-block-column is-vertically-aligned-top is-layout-flow wp-block-column-is-layout-flow\" style=\"flex-basis:90%\">\n<p>Vous pouvez soutenir Connaissance 3 en faisant un don  ou en <a href=\"https:\/\/wp.unil.ch\/connaissance3\/offrez-une-adhesion\/\">offrant une adh\u00e9sion<\/a> \u00e0 un proche, une connaissance, \u00e0 vos coll\u00e8gues ou employ\u00e9s proche de la retraite, aux seniors de votre commune, etc.<\/p>\n\n\n\n<p style=\"font-size:15px\">CCP 10-24067-8<br>IBAN CH24 0900 0000 1002 4067 8<\/p>\n<\/div>\n<\/div>\n\n\n\n<div style=\"height:30px\" aria-hidden=\"true\" class=\"wp-block-spacer\"><\/div>\n\n\n\n<hr class=\"wp-block-separator has-alpha-channel-opacity is-style-wide\" \/>\n\n\n\n<h2 class=\"wp-block-heading\">Ressources suppl\u00e9mentaires<\/h2>\n\n\n\n<div class=\"wp-block-group is-nowrap is-layout-flex wp-container-core-group-is-layout-ad2f72ca wp-block-group-is-layout-flex\">\n<figure class=\"wp-block-image size-large\"><a href=\"https:\/\/wp.unil.ch\/connaissance3\/files\/2022\/12\/Programme_strategique_2022.pdf\" target=\"_blank\" rel=\"noreferrer noopener\"><img alt=\"\" loading=\"lazy\" decoding=\"async\" width=\"713\" height=\"1024\" src=\"https:\/\/wp.unil.ch\/connaissance3\/files\/2023\/03\/PS22-27-713x1024.png\" alt=\"\" class=\"wp-image-24435\" srcset=\"https:\/\/wp.unil.ch\/connaissance3\/files\/2023\/03\/PS22-27-713x1024.png 713w, https:\/\/wp.unil.ch\/connaissance3\/files\/2023\/03\/PS22-27-209x300.png 209w, https:\/\/wp.unil.ch\/connaissance3\/files\/2023\/03\/PS22-27-104x150.png 104w, https:\/\/wp.unil.ch\/connaissance3\/files\/2023\/03\/PS22-27-768x1103.png 768w, https:\/\/wp.unil.ch\/connaissance3\/files\/2023\/03\/PS22-27-1069x1536.png 1069w, https:\/\/wp.unil.ch\/connaissance3\/files\/2023\/03\/PS22-27-1320x1896.png 1320w, https:\/\/wp.unil.ch\/connaissance3\/files\/2023\/03\/PS22-27.png 1332w\" sizes=\"auto, (max-width: 713px) 100vw, 713px\" \/><\/a><figcaption class=\"wp-element-caption\"><a href=\"https:\/\/wp.unil.ch\/connaissance3\/files\/2022\/12\/Programme_strategique_2022.pdf\">Programme strat\u00e9gique <\/a><br><a href=\"https:\/\/wp.unil.ch\/connaissance3\/files\/2022\/12\/Programme_strategique_2022.pdf\">2022-2027<\/a>&nbsp;(PDF)<\/figcaption><\/figure>\n\n\n\n<figure class=\"wp-block-image size-large\"><a href=\"https:\/\/wp.unil.ch\/connaissance3\/files\/2018\/05\/20-historique-flyer.pdf\" target=\"_blank\" rel=\"noreferrer noopener\"><img alt=\"\" loading=\"lazy\" decoding=\"async\" width=\"771\" height=\"1024\" src=\"https:\/\/wp.unil.ch\/connaissance3\/files\/2024\/09\/Historique-C3-2-771x1024.png\" alt=\"\" class=\"wp-image-29158\" srcset=\"https:\/\/wp.unil.ch\/connaissance3\/files\/2024\/09\/Historique-C3-2-771x1024.png 771w, https:\/\/wp.unil.ch\/connaissance3\/files\/2024\/09\/Historique-C3-2-226x300.png 226w, https:\/\/wp.unil.ch\/connaissance3\/files\/2024\/09\/Historique-C3-2-136x180.png 136w, https:\/\/wp.unil.ch\/connaissance3\/files\/2024\/09\/Historique-C3-2-768x1020.png 768w, https:\/\/wp.unil.ch\/connaissance3\/files\/2024\/09\/Historique-C3-2-1156x1536.png 1156w, https:\/\/wp.unil.ch\/connaissance3\/files\/2024\/09\/Historique-C3-2-1320x1753.png 1320w, https:\/\/wp.unil.ch\/connaissance3\/files\/2024\/09\/Historique-C3-2.png 1401w\" sizes=\"auto, (max-width: 771px) 100vw, 771px\" \/><\/a><figcaption class=\"wp-element-caption\"><a href=\"https:\/\/wp.unil.ch\/connaissance3\/files\/2018\/05\/20-historique-flyer.pdf\" target=\"_blank\" rel=\"noopener noreferrer\">Historique de <\/a><br><a href=\"https:\/\/wp.unil.ch\/connaissance3\/files\/2018\/05\/20-historique-flyer.pdf\" target=\"_blank\" rel=\"noopener noreferrer\">Connaissance 3<\/a> (PDF)<\/figcaption><\/figure>\n\n\n\n<figure class=\"wp-block-image size-large\"><a href=\"https:\/\/latele.ch\/emissions\/diversite\/diversite-s-2018-e-5\" target=\"_blank\" rel=\"noreferrer noopener\"><img alt=\"\" loading=\"lazy\" decoding=\"async\" width=\"1024\" height=\"692\" src=\"https:\/\/wp.unil.ch\/connaissance3\/files\/2024\/09\/Diversite-2018-1024x692.jpg\" alt=\"\" class=\"wp-image-29151\" srcset=\"https:\/\/wp.unil.ch\/connaissance3\/files\/2024\/09\/Diversite-2018-1024x692.jpg 1024w, https:\/\/wp.unil.ch\/connaissance3\/files\/2024\/09\/Diversite-2018-300x203.jpg 300w, https:\/\/wp.unil.ch\/connaissance3\/files\/2024\/09\/Diversite-2018-180x122.jpg 180w, https:\/\/wp.unil.ch\/connaissance3\/files\/2024\/09\/Diversite-2018-768x519.jpg 768w, https:\/\/wp.unil.ch\/connaissance3\/files\/2024\/09\/Diversite-2018.jpg 1080w\" sizes=\"auto, (max-width: 1024px) 100vw, 1024px\" \/><\/a><figcaption class=\"wp-element-caption\"><a href=\"https:\/\/latele.ch\/emissions\/diversite\/diversite-s-2018-e-5\" target=\"_blank\" rel=\"noreferrer noopener\">Un regard jeune sur les seniors<\/a> <br>(\u00e9mission \u00ab\u00a0Diversit\u00e9\u00a0\u00bb, La T\u00e9l\u00e9, 25 mai 2018):<br>\u00c9mission r\u00e9alis\u00e9e \u00e0 l&rsquo;occasion du 20<sup>e<\/sup> anniversaire de Connaissance 3 et de son projet avec l&rsquo;ECAL.<\/figcaption><\/figure>\n<\/div>\n","protected":false},"excerpt":{"rendered":"<p>Cr\u00e9\u00e9e dans une perspective de formation continue tout au long de la vie, Connaissance 3 est l\u2019Universit\u00e9 des seniors du canton de Vaud. Ses activit\u00e9s s\u2019adressent en priorit\u00e9 aux seniors, mais elle est ouverte \u00e0 toutes et \u00e0 tous, sans limite d\u2019\u00e2ge ni consid\u00e9ration de dipl\u00f4me.<\/p>\n","protected":false},"author":1136,"featured_media":0,"parent":0,"menu_order":0,"comment_status":"closed","ping_status":"closed","template":"","meta":{"_seopress_robots_primary_cat":"","_seopress_titles_title":"","_seopress_titles_desc":"","_seopress_robots_index":"","footnotes":""},"class_list":["post-1655","page","type-page","status-publish"],"_links":{"self":[{"href":"https:\/\/wp.unil.ch\/connaissance3\/wp-json\/wp\/v2\/pages\/1655","targetHints":{"allow":["GET"]}}],"collection":[{"href":"https:\/\/wp.unil.ch\/connaissance3\/wp-json\/wp\/v2\/pages"}],"about":[{"href":"https:\/\/wp.unil.ch\/connaissance3\/wp-json\/wp\/v2\/types\/page"}],"author":[{"embeddable":true,"href":"https:\/\/wp.unil.ch\/connaissance3\/wp-json\/wp\/v2\/users\/1136"}],"replies":[{"embeddable":true,"href":"https:\/\/wp.unil.ch\/connaissance3\/wp-json\/wp\/v2\/comments?post=1655"}],"version-history":[{"count":4,"href":"https:\/\/wp.unil.ch\/connaissance3\/wp-json\/wp\/v2\/pages\/1655\/revisions"}],"predecessor-version":[{"id":31102,"href":"https:\/\/wp.unil.ch\/connaissance3\/wp-json\/wp\/v2\/pages\/1655\/revisions\/31102"}],"wp:attachment":[{"href":"https:\/\/wp.unil.ch\/connaissance3\/wp-json\/wp\/v2\/media?parent=1655"}],"curies":[{"name":"wp","href":"https:\/\/api.w.org\/{rel}","templated":true}]}}