{"id":1079,"date":"2013-04-22T23:55:28","date_gmt":"2013-04-22T21:55:28","guid":{"rendered":"http:\/\/wp.unil.ch\/connaissance3\/?page_id=1079"},"modified":"2025-10-13T16:28:15","modified_gmt":"2025-10-13T14:28:15","slug":"lieux-et-acces","status":"publish","type":"page","link":"https:\/\/wp.unil.ch\/connaissance3\/conferences\/lieux-et-acces\/","title":{"rendered":"Lieux et acc\u00e8s"},"content":{"rendered":"\n<h2 class=\"wp-block-heading\">Salles de conf\u00e9rences \u2013 adresses et plans<\/h2>\n\n\n<div class=\"wp-block-image\">\n<figure class=\"aligncenter size-large is-resized\"><img loading=\"lazy\" decoding=\"async\" width=\"1024\" height=\"947\" src=\"https:\/\/wp.unil.ch\/connaissance3\/files\/2025\/08\/carte-regions_clarens-1024x947.jpg\" alt=\"carte r\u00e9gions clarens\" class=\"wp-image-30914\" style=\"aspect-ratio:1.0654761904761905;width:586px;height:auto\" srcset=\"https:\/\/wp.unil.ch\/connaissance3\/files\/2025\/08\/carte-regions_clarens-1024x947.jpg 1024w, https:\/\/wp.unil.ch\/connaissance3\/files\/2025\/08\/carte-regions_clarens-300x277.jpg 300w, https:\/\/wp.unil.ch\/connaissance3\/files\/2025\/08\/carte-regions_clarens-180x166.jpg 180w, https:\/\/wp.unil.ch\/connaissance3\/files\/2025\/08\/carte-regions_clarens-768x710.jpg 768w, https:\/\/wp.unil.ch\/connaissance3\/files\/2025\/08\/carte-regions_clarens.jpg 1298w\" sizes=\"auto, (max-width: 1024px) 100vw, 1024px\" \/><\/figure>\n<\/div>\n\n\n<figure class=\"wp-block-pullquote is-style-default has-border-color has-white-color has-text-color\" style=\"border-color:#00aece\"><blockquote><p>Saut mention contraire, les salles sont accessibles aux personnes \u00e0 mobilit\u00e9 r\u00e9duite.<\/p><\/blockquote><\/figure>\n\n\n\n<h4 class=\"wp-block-heading\">R\u00e9gion Broye<\/h4>\n\n\n\n<p>Payerne \u2013 <a href=\"https:\/\/maps.google.ch\/maps?q=derri%C3%A8re-la-tour,+payerne&amp;hl=fr&amp;ie=UTF8&amp;sll=46.884965,6.822708&amp;sspn=1.073764,2.298889&amp;z=16\" target=\"_blank\" rel=\"noopener noreferrer\">Aula du Coll\u00e8ge Derri\u00e8re-la-Tour<\/a>, rue Derri\u00e8re-la-Tour 6<\/p>\n\n\n\n<h4 class=\"wp-block-heading\">R\u00e9gion Chablais<\/h4>\n\n\n\n<p>Aigle \u2013 <a rel=\"noreferrer noopener\" href=\"https:\/\/goo.gl\/maps\/6CapFK29vcmkwhWm8\" data-type=\"URL\" data-id=\"https:\/\/goo.gl\/maps\/6CapFK29vcmkwhWm8\" target=\"_blank\">Salle Chevron<\/a>, Ancienne Maison de Ville, place du March\u00e9 2<\/p>\n\n\n\n<h4 class=\"wp-block-heading\">R\u00e9gion Gros-de-Vaud<\/h4>\n\n\n\n<p>Echallens \u2013 <a href=\"https:\/\/maps.google.ch\/maps?q=Place+de+l%27H%C3%B4tel+de+Ville+1,+Echallens&amp;hl=fr&amp;ie=UTF8&amp;sll=46.317463,6.969607&amp;sspn=0.008477,0.01796&amp;z=16\" target=\"_blank\" rel=\"noopener noreferrer\">Salle du Turlet<\/a>, Restaurant de l&rsquo;H\u00f4tel de ville, place de l&rsquo;H\u00f4tel-de-Ville 1<\/p>\n\n\n\n<h4 class=\"wp-block-heading\">R\u00e9gion Lausanne<\/h4>\n\n\n\n<p>Lausanne \u2013 <a href=\"https:\/\/maps.google.ch\/maps?q=Casino+de+Montbenon,+All%C3%A9e+Ernest-Ansermet,+Lausanne&amp;hl=fr&amp;ie=UTF8&amp;sll=46.641621,6.632195&amp;sspn=0.008427,0.01796&amp;z=16\" target=\"_blank\" rel=\"noopener noreferrer\">Salle Paderewski du Casino de Montbenon<\/a>, all\u00e9e E. Ansermet 3<\/p>\n\n\n\n<h4 class=\"wp-block-heading\">R\u00e9gion Morges<\/h4>\n\n\n\n<p>Morges \u2013 <a href=\"https:\/\/maps.google.ch\/maps?q=Place+du+Casino+1,+Morges&amp;hl=fr&amp;sll=46.520376,6.625025&amp;sspn=0.008446,0.01796&amp;z=16\" target=\"_blank\" rel=\"noopener noreferrer\">Grenier bernois du Centre culturel<\/a>, place du Casino 1<\/p>\n\n\n\n<h4 class=\"wp-block-heading\">R\u00e9gion Nord vaudois<\/h4>\n\n\n\n<p>Yverdon-les-Bains \u2013 <a href=\"https:\/\/maps.google.ch\/maps?q=pl.+pestalozzi,+yverdon&amp;hl=fr&amp;sll=46.793524,6.643667&amp;sspn=0.067224,0.143681&amp;z=16\" target=\"_blank\" rel=\"noopener noreferrer\">Aula Magna du Ch\u00e2teau<\/a>, place Pestalozzi<\/p>\n\n\n\n<h4 class=\"wp-block-heading\">R\u00e9gion Nyon<\/h4>\n\n\n\n<p>Nyon \u2013 Salle du Conseil communal, <a rel=\"noreferrer noopener\" href=\"https:\/\/goo.gl\/maps\/Aa5LeBQWPHC1PLGp8\" data-type=\"URL\" data-id=\"https:\/\/goo.gl\/maps\/Aa5LeBQWPHC1PLGp8\" target=\"_blank\">Ferme du Manoir<\/a>, rue Maupertuis 1<\/p>\n\n\n\n<h4 class=\"wp-block-heading\">R\u00e9gion Ormonts et Leysin<\/h4>\n\n\n\n<p>Le S\u00e9pey \u2013 <a href=\"https:\/\/www.google.ch\/maps\/place\/Chemin+Du+Planchamp,+1863+Ormont-Dessous\/@46.3618735,7.0505771,17z\/data=!4m5!3m4!1s0x478e94112e09e005:0x7312e6d4e7600b44!8m2!3d46.3618735!4d7.0527711?hl=fr\" target=\"_blank\" rel=\"noopener noreferrer\">Maison de Commune<\/a>, rue du Planchamp<br>Leysin \u2013 <a href=\"https:\/\/maps.app.goo.gl\/iRdg3Ys4eMj4EUSM8\" target=\"_blank\" rel=\"noreferrer noopener\">Salle du Nord<\/a>, rue Louis Favez 17 <mark style=\"background-color:#ffffff\" class=\"has-inline-color has-vivid-red-color\"><em>(accessible uniquement par escaliers)<\/em><\/mark><\/p>\n\n\n\n<h4 class=\"wp-block-heading\">R\u00e9gion Pied du Jura<\/h4>\n\n\n\n<p>Cossonay \u2013 <a href=\"https:\/\/goo.gl\/maps\/JsMgSgkTgsWSSpme8\" data-type=\"URL\" data-id=\"https:\/\/goo.gl\/maps\/JsMgSgkTgsWSSpme8\" target=\"_blank\" rel=\"noreferrer noopener\">Salle du Conseil communal<\/a>, place du temple 9<br>Penthalaz \u2013 <a href=\"https:\/\/maps.google.ch\/maps?q=Place+Centrale+4,+Penthalaz&amp;hl=fr&amp;sll=46.582554,6.395819&amp;sspn=1.079778,2.298889&amp;z=16\" data-type=\"URL\" data-id=\"https:\/\/maps.google.ch\/maps?q=Place+Centrale+4,+Penthalaz&amp;hl=fr&amp;sll=46.582554,6.395819&amp;sspn=1.079778,2.298889&amp;z=16\" target=\"_blank\" rel=\"noreferrer noopener\">Grande salle du Centre communal du Verger<\/a>, place Centrale 4<br>Orbe \u2013 <a href=\"https:\/\/www.google.ch\/maps\/place\/Rue+Davall+5,+1350+Orbe\/@46.7228861,6.5323466,219m\/data=!3m1!1e3!4m15!1m8!3m7!1s0x478dc97968c37a93:0xa6702e53e3a97be5!2sRue+Davall+5,+1350+Orbe!3b1!8m2!3d46.7228825!4d6.5329903!16s%2Fg%2F11c1zd1r1h!3m5!1s0x478dc97968c37a93:0xa6702e53e3a97be5!8m2!3d46.7228825!4d6.5329903!16s%2Fg%2F11c1zd1r1h?hl=fr&amp;entry=ttu&amp;g_ep=EgoyMDI1MDYwOS4wIKXMDSoASAFQAw%3D%3D\" data-type=\"link\" data-id=\"https:\/\/www.google.ch\/maps\/place\/Rue+Davall+5,+1350+Orbe\/@46.7228861,6.5323466,219m\/data=!3m1!1e3!4m15!1m8!3m7!1s0x478dc97968c37a93:0xa6702e53e3a97be5!2sRue+Davall+5,+1350+Orbe!3b1!8m2!3d46.7228825!4d6.5329903!16s%2Fg%2F11c1zd1r1h!3m5!1s0x478dc97968c37a93:0xa6702e53e3a97be5!8m2!3d46.7228825!4d6.5329903!16s%2Fg%2F11c1zd1r1h?hl=fr&amp;entry=ttu&amp;g_ep=EgoyMDI1MDYwOS4wIKXMDSoASAFQAw%3D%3D\">Salle de paroisse<\/a>, rue Davall 5<\/p>\n\n\n\n<h4 class=\"wp-block-heading\">R\u00e9gion Riviera vaudoise<\/h4>\n\n\n\n<p>Clarens \u2013 <a href=\"https:\/\/www.google.ch\/maps\/place\/Maison+de+Quartier+Jaman+8+-+Montreux\/@46.4417609,6.8897619,17z\/data=!3m1!4b1!4m6!3m5!1s0x478e9b6af0724f29:0x9275e23330f188d4!8m2!3d46.4417573!4d6.8946328!16s%2Fg%2F11b6nltnc0?hl=fr&amp;entry=ttu&amp;g_ep=EgoyMDI1MTAwOC4wIKXMDSoASAFQAw%3D%3D\">Maison de Quartier<\/a>, Rue de Jaman 8<\/p>\n\n\n\n<h4 class=\"wp-block-heading\">R\u00e9gion Vall\u00e9e de Joux<\/h4>\n\n\n\n<p>Le Sentier \u2013 Salle du Conseil communal, <a href=\"https:\/\/goo.gl\/maps\/wVr5f9sziVPY22D58\" data-type=\"URL\" data-id=\"https:\/\/goo.gl\/maps\/wVr5f9sziVPY22D58\" target=\"_blank\" rel=\"noreferrer noopener\">H\u00f4tel de Ville<\/a>, Grand-Rue 29<\/p>\n","protected":false},"excerpt":{"rendered":"<p>Salles de conf\u00e9rences \u2013 adresses et plans Saut mention contraire, les salles sont accessibles aux personnes \u00e0 mobilit\u00e9 r\u00e9duite. R\u00e9gion Broye Payerne \u2013 Aula du Coll\u00e8ge Derri\u00e8re-la-Tour, rue Derri\u00e8re-la-Tour 6 R\u00e9gion Chablais Aigle \u2013 Salle Chevron, Ancienne Maison de Ville,<\/p>\n","protected":false},"author":1136,"featured_media":0,"parent":4180,"menu_order":0,"comment_status":"closed","ping_status":"closed","template":"","meta":{"_seopress_robots_primary_cat":"","_seopress_titles_title":"","_seopress_titles_desc":"","_seopress_robots_index":"","footnotes":""},"class_list":["post-1079","page","type-page","status-publish"],"_links":{"self":[{"href":"https:\/\/wp.unil.ch\/connaissance3\/wp-json\/wp\/v2\/pages\/1079","targetHints":{"allow":["GET"]}}],"collection":[{"href":"https:\/\/wp.unil.ch\/connaissance3\/wp-json\/wp\/v2\/pages"}],"about":[{"href":"https:\/\/wp.unil.ch\/connaissance3\/wp-json\/wp\/v2\/types\/page"}],"author":[{"embeddable":true,"href":"https:\/\/wp.unil.ch\/connaissance3\/wp-json\/wp\/v2\/users\/1136"}],"replies":[{"embeddable":true,"href":"https:\/\/wp.unil.ch\/connaissance3\/wp-json\/wp\/v2\/comments?post=1079"}],"version-history":[{"count":4,"href":"https:\/\/wp.unil.ch\/connaissance3\/wp-json\/wp\/v2\/pages\/1079\/revisions"}],"predecessor-version":[{"id":31180,"href":"https:\/\/wp.unil.ch\/connaissance3\/wp-json\/wp\/v2\/pages\/1079\/revisions\/31180"}],"up":[{"embeddable":true,"href":"https:\/\/wp.unil.ch\/connaissance3\/wp-json\/wp\/v2\/pages\/4180"}],"wp:attachment":[{"href":"https:\/\/wp.unil.ch\/connaissance3\/wp-json\/wp\/v2\/media?parent=1079"}],"curies":[{"name":"wp","href":"https:\/\/api.w.org\/{rel}","templated":true}]}}