{"id":854,"date":"2023-05-05T08:51:04","date_gmt":"2023-05-05T06:51:04","guid":{"rendered":"https:\/\/wp.unil.ch\/confluence\/?page_id=854"},"modified":"2023-07-11T10:21:52","modified_gmt":"2023-07-11T08:21:52","slug":"a-propos","status":"publish","type":"page","link":"https:\/\/wp.unil.ch\/confluence\/a-propos\/","title":{"rendered":"\u00c0 propos"},"content":{"rendered":"\n<p>Inspir\u00e9 du concept \u00e9prouv\u00e9 de Boutique des sciences (<em>Science Shop<\/em>), Confluence est un projet pilote port\u00e9 par <a href=\"https:\/\/www.unil.ch\/collaboratoire\/fr\/home.html\">Le ColLaboratoire, Unit\u00e9 de recherche-action, collaborative et participative de l&rsquo;Universit\u00e9 de Lausanne<\/a>. Ce projet met \u00e0 l&rsquo;\u00e9preuve le concept d&rsquo;une plateforme de formation \u00e0 la recherche-action collaborative visant l&rsquo;interm\u00e9diation entre la demande sociale, la recherche et la formation de l\u2019UNIL.<\/p>\n\n\n\n<h3 class=\"wp-block-heading\">Nos missions<\/h3>\n\n\n\n<figure class=\"wp-block-image size-full\"><img alt=\"\" loading=\"lazy\" decoding=\"async\" width=\"1024\" height=\"768\" src=\"https:\/\/wp.unil.ch\/confluence\/files\/2023\/05\/Nos-missions-5.png\" alt=\"\" class=\"wp-image-973\" srcset=\"https:\/\/wp.unil.ch\/confluence\/files\/2023\/05\/Nos-missions-5.png 1024w, https:\/\/wp.unil.ch\/confluence\/files\/2023\/05\/Nos-missions-5-300x225.png 300w, https:\/\/wp.unil.ch\/confluence\/files\/2023\/05\/Nos-missions-5-768x576.png 768w, https:\/\/wp.unil.ch\/confluence\/files\/2023\/05\/Nos-missions-5-540x405.png 540w\" sizes=\"auto, (max-width: 1024px) 100vw, 1024px\" \/><\/figure>\n\n\n\n<h3 class=\"wp-block-heading\">Confluence s&rsquo;appuie sur un ensemble de valeurs fondamentales<\/h3>\n\n\n\n<ul class=\"wp-block-list\">\n<li><strong>L&rsquo;\u00e9quilibre des savoirs<\/strong> : les savoirs experts, acad\u00e9miques, exp\u00e9rientiels et situ\u00e9s ne sont pas hi\u00e9rarchis\u00e9s. L&rsquo;objectif est de faire dialoguer ces savoirs afin de cr\u00e9er des connaissances nouvelles et pertinentes pour l&rsquo;ensemble des partenaires des projets.<\/li>\n\n\n\n<li><strong>La coop\u00e9ration<\/strong> : les m\u00e9thodes collaboratives favorisent l&rsquo;intelligence collective et garantissent le respect des contributions des partenaires.  La collaboration est entendue comme une concertation et une coop\u00e9ration entre les parties prenantes concern\u00e9es par une probl\u00e9matique, durant toutes les \u00e9tapes de la recherche, de la d\u00e9finition de la question jusqu\u2019\u00e0 l\u2019analyse des r\u00e9sultats et leur diffusion.<\/li>\n\n\n\n<li><strong>La rigueur scientifique<\/strong> : les connaissances produites par les projets collaboratifs accompagn\u00e9s par Confluence sont \u00e9labor\u00e9es en appui sur des pratiques scientifiques valid\u00e9es collectivement. <\/li>\n<\/ul>\n\n\n\n<h3 class=\"wp-block-heading\">Les 4 \u00e9tapes de la m\u00e9thode Confluence<\/h3>\n\n\n\n<figure class=\"wp-block-image size-full\"><img alt=\"\" loading=\"lazy\" decoding=\"async\" width=\"893\" height=\"337\" src=\"https:\/\/wp.unil.ch\/confluence\/files\/2023\/07\/Methode-sans-texte-e1689062651685.png\" alt=\"\" class=\"wp-image-1274\" srcset=\"https:\/\/wp.unil.ch\/confluence\/files\/2023\/07\/Methode-sans-texte-e1689062651685.png 893w, https:\/\/wp.unil.ch\/confluence\/files\/2023\/07\/Methode-sans-texte-e1689062651685-300x113.png 300w, https:\/\/wp.unil.ch\/confluence\/files\/2023\/07\/Methode-sans-texte-e1689062651685-768x290.png 768w, https:\/\/wp.unil.ch\/confluence\/files\/2023\/07\/Methode-sans-texte-e1689062651685-540x204.png 540w\" sizes=\"auto, (max-width: 893px) 100vw, 893px\" \/><\/figure>\n\n\n\n<ol class=\"wp-block-list\">\n<li><strong>\u00c9mergence<\/strong> : nous accueillons et formulons la demande sociale, qu&rsquo;elle soit issue des partenaires de la soci\u00e9t\u00e9 civile ou propos\u00e9e par les enseignant\u00b7es et \u00e9tudiant\u00b7es.<\/li>\n\n\n\n<li><strong>Incubation<\/strong> : nous r\u00e9unissons les acteur\u00b7rices pertinent\u00b7es et facilitons le processus de concertation entre les parties prenantes pour aboutir au cadre de collaboration ( cahier des charges du projet, livrables, d\u00e9lais).<\/li>\n\n\n\n<li><strong>Accompagnement<\/strong> : une fois les projets lanc\u00e9s, nous veillons \u00e0 leur bon d\u00e9roulement et accompagnons les partenaires sur les m\u00e9thodes collaboratives.<\/li>\n\n\n\n<li><strong>Valorisation<\/strong> : nous organisons la mutualisation des exp\u00e9riences et leur transformation en connaissances partag\u00e9es et diffus\u00e9es selon des formats innovants. Nous organisons \u00e9galement des \u00e9v\u00e9nements communautaires.<\/li>\n<\/ol>\n\n\n\n<div class=\"wp-block-group alignwide has-background\" style=\"background-color:#f5f1ed\"><div class=\"wp-block-group__inner-container is-layout-constrained wp-block-group-is-layout-constrained\">\n<h2 class=\"wp-block-heading\">Une recherche collaborative en r\u00e9ponse \u00e0 la demande sociale<\/h2>\n\n\n\n<h3 class=\"wp-block-heading\">Qu&rsquo;entend-on par recherche collaborative ?<\/h3>\n\n\n\n<p>Les recherches dites collaboratives ou participatives comprennent une grande diversit\u00e9 d&rsquo;acceptations et de pratiques. Il peut s&rsquo;agir d&rsquo;organiser une collecte de donn\u00e9es par des citoyen\u00b7nes ou de r\u00e9pondre \u00e0 une demande de recherche initi\u00e9e par une association ou une institution locale. Dans le cadre de Confluence, la collaboration est entendue comme une concertation et une coop\u00e9ration entre les parties prenantes concern\u00e9es par une probl\u00e9matique, durant toutes les \u00e9tapes de la recherche, de la d\u00e9finition de la question jusqu\u2019\u00e0 l\u2019analyse des r\u00e9sultats et leur diffusion. <\/p>\n\n\n\n<h3 class=\"wp-block-heading\">Qu&rsquo;entend-on par demande sociale ?<\/h3>\n\n\n\n<p class=\"has-text-align-left\">La demande sociale renvoie aux besoins des acteur\u00b7rices de la soci\u00e9t\u00e9 civile, qu\u2019il s\u2019agisse de besoins de connaissances, de m\u00e9thodes ou d\u2019expertises pour aider leur action ou renforcer un plaidoyer. La demande sociale est au centre de Confluence, c&rsquo;est \u00e0 partir des besoins de la soci\u00e9t\u00e9 civile que se construisent les projets de recherche collaborative.<\/p>\n\n\n\n<div class=\"wp-block-columns is-layout-flex wp-container-core-columns-is-layout-9d6595d7 wp-block-columns-is-layout-flex\">\n<div class=\"wp-block-column has-buttons-background-color has-text-color is-layout-flow wp-block-column-is-layout-flow\">\n<h3 class=\"wp-block-heading\">Un r\u00e9seau de Boutiques des sciences <\/h3>\n\n\n\n<p class=\"has-primary-color has-text-color\">Il existe des Boutiques des sciences dans plus de 60 pays. La majorit\u00e9 d&rsquo;entre elles est rassembl\u00e9e dans le r\u00e9seau international <a href=\"https:\/\/livingknowledge.org\/\" data-type=\"URL\" data-id=\"https:\/\/livingknowledge.org\/\">Living Knowledge<\/a>. L&rsquo;espace francophone d\u00e9ploie des Boutiques des sciences et ateliers de recherche collaborative au Canada, en Belgique, en France, en Afrique du Nord et de l&rsquo;Ouest et d\u00e9sormais en Suisse romande avec Confluence.<\/p>\n<\/div>\n\n\n\n<div class=\"wp-block-column is-layout-flow wp-block-column-is-layout-flow\">\n<figure class=\"wp-block-embed is-type-video is-provider-youtube wp-block-embed-youtube wp-embed-aspect-16-9 wp-has-aspect-ratio\"><div class=\"wp-block-embed__wrapper\">\n<iframe loading=\"lazy\" title=\"Trait d&#039;Union (film de pr\u00e9sentation)\" width=\"580\" height=\"326\" src=\"https:\/\/www.youtube.com\/embed\/77SMvsglslw?feature=oembed\" frameborder=\"0\" allow=\"accelerometer; autoplay; clipboard-write; encrypted-media; gyroscope; picture-in-picture; web-share\" referrerpolicy=\"strict-origin-when-cross-origin\" allowfullscreen><\/iframe>\n<\/div><figcaption class=\"wp-element-caption\"><strong>L\u2019exemple de nos coll\u00e8gues de Trait d\u2019Union, l\u2019atelier sciences-soci\u00e9t\u00e9 de la MSH SUD (France)<\/strong><\/figcaption><\/figure>\n<\/div>\n<\/div>\n<\/div><\/div>\n\n\n\n<h3 class=\"wp-block-heading\">Envie de passer \u00e0 l&rsquo;action ?<\/h3>\n\n\n\n<div class=\"wp-block-buttons is-layout-flex wp-block-buttons-is-layout-flex\">\n<div class=\"wp-block-button is-style-fill\"><a class=\"wp-block-button__link has-accent-background-color has-background wp-element-button\" href=\"https:\/\/wp.unil.ch\/confluence\/participer\/\">Participez<\/a><\/div>\n<\/div>\n","protected":false},"excerpt":{"rendered":"<p>Inspir\u00e9 du concept \u00e9prouv\u00e9 de Boutique des sciences (Science Shop), Confluence est un projet pilote port\u00e9 par Le ColLaboratoire, Unit\u00e9 de recherche-action, collaborative et participative de l&rsquo;Universit\u00e9 de&hellip;<\/p>\n","protected":false},"author":1002579,"featured_media":0,"parent":0,"menu_order":1,"comment_status":"closed","ping_status":"closed","template":"template-full-width.php","meta":{"_seopress_robots_primary_cat":"","_seopress_titles_title":"","_seopress_titles_desc":"","_seopress_robots_index":"","_uag_custom_page_level_css":"","footnotes":""},"class_list":["post-854","page","type-page","status-publish","has-post-thumbnail"],"uagb_featured_image_src":{"full":false,"thumbnail":false,"medium":false,"medium_large":false,"large":false,"1536x1536":false,"2048x2048":false,"post-thumbnail":false,"chaplin_preview_image_low_resolution":false,"chaplin_preview_image_high_resolution":false,"chaplin_fullscreen":false,"gform-image-choice-sm":false,"gform-image-choice-md":false,"gform-image-choice-lg":false},"uagb_author_info":{"display_name":"Alexandre Camus","author_link":"https:\/\/wp.unil.ch\/confluence\/author\/acamus\/"},"uagb_comment_info":0,"uagb_excerpt":"Inspir\u00e9 du concept \u00e9prouv\u00e9 de Boutique des sciences (Science Shop), Confluence est un projet pilote port\u00e9 par Le ColLaboratoire, Unit\u00e9 de recherche-action, collaborative et participative de l&rsquo;Universit\u00e9 de&hellip;","_links":{"self":[{"href":"https:\/\/wp.unil.ch\/confluence\/wp-json\/wp\/v2\/pages\/854","targetHints":{"allow":["GET"]}}],"collection":[{"href":"https:\/\/wp.unil.ch\/confluence\/wp-json\/wp\/v2\/pages"}],"about":[{"href":"https:\/\/wp.unil.ch\/confluence\/wp-json\/wp\/v2\/types\/page"}],"author":[{"embeddable":true,"href":"https:\/\/wp.unil.ch\/confluence\/wp-json\/wp\/v2\/users\/1002579"}],"replies":[{"embeddable":true,"href":"https:\/\/wp.unil.ch\/confluence\/wp-json\/wp\/v2\/comments?post=854"}],"version-history":[{"count":0,"href":"https:\/\/wp.unil.ch\/confluence\/wp-json\/wp\/v2\/pages\/854\/revisions"}],"wp:attachment":[{"href":"https:\/\/wp.unil.ch\/confluence\/wp-json\/wp\/v2\/media?parent=854"}],"curies":[{"name":"wp","href":"https:\/\/api.w.org\/{rel}","templated":true}]}}