{"id":597,"date":"2023-03-28T09:21:25","date_gmt":"2023-03-28T07:21:25","guid":{"rendered":"https:\/\/wp.unil.ch\/confluence\/?page_id=597"},"modified":"2023-09-25T17:34:18","modified_gmt":"2023-09-25T15:34:18","slug":"offres","status":"publish","type":"page","link":"https:\/\/wp.unil.ch\/confluence\/offres\/","title":{"rendered":"Bourse aux projets"},"content":{"rendered":"\n<h2 class=\"wp-block-heading\">Projets propos\u00e9s aux \u00e9tudiantes et \u00e9tudiants<\/h2>\n\n\n\n<p>Vous trouverez ici la liste des projets propos\u00e9s par nos partenaires de terrain qui sont pr\u00eats \u00e0 vous accueillir. Nous en pr\u00e9parons actuellement une premi\u00e8re s\u00e9rie pour la rentr\u00e9e acad\u00e9mique 2023. N&rsquo;h\u00e9sitez pas \u00e0 prendre contact avec nous si vous avez des id\u00e9es ou des envies.<\/p>\n\n\n\n<div class=\"wp-block-query is-layout-flow wp-block-query-is-layout-flow\"><ul class=\"columns-3 wp-block-post-template is-layout-grid wp-container-core-post-template-is-layout-2fc57c17 wp-block-post-template-is-layout-grid\"><li class=\"wp-block-post post-197 post type-post status-publish format-standard has-post-thumbnail category-offre tag-master\">\n\n<div class=\"wp-block-group has-light-background-background-color has-background\"><div class=\"wp-block-group__inner-container is-layout-constrained wp-block-group-is-layout-constrained\"><figure class=\"wp-block-post-featured-image\"><a href=\"https:\/\/wp.unil.ch\/confluence\/cultiver-limaginaire-de-leau-douce\/\" target=\"_self\"  ><img loading=\"lazy\" decoding=\"async\" width=\"1282\" height=\"1002\" src=\"https:\/\/wp.unil.ch\/confluence\/files\/2023\/07\/Capture-decran-2023-07-05-a-14.58.08.png\" class=\"attachment-post-thumbnail size-post-thumbnail wp-post-image\" alt=\"Cartographie des mobilisations citoyennes portant sur l&rsquo;eau dans le bassin l\u00e9manique\" style=\"object-fit:cover;\" srcset=\"https:\/\/wp.unil.ch\/confluence\/files\/2023\/07\/Capture-decran-2023-07-05-a-14.58.08.png 1282w, https:\/\/wp.unil.ch\/confluence\/files\/2023\/07\/Capture-decran-2023-07-05-a-14.58.08-300x234.png 300w, https:\/\/wp.unil.ch\/confluence\/files\/2023\/07\/Capture-decran-2023-07-05-a-14.58.08-1024x800.png 1024w, https:\/\/wp.unil.ch\/confluence\/files\/2023\/07\/Capture-decran-2023-07-05-a-14.58.08-768x600.png 768w, https:\/\/wp.unil.ch\/confluence\/files\/2023\/07\/Capture-decran-2023-07-05-a-14.58.08-540x422.png 540w, https:\/\/wp.unil.ch\/confluence\/files\/2023\/07\/Capture-decran-2023-07-05-a-14.58.08-1080x844.png 1080w\" sizes=\"auto, (max-width: 1282px) 100vw, 1282px\" \/><\/a><\/figure>\n\n\n<div style=\"height:20px\" aria-hidden=\"true\" class=\"wp-block-spacer\"><\/div>\n\n\n<div style=\"font-size:14px\" class=\"taxonomy-post_tag wp-block-post-terms\"><a href=\"https:\/\/wp.unil.ch\/confluence\/tag\/master\/\" rel=\"tag\">Master<\/a><\/div>\n\n<h4 class=\"has-text-align-center wp-block-post-title\"><a href=\"https:\/\/wp.unil.ch\/confluence\/cultiver-limaginaire-de-leau-douce\/\" target=\"_self\" >Cartographie des mobilisations citoyennes portant sur l&rsquo;eau dans le bassin l\u00e9manique<\/a><\/h4>\n\n<a style=\"text-decoration:none;\" class=\"wp-block-read-more has-text-color has-buttons-text-color has-background has-accent-background-color has-large-font-size\" href=\"https:\/\/wp.unil.ch\/confluence\/cultiver-limaginaire-de-leau-douce\/\" target=\"_self\">   +<span class=\"screen-reader-text\">\u00a0: Cartographie des mobilisations citoyennes portant sur l&rsquo;eau dans le bassin l\u00e9manique<\/span><\/a><\/div><\/div>\n\n<\/li><li class=\"wp-block-post post-1293 post type-post status-publish format-standard has-post-thumbnail category-offre tag-master\">\n\n<div class=\"wp-block-group has-light-background-background-color has-background\"><div class=\"wp-block-group__inner-container is-layout-constrained wp-block-group-is-layout-constrained\"><figure class=\"wp-block-post-featured-image\"><a href=\"https:\/\/wp.unil.ch\/confluence\/linnovation-sociale-en-suisse-romande-enjeux-et-perspective\/\" target=\"_self\"  ><img loading=\"lazy\" decoding=\"async\" width=\"2240\" height=\"1227\" src=\"https:\/\/wp.unil.ch\/confluence\/files\/2023\/07\/Espasse_Miss_logos_RVB-2240x1227.png\" class=\"attachment-post-thumbnail size-post-thumbnail wp-post-image\" alt=\"L\u2019innovation sociale en Suisse romande : enjeux et perspective\u00a0\" style=\"object-fit:cover;\" srcset=\"https:\/\/wp.unil.ch\/confluence\/files\/2023\/07\/Espasse_Miss_logos_RVB-2240x1227.png 2240w, https:\/\/wp.unil.ch\/confluence\/files\/2023\/07\/Espasse_Miss_logos_RVB-300x164.png 300w, https:\/\/wp.unil.ch\/confluence\/files\/2023\/07\/Espasse_Miss_logos_RVB-1024x561.png 1024w, https:\/\/wp.unil.ch\/confluence\/files\/2023\/07\/Espasse_Miss_logos_RVB-768x421.png 768w, https:\/\/wp.unil.ch\/confluence\/files\/2023\/07\/Espasse_Miss_logos_RVB-1536x841.png 1536w, https:\/\/wp.unil.ch\/confluence\/files\/2023\/07\/Espasse_Miss_logos_RVB-2048x1121.png 2048w, https:\/\/wp.unil.ch\/confluence\/files\/2023\/07\/Espasse_Miss_logos_RVB-540x296.png 540w, https:\/\/wp.unil.ch\/confluence\/files\/2023\/07\/Espasse_Miss_logos_RVB-1080x591.png 1080w, https:\/\/wp.unil.ch\/confluence\/files\/2023\/07\/Espasse_Miss_logos_RVB-1980x1084.png 1980w\" sizes=\"auto, (max-width: 2240px) 100vw, 2240px\" \/><\/a><\/figure>\n\n\n<div style=\"height:20px\" aria-hidden=\"true\" class=\"wp-block-spacer\"><\/div>\n\n\n<div style=\"font-size:14px\" class=\"taxonomy-post_tag wp-block-post-terms\"><a href=\"https:\/\/wp.unil.ch\/confluence\/tag\/master\/\" rel=\"tag\">Master<\/a><\/div>\n\n<h4 class=\"has-text-align-center wp-block-post-title\"><a href=\"https:\/\/wp.unil.ch\/confluence\/linnovation-sociale-en-suisse-romande-enjeux-et-perspective\/\" target=\"_self\" >L\u2019innovation sociale en Suisse romande : enjeux et perspective\u00a0<\/a><\/h4>\n\n<a style=\"text-decoration:none;\" class=\"wp-block-read-more has-text-color has-buttons-text-color has-background has-accent-background-color has-large-font-size\" href=\"https:\/\/wp.unil.ch\/confluence\/linnovation-sociale-en-suisse-romande-enjeux-et-perspective\/\" target=\"_self\">   +<span class=\"screen-reader-text\">\u00a0: L\u2019innovation sociale en Suisse romande : enjeux et perspective\u00a0<\/span><\/a><\/div><\/div>\n\n<\/li><li class=\"wp-block-post post-1320 post type-post status-publish format-standard has-post-thumbnail category-offre tag-master\">\n\n<div class=\"wp-block-group has-light-background-background-color has-background\"><div class=\"wp-block-group__inner-container is-layout-constrained wp-block-group-is-layout-constrained\"><figure class=\"wp-block-post-featured-image\"><a href=\"https:\/\/wp.unil.ch\/confluence\/analyse-dun-dispositif-de-soutien-a-la-parentalite\/\" target=\"_self\"  ><img loading=\"lazy\" decoding=\"async\" width=\"1697\" height=\"1200\" src=\"https:\/\/wp.unil.ch\/confluence\/files\/2023\/08\/2023-SAF-Parents-Rescousse.jpg\" class=\"attachment-post-thumbnail size-post-thumbnail wp-post-image\" alt=\"Analyse du dispositif de soutien \u00e0 la parentalit\u00e9 Parents-Rescousse\" style=\"object-fit:cover;\" srcset=\"https:\/\/wp.unil.ch\/confluence\/files\/2023\/08\/2023-SAF-Parents-Rescousse.jpg 1697w, https:\/\/wp.unil.ch\/confluence\/files\/2023\/08\/2023-SAF-Parents-Rescousse-300x212.jpg 300w, https:\/\/wp.unil.ch\/confluence\/files\/2023\/08\/2023-SAF-Parents-Rescousse-1024x724.jpg 1024w, https:\/\/wp.unil.ch\/confluence\/files\/2023\/08\/2023-SAF-Parents-Rescousse-768x543.jpg 768w, https:\/\/wp.unil.ch\/confluence\/files\/2023\/08\/2023-SAF-Parents-Rescousse-1536x1086.jpg 1536w, https:\/\/wp.unil.ch\/confluence\/files\/2023\/08\/2023-SAF-Parents-Rescousse-540x382.jpg 540w, https:\/\/wp.unil.ch\/confluence\/files\/2023\/08\/2023-SAF-Parents-Rescousse-1080x764.jpg 1080w\" sizes=\"auto, (max-width: 1697px) 100vw, 1697px\" \/><\/a><\/figure>\n\n\n<div style=\"height:20px\" aria-hidden=\"true\" class=\"wp-block-spacer\"><\/div>\n\n\n<div style=\"font-size:14px\" class=\"taxonomy-post_tag wp-block-post-terms\"><a href=\"https:\/\/wp.unil.ch\/confluence\/tag\/master\/\" rel=\"tag\">Master<\/a><\/div>\n\n<h4 class=\"has-text-align-center wp-block-post-title\"><a href=\"https:\/\/wp.unil.ch\/confluence\/analyse-dun-dispositif-de-soutien-a-la-parentalite\/\" target=\"_self\" >Analyse du dispositif de soutien \u00e0 la parentalit\u00e9 Parents-Rescousse<\/a><\/h4>\n\n<a style=\"text-decoration:none;\" class=\"wp-block-read-more has-text-color has-buttons-text-color has-background has-accent-background-color has-large-font-size\" href=\"https:\/\/wp.unil.ch\/confluence\/analyse-dun-dispositif-de-soutien-a-la-parentalite\/\" target=\"_self\">   +<span class=\"screen-reader-text\">\u00a0: Analyse du dispositif de soutien \u00e0 la parentalit\u00e9 Parents-Rescousse<\/span><\/a><\/div><\/div>\n\n<\/li><li class=\"wp-block-post post-1358 post type-post status-publish format-standard has-post-thumbnail category-offre tag-master\">\n\n<div class=\"wp-block-group has-light-background-background-color has-background\"><div class=\"wp-block-group__inner-container is-layout-constrained wp-block-group-is-layout-constrained\"><figure class=\"wp-block-post-featured-image\"><a href=\"https:\/\/wp.unil.ch\/confluence\/recensement-des-locuteur%c2%b7trices-patoisant%c2%b7es-dans-le-canton-de-vaud\/\" target=\"_self\"  ><img loading=\"lazy\" decoding=\"async\" width=\"1288\" height=\"1200\" src=\"https:\/\/wp.unil.ch\/confluence\/files\/2023\/09\/Patois-vaudois.jpg\" class=\"attachment-post-thumbnail size-post-thumbnail wp-post-image\" alt=\"Recensement des locuteur\u00b7trices patoisant\u00b7es dans le Canton de Vaud\" style=\"object-fit:cover;\" srcset=\"https:\/\/wp.unil.ch\/confluence\/files\/2023\/09\/Patois-vaudois.jpg 1288w, https:\/\/wp.unil.ch\/confluence\/files\/2023\/09\/Patois-vaudois-300x280.jpg 300w, https:\/\/wp.unil.ch\/confluence\/files\/2023\/09\/Patois-vaudois-1024x954.jpg 1024w, https:\/\/wp.unil.ch\/confluence\/files\/2023\/09\/Patois-vaudois-768x716.jpg 768w, https:\/\/wp.unil.ch\/confluence\/files\/2023\/09\/Patois-vaudois-540x503.jpg 540w, https:\/\/wp.unil.ch\/confluence\/files\/2023\/09\/Patois-vaudois-1080x1006.jpg 1080w\" sizes=\"auto, (max-width: 1288px) 100vw, 1288px\" \/><\/a><\/figure>\n\n\n<div style=\"height:20px\" aria-hidden=\"true\" class=\"wp-block-spacer\"><\/div>\n\n\n<div style=\"font-size:14px\" class=\"taxonomy-post_tag wp-block-post-terms\"><a href=\"https:\/\/wp.unil.ch\/confluence\/tag\/master\/\" rel=\"tag\">Master<\/a><\/div>\n\n<h4 class=\"has-text-align-center wp-block-post-title\"><a href=\"https:\/\/wp.unil.ch\/confluence\/recensement-des-locuteur%c2%b7trices-patoisant%c2%b7es-dans-le-canton-de-vaud\/\" target=\"_self\" >Recensement des locuteur\u00b7trices patoisant\u00b7es dans le Canton de Vaud<\/a><\/h4>\n\n<a style=\"text-decoration:none;\" class=\"wp-block-read-more has-text-color has-buttons-text-color has-background has-accent-background-color has-large-font-size\" href=\"https:\/\/wp.unil.ch\/confluence\/recensement-des-locuteur%c2%b7trices-patoisant%c2%b7es-dans-le-canton-de-vaud\/\" target=\"_self\">   +<span class=\"screen-reader-text\">\u00a0: Recensement des locuteur\u00b7trices patoisant\u00b7es dans le Canton de Vaud<\/span><\/a><\/div><\/div>\n\n<\/li><li class=\"wp-block-post post-1379 post type-post status-publish format-standard has-post-thumbnail category-offre tag-master\">\n\n<div class=\"wp-block-group has-light-background-background-color has-background\"><div class=\"wp-block-group__inner-container is-layout-constrained wp-block-group-is-layout-constrained\"><figure class=\"wp-block-post-featured-image\"><a href=\"https:\/\/wp.unil.ch\/confluence\/conception-dun-dispositif-participatif-pour-linventaire-de-la-vaisselle-liturgique-de-leglise-libre-vaudoise\/\" target=\"_self\"  ><img loading=\"lazy\" decoding=\"async\" width=\"454\" height=\"347\" src=\"https:\/\/wp.unil.ch\/confluence\/files\/2023\/09\/e\u0301glise-libre-de-lutry.png\" class=\"attachment-post-thumbnail size-post-thumbnail wp-post-image\" alt=\"Conception d\u2019un dispositif participatif pour l\u2019inventaire de la vaisselle liturgique de l\u2019\u00c9glise libre vaudoise\" style=\"object-fit:cover;\" srcset=\"https:\/\/wp.unil.ch\/confluence\/files\/2023\/09\/e\u0301glise-libre-de-lutry.png 454w, https:\/\/wp.unil.ch\/confluence\/files\/2023\/09\/e\u0301glise-libre-de-lutry-300x229.png 300w\" sizes=\"auto, (max-width: 454px) 100vw, 454px\" \/><\/a><\/figure>\n\n\n<div style=\"height:20px\" aria-hidden=\"true\" class=\"wp-block-spacer\"><\/div>\n\n\n<div style=\"font-size:14px\" class=\"taxonomy-post_tag wp-block-post-terms\"><a href=\"https:\/\/wp.unil.ch\/confluence\/tag\/master\/\" rel=\"tag\">Master<\/a><\/div>\n\n<h4 class=\"has-text-align-center wp-block-post-title\"><a href=\"https:\/\/wp.unil.ch\/confluence\/conception-dun-dispositif-participatif-pour-linventaire-de-la-vaisselle-liturgique-de-leglise-libre-vaudoise\/\" target=\"_self\" >Conception d\u2019un dispositif participatif pour l\u2019inventaire de la vaisselle liturgique de l\u2019\u00c9glise libre vaudoise<\/a><\/h4>\n\n<a style=\"text-decoration:none;\" class=\"wp-block-read-more has-text-color has-buttons-text-color has-background has-accent-background-color has-large-font-size\" href=\"https:\/\/wp.unil.ch\/confluence\/conception-dun-dispositif-participatif-pour-linventaire-de-la-vaisselle-liturgique-de-leglise-libre-vaudoise\/\" target=\"_self\">   +<span class=\"screen-reader-text\">\u00a0: Conception d\u2019un dispositif participatif pour l\u2019inventaire de la vaisselle liturgique de l\u2019\u00c9glise libre vaudoise<\/span><\/a><\/div><\/div>\n\n<\/li><li class=\"wp-block-post post-1410 post type-post status-publish format-standard has-post-thumbnail category-offre tag-master\">\n\n<div class=\"wp-block-group has-light-background-background-color has-background\"><div class=\"wp-block-group__inner-container is-layout-constrained wp-block-group-is-layout-constrained\"><figure class=\"wp-block-post-featured-image\"><a href=\"https:\/\/wp.unil.ch\/confluence\/les-strategies-douverture-de-la-participation\/\" target=\"_self\"  ><img loading=\"lazy\" decoding=\"async\" width=\"1116\" height=\"222\" src=\"https:\/\/wp.unil.ch\/confluence\/files\/2023\/09\/Logo-Loz.png\" class=\"attachment-post-thumbnail size-post-thumbnail wp-post-image\" alt=\"Les strat\u00e9gies d\u2019ouverture de la participation\" style=\"object-fit:cover;\" srcset=\"https:\/\/wp.unil.ch\/confluence\/files\/2023\/09\/Logo-Loz.png 1116w, https:\/\/wp.unil.ch\/confluence\/files\/2023\/09\/Logo-Loz-300x60.png 300w, https:\/\/wp.unil.ch\/confluence\/files\/2023\/09\/Logo-Loz-1024x204.png 1024w, https:\/\/wp.unil.ch\/confluence\/files\/2023\/09\/Logo-Loz-768x153.png 768w, https:\/\/wp.unil.ch\/confluence\/files\/2023\/09\/Logo-Loz-540x107.png 540w, https:\/\/wp.unil.ch\/confluence\/files\/2023\/09\/Logo-Loz-1080x215.png 1080w\" sizes=\"auto, (max-width: 1116px) 100vw, 1116px\" \/><\/a><\/figure>\n\n\n<div style=\"height:20px\" aria-hidden=\"true\" class=\"wp-block-spacer\"><\/div>\n\n\n<div style=\"font-size:14px\" class=\"taxonomy-post_tag wp-block-post-terms\"><a href=\"https:\/\/wp.unil.ch\/confluence\/tag\/master\/\" rel=\"tag\">Master<\/a><\/div>\n\n<h4 class=\"has-text-align-center wp-block-post-title\"><a href=\"https:\/\/wp.unil.ch\/confluence\/les-strategies-douverture-de-la-participation\/\" target=\"_self\" >Les strat\u00e9gies d\u2019ouverture de la participation<\/a><\/h4>\n\n<a style=\"text-decoration:none;\" class=\"wp-block-read-more has-text-color has-buttons-text-color has-background has-accent-background-color has-large-font-size\" href=\"https:\/\/wp.unil.ch\/confluence\/les-strategies-douverture-de-la-participation\/\" target=\"_self\">   +<span class=\"screen-reader-text\">\u00a0: Les strat\u00e9gies d\u2019ouverture de la participation<\/span><\/a><\/div><\/div>\n\n<\/li><\/ul><\/div>\n","protected":false},"excerpt":{"rendered":"<p>Projets propos\u00e9s aux \u00e9tudiantes et \u00e9tudiants Vous trouverez ici la liste des projets propos\u00e9s par nos partenaires de terrain qui sont pr\u00eats \u00e0 vous accueillir. Nous en pr\u00e9parons&hellip;<\/p>\n","protected":false},"author":1002579,"featured_media":0,"parent":0,"menu_order":3,"comment_status":"closed","ping_status":"closed","template":"template-full-width.php","meta":{"_seopress_robots_primary_cat":"","_seopress_titles_title":"","_seopress_titles_desc":"","_seopress_robots_index":"","_uag_custom_page_level_css":"","footnotes":""},"class_list":["post-597","page","type-page","status-publish","has-post-thumbnail"],"uagb_featured_image_src":{"full":false,"thumbnail":false,"medium":false,"medium_large":false,"large":false,"1536x1536":false,"2048x2048":false,"post-thumbnail":false,"chaplin_preview_image_low_resolution":false,"chaplin_preview_image_high_resolution":false,"chaplin_fullscreen":false,"gform-image-choice-sm":false,"gform-image-choice-md":false,"gform-image-choice-lg":false},"uagb_author_info":{"display_name":"Alexandre Camus","author_link":"https:\/\/wp.unil.ch\/confluence\/author\/acamus\/"},"uagb_comment_info":0,"uagb_excerpt":"Projets propos\u00e9s aux \u00e9tudiantes et \u00e9tudiants Vous trouverez ici la liste des projets propos\u00e9s par nos partenaires de terrain qui sont pr\u00eats \u00e0 vous accueillir. Nous en pr\u00e9parons&hellip;","_links":{"self":[{"href":"https:\/\/wp.unil.ch\/confluence\/wp-json\/wp\/v2\/pages\/597","targetHints":{"allow":["GET"]}}],"collection":[{"href":"https:\/\/wp.unil.ch\/confluence\/wp-json\/wp\/v2\/pages"}],"about":[{"href":"https:\/\/wp.unil.ch\/confluence\/wp-json\/wp\/v2\/types\/page"}],"author":[{"embeddable":true,"href":"https:\/\/wp.unil.ch\/confluence\/wp-json\/wp\/v2\/users\/1002579"}],"replies":[{"embeddable":true,"href":"https:\/\/wp.unil.ch\/confluence\/wp-json\/wp\/v2\/comments?post=597"}],"version-history":[{"count":0,"href":"https:\/\/wp.unil.ch\/confluence\/wp-json\/wp\/v2\/pages\/597\/revisions"}],"wp:attachment":[{"href":"https:\/\/wp.unil.ch\/confluence\/wp-json\/wp\/v2\/media?parent=597"}],"curies":[{"name":"wp","href":"https:\/\/api.w.org\/{rel}","templated":true}]}}