{"id":402,"date":"2023-03-09T11:40:18","date_gmt":"2023-03-09T10:40:18","guid":{"rendered":"https:\/\/wp.unil.ch\/confluence\/?page_id=402"},"modified":"2023-07-11T09:32:02","modified_gmt":"2023-07-11T07:32:02","slug":"enseignant%c2%b7es-chercheur%c2%b7es","status":"publish","type":"page","link":"https:\/\/wp.unil.ch\/confluence\/participer\/enseignant%c2%b7es-chercheur%c2%b7es\/","title":{"rendered":"Enseignant\u00b7es chercheur\u00b7es"},"content":{"rendered":"\n<h3 class=\"wp-block-heading\">Mettez votre expertise au service de l&rsquo;accompagnement des initiatives de la soci\u00e9t\u00e9 civile <\/h3>\n\n\n\n<ul class=\"wp-block-list\">\n<li>Vous acc\u00e9dez aux acteur\u00b7rices de terrain et \u00e0 leur pr\u00e9occupation<\/li>\n\n\n\n<li>Vous valorisez vos travaux autrement<\/li>\n\n\n\n<li>Vous explorez de nouveaux terrains de recherche et des m\u00e9thodes participatives<\/li>\n\n\n\n<li>Vous proposez \u00e0 vos \u00e9tudiant\u00b7es des projets de terrain favorisant le d\u00e9veloppement local<\/li>\n\n\n\n<li>Vous mettez \u00e0 profit votre carnet d&rsquo;adresse<\/li>\n<\/ul>\n\n\n\n<h3 class=\"wp-block-heading\">Notre accompagnement<\/h3>\n\n\n\n<p>Disponibles en tout temps, nous sommes l\u00e0 pour vous accompagner afin que vous puissiez vous concentrer sur l&rsquo;encadrement acad\u00e9mique de vos \u00e9tudiant\u00b7es.<\/p>\n\n\n\n<ul class=\"wp-block-list\">\n<li>Nous assurons l&rsquo;interm\u00e9diation avec les partenaires de la soci\u00e9t\u00e9 civile (accueil et transformation de la demande en projet, suivi des relations)<\/li>\n\n\n\n<li>Nous assurons le recrutement des \u00e9tudiant\u00b7es avec les partenaires de terrain<\/li>\n\n\n\n<li>Nous accompagnons la construction du cadre formel dans lequel vos \u00e9tudiant\u00b7es \u00e9volueront (convention, confidentialit\u00e9, \u00e9thique et cahier des charges du projet)<\/li>\n\n\n\n<li>Nous accompagnons le travail de terrain des \u00e9tudiant\u00b7es et coordonnons les aspects logistiques<\/li>\n\n\n\n<li>Nous apportons un soutien sur les m\u00e9thodologies collaboratives sur l&rsquo;entier du projet<\/li>\n<\/ul>\n\n\n\n<p> <\/p>\n\n\n\n<h3 class=\"wp-block-heading\">Comment d\u00e9marrer ?<\/h3>\n\n\n\n<figure class=\"wp-block-image size-full\"><img alt=\"\" loading=\"lazy\" decoding=\"async\" width=\"1024\" height=\"768\" src=\"https:\/\/wp.unil.ch\/confluence\/files\/2023\/06\/parcours-encadrant-230616.png\" alt=\"\" class=\"wp-image-1099\" srcset=\"https:\/\/wp.unil.ch\/confluence\/files\/2023\/06\/parcours-encadrant-230616.png 1024w, https:\/\/wp.unil.ch\/confluence\/files\/2023\/06\/parcours-encadrant-230616-300x225.png 300w, https:\/\/wp.unil.ch\/confluence\/files\/2023\/06\/parcours-encadrant-230616-768x576.png 768w, https:\/\/wp.unil.ch\/confluence\/files\/2023\/06\/parcours-encadrant-230616-540x405.png 540w\" sizes=\"auto, (max-width: 1024px) 100vw, 1024px\" \/><\/figure>\n\n\n\n<ol class=\"wp-block-list\">\n<li><strong>Accueillir l&rsquo;int\u00e9r\u00eat \u00e9tudiant<\/strong> : Dans la majorit\u00e9 des cas, les \u00e9tudiant\u00b7es et les partenaires de terrain ont \u00e9chang\u00e9 en amont et se sont accord\u00e9s\u00b7es sur une th\u00e9matique potentielle de m\u00e9moire. Ils et elles vous sollicitent alors en vue de devenir leur encadrant\u00b7e acad\u00e9mique du projet. Vous pouvez \u00e9galement proposer des sujets \u00e9manant de votre connaissance du terrain et profiter ainsi de l&rsquo;accompagnement de Confluence.<\/li>\n\n\n\n<li><strong>Accompagner la maturation des sujets de m\u00e9moire <\/strong>: selon les modalit\u00e9s usuelles de votre facult\u00e9, vous accompagnez vos \u00e9tudiant\u00b7es dans la maturation de leur sujet de m\u00e9moire. <\/li>\n\n\n\n<li><strong>Co-concevoir le cahier des charges du projet <\/strong>: Vous participez \u00e0 une s\u00e9ance de concertation \u00e9largie r\u00e9unissant le partenaire de terrain, l&rsquo;\u00e9tudiant\u00b7e, son encadrant\u00b7e acad\u00e9mique. Cette s\u00e9ance aboutit \u00e0 la d\u00e9finition d&rsquo;une format de projet, de livrables et d&rsquo;une p\u00e9riode d&rsquo;accueil de l&rsquo;\u00e9tudiant\u00b7e. Nous assurons le suivi logistique.<\/li>\n\n\n\n<li><strong>Encadrer le travail de l&rsquo;\u00e9tudiant\u00b7e <\/strong>: Selon les modalit\u00e9s en usage, vous assurez l&rsquo;encadrement acad\u00e9mique de votre \u00e9tudiant\u00b7e. Nous sommes \u00e0 disposition et nous adaptons aux exigences acad\u00e9miques. Nous veillons au bon d\u00e9roulement du terrain et soutenons de mani\u00e8re individuelle sur les m\u00e9thodologies collaboratives.<\/li>\n<\/ol>\n\n\n\n<h3 class=\"wp-block-heading\">Vous avez des questions, des envies, des remarques?<\/h3>\n\n\n\n<p>Vous pratiquez la recherche-action, collaborative et participative avec vos \u00e9tudiant\u00b7es et vous demandez comment Confluence peut vous aider ? Vous vous interrogez sur la recherche-action, collaborative et participative ? Vous souhaitez partager une exp\u00e9rience ? Prenez contact avec nous pour en discuter.<\/p>\n\n\n\n<div class=\"wp-block-buttons is-layout-flex wp-block-buttons-is-layout-flex\">\n<div class=\"wp-block-button\"><a class=\"wp-block-button__link has-background wp-element-button\" href=\"https:\/\/wp.unil.ch\/confluence\/contact\/\" style=\"border-radius:4px;background-color:#c9322c\">Contactez-nous<\/a><\/div>\n<\/div>\n","protected":false},"excerpt":{"rendered":"<p>Mettez votre expertise au service de l&rsquo;accompagnement des initiatives de la soci\u00e9t\u00e9 civile Notre accompagnement Disponibles en tout temps, nous sommes l\u00e0 pour vous accompagner afin que vous&hellip;<\/p>\n","protected":false},"author":1002579,"featured_media":0,"parent":167,"menu_order":0,"comment_status":"closed","ping_status":"closed","template":"template-full-width.php","meta":{"_seopress_robots_primary_cat":"","_seopress_titles_title":"","_seopress_titles_desc":"","_seopress_robots_index":"","_uag_custom_page_level_css":"","footnotes":""},"class_list":["post-402","page","type-page","status-publish","has-post-thumbnail"],"uagb_featured_image_src":{"full":false,"thumbnail":false,"medium":false,"medium_large":false,"large":false,"1536x1536":false,"2048x2048":false,"post-thumbnail":false,"chaplin_preview_image_low_resolution":false,"chaplin_preview_image_high_resolution":false,"chaplin_fullscreen":false,"gform-image-choice-sm":false,"gform-image-choice-md":false,"gform-image-choice-lg":false},"uagb_author_info":{"display_name":"Alexandre Camus","author_link":"https:\/\/wp.unil.ch\/confluence\/author\/acamus\/"},"uagb_comment_info":0,"uagb_excerpt":"Mettez votre expertise au service de l&rsquo;accompagnement des initiatives de la soci\u00e9t\u00e9 civile Notre accompagnement Disponibles en tout temps, nous sommes l\u00e0 pour vous accompagner afin que vous&hellip;","_links":{"self":[{"href":"https:\/\/wp.unil.ch\/confluence\/wp-json\/wp\/v2\/pages\/402","targetHints":{"allow":["GET"]}}],"collection":[{"href":"https:\/\/wp.unil.ch\/confluence\/wp-json\/wp\/v2\/pages"}],"about":[{"href":"https:\/\/wp.unil.ch\/confluence\/wp-json\/wp\/v2\/types\/page"}],"author":[{"embeddable":true,"href":"https:\/\/wp.unil.ch\/confluence\/wp-json\/wp\/v2\/users\/1002579"}],"replies":[{"embeddable":true,"href":"https:\/\/wp.unil.ch\/confluence\/wp-json\/wp\/v2\/comments?post=402"}],"version-history":[{"count":0,"href":"https:\/\/wp.unil.ch\/confluence\/wp-json\/wp\/v2\/pages\/402\/revisions"}],"up":[{"embeddable":true,"href":"https:\/\/wp.unil.ch\/confluence\/wp-json\/wp\/v2\/pages\/167"}],"wp:attachment":[{"href":"https:\/\/wp.unil.ch\/confluence\/wp-json\/wp\/v2\/media?parent=402"}],"curies":[{"name":"wp","href":"https:\/\/api.w.org\/{rel}","templated":true}]}}