{"id":334,"date":"2023-03-08T10:32:15","date_gmt":"2023-03-08T09:32:15","guid":{"rendered":"https:\/\/wp.unil.ch\/confluence\/?page_id=334"},"modified":"2023-07-11T09:15:03","modified_gmt":"2023-07-11T07:15:03","slug":"associations-institutions-publiques-acteurs-de-leconomie-sociale-et-solidaire","status":"publish","type":"page","link":"https:\/\/wp.unil.ch\/confluence\/participer\/associations-institutions-publiques-acteurs-de-leconomie-sociale-et-solidaire\/","title":{"rendered":"Associations, institutions publiques, acteurs de l&rsquo;\u00e9conomie sociale et solidaire"},"content":{"rendered":"\n<h3 class=\"wp-block-heading\"><strong>Posez votre question et b\u00e9n\u00e9ficiez de l&rsquo;expertise de l&rsquo;UNIL pour y r\u00e9pondre<\/strong><\/h3>\n\n\n\n<p>Vous \u00eates membre d&rsquo;une association, d&rsquo;un collectif citoyen, d&rsquo;une institution publique ou actif\u00b7ve dans l&rsquo;\u00e9conomie sociale et solidaire (coop\u00e9rative, fondation) ? Vous faites face \u00e0 une probl\u00e9matique qui profiterait d&rsquo;une expertise ou du regard de sociologues, psychologues, g\u00e9ographes, biologistes, juristes, etc. ? Proposez votre question \u00e0 Confluence.<\/p>\n\n\n\n<h3 class=\"wp-block-heading\"><strong>Vos b\u00e9n\u00e9fices <\/strong><\/h3>\n\n\n\n<ul class=\"wp-block-list\">\n<li>Acc\u00e9der aux connaissances acad\u00e9miques<\/li>\n\n\n\n<li>Analyser une situation probl\u00e9matique<\/li>\n\n\n\n<li>Renforcer un plaidoyer<\/li>\n\n\n\n<li>Inventer des dispositifs ou des modes d&rsquo;action<\/li>\n\n\n\n<li>Concevoir une exp\u00e9rimentation<\/li>\n\n\n\n<li>Impulser une \u00e9tude<\/li>\n<\/ul>\n\n\n\n<h3 class=\"wp-block-heading has-text-align-left\"><strong>Conditions de d\u00e9p\u00f4t d&rsquo;un projet<\/strong><\/h3>\n\n\n\n<ul class=\"wp-block-list\">\n<li>\u00catre une structure \u00e0 but non lucratif (association, maison de quartier, institution publique\u2026) ou de l&rsquo;\u00e9conomie sociale et solidaire (coop\u00e9rative, fondation,&#8230;)<\/li>\n\n\n\n<li>Porter une question d\u2019int\u00e9r\u00eat g\u00e9n\u00e9ral, sans but commercial<\/li>\n\n\n\n<li>Disposer d&rsquo;une personne r\u00e9f\u00e9rente au sein de la structure sur toute la dur\u00e9e du projet<\/li>\n\n\n\n<li>Accepter la diffusion des r\u00e9sultats en acc\u00e8s libre<\/li>\n<\/ul>\n\n\n\n<h3 class=\"wp-block-heading\"><strong>Comment d\u00e9marrer ?<\/strong> <\/h3>\n\n\n\n<p>L&rsquo;Universit\u00e9 de Lausanne compte 7 facult\u00e9s rassemblant plus de 1000 enseignant\u00b7es chercheur\u00b7es formant pr\u00e8s de 17&rsquo;000 \u00e9tudiant\u00b7es. Nous sommes l\u00e0 pour assurer l&rsquo;interface entre vos besoins et la communaut\u00e9 UNIL. Une fois votre demande re\u00e7ue, nous organisons la concertation qui permettra de transformer votre besoin en sujet propos\u00e9 \u00e0 des \u00e9tudiant\u00b7es, qui le r\u00e9aliseront encadr\u00e9\u00b7es par des enseignant\u00b7es. Nous vous accompagnons sur l&rsquo;entier du d\u00e9roulement des projets.<\/p>\n\n\n\n<figure class=\"wp-block-image size-full\"><img alt=\"\" loading=\"lazy\" decoding=\"async\" width=\"1024\" height=\"768\" src=\"https:\/\/wp.unil.ch\/confluence\/files\/2023\/07\/19.png\" alt=\"\" class=\"wp-image-1204\" srcset=\"https:\/\/wp.unil.ch\/confluence\/files\/2023\/07\/19.png 1024w, https:\/\/wp.unil.ch\/confluence\/files\/2023\/07\/19-300x225.png 300w, https:\/\/wp.unil.ch\/confluence\/files\/2023\/07\/19-768x576.png 768w, https:\/\/wp.unil.ch\/confluence\/files\/2023\/07\/19-540x405.png 540w\" sizes=\"auto, (max-width: 1024px) 100vw, 1024px\" \/><\/figure>\n\n\n\n<ol class=\"wp-block-list\">\n<li><strong>Formuler une demande<\/strong> : Vous \u00e9crivez directement un message \u00e0 notre \u00e9quipe pour formuler une demande. Vous aurez une proposition d&rsquo;entretien sous 5 jours ouvr\u00e9s afin de comprendre pr\u00e9cis\u00e9ment vos besoins.<\/li>\n\n\n\n<li><strong>Transformer la demande en sujet de recherche collaborative<\/strong> : Une concertation prend place avec un\u00b7e \u00e9tudiant\u00b7e et un\u00b7e enseignant\u00b7e chercheur\u00b7e de l&rsquo;UNIL pour construire un sujet de recherche r\u00e9pondant \u00e0 vos attentes.<\/li>\n\n\n\n<li><strong>Co-concevoir le cahier des charges du projet <\/strong>: La concertation aboutit \u00e0 la d\u00e9finition d&rsquo;un format de projet, de livrables et d&rsquo;une p\u00e9riode d&rsquo;accueil de l&rsquo;\u00e9tudiant\u00b7e. Une convention \u00e9tablissant les modalit\u00e9s de collaboration est produite.<\/li>\n\n\n\n<li><strong>Accueillir l&rsquo;\u00e9tudiant\u00b7e<\/strong> : Selon les modalit\u00e9s d\u00e9finies \u00e0 l&rsquo;\u00e9tape pr\u00e9c\u00e9dentes, l&rsquo;\u00e9tudiant\u00b7e est accueilli\u00b7e par le partenaire et trouve les conditions n\u00e9cessaires \u00e0 la r\u00e9alisation de son travail.<\/li>\n\n\n\n<li><strong>Participer aux \u00e9tapes de veille sur le projet <\/strong>: 3 s\u00e9ances (d\u00e9but, milieu, fin) sont organis\u00e9es pour faciliter la mutualisation des apprentissages et l&rsquo;entraide entre projets.<\/li>\n\n\n\n<li><strong>Communiquer les r\u00e9sultats et \u00e9valuer les impacts<\/strong> : Les projets termin\u00e9s sont valoris\u00e9s en mettant l&rsquo;accent sur les r\u00e9sultats ainsi que sur les apprentissages. Des formats originaux de valorisation son encourag\u00e9s. Les impacts sont \u00e9valu\u00e9s et suivis dans le temps.<\/li>\n<\/ol>\n\n\n\n<h4 class=\"wp-block-heading\">Nous sommes \u00e0 votre disposition pour accueillir vos questions et demandes<\/h4>\n\n\n\n<div class=\"wp-block-buttons is-layout-flex wp-block-buttons-is-layout-flex\">\n<div class=\"wp-block-button\"><a class=\"wp-block-button__link has-background wp-element-button\" href=\"https:\/\/wp.unil.ch\/confluence\/contact\" style=\"border-radius:3px;background-color:#c9322c\">Contactez-nous<\/a><\/div>\n<\/div>\n","protected":false},"excerpt":{"rendered":"<p>Posez votre question et b\u00e9n\u00e9ficiez de l&rsquo;expertise de l&rsquo;UNIL pour y r\u00e9pondre Vous \u00eates membre d&rsquo;une association, d&rsquo;un collectif citoyen, d&rsquo;une institution publique ou actif\u00b7ve dans l&rsquo;\u00e9conomie sociale&hellip;<\/p>\n","protected":false},"author":1002579,"featured_media":0,"parent":167,"menu_order":0,"comment_status":"closed","ping_status":"closed","template":"template-full-width.php","meta":{"_seopress_robots_primary_cat":"","_seopress_titles_title":"","_seopress_titles_desc":"","_seopress_robots_index":"","_uag_custom_page_level_css":"","footnotes":""},"class_list":["post-334","page","type-page","status-publish","has-post-thumbnail"],"uagb_featured_image_src":{"full":false,"thumbnail":false,"medium":false,"medium_large":false,"large":false,"1536x1536":false,"2048x2048":false,"post-thumbnail":false,"chaplin_preview_image_low_resolution":false,"chaplin_preview_image_high_resolution":false,"chaplin_fullscreen":false,"gform-image-choice-sm":false,"gform-image-choice-md":false,"gform-image-choice-lg":false},"uagb_author_info":{"display_name":"Alexandre Camus","author_link":"https:\/\/wp.unil.ch\/confluence\/author\/acamus\/"},"uagb_comment_info":0,"uagb_excerpt":"Posez votre question et b\u00e9n\u00e9ficiez de l&rsquo;expertise de l&rsquo;UNIL pour y r\u00e9pondre Vous \u00eates membre d&rsquo;une association, d&rsquo;un collectif citoyen, d&rsquo;une institution publique ou actif\u00b7ve dans l&rsquo;\u00e9conomie sociale&hellip;","_links":{"self":[{"href":"https:\/\/wp.unil.ch\/confluence\/wp-json\/wp\/v2\/pages\/334","targetHints":{"allow":["GET"]}}],"collection":[{"href":"https:\/\/wp.unil.ch\/confluence\/wp-json\/wp\/v2\/pages"}],"about":[{"href":"https:\/\/wp.unil.ch\/confluence\/wp-json\/wp\/v2\/types\/page"}],"author":[{"embeddable":true,"href":"https:\/\/wp.unil.ch\/confluence\/wp-json\/wp\/v2\/users\/1002579"}],"replies":[{"embeddable":true,"href":"https:\/\/wp.unil.ch\/confluence\/wp-json\/wp\/v2\/comments?post=334"}],"version-history":[{"count":0,"href":"https:\/\/wp.unil.ch\/confluence\/wp-json\/wp\/v2\/pages\/334\/revisions"}],"up":[{"embeddable":true,"href":"https:\/\/wp.unil.ch\/confluence\/wp-json\/wp\/v2\/pages\/167"}],"wp:attachment":[{"href":"https:\/\/wp.unil.ch\/confluence\/wp-json\/wp\/v2\/media?parent=334"}],"curies":[{"name":"wp","href":"https:\/\/api.w.org\/{rel}","templated":true}]}}