{"id":323,"date":"2023-03-08T09:55:19","date_gmt":"2023-03-08T08:55:19","guid":{"rendered":"https:\/\/wp.unil.ch\/confluence\/?page_id=323"},"modified":"2023-09-07T15:54:02","modified_gmt":"2023-09-07T13:54:02","slug":"etudiant%c2%b7e%c2%b7s","status":"publish","type":"page","link":"https:\/\/wp.unil.ch\/confluence\/participer\/etudiant%c2%b7e%c2%b7s\/","title":{"rendered":"Etudiant\u00b7es"},"content":{"rendered":"\n<h3 class=\"wp-block-heading\">Mettez votre formation au service de l&rsquo;int\u00e9r\u00eat g\u00e9n\u00e9ral<\/h3>\n\n\n\n<p>Confluence vous offre l&rsquo;opportunit\u00e9 de mettre votre expertise au service de l&rsquo;int\u00e9r\u00eat g\u00e9n\u00e9ral et d&rsquo;exp\u00e9rimenter en conditions r\u00e9elles le r\u00f4le d&rsquo;expert\u00b7e aupr\u00e8s de partenaires de la soci\u00e9t\u00e9 civile engag\u00e9s dans les transitions sociales et environnementales. Ces structures sont pr\u00eates \u00e0 vous accueillir sur des dur\u00e9es variables en fonction du sujet et du format de participation propos\u00e9 (prioritairement m\u00e9moires de Master). Votre engagement vous permettra de valider des cr\u00e9dits tout en contribuant aux d\u00e9fis d&rsquo;aujourd&rsquo;hui et demain.<\/p>\n\n\n\n<p>Les modalit\u00e9s de validation des cr\u00e9dits varient en fonction de votre facult\u00e9. <\/p>\n\n\n\n<p>Ex: M\u00e9moire Master SSP = 30 ECTS<\/p>\n\n\n\n<h3 class=\"wp-block-heading\">Vos b\u00e9n\u00e9fices<\/h3>\n\n\n\n<ul class=\"wp-block-list\">\n<li>Enrichir votre formation par une exp\u00e9rience pratique et engag\u00e9e<\/li>\n\n\n\n<li>Mettre vos connaissances au service de l&rsquo;\u00e9laboration de r\u00e9ponses \u00e0 des probl\u00e9matiques sociales nouvelles ou mal satisfaites dans les conditions actuelles<\/li>\n\n\n\n<li>Exp\u00e9rimenter le r\u00f4le d&rsquo;expert\u00b7e dans des conditions r\u00e9elles<\/li>\n\n\n\n<li>Apprendre des m\u00e9thodologies participatives et collaboratives<\/li>\n\n\n\n<li>Construire votre r\u00e9seau et pr\u00e9parez votre entr\u00e9e dans le monde professionnel<\/li>\n<\/ul>\n\n\n\n<h3 class=\"wp-block-heading\">Comment d\u00e9marrer?<\/h3>\n\n\n\n<figure class=\"wp-block-image size-full\"><img alt=\"\" loading=\"lazy\" decoding=\"async\" width=\"1024\" height=\"768\" src=\"https:\/\/wp.unil.ch\/confluence\/files\/2023\/09\/Modern-Project-Management-Process-Infographic-Graph.png\" alt=\"\" class=\"wp-image-1343\" srcset=\"https:\/\/wp.unil.ch\/confluence\/files\/2023\/09\/Modern-Project-Management-Process-Infographic-Graph.png 1024w, https:\/\/wp.unil.ch\/confluence\/files\/2023\/09\/Modern-Project-Management-Process-Infographic-Graph-300x225.png 300w, https:\/\/wp.unil.ch\/confluence\/files\/2023\/09\/Modern-Project-Management-Process-Infographic-Graph-768x576.png 768w, https:\/\/wp.unil.ch\/confluence\/files\/2023\/09\/Modern-Project-Management-Process-Infographic-Graph-540x405.png 540w\" sizes=\"auto, (max-width: 1024px) 100vw, 1024px\" \/><\/figure>\n\n\n\n<ol class=\"wp-block-list\">\n<li><strong>Trouver un sujet et signaler son int\u00e9r\u00eat <\/strong>: Les sujets disponibles sont propos\u00e9s dans la rubrique \u00ab\u00a0<a href=\"https:\/\/wp.unil.ch\/confluence\/offres\/\" data-type=\"URL\" data-id=\"https:\/\/wp.unil.ch\/confluence\/offres\/\">Bourse aux projets<\/a>\u00ab\u00a0. Vous prenez contact avec nous pour signaler votre int\u00e9r\u00eat et v\u00e9rifier votre \u00e9ligibilit\u00e9.<\/li>\n\n\n\n<li><strong>Trouver un\u00b7e encadrant\u00b7e acad\u00e9mique <\/strong>: En fonction des usages de votre facult\u00e9 d&rsquo;origine, vous identifiez l&rsquo;enseignant\u00b7e qui acceptera d&rsquo;encadrer votre travail. Si n\u00e9cessaire, nous pouvons vous y aider. Dans certains cas, les encadrant\u00b7es acad\u00e9miques sont d\u00e9fini\u00b7es en amont et les sujets propos\u00e9s directement par vos enseignant\u00b7es.<\/li>\n\n\n\n<li><strong>Concertation avec les parties prenantes <\/strong>: Une s\u00e9ance est organis\u00e9e avec le partenaire de terrain, l&rsquo;\u00e9tudiant\u00b7e et l&rsquo;encadrant\u00b7e acad\u00e9mique. Elle permet de s&rsquo;accorder sur le cahier des charges du projet.<\/li>\n\n\n\n<li><strong>R\u00e9aliser le travail<\/strong> : Vous r\u00e9alisez le travail attendu et mobilisez Confluence pour les questions de terrain et m\u00e9thodologies collaboratives.<\/li>\n\n\n\n<li><strong>Participer aux \u00e9tapes de veille sur les projets <\/strong>: 3 s\u00e9ances (d\u00e9but, milieu, fin) sont organis\u00e9es pour faciliter la mutualisation des apprentissages et l\u2019entraide entre projets.<\/li>\n\n\n\n<li><strong>Communiquer les r\u00e9sultats et \u00e9valuer les impacts<\/strong>&nbsp;: Les projets termin\u00e9s sont valoris\u00e9s en mettant l\u2019accent sur les r\u00e9sultats ainsi que sur les apprentissages. Des formats originaux de valorisation son encourag\u00e9s. Les impacts sont \u00e9valu\u00e9s et suivis dans le temps.<\/li>\n<\/ol>\n\n\n\n<h3 class=\"wp-block-heading\">Consultez les offres actuelles<\/h3>\n\n\n\n<p>Les sujets sont directement li\u00e9s \u00e0 des probl\u00e9matiques port\u00e9es par des partenaires de terrain. Chaque proposition a b\u00e9n\u00e9fici\u00e9 en amont de discussions avec les partenaires de terrain. Vous participerez activement \u00e0 leur version d\u00e9finitive, en discussion avec votre encadrant\u00b7e votre  m\u00e9moire et votre facult\u00e9 qui valideront les cr\u00e9dits associ\u00e9s \u00e0 votre travail acad\u00e9mique. <\/p>\n\n\n\n<p><a href=\"\/confluence\/offres\" data-type=\"URL\" data-id=\"\/confluence\/offres\"><strong>Consultez les offres actuellement disponibles <\/strong><\/a><\/p>\n\n\n\n<p>Un sujet vous int\u00e9resse ? Vous souhaitez proposer un sujet ? Prenez contact avec nous.<\/p>\n\n\n\n<div class=\"wp-block-buttons is-layout-flex wp-block-buttons-is-layout-flex\">\n<div class=\"wp-block-button is-style-fill\"><a class=\"wp-block-button__link has-background wp-element-button\" href=\"https:\/\/wp.unil.ch\/confluence\/contact\/\" style=\"background-color:#c9322c\">Contactez-nous<\/a><\/div>\n<\/div>\n","protected":false},"excerpt":{"rendered":"<p>Mettez votre formation au service de l&rsquo;int\u00e9r\u00eat g\u00e9n\u00e9ral Confluence vous offre l&rsquo;opportunit\u00e9 de mettre votre expertise au service de l&rsquo;int\u00e9r\u00eat g\u00e9n\u00e9ral et d&rsquo;exp\u00e9rimenter en conditions r\u00e9elles le r\u00f4le&hellip;<\/p>\n","protected":false},"author":108,"featured_media":0,"parent":167,"menu_order":0,"comment_status":"closed","ping_status":"closed","template":"template-full-width.php","meta":{"_seopress_robots_primary_cat":"","_seopress_titles_title":"","_seopress_titles_desc":"","_seopress_robots_index":"","_uag_custom_page_level_css":"","footnotes":""},"class_list":["post-323","page","type-page","status-publish","has-post-thumbnail"],"uagb_featured_image_src":{"full":false,"thumbnail":false,"medium":false,"medium_large":false,"large":false,"1536x1536":false,"2048x2048":false,"post-thumbnail":false,"chaplin_preview_image_low_resolution":false,"chaplin_preview_image_high_resolution":false,"chaplin_fullscreen":false,"gform-image-choice-sm":false,"gform-image-choice-md":false,"gform-image-choice-lg":false},"uagb_author_info":{"display_name":"centre informatique","author_link":"https:\/\/wp.unil.ch\/confluence\/author\/ci-unil\/"},"uagb_comment_info":0,"uagb_excerpt":"Mettez votre formation au service de l&rsquo;int\u00e9r\u00eat g\u00e9n\u00e9ral Confluence vous offre l&rsquo;opportunit\u00e9 de mettre votre expertise au service de l&rsquo;int\u00e9r\u00eat g\u00e9n\u00e9ral et d&rsquo;exp\u00e9rimenter en conditions r\u00e9elles le r\u00f4le&hellip;","_links":{"self":[{"href":"https:\/\/wp.unil.ch\/confluence\/wp-json\/wp\/v2\/pages\/323","targetHints":{"allow":["GET"]}}],"collection":[{"href":"https:\/\/wp.unil.ch\/confluence\/wp-json\/wp\/v2\/pages"}],"about":[{"href":"https:\/\/wp.unil.ch\/confluence\/wp-json\/wp\/v2\/types\/page"}],"author":[{"embeddable":true,"href":"https:\/\/wp.unil.ch\/confluence\/wp-json\/wp\/v2\/users\/108"}],"replies":[{"embeddable":true,"href":"https:\/\/wp.unil.ch\/confluence\/wp-json\/wp\/v2\/comments?post=323"}],"version-history":[{"count":0,"href":"https:\/\/wp.unil.ch\/confluence\/wp-json\/wp\/v2\/pages\/323\/revisions"}],"up":[{"embeddable":true,"href":"https:\/\/wp.unil.ch\/confluence\/wp-json\/wp\/v2\/pages\/167"}],"wp:attachment":[{"href":"https:\/\/wp.unil.ch\/confluence\/wp-json\/wp\/v2\/media?parent=323"}],"curies":[{"name":"wp","href":"https:\/\/api.w.org\/{rel}","templated":true}]}}