{"id":227,"date":"2023-12-05T10:52:04","date_gmt":"2023-12-05T09:52:04","guid":{"rendered":"https:\/\/wp.unil.ch\/commount\/?page_id=227"},"modified":"2023-12-05T10:52:04","modified_gmt":"2023-12-05T09:52:04","slug":"french-summary-resume-du-projet-commount","status":"publish","type":"page","link":"https:\/\/wp.unil.ch\/commount\/french-summary-resume-du-projet-commount\/","title":{"rendered":"French Summary &#8211; R\u00e9sum\u00e9 du projet ComMount"},"content":{"rendered":"\n<p><em>ComMount : Questionner les communs historiques et les nouveaux communs dans le cadre des enjeux de d\u00e9veloppement territorial des r\u00e9gions de montagne<\/em><\/p>\n\n\n\n<p>Dans le contexte du changement global, les montagnes sont confront\u00e9es \u00e0 d&#8217;importants enjeux environnementaux, \u00e9conomiques et sociaux. Parmi les diff\u00e9rents leviers possibles pour r\u00e9pondre et s&#8217;adapter \u00e0 ces d\u00e9fis, des formes contemporaines d&#8217;action collective &#8211; que nous nommons \u00ab nouveaux communs de montagne \u00bb &#8211; apparaissent comme des leviers potentiels.<\/p>\n\n\n\n<p>Les communs sont d\u00e9finis ici comme un mod\u00e8le sp\u00e9cifique de relations entre trois composantes d&#8217;une configuration socio-\u00e9cologique : une ressource, une communaut\u00e9 et un ensemble de r\u00e8gles r\u00e9gulant l&#8217;acc\u00e8s, l&#8217;utilisation et la gestion du syst\u00e8me de ressources. Les nouveaux communs se caract\u00e9risent par le fait qu&#8217;ils apparaissent \u00ab sans r\u00e8gles pr\u00e9existantes ou arrangements institutionnels clairs \u00bb (Hess, 2008) et sont de cr\u00e9ation r\u00e9cente (fin du XXe &#8211; d\u00e9but du XXIe si\u00e8cle). Ils concernent la fourniture de biens et de services provenant de ressources autres que les ressources naturelles. Au cours d&#8217;un projet pr\u00e9paratoire, notre \u00e9quipe de recherche a identifi\u00e9 et caract\u00e9ris\u00e9 des nouveaux communs de montagne dans des domaines tels que les remont\u00e9es m\u00e9caniques, la production d&#8217;\u00e9nergie, le patrimoine et la fourniture de services locaux. Il s&#8217;agira dans le projet ComMount de poursuivre et approfondir nos investigations.<\/p>\n\n\n\n<p>L&#8217;objectif du projet ComMount est de comprendre : comment ces nouveaux communs sont structur\u00e9s et organis\u00e9s ? Quelles sont les conditions spatiales, sociales, politiques et \u00e9conomiques de leur \u00e9mergence et de leur d\u00e9veloppement ? Comment s&#8217;articulent-ils avec les &#8220;communs historiques&#8221; qui ont exist\u00e9 et continuent d&#8217;exister dans les r\u00e9gions de montagne ? Enfin, en quoi les nouveaux communs de montagne constituent-ils un levier pour le d\u00e9veloppement territorial et l&#8217;\u00e9volution de la gouvernance des territoires de montagne ?<\/p>\n\n\n\n<p>Pour r\u00e9pondre \u00e0 ces questions, nous allons notamment cr\u00e9er un protocole de recherche interdisciplinaire et mener des \u00e9tudes de cas approfondies dans deux r\u00e9gions des Alpes suisses.<\/p>\n\n\n\n<p><strong>R\u00e9sultats attendus<\/strong><\/p>\n\n\n\n<p>Nous esp\u00e9rons (i) d\u00e9velopper des connaissances de pointe sur les nouveaux communs dans les zones de montagne ainsi que sur leur contribution au d\u00e9veloppement territorial ; (ii) identifier les relations entre les communs historiques et les nouveaux communs ; (iii) identifier les bonnes pratiques et les obstacles au d\u00e9veloppement de ces communs.<\/p>\n\n\n\n<p>Hess, C. (2008). Mapping the New Commons,&nbsp;<em>Social Science Research Network<\/em>, Accessed June 12, 2018.&nbsp;<a href=\"https:\/\/papers.ssrn.com\/abstract\">https:\/\/papers.ssrn.com\/abstract<\/a>=1356835<\/p>\n","protected":false},"excerpt":{"rendered":"<p>ComMount : Questionner les communs historiques et les nouveaux communs dans le cadre des enjeux de d\u00e9veloppement territorial des r\u00e9gions de montagne Dans le contexte du changement global,&hellip;<\/p>\n","protected":false},"author":1002702,"featured_media":0,"parent":0,"menu_order":0,"comment_status":"closed","ping_status":"closed","template":"","meta":{"_seopress_robots_primary_cat":"","_seopress_titles_title":"","_seopress_titles_desc":"","_seopress_robots_index":"","footnotes":""},"class_list":["post-227","page","type-page","status-publish","has-post-thumbnail"],"_links":{"self":[{"href":"https:\/\/wp.unil.ch\/commount\/wp-json\/wp\/v2\/pages\/227","targetHints":{"allow":["GET"]}}],"collection":[{"href":"https:\/\/wp.unil.ch\/commount\/wp-json\/wp\/v2\/pages"}],"about":[{"href":"https:\/\/wp.unil.ch\/commount\/wp-json\/wp\/v2\/types\/page"}],"author":[{"embeddable":true,"href":"https:\/\/wp.unil.ch\/commount\/wp-json\/wp\/v2\/users\/1002702"}],"replies":[{"embeddable":true,"href":"https:\/\/wp.unil.ch\/commount\/wp-json\/wp\/v2\/comments?post=227"}],"version-history":[{"count":1,"href":"https:\/\/wp.unil.ch\/commount\/wp-json\/wp\/v2\/pages\/227\/revisions"}],"predecessor-version":[{"id":229,"href":"https:\/\/wp.unil.ch\/commount\/wp-json\/wp\/v2\/pages\/227\/revisions\/229"}],"wp:attachment":[{"href":"https:\/\/wp.unil.ch\/commount\/wp-json\/wp\/v2\/media?parent=227"}],"curies":[{"name":"wp","href":"https:\/\/api.w.org\/{rel}","templated":true}]}}