{"id":66,"date":"2017-07-21T17:08:00","date_gmt":"2017-07-21T15:08:00","guid":{"rendered":"http:\/\/wp.unil.ch\/collierlab\/?page_id=66"},"modified":"2025-10-17T14:13:19","modified_gmt":"2025-10-17T12:13:19","slug":"lab-alumni","status":"publish","type":"page","link":"https:\/\/wp.unil.ch\/collierlab\/home\/lab-alumni\/","title":{"rendered":"LAB ALUMNI"},"content":{"rendered":"<ul>\n<li><strong>Former technician:<\/strong><\/li>\n<\/ul>\n<p><strong>Jacqueline Masternak<\/strong><\/p>\n<ul>\n<li><strong>Former PhD students\/Research associates:<\/strong><\/li>\n<\/ul>\n<p><strong>Florian Fournes<\/strong> (now Ma\u00eetre de conf\u00e9rence\/lecturer, Universit\u00e9 de Toulouse, France)<\/p>\n<p><strong>No\u00e9mie Matthey <\/strong>(now Scientific collaborator, Agroscope, Switzerland)<strong><br \/><\/strong><\/p>\n<p><strong>Sandra Martin <\/strong>(now Postdoc at Coll\u00e8ge de France, Paris, France)<strong><br \/><\/strong><\/p>\n<p><strong>Laurent Casini<\/strong> (now at the Haute Ecole P\u00e9dagogique HEP VAUD and teaching in Secondaire 2)<\/p>\n<p><strong>Tiancong Chai <\/strong>(now Lecturer at\u00a0 Tianjin Medical University, China)<\/p>\n<p><strong>Katharina Eich <\/strong>(now Naturopathic practitioner, Germany)<\/p>\n<p><strong>Carmen Fernandez-Fernandez <\/strong>(now Independent consultant in water management, Germany)<\/p>\n<p><strong>Antonio Frandi<\/strong> (now Ma\u00eetre de conf\u00e9rence\/lecturer, Universit\u00e9 Clermont Auvergne, France)<\/p>\n<p><strong>Diego Gonzalez <\/strong>(now SNSF Ambizione fellow at University of Neuch\u00e2tel, Switzerland)<\/p>\n<p><strong>Annabelle Mouammine<\/strong> (now Research coordinator at Institut National de Sant\u00e9 Publique, Qu\u00e9bec, Canada)<\/p>\n<p><strong>C\u00e9line Terrettaz <\/strong>(now Research technician at EPFL, Lausanne, Switzerland)<\/p>\n<ul>\n<li><strong>Former Master students:<\/strong><\/li>\n<\/ul>\n<p><strong>Anna Puzyrko<\/strong> (now Master student at UNIL, Switzerland)<\/p>\n<p><strong>Roman Ollier<\/strong> (now Master student at University of Namur, Belgium)<\/p>\n<p><strong>Giorgia Wennubst <\/strong>(now PhD student at EPFL, Switzerland)<\/p>\n<p><strong>Leana Keel<\/strong> (now Master student in the UK)<\/p>\n<p><strong>Samuel Aubert <\/strong>(now Lab scientist at Lunaphore Technologies, Switzerland)<strong><br \/><\/strong><\/p>\n<p><strong>Sandra Bosshard <\/strong>(now Graduate student, University of Lausanne, Switzerland)<\/p>\n<p><strong>Colin Courvoisier <\/strong>(now High-School teacher, Coll\u00e8ge des Mousquetaires, Switzerland)<\/p>\n<p><strong>Nicol\u00f2 De Coi <\/strong>(now Quality and Training specialist at PPD, Bulgaria)<\/p>\n<p><strong>Yassine El Chazli <\/strong>(now R&amp;D microbiologist, <span class=\"t-14 t-normal\"><span aria-hidden=\"true\">Precise Health SA<\/span><\/span>, Lausanne, Switzerland)<\/p>\n<p><strong>Clara Heiman<\/strong> (now Postdoc, University of Lausanne, Switzerland)<\/p>\n<p><strong>Aya Iizuka<\/strong> (now PhD student, University of Basel, Switzerland)<\/p>\n<p><strong>Axel Mermin<\/strong> (now Master student, University of Lausanne, Switzerland)<\/p>\n<p><strong>Guillaume Michon<\/strong> (now Research Associate at Glenmark Pharmaceuticals, Switzerland)<\/p>\n<p><strong>Josip Mikulic <\/strong>(now Postdoctoral fellow, CHUV, Switzerland)<\/p>\n<p><strong>Sandrine Pinheiro <\/strong>(now graduate student, University of Lausanne, Switzerland)<\/p>\n\n\n<p><\/p>\n\n\n\n<p><\/p>\n","protected":false},"excerpt":{"rendered":"<p>Former technician: Jacqueline Masternak Former PhD students\/Research associates: Florian Fournes (now Ma\u00eetre de conf\u00e9rence\/lecturer, Universit\u00e9 de Toulouse, France) No\u00e9mie Matthey (now Scientific collaborator, Agroscope, Switzerland) Sandra Martin (now Postdoc at Coll\u00e8ge de France, Paris, France) Laurent Casini (now at the Haute Ecole P\u00e9dagogique HEP VAUD and teaching in Secondaire 2) Tiancong Chai (now Lecturer at\u00a0 &hellip; <\/p>\n<p class=\"link-more\"><a href=\"https:\/\/wp.unil.ch\/collierlab\/home\/lab-alumni\/\" class=\"more-link\">Continue reading<span class=\"screen-reader-text\"> &#8220;LAB ALUMNI&#8221;<\/span><\/a><\/p>\n","protected":false},"author":1609,"featured_media":0,"parent":41,"menu_order":0,"comment_status":"closed","ping_status":"closed","template":"","meta":{"_seopress_robots_primary_cat":"","_seopress_titles_title":"","_seopress_titles_desc":"","_seopress_robots_index":"","footnotes":""},"class_list":["post-66","page","type-page","status-publish"],"_links":{"self":[{"href":"https:\/\/wp.unil.ch\/collierlab\/wp-json\/wp\/v2\/pages\/66","targetHints":{"allow":["GET"]}}],"collection":[{"href":"https:\/\/wp.unil.ch\/collierlab\/wp-json\/wp\/v2\/pages"}],"about":[{"href":"https:\/\/wp.unil.ch\/collierlab\/wp-json\/wp\/v2\/types\/page"}],"author":[{"embeddable":true,"href":"https:\/\/wp.unil.ch\/collierlab\/wp-json\/wp\/v2\/users\/1609"}],"replies":[{"embeddable":true,"href":"https:\/\/wp.unil.ch\/collierlab\/wp-json\/wp\/v2\/comments?post=66"}],"version-history":[{"count":5,"href":"https:\/\/wp.unil.ch\/collierlab\/wp-json\/wp\/v2\/pages\/66\/revisions"}],"predecessor-version":[{"id":452,"href":"https:\/\/wp.unil.ch\/collierlab\/wp-json\/wp\/v2\/pages\/66\/revisions\/452"}],"up":[{"embeddable":true,"href":"https:\/\/wp.unil.ch\/collierlab\/wp-json\/wp\/v2\/pages\/41"}],"wp:attachment":[{"href":"https:\/\/wp.unil.ch\/collierlab\/wp-json\/wp\/v2\/media?parent=66"}],"curies":[{"name":"wp","href":"https:\/\/api.w.org\/{rel}","templated":true}]}}