{"id":884,"date":"2024-09-18T15:47:10","date_gmt":"2024-09-18T13:47:10","guid":{"rendered":"https:\/\/wp.unil.ch\/collectif-televisuel\/?page_id=884"},"modified":"2025-02-11T17:23:23","modified_gmt":"2025-02-11T16:23:23","slug":"professions-mediatiques","status":"publish","type":"page","link":"https:\/\/wp.unil.ch\/collectif-televisuel\/recherches\/professions-mediatiques\/","title":{"rendered":"Professions m\u00e9diatiques et production t\u00e9l\u00e9visuelle en Suisse (1954\u20132000)"},"content":{"rendered":"\n<div class=\"wp-block-cover alignfull has-parallax wp-duotone-midnight\" style=\"min-height:300px;aspect-ratio:unset;\"><span aria-hidden=\"true\" class=\"wp-block-cover__background has-background-dim-0 has-background-dim\" style=\"background-color:#f1f5c7\"><\/span><div class=\"wp-block-cover__image-background wp-image-1815 has-parallax\" style=\"background-position:50% 50%;background-image:url(https:\/\/wp.unil.ch\/collectif-televisuel\/files\/2025\/01\/soutenance-Roxane.jpeg)\"><\/div><div class=\"wp-block-cover__inner-container is-layout-flow wp-block-cover-is-layout-flow\">\n<h1 class=\"wp-block-heading has-text-align-center has-larger-font-size\"><strong>Professions m\u00e9diatiques et production t\u00e9l\u00e9visuelle en Suisse (1954\u20132000) <\/strong><\/h1>\n<\/div><\/div>\n\n\n\n<p><strong>Th\u00e8se de doctorat de <a href=\"https:\/\/wp.unil.ch\/collectif-televisuel\/personnes\/roxane-gray\/\">Roxane Gray<\/a><\/strong><\/p>\n\n\n\n<p>En cotutelle entre l\u2019Universit\u00e9 de Lausanne et l\u2019Universit\u00e9 de Versailles Saint-Quentin-en-Yvelines, Roxane Gray finalise sa th\u00e8se consacr\u00e9e \u00e0 l\u2019histoire des r\u00e9alisateurs et des r\u00e9alisatrices de la T\u00e9l\u00e9vision Suisse Romande de 1954 \u00e0 1996. Roxane d\u00e9bute en 2016 ses recherches en histoire des m\u00e9dias suisses au sein du projet de recherche <a href=\"https:\/\/wp.unil.ch\/collectif-televisuel\/recherches\/au-dela-du-service-public\/\" target=\"_blank\" rel=\"noreferrer noopener\">\u00ab Au-del\u00e0 du service public: Pour une histoire \u00e9largie de la t\u00e9l\u00e9vision en Suisse, 1960 \u00e0 2000 \u00bb<\/a> dirig\u00e9 par Fran\u00e7ois Vallotton et Anne-Katrin Weber. Son travail doctoral porte sur les transformations professionnelles li\u00e9es \u00e0 la r\u00e9alisation t\u00e9l\u00e9visuelle en Suisse ainsi que sur les collaborations \u00e0 la fois transnationales et transm\u00e9diatiques nourries par le d\u00e9veloppement du petit \u00e9cran \u00e0 partir des ann\u00e9es cinquante. Roxane s\u2019int\u00e9resse \u00e9galement dans une perspective genr\u00e9e aux m\u00e9tiers invisibilis\u00e9s de la t\u00e9l\u00e9vision.&nbsp;<\/p>\n\n\n<div class=\"wp-block-image\">\n<figure class=\"alignleft is-resized\"><a href=\"https:\/\/wp.unil.ch\/collectif-televisuel\/files\/2024\/09\/studio-de-mon-repos-1.jpeg\"><img alt=\"\" loading=\"lazy\" decoding=\"async\" width=\"770\" height=\"757\" src=\"https:\/\/wp.unil.ch\/collectif-televisuel\/files\/2024\/09\/studio-de-mon-repos-1.jpeg\" alt=\"\" class=\"wp-image-933\" style=\"width:461px;height:auto\" srcset=\"https:\/\/wp.unil.ch\/collectif-televisuel\/files\/2024\/09\/studio-de-mon-repos-1.jpeg 770w, https:\/\/wp.unil.ch\/collectif-televisuel\/files\/2024\/09\/studio-de-mon-repos-1-300x295.jpeg 300w, https:\/\/wp.unil.ch\/collectif-televisuel\/files\/2024\/09\/studio-de-mon-repos-1-768x755.jpeg 768w, https:\/\/wp.unil.ch\/collectif-televisuel\/files\/2024\/09\/studio-de-mon-repos-1-12x12.jpeg 12w, https:\/\/wp.unil.ch\/collectif-televisuel\/files\/2024\/09\/studio-de-mon-repos-1-540x531.jpeg 540w\" sizes=\"auto, (max-width: 770px) 100vw, 770px\" \/><\/a><figcaption class=\"wp-element-caption\">Le petit studio de Mon Repos encombr\u00e9 par le mat\u00e9riel d&rsquo;\u00e9clairage et les cam\u00e9ras vid\u00e9o. De gauche \u00e0 droite: un cableman, Michel Zangger, Michel Stucky, techniciens, Jean-Louis Roy, M. Mercier, \u00e9lectricien, Jean-Jacques Lagrange, r\u00e9alisateur, William Baer, chef op\u00e9rateur et cam\u00e9raman.<br><a href=\"https:\/\/notrehistoire.ch\/entries\/1plY5dloW7z\" target=\"_blank\" rel=\"noreferrer noopener\">Photo Jaques Margot, coll. J.-J. Lagrange\/notreHistoire.ch<\/a><\/figcaption><\/figure>\n<\/div>","protected":false},"excerpt":{"rendered":"<p>Th\u00e8se de doctorat de Roxane Gray En cotutelle entre l\u2019Universit\u00e9 de Lausanne et l\u2019Universit\u00e9 de Versailles Saint-Quentin-en-Yvelines, Roxane Gray finalise sa th\u00e8se consacr\u00e9e \u00e0 l\u2019histoire des r\u00e9alisateurs et&hellip;<\/p>\n","protected":false},"author":1002804,"featured_media":0,"parent":170,"menu_order":0,"comment_status":"closed","ping_status":"closed","template":"template-full-width.php","meta":{"_seopress_robots_primary_cat":"","_seopress_titles_title":"","_seopress_titles_desc":"","_seopress_robots_index":"","footnotes":""},"class_list":["post-884","page","type-page","status-publish","has-post-thumbnail"],"_links":{"self":[{"href":"https:\/\/wp.unil.ch\/collectif-televisuel\/wp-json\/wp\/v2\/pages\/884","targetHints":{"allow":["GET"]}}],"collection":[{"href":"https:\/\/wp.unil.ch\/collectif-televisuel\/wp-json\/wp\/v2\/pages"}],"about":[{"href":"https:\/\/wp.unil.ch\/collectif-televisuel\/wp-json\/wp\/v2\/types\/page"}],"author":[{"embeddable":true,"href":"https:\/\/wp.unil.ch\/collectif-televisuel\/wp-json\/wp\/v2\/users\/1002804"}],"replies":[{"embeddable":true,"href":"https:\/\/wp.unil.ch\/collectif-televisuel\/wp-json\/wp\/v2\/comments?post=884"}],"version-history":[{"count":5,"href":"https:\/\/wp.unil.ch\/collectif-televisuel\/wp-json\/wp\/v2\/pages\/884\/revisions"}],"predecessor-version":[{"id":1988,"href":"https:\/\/wp.unil.ch\/collectif-televisuel\/wp-json\/wp\/v2\/pages\/884\/revisions\/1988"}],"up":[{"embeddable":true,"href":"https:\/\/wp.unil.ch\/collectif-televisuel\/wp-json\/wp\/v2\/pages\/170"}],"wp:attachment":[{"href":"https:\/\/wp.unil.ch\/collectif-televisuel\/wp-json\/wp\/v2\/media?parent=884"}],"curies":[{"name":"wp","href":"https:\/\/api.w.org\/{rel}","templated":true}]}}