{"id":880,"date":"2024-09-18T15:42:18","date_gmt":"2024-09-18T13:42:18","guid":{"rendered":"https:\/\/wp.unil.ch\/collectif-televisuel\/?page_id=880"},"modified":"2025-02-11T17:32:12","modified_gmt":"2025-02-11T16:32:12","slug":"television-et-automation","status":"publish","type":"page","link":"https:\/\/wp.unil.ch\/collectif-televisuel\/recherches\/television-et-automation\/","title":{"rendered":"T\u00e9l\u00e9vision et automation dans l\u2019apr\u00e8s-guerre (1950\u20131980)\u00a0\u00a0"},"content":{"rendered":"\n<div class=\"wp-block-cover alignfull has-parallax has-custom-content-position is-position-center-left wp-duotone-midnight\" style=\"min-height:300px;aspect-ratio:unset;\"><span aria-hidden=\"true\" class=\"wp-block-cover__background has-background-dim-0 has-background-dim\" style=\"background-color:#f1f5c7\"><\/span><div class=\"wp-block-cover__image-background wp-image-1815 has-parallax\" style=\"background-position:50% 50%;background-image:url(https:\/\/wp.unil.ch\/collectif-televisuel\/files\/2025\/01\/soutenance-Roxane.jpeg)\"><\/div><div class=\"wp-block-cover__inner-container is-layout-flow wp-block-cover-is-layout-flow\">\n<h1 class=\"wp-block-heading has-text-align-center has-larger-font-size\"><strong>T\u00e9l\u00e9vision et automation dans l\u2019apr\u00e8s-guerre (1950\u20131980) <\/strong><\/h1>\n<\/div><\/div>\n\n\n\n<p><strong>Projet de recherche postdoctorale de <a href=\"https:\/\/wp.unil.ch\/collectif-televisuel\/personnes\/marie-sandoz\/\">Marie Sandoz<\/a><\/strong><\/p>\n\n\n\n<p>En parall\u00e8le de son d\u00e9veloppement en tant que m\u00e9dia de masse domestique, la t\u00e9l\u00e9vision a \u00e9t\u00e9 utilis\u00e9e d\u00e8s ses d\u00e9buts comme un outil au service de diff\u00e9rentes fonctions : \u00e9duquer, surveiller, cibler, visualiser, automatiser, etc. Sous la forme du circuit-ferm\u00e9, \u00e0 savoir un dispositif technique souple et meilleur march\u00e9, cette \u00ab autre \u00bb t\u00e9l\u00e9vision se d\u00e9ploie dans des lieux divers, de l\u2019\u00e9cole \u00e0 l\u2019arm\u00e9e en passant par les h\u00f4pitaux, les administrations et l\u2019industrie (cf. Weber, <a href=\"https:\/\/wp.unil.ch\/collectif-televisuel\/recherches\/operative-tv\/\">Operative TV<\/a>).&nbsp;&nbsp;<\/p>\n\n\n\n<p>Cette recherche s\u2019int\u00e9resse \u00e0 l\u2019introduction de tels syst\u00e8mes au sein d\u2019entreprises publiques et priv\u00e9es avec l\u2019objectif de d\u00e9voiler le r\u00f4le que la t\u00e9l\u00e9vision a eu dans les processus historiques d\u2019automation et d\u2019informatisation des entreprises apr\u00e8s la Deuxi\u00e8me guerre mondiale. L\u2019approche par la t\u00e9l\u00e9vision souligne l\u2019importance qu\u2019a eu la visualisation dans ces ph\u00e9nom\u00e8nes ainsi que le r\u00f4le m\u00e9connu du m\u00e9dia dans la d\u00e9mocratisation des ordinateurs, d\u00e9munis d\u2019\u00e9crans jusqu\u2019\u00e0 la moiti\u00e9 des ann\u00e9es 1970. A l\u2019inverse, \u00e9tudier la t\u00e9l\u00e9vision via l\u2019histoire de l\u2019automation met en \u00e9vidence la flexibilit\u00e9 historique du m\u00e9dia et l\u2019inscrit dans l\u2019historiographie \u00e9mergente des \u00ab m\u00e9dias utilitaires \u00bb.&nbsp;&nbsp;&nbsp;<\/p>\n\n\n\n<p>En portant une attention particuli\u00e8re \u00e0 la place de l\u2019humain ainsi qu\u2019aux \u00e9checs techniques et aux r\u00e9sistances sociales, cette recherche entend contribuer \u00e0 une histoire sociale et politique de la technologie.&nbsp;<\/p>\n\n\n<div class=\"wp-block-image\">\n<figure class=\"aligncenter size-large is-resized\"><a href=\"https:\/\/wp.unil.ch\/collectif-televisuel\/files\/2024\/09\/Photo_projet-automation_Marie.png\"><img alt=\"\" loading=\"lazy\" decoding=\"async\" width=\"1024\" height=\"739\" src=\"https:\/\/wp.unil.ch\/collectif-televisuel\/files\/2024\/09\/Photo_projet-automation_Marie-1024x739.png\" alt=\"\" class=\"wp-image-953\" style=\"width:550px\" srcset=\"https:\/\/wp.unil.ch\/collectif-televisuel\/files\/2024\/09\/Photo_projet-automation_Marie-1024x739.png 1024w, https:\/\/wp.unil.ch\/collectif-televisuel\/files\/2024\/09\/Photo_projet-automation_Marie-300x216.png 300w, https:\/\/wp.unil.ch\/collectif-televisuel\/files\/2024\/09\/Photo_projet-automation_Marie-768x554.png 768w, https:\/\/wp.unil.ch\/collectif-televisuel\/files\/2024\/09\/Photo_projet-automation_Marie-1536x1108.png 1536w, https:\/\/wp.unil.ch\/collectif-televisuel\/files\/2024\/09\/Photo_projet-automation_Marie-18x12.png 18w, https:\/\/wp.unil.ch\/collectif-televisuel\/files\/2024\/09\/Photo_projet-automation_Marie-1120x808.png 1120w, https:\/\/wp.unil.ch\/collectif-televisuel\/files\/2024\/09\/Photo_projet-automation_Marie-540x390.png 540w, https:\/\/wp.unil.ch\/collectif-televisuel\/files\/2024\/09\/Photo_projet-automation_Marie-1080x779.png 1080w, https:\/\/wp.unil.ch\/collectif-televisuel\/files\/2024\/09\/Photo_projet-automation_Marie.png 1663w\" sizes=\"auto, (max-width: 1024px) 100vw, 1024px\" \/><\/a><figcaption class=\"wp-element-caption\">Installation de t\u00e9l\u00e9vision en circuit ferm\u00e9 \u00e0 la Sihlpost (ZH), 1969.&nbsp;<em>Bulletin technique des PTT,&nbsp;<\/em>vol. 47, no. 10, 1969.<\/figcaption><\/figure>\n<\/div>","protected":false},"excerpt":{"rendered":"<p>Projet de recherche postdoctorale de Marie Sandoz En parall\u00e8le de son d\u00e9veloppement en tant que m\u00e9dia de masse domestique, la t\u00e9l\u00e9vision a \u00e9t\u00e9 utilis\u00e9e d\u00e8s ses d\u00e9buts comme&hellip;<\/p>\n","protected":false},"author":1002804,"featured_media":0,"parent":170,"menu_order":0,"comment_status":"closed","ping_status":"closed","template":"template-full-width.php","meta":{"_seopress_robots_primary_cat":"","_seopress_titles_title":"","_seopress_titles_desc":"","_seopress_robots_index":"","footnotes":""},"class_list":["post-880","page","type-page","status-publish","has-post-thumbnail"],"_links":{"self":[{"href":"https:\/\/wp.unil.ch\/collectif-televisuel\/wp-json\/wp\/v2\/pages\/880","targetHints":{"allow":["GET"]}}],"collection":[{"href":"https:\/\/wp.unil.ch\/collectif-televisuel\/wp-json\/wp\/v2\/pages"}],"about":[{"href":"https:\/\/wp.unil.ch\/collectif-televisuel\/wp-json\/wp\/v2\/types\/page"}],"author":[{"embeddable":true,"href":"https:\/\/wp.unil.ch\/collectif-televisuel\/wp-json\/wp\/v2\/users\/1002804"}],"replies":[{"embeddable":true,"href":"https:\/\/wp.unil.ch\/collectif-televisuel\/wp-json\/wp\/v2\/comments?post=880"}],"version-history":[{"count":5,"href":"https:\/\/wp.unil.ch\/collectif-televisuel\/wp-json\/wp\/v2\/pages\/880\/revisions"}],"predecessor-version":[{"id":1994,"href":"https:\/\/wp.unil.ch\/collectif-televisuel\/wp-json\/wp\/v2\/pages\/880\/revisions\/1994"}],"up":[{"embeddable":true,"href":"https:\/\/wp.unil.ch\/collectif-televisuel\/wp-json\/wp\/v2\/pages\/170"}],"wp:attachment":[{"href":"https:\/\/wp.unil.ch\/collectif-televisuel\/wp-json\/wp\/v2\/media?parent=880"}],"curies":[{"name":"wp","href":"https:\/\/api.w.org\/{rel}","templated":true}]}}