{"id":741,"date":"2024-09-16T13:57:53","date_gmt":"2024-09-16T11:57:53","guid":{"rendered":"https:\/\/wp.unil.ch\/collectif-televisuel\/?page_id=741"},"modified":"2025-02-11T17:50:20","modified_gmt":"2025-02-11T16:50:20","slug":"les-femmes-a-la-television","status":"publish","type":"page","link":"https:\/\/wp.unil.ch\/collectif-televisuel\/mediation\/les-femmes-a-la-television\/","title":{"rendered":"Les femmes de t\u00e9l\u00e9vision entrent dans le dictionnaire"},"content":{"rendered":"\n<div class=\"wp-block-cover alignfull has-parallax wp-duotone-000000-rgba2060255086-1\" style=\"min-height:300px;aspect-ratio:unset;\"><span aria-hidden=\"true\" class=\"wp-block-cover__background has-background-dim-0 has-background-dim\" style=\"background-color:#f1f5c7\"><\/span><div class=\"wp-block-cover__image-background wp-image-297 has-parallax\" style=\"background-position:50% 50%;background-image:url(https:\/\/wp.unil.ch\/collectif-televisuel\/files\/2024\/09\/Photo-Dictionnaire.png)\"><\/div><div class=\"wp-block-cover__inner-container is-layout-flow wp-block-cover-is-layout-flow\">\n<div class=\"wp-block-group\" style=\"padding-top:2em;padding-right:2em;padding-bottom:2em;padding-left:2em\"><div class=\"wp-block-group__inner-container is-layout-flow wp-block-group-is-layout-flow\">\n<h4 class=\"wp-block-heading alignfull\" style=\"font-size:25px;text-transform:uppercase\">les femmes de t\u00e9l\u00e9vision entrent dans le dictionnaire<\/h4>\n<\/div><\/div>\n<\/div><\/div>\n\n\n\n<p><\/p>\n\n\n\n<p><strong>Projet de m\u00e9diation scientifique dirig\u00e9 par <a href=\"https:\/\/wp.unil.ch\/collectif-televisuel\/personnes\/roxane-gray\/\">Roxane Gray<\/a> et  <a href=\"https:\/\/wp.unil.ch\/collectif-televisuel\/personnes\/anne-katrin-weber\/\">Anne-Katrin Weber<\/a>, avec <a href=\"https:\/\/wp.unil.ch\/collectif-televisuel\/personnes\/adelina-osdautaj\/\">Adelina Osdautaj<\/a><\/strong><\/p>\n\n\n\n<p>\u00ab Les femmes de t\u00e9l\u00e9vision entrent dans le dictionnaire<strong> <\/strong>\u00bb r\u00e9pond \u00e0 une r\u00e9alit\u00e9 historique largement \u00e9tablie : la sous-repr\u00e9sentation et l\u2019invisibilisation des femmes \u00e0 la t\u00e9l\u00e9vision, que ce soit \u00e0 l&rsquo;\u00e9cran ou derri\u00e8re. Ce projet de m\u00e9diation scientifique, soutenu par l\u2019<a href=\"https:\/\/www.unil.ch\/atelier-des-histoires\/fr\/home.html\" target=\"_blank\" rel=\"noreferrer noopener\">Atelier des histoires <\/a>de l\u2019UNIL, a pour objectif de valoriser &#8211; dans le champ scientifique et dans l&rsquo;espace public &#8211; les trajectoires des professionnelles de t\u00e9l\u00e9vision en Suisse romande. Pour ce faire, le projet collabore avec la <a href=\"https:\/\/www.unil.ch\/hist\/fr\/home.html\" target=\"_blank\" rel=\"noreferrer noopener\">Section d\u2019histoire de l\u2019UNIL<\/a> et <a href=\"https:\/\/catima.unil.ch\/fs-ds\/fr\" target=\"_blank\" rel=\"noreferrer noopener\">le <em>Dictionnaire sur l\u2019histoire des femmes* en Suisse<\/em><\/a>, une plateforme digitale r\u00e9unissant des ressources documentaires sur l\u2019histoire des femmes en Suisse. Cette collaboration interdisciplinaire aboutira \u00e0 la r\u00e9daction d\u2019une dizaine de notices biographiques sur les professionnelles de la TSR dans ledit Dictionnaire.<\/p>\n\n\n\n<figure class=\"wp-block-image size-large\"><img alt=\"\" loading=\"lazy\" decoding=\"async\" width=\"1024\" height=\"760\" src=\"https:\/\/wp.unil.ch\/collectif-televisuel\/files\/2024\/09\/Photo-Dictionnaire-1024x760.png\" alt=\"\" class=\"wp-image-297\" srcset=\"https:\/\/wp.unil.ch\/collectif-televisuel\/files\/2024\/09\/Photo-Dictionnaire-1024x760.png 1024w, https:\/\/wp.unil.ch\/collectif-televisuel\/files\/2024\/09\/Photo-Dictionnaire-300x223.png 300w, https:\/\/wp.unil.ch\/collectif-televisuel\/files\/2024\/09\/Photo-Dictionnaire-768x570.png 768w, https:\/\/wp.unil.ch\/collectif-televisuel\/files\/2024\/09\/Photo-Dictionnaire-1536x1140.png 1536w, https:\/\/wp.unil.ch\/collectif-televisuel\/files\/2024\/09\/Photo-Dictionnaire-540x401.png 540w, https:\/\/wp.unil.ch\/collectif-televisuel\/files\/2024\/09\/Photo-Dictionnaire-1080x802.png 1080w, https:\/\/wp.unil.ch\/collectif-televisuel\/files\/2024\/09\/Photo-Dictionnaire.png 1600w\" sizes=\"auto, (max-width: 1024px) 100vw, 1024px\" \/><figcaption class=\"wp-element-caption\">Visionnage collectif d\u2019un sujet par une partie de l\u2019\u00e9quipe <em>Continents sans Visa.<\/em> 1er rang : F.Bardet \u2013 Eliane Heimo monteuse \u2013 A.Burger 2e rang : J.C. Diserens \u2013 J.Dumur 3e rang : M.Schindler \u2013 Y.Butler \u2013 F.Tranchant.&nbsp;<\/figcaption><\/figure>\n","protected":false},"excerpt":{"rendered":"<p>Projet de m\u00e9diation scientifique dirig\u00e9 par Roxane Gray et Anne-Katrin Weber, avec Adelina Osdautaj \u00ab Les femmes de t\u00e9l\u00e9vision entrent dans le dictionnaire \u00bb r\u00e9pond \u00e0 une r\u00e9alit\u00e9&hellip;<\/p>\n","protected":false},"author":1002804,"featured_media":0,"parent":413,"menu_order":0,"comment_status":"closed","ping_status":"closed","template":"template-full-width.php","meta":{"_seopress_robots_primary_cat":"","_seopress_titles_title":"","_seopress_titles_desc":"","_seopress_robots_index":"","footnotes":""},"class_list":["post-741","page","type-page","status-publish","has-post-thumbnail"],"_links":{"self":[{"href":"https:\/\/wp.unil.ch\/collectif-televisuel\/wp-json\/wp\/v2\/pages\/741","targetHints":{"allow":["GET"]}}],"collection":[{"href":"https:\/\/wp.unil.ch\/collectif-televisuel\/wp-json\/wp\/v2\/pages"}],"about":[{"href":"https:\/\/wp.unil.ch\/collectif-televisuel\/wp-json\/wp\/v2\/types\/page"}],"author":[{"embeddable":true,"href":"https:\/\/wp.unil.ch\/collectif-televisuel\/wp-json\/wp\/v2\/users\/1002804"}],"replies":[{"embeddable":true,"href":"https:\/\/wp.unil.ch\/collectif-televisuel\/wp-json\/wp\/v2\/comments?post=741"}],"version-history":[{"count":5,"href":"https:\/\/wp.unil.ch\/collectif-televisuel\/wp-json\/wp\/v2\/pages\/741\/revisions"}],"predecessor-version":[{"id":2010,"href":"https:\/\/wp.unil.ch\/collectif-televisuel\/wp-json\/wp\/v2\/pages\/741\/revisions\/2010"}],"up":[{"embeddable":true,"href":"https:\/\/wp.unil.ch\/collectif-televisuel\/wp-json\/wp\/v2\/pages\/413"}],"wp:attachment":[{"href":"https:\/\/wp.unil.ch\/collectif-televisuel\/wp-json\/wp\/v2\/media?parent=741"}],"curies":[{"name":"wp","href":"https:\/\/api.w.org\/{rel}","templated":true}]}}