{"id":738,"date":"2024-09-16T13:46:33","date_gmt":"2024-09-16T11:46:33","guid":{"rendered":"https:\/\/wp.unil.ch\/collectif-televisuel\/?page_id=738"},"modified":"2025-04-28T16:33:06","modified_gmt":"2025-04-28T14:33:06","slug":"suivre-le-signal","status":"publish","type":"page","link":"https:\/\/wp.unil.ch\/collectif-televisuel\/mediation\/suivre-le-signal\/","title":{"rendered":"La t\u00e9l\u00e9vision en Suisse                            75 ans sous tension"},"content":{"rendered":"\n<div class=\"wp-block-cover alignfull has-parallax wp-duotone-midnight\" style=\"min-height:300px;aspect-ratio:unset;\"><span aria-hidden=\"true\" class=\"wp-block-cover__background has-background-dim-0 has-background-dim\" style=\"background-color:#f1f5c7\"><\/span><div class=\"wp-block-cover__image-background wp-image-1815 has-parallax\" style=\"background-position:50% 50%;background-image:url(https:\/\/wp.unil.ch\/collectif-televisuel\/files\/2025\/01\/soutenance-Roxane.jpeg)\"><\/div><div class=\"wp-block-cover__inner-container is-layout-flow wp-block-cover-is-layout-flow\">\n<h1 class=\"wp-block-heading has-text-align-center has-large-font-size\" style=\"text-transform:uppercase\"><strong>La t\u00e9l\u00e9vision en suisse. 75 ans sous tension<\/strong><\/h1>\n<\/div><\/div>\n\n\n\n<p><strong>Projet de m\u00e9diation FNS Agora dirig\u00e9 par <a href=\"https:\/\/wp.unil.ch\/collectif-televisuel\/personnes\/marie-sandoz\/\">Marie Sandoz<\/a>  et <a href=\"https:\/\/wp.unil.ch\/collectif-televisuel\/personnes\/anne-katrin-weber\">Anne-Katrin Weber<\/a>; experte Agora: <a href=\"https:\/\/wp.unil.ch\/collectif-televisuel\/personnes\/roxane-gray\/\">Roxane Gray<\/a><\/strong><\/p>\n\n\n\n<p>Apr\u00e8s la c\u00e9l\u00e9bration des 70 ans de la T\u00e9l\u00e9vision suisse romande en 2024, la <a href=\"https:\/\/www.rts.ch\/\" target=\"_blank\" rel=\"noreferrer noopener\">Radio T\u00e9l\u00e9vision Suisse (RTS)<\/a> continuera d\u2019occuper l\u2019espace public romand. D\u2019abord, \u00e0 l\u2019automne 2025, la RTS inaugure de nouveaux b\u00e2timents sur le campus de l\u2019Universit\u00e9 et de l\u2019Ecole polytechnique f\u00e9d\u00e9rale de Lausanne; une convergence entre un radiodiffuseur et une communaut\u00e9 universitaire qui repr\u00e9sente une configuration unique en son genre. Ensuite, l\u2019initiative \u00ab&nbsp;200 francs, \u00e7a suffit !&nbsp;\u00bb, qui pr\u00e9voit de diminuer drastiquement la redevance radio-t\u00e9l\u00e9vision, alimente des d\u00e9bats houleux sur le financement de la Soci\u00e9t\u00e9 suisse de radiodiffusion (SSR) et, plus g\u00e9n\u00e9ralement, sur l\u2019avenir du paysage m\u00e9diatique helv\u00e9tique.&nbsp;<\/p>\n\n\n\n<p>Aujourd\u2019hui, la t\u00e9l\u00e9vision suisse de service public est donc sous haute tension. Les initiatives populaires ciblant la redevance, les coupes budg\u00e9taires et les transformations profondes des modes d\u2019acc\u00e8s \u00e0 l\u2019information remettent son existence en question. Accus\u00e9e d\u2019\u00eatre d\u00e9su\u00e8te, la t\u00e9l\u00e9vision est renvoy\u00e9e \u00e0 un \u00e2ge d\u2019or r\u00e9volu, cette seconde moiti\u00e9 du 20<sup>e<\/sup> si\u00e8cle qui l\u2019a vue r\u00e9gner en ma\u00eetresse.&nbsp;<\/p>\n\n\n\n<p>L\u2019exposition <strong>La t\u00e9l\u00e9vision en Suisse. 75 ans sous tension<\/strong><em> <\/em>d\u00e9tricote cette vision binaire en d\u00e9voilant les nombreux conflits qui ont jalonn\u00e9 son histoire. Des d\u00e9bats au sujet de son introduction en Suisse dans les ann\u00e9es 1950 \u00e0 l\u2019autorisation de cha\u00eenes priv\u00e9es au tournant de la d\u00e9cennie 1980\u202f; des luttes syndicales aux \u00e9missions qui ont fait scandale\u202f; de son mod\u00e8le de financement \u00e0 son rapport au public, la t\u00e9l\u00e9vision est historiquement \u00ab\u202fsous tension\u202f\u00bb. En tant qu\u2019espace conflictuel, elle r\u00e9v\u00e8le les rapports de pouvoir et les \u00e9volutions sociales, politiques et \u00e9conomiques qui traversent la Suisse depuis pr\u00e8s d\u2019un si\u00e8cle.&nbsp;<\/p>\n\n\n\n<p>En repla\u00e7ant les enjeux contemporains dans la longue dur\u00e9e, l\u2019exposition invite \u00e0 r\u00e9fl\u00e9chir sur les transformations du paysage m\u00e9diatique helv\u00e9tique et sur la notion de service public.&nbsp;&nbsp;&nbsp;<\/p>\n\n\n\n<p>Ce projet est financ\u00e9 par le Fonds national suisse de la recherche scientifique (FNS) via son programme de m\u00e9diation <em>Agora.&nbsp;<\/em>&nbsp;<\/p>\n\n\n\n<figure class=\"wp-block-image size-large\"><img alt=\"\" loading=\"lazy\" decoding=\"async\" width=\"1024\" height=\"678\" src=\"https:\/\/wp.unil.ch\/collectif-televisuel\/files\/2024\/09\/Photo-Agora-1024x678.png\" alt=\"\" class=\"wp-image-299\" srcset=\"https:\/\/wp.unil.ch\/collectif-televisuel\/files\/2024\/09\/Photo-Agora-1024x678.png 1024w, https:\/\/wp.unil.ch\/collectif-televisuel\/files\/2024\/09\/Photo-Agora-300x199.png 300w, https:\/\/wp.unil.ch\/collectif-televisuel\/files\/2024\/09\/Photo-Agora-768x509.png 768w, https:\/\/wp.unil.ch\/collectif-televisuel\/files\/2024\/09\/Photo-Agora-1536x1018.png 1536w, https:\/\/wp.unil.ch\/collectif-televisuel\/files\/2024\/09\/Photo-Agora-540x358.png 540w, https:\/\/wp.unil.ch\/collectif-televisuel\/files\/2024\/09\/Photo-Agora-1080x716.png 1080w, https:\/\/wp.unil.ch\/collectif-televisuel\/files\/2024\/09\/Photo-Agora.png 1600w\" sizes=\"auto, (max-width: 1024px) 100vw, 1024px\" \/><figcaption class=\"wp-element-caption\">Tout le mat\u00e9riel image film, \u00e9clairage et prise de son que doit emporter une \u00e9quipe en tournage \u2013 Claude Paccaud, cameraman \u2013 Claude Pellaud, preneur de son \u2013 Ile de Sein <em>TP<\/em> 1975.&nbsp;&nbsp;&nbsp;<\/figcaption><\/figure>\n\n\n<div class=\"wp-block-image\">\n<figure class=\"alignright size-full is-resized\"><img alt=\"\" loading=\"lazy\" decoding=\"async\" width=\"573\" height=\"130\" src=\"https:\/\/wp.unil.ch\/collectif-televisuel\/files\/2024\/09\/SNSF-logo.jpg\" alt=\"\" class=\"wp-image-986\" style=\"width:344px;height:auto\" srcset=\"https:\/\/wp.unil.ch\/collectif-televisuel\/files\/2024\/09\/SNSF-logo.jpg 573w, https:\/\/wp.unil.ch\/collectif-televisuel\/files\/2024\/09\/SNSF-logo-300x68.jpg 300w, https:\/\/wp.unil.ch\/collectif-televisuel\/files\/2024\/09\/SNSF-logo-18x4.jpg 18w, https:\/\/wp.unil.ch\/collectif-televisuel\/files\/2024\/09\/SNSF-logo-540x123.jpg 540w\" sizes=\"auto, (max-width: 573px) 100vw, 573px\" \/><\/figure>\n<\/div>\n\n\n<p><\/p>\n","protected":false},"excerpt":{"rendered":"<p>Projet de m\u00e9diation FNS Agora dirig\u00e9 par Marie Sandoz et Anne-Katrin Weber; experte Agora: Roxane Gray Apr\u00e8s la c\u00e9l\u00e9bration des 70 ans de la T\u00e9l\u00e9vision suisse romande en&hellip;<\/p>\n","protected":false},"author":1002804,"featured_media":0,"parent":413,"menu_order":0,"comment_status":"closed","ping_status":"closed","template":"template-full-width.php","meta":{"_seopress_robots_primary_cat":"","_seopress_titles_title":"","_seopress_titles_desc":"","_seopress_robots_index":"","footnotes":""},"class_list":["post-738","page","type-page","status-publish","has-post-thumbnail"],"_links":{"self":[{"href":"https:\/\/wp.unil.ch\/collectif-televisuel\/wp-json\/wp\/v2\/pages\/738","targetHints":{"allow":["GET"]}}],"collection":[{"href":"https:\/\/wp.unil.ch\/collectif-televisuel\/wp-json\/wp\/v2\/pages"}],"about":[{"href":"https:\/\/wp.unil.ch\/collectif-televisuel\/wp-json\/wp\/v2\/types\/page"}],"author":[{"embeddable":true,"href":"https:\/\/wp.unil.ch\/collectif-televisuel\/wp-json\/wp\/v2\/users\/1002804"}],"replies":[{"embeddable":true,"href":"https:\/\/wp.unil.ch\/collectif-televisuel\/wp-json\/wp\/v2\/comments?post=738"}],"version-history":[{"count":5,"href":"https:\/\/wp.unil.ch\/collectif-televisuel\/wp-json\/wp\/v2\/pages\/738\/revisions"}],"predecessor-version":[{"id":2210,"href":"https:\/\/wp.unil.ch\/collectif-televisuel\/wp-json\/wp\/v2\/pages\/738\/revisions\/2210"}],"up":[{"embeddable":true,"href":"https:\/\/wp.unil.ch\/collectif-televisuel\/wp-json\/wp\/v2\/pages\/413"}],"wp:attachment":[{"href":"https:\/\/wp.unil.ch\/collectif-televisuel\/wp-json\/wp\/v2\/media?parent=738"}],"curies":[{"name":"wp","href":"https:\/\/api.w.org\/{rel}","templated":true}]}}