{"id":702,"date":"2024-09-16T11:45:26","date_gmt":"2024-09-16T09:45:26","guid":{"rendered":"https:\/\/wp.unil.ch\/collectif-televisuel\/?page_id=702"},"modified":"2025-02-11T18:11:01","modified_gmt":"2025-02-11T17:11:01","slug":"roxane-gray","status":"publish","type":"page","link":"https:\/\/wp.unil.ch\/collectif-televisuel\/personnes\/roxane-gray\/","title":{"rendered":"Roxane Gray"},"content":{"rendered":"\n<h2 class=\"wp-block-heading\"><strong><strong>Roxane Gray<\/strong><\/strong><\/h2>\n\n\n\n<p><strong>Roxane Gray <\/strong>est chercheuse FNS junior au sein du collectif de recherche sur le t\u00e9l\u00e9visuel et m\u00e8ne un projet d\u2019histoire orale avec d\u2019anciennes collaboratrices de la T\u00e9l\u00e9vision Suisse Romande.&nbsp;&nbsp;<\/p>\n\n\n\n<p>Roxane explore \u00e9galement d\u2019autres formes de m\u00e9diation du savoir. Elle dirige en 2019 l\u2019\u00e9quipe historienne du webdocumentaire r\u00e9alis\u00e9 par la RTS pour les <em><a href=\"https:\/\/cdn.rts.ch\/temps-present\/50-ans\/index.html#_\" target=\"_blank\" rel=\"noreferrer noopener\">50 ans de Temps Pr\u00e9sent <\/a><\/em>et co-r\u00e9alise avec <a href=\"https:\/\/wp.unil.ch\/collectif-televisuel\/personnes\/marie-sandoz\/\">Marie Sandoz<\/a> en 2023 un <em><a href=\"https:\/\/www.rts.ch\/archives\/13897697.html\" target=\"_blank\" rel=\"noreferrer noopener\">Grand Format Archives RTS<\/a><\/em> en collaboration avec M\u00e9dias-Pro \u00e0 l&rsquo;occasion du centenaire des cultes radiophoniques en Suisse romande.&nbsp;&nbsp;<\/p>\n\n\n\n<p>Dans la perspective de l\u2019arriv\u00e9e de la RTS sur le campus universitaire lausannois en 2025, elle travaille actuellement \u00e0 l\u2019\u00e9laboration d\u2019une exposition sur l\u2019histoire de la t\u00e9l\u00e9vision en Suisse dans le cadre du projet de m\u00e9diation \u00ab&nbsp;<a href=\"https:\/\/wp.unil.ch\/collectif-televisuel\/mediation\/suivre-le-signal\/\">Suivre le signal&nbsp;<\/a>\u00bb financ\u00e9 par le Fonds National Suisse.&nbsp;&nbsp;<\/p>\n\n\n\n<p><a href=\"https:\/\/applicationspub.unil.ch\/interpub\/noauth\/php\/Un\/UnPers.php?PerNum=1189159&amp;LanCode=37&amp;menu=coord\" target=\"_blank\" rel=\"noreferrer noopener\">Page institutionelle&nbsp;<\/a><\/p>\n\n\n\n<p><a href=\"https:\/\/orcid.org\/0009-0000-8365-4365\" target=\"_blank\" rel=\"noreferrer noopener\">ORCID<\/a>&nbsp;<\/p>\n\n\n\n<div class=\"wp-block-cover wp-duotone-1a1b1f-ff4747-1\" style=\"min-height:232px;aspect-ratio:unset;\"><span aria-hidden=\"true\" class=\"wp-block-cover__background has-background-dim\" style=\"background-color:#686868\"><\/span><img alt=\"\" loading=\"lazy\" decoding=\"async\" width=\"770\" height=\"757\" class=\"wp-block-cover__image-background wp-image-931\" alt=\"\" src=\"https:\/\/wp.unil.ch\/collectif-televisuel\/files\/2024\/09\/studio-de-mon-repos.jpeg\" style=\"object-position:34% 46%\" data-object-fit=\"cover\" data-object-position=\"34% 46%\" srcset=\"https:\/\/wp.unil.ch\/collectif-televisuel\/files\/2024\/09\/studio-de-mon-repos.jpeg 770w, https:\/\/wp.unil.ch\/collectif-televisuel\/files\/2024\/09\/studio-de-mon-repos-300x295.jpeg 300w, https:\/\/wp.unil.ch\/collectif-televisuel\/files\/2024\/09\/studio-de-mon-repos-768x755.jpeg 768w, https:\/\/wp.unil.ch\/collectif-televisuel\/files\/2024\/09\/studio-de-mon-repos-12x12.jpeg 12w, https:\/\/wp.unil.ch\/collectif-televisuel\/files\/2024\/09\/studio-de-mon-repos-540x531.jpeg 540w\" sizes=\"auto, (max-width: 770px) 100vw, 770px\" \/><div class=\"wp-block-cover__inner-container is-layout-flow wp-block-cover-is-layout-flow\">\n<p class=\"has-text-align-center has-buttons-text-color has-text-color has-link-color has-large-font-size wp-elements-aca5258579116ce7ac5eda1bdbe6186f\" style=\"text-transform:uppercase\"><a href=\"https:\/\/wp.unil.ch\/collectif-televisuel\/recherches\/professions-mediatiques\/\" data-type=\"page\" data-id=\"672\"><strong>M\u00e9tiers de t\u00e9l\u00e9vision<\/strong><\/a><\/p>\n\n\n\n<p class=\"has-text-align-center has-large-font-size\">Th\u00e8se de doctorat<\/p>\n\n\n\n<p class=\"has-text-align-center has-large-font-size\">Roxane Gray<\/p>\n\n\n\n<p class=\"has-text-align-center has-large-font-size\">2016<strong>\u2013<\/strong>2025<\/p>\n<\/div><\/div>\n\n\n\n<div class=\"wp-block-cover is-light wp-duotone-midnight\" style=\"min-height:235px;aspect-ratio:unset;\"><span aria-hidden=\"true\" class=\"wp-block-cover__background has-background-dim\" style=\"background-color:#8b9281\"><\/span><img alt=\"\" loading=\"lazy\" decoding=\"async\" width=\"1600\" height=\"1060\" class=\"wp-block-cover__image-background wp-image-299\" alt=\"\" src=\"https:\/\/wp.unil.ch\/collectif-televisuel\/files\/2024\/09\/Photo-Agora.png\" data-object-fit=\"cover\" srcset=\"https:\/\/wp.unil.ch\/collectif-televisuel\/files\/2024\/09\/Photo-Agora.png 1600w, https:\/\/wp.unil.ch\/collectif-televisuel\/files\/2024\/09\/Photo-Agora-300x199.png 300w, https:\/\/wp.unil.ch\/collectif-televisuel\/files\/2024\/09\/Photo-Agora-1024x678.png 1024w, https:\/\/wp.unil.ch\/collectif-televisuel\/files\/2024\/09\/Photo-Agora-768x509.png 768w, https:\/\/wp.unil.ch\/collectif-televisuel\/files\/2024\/09\/Photo-Agora-1536x1018.png 1536w, https:\/\/wp.unil.ch\/collectif-televisuel\/files\/2024\/09\/Photo-Agora-540x358.png 540w, https:\/\/wp.unil.ch\/collectif-televisuel\/files\/2024\/09\/Photo-Agora-1080x716.png 1080w\" sizes=\"auto, (max-width: 1600px) 100vw, 1600px\" \/><div class=\"wp-block-cover__inner-container is-layout-constrained wp-block-cover-is-layout-constrained\">\n<p class=\"has-text-align-center has-buttons-text-color has-text-color has-link-color has-large-font-size wp-elements-f093b74de0cca3e8737e2765ac306e6c\" style=\"text-transform:uppercase\"><a href=\"https:\/\/wp.unil.ch\/collectif-televisuel\/mediation\/suivre-le-signal\/\"><strong>Suivre le signal<\/strong><\/a><\/p>\n\n\n\n<p class=\"has-text-align-center has-buttons-text-color has-text-color has-link-color has-large-font-size wp-elements-7e870f12be97885e644d56431f7af80d\">Projet de m\u00e9diation FNS Agora<\/p>\n\n\n\n<p class=\"has-text-align-center has-buttons-text-color has-text-color has-link-color has-large-font-size wp-elements-4c5fa8b81174f05594e342dfebf5d05b\">Marie Sandoz, Anne-Katrin Weber, Roxane Gray<\/p>\n\n\n\n<p class=\"has-text-align-center has-buttons-text-color has-text-color has-link-color has-large-font-size wp-elements-f4f2663c8fc9a991b72414a56dea0774\">2024\u20132025<\/p>\n<\/div><\/div>\n\n\n\n<div class=\"wp-block-cover wp-duotone-midnight\" style=\"min-height:235px;aspect-ratio:unset;\"><span aria-hidden=\"true\" class=\"wp-block-cover__background has-background-dim\"><\/span><img alt=\"\" loading=\"lazy\" decoding=\"async\" width=\"1024\" height=\"760\" class=\"wp-block-cover__image-background wp-image-297\" alt=\"\" src=\"https:\/\/wp.unil.ch\/collectif-televisuel\/files\/2024\/09\/Photo-Dictionnaire-1024x760.png\" style=\"object-position:33% 67%\" data-object-fit=\"cover\" data-object-position=\"33% 67%\" srcset=\"https:\/\/wp.unil.ch\/collectif-televisuel\/files\/2024\/09\/Photo-Dictionnaire-1024x760.png 1024w, https:\/\/wp.unil.ch\/collectif-televisuel\/files\/2024\/09\/Photo-Dictionnaire-300x223.png 300w, https:\/\/wp.unil.ch\/collectif-televisuel\/files\/2024\/09\/Photo-Dictionnaire-768x570.png 768w, https:\/\/wp.unil.ch\/collectif-televisuel\/files\/2024\/09\/Photo-Dictionnaire-1536x1140.png 1536w, https:\/\/wp.unil.ch\/collectif-televisuel\/files\/2024\/09\/Photo-Dictionnaire-540x401.png 540w, https:\/\/wp.unil.ch\/collectif-televisuel\/files\/2024\/09\/Photo-Dictionnaire-1080x802.png 1080w, https:\/\/wp.unil.ch\/collectif-televisuel\/files\/2024\/09\/Photo-Dictionnaire.png 1600w\" sizes=\"auto, (max-width: 1024px) 100vw, 1024px\" \/><div class=\"wp-block-cover__inner-container is-layout-flow wp-block-cover-is-layout-flow\">\n<p class=\"has-text-align-center has-buttons-text-color has-text-color has-link-color has-large-font-size wp-elements-9466e7227fcb5b556bf02c11e862ced8\" style=\"text-transform:uppercase\"><a href=\"https:\/\/wp.unil.ch\/collectif-televisuel\/mediation\/les-femmes-a-la-television\/\"><strong>Les femmes \u00e0 la t\u00e9l\u00e9vision <\/strong><\/a><\/p>\n\n\n\n<p class=\"has-text-align-center has-large-font-size\">Projet de m\u00e9diation scientifique<\/p>\n\n\n\n<p class=\"has-text-align-center has-large-font-size\">dirig\u00e9 par Roxane Gray et Anne-Katrin Weber, avec Adelina Osdautaj<\/p>\n\n\n\n<p class=\"has-text-align-center has-large-font-size\">2024\u20132025<\/p>\n<\/div><\/div>\n\n\n\n<div class=\"wp-block-cover wp-duotone-1a1b1f-ff4747-2\" style=\"min-height:231px;aspect-ratio:unset;\"><span aria-hidden=\"true\" class=\"wp-block-cover__background has-background-dim-60 has-background-dim\" style=\"background-color:#737f87\"><\/span><img alt=\"\" loading=\"lazy\" decoding=\"async\" width=\"1522\" height=\"585\" class=\"wp-block-cover__image-background wp-image-974\" alt=\"\" src=\"https:\/\/wp.unil.ch\/collectif-televisuel\/files\/2024\/09\/Schweizer-Fernsehen.png\" style=\"object-position:40% 61%\" data-object-fit=\"cover\" data-object-position=\"40% 61%\" srcset=\"https:\/\/wp.unil.ch\/collectif-televisuel\/files\/2024\/09\/Schweizer-Fernsehen.png 1522w, https:\/\/wp.unil.ch\/collectif-televisuel\/files\/2024\/09\/Schweizer-Fernsehen-300x115.png 300w, https:\/\/wp.unil.ch\/collectif-televisuel\/files\/2024\/09\/Schweizer-Fernsehen-1024x394.png 1024w, https:\/\/wp.unil.ch\/collectif-televisuel\/files\/2024\/09\/Schweizer-Fernsehen-768x295.png 768w, https:\/\/wp.unil.ch\/collectif-televisuel\/files\/2024\/09\/Schweizer-Fernsehen-18x7.png 18w, https:\/\/wp.unil.ch\/collectif-televisuel\/files\/2024\/09\/Schweizer-Fernsehen-1120x430.png 1120w, https:\/\/wp.unil.ch\/collectif-televisuel\/files\/2024\/09\/Schweizer-Fernsehen-540x208.png 540w, https:\/\/wp.unil.ch\/collectif-televisuel\/files\/2024\/09\/Schweizer-Fernsehen-1080x415.png 1080w\" sizes=\"auto, (max-width: 1522px) 100vw, 1522px\" \/><div class=\"wp-block-cover__inner-container is-layout-flow wp-block-cover-is-layout-flow\">\n<p class=\"has-text-align-center has-buttons-text-color has-text-color has-link-color has-large-font-size wp-elements-bf6eff009b3ea7e5bb70c92d1888bc0a\" style=\"text-transform:uppercase\"><strong><a href=\"https:\/\/wp.unil.ch\/collectif-televisuel\/recherches\/au-dela-du-service-public\/\" data-type=\"page\" data-id=\"662\">Pour une histoire \u00e9largie de la t\u00e9l\u00e9vision en Suisse<\/a><\/strong><\/p>\n\n\n\n<p class=\"has-text-align-center has-large-font-size\">Projet de recherche FNS<\/p>\n\n\n\n<p class=\"has-text-align-center has-large-font-size\">dirig\u00e9 par Fran\u00e7ois Vallotton et Anne-Katrin Weber, avec Marie Sandoz, Roxane Gray<\/p>\n\n\n\n<p class=\"has-text-align-center has-large-font-size\">2016<strong>\u2013<\/strong>2022<\/p>\n<\/div><\/div>\n","protected":false},"excerpt":{"rendered":"<p>Roxane Gray Roxane Gray est chercheuse FNS junior au sein du collectif de recherche sur le t\u00e9l\u00e9visuel et m\u00e8ne un projet d\u2019histoire orale avec d\u2019anciennes collaboratrices de la&hellip;<\/p>\n","protected":false},"author":1002804,"featured_media":0,"parent":219,"menu_order":0,"comment_status":"closed","ping_status":"closed","template":"template-full-width.php","meta":{"_seopress_robots_primary_cat":"","_seopress_titles_title":"","_seopress_titles_desc":"","_seopress_robots_index":"","footnotes":""},"class_list":["post-702","page","type-page","status-publish","has-post-thumbnail"],"_links":{"self":[{"href":"https:\/\/wp.unil.ch\/collectif-televisuel\/wp-json\/wp\/v2\/pages\/702","targetHints":{"allow":["GET"]}}],"collection":[{"href":"https:\/\/wp.unil.ch\/collectif-televisuel\/wp-json\/wp\/v2\/pages"}],"about":[{"href":"https:\/\/wp.unil.ch\/collectif-televisuel\/wp-json\/wp\/v2\/types\/page"}],"author":[{"embeddable":true,"href":"https:\/\/wp.unil.ch\/collectif-televisuel\/wp-json\/wp\/v2\/users\/1002804"}],"replies":[{"embeddable":true,"href":"https:\/\/wp.unil.ch\/collectif-televisuel\/wp-json\/wp\/v2\/comments?post=702"}],"version-history":[{"count":5,"href":"https:\/\/wp.unil.ch\/collectif-televisuel\/wp-json\/wp\/v2\/pages\/702\/revisions"}],"predecessor-version":[{"id":2020,"href":"https:\/\/wp.unil.ch\/collectif-televisuel\/wp-json\/wp\/v2\/pages\/702\/revisions\/2020"}],"up":[{"embeddable":true,"href":"https:\/\/wp.unil.ch\/collectif-televisuel\/wp-json\/wp\/v2\/pages\/219"}],"wp:attachment":[{"href":"https:\/\/wp.unil.ch\/collectif-televisuel\/wp-json\/wp\/v2\/media?parent=702"}],"curies":[{"name":"wp","href":"https:\/\/api.w.org\/{rel}","templated":true}]}}