{"id":672,"date":"2024-09-12T19:22:35","date_gmt":"2024-09-12T17:22:35","guid":{"rendered":"https:\/\/wp.unil.ch\/collectif-televisuel\/?page_id=672"},"modified":"2025-02-11T18:20:20","modified_gmt":"2025-02-11T17:20:20","slug":"television-before-tv-new-media-and-exhibition-culture-in-europe-and-the-usa-1928-1939","status":"publish","type":"page","link":"https:\/\/wp.unil.ch\/collectif-televisuel\/recherches\/television-before-tv-new-media-and-exhibition-culture-in-europe-and-the-usa-1928-1939\/","title":{"rendered":"Television before TV: New Media and Exhibition Culture in Europe and the USA, 1928\u20131939"},"content":{"rendered":"\n<div class=\"wp-block-cover alignfull is-light has-parallax has-custom-content-position is-position-center-left has-large-font-size wp-duotone-rgb222222-ff4747-1\" style=\"text-transform:uppercase;min-height:300px;aspect-ratio:unset;\"><span aria-hidden=\"true\" class=\"wp-block-cover__background has-background-dim-0 has-background-dim\" style=\"background-color:#f1f5c7\"><\/span><div class=\"wp-block-cover__image-background wp-image-666 has-parallax\" style=\"background-position:50% 50%;background-image:url(https:\/\/wp.unil.ch\/collectif-televisuel\/files\/2024\/09\/9789463727815_prom-scaled.webp)\"><\/div><div class=\"wp-block-cover__inner-container is-layout-flow wp-block-cover-is-layout-flow\">\n<h1 class=\"wp-block-heading has-text-align-center has-buttons-text-color has-text-color has-link-color has-larger-font-size wp-elements-85838f73e432bedbe2673a5c54bab79b\"><strong>Television before TV: New Media and Exhibition Culture in Europe and the USA, 1928\u20131939<\/strong><\/h1>\n<\/div><\/div>\n\n\n\n<p><strong>Monographie publi\u00e9e par <a href=\"https:\/\/wp.unil.ch\/collectif-televisuel\/personnes\/anne-katrin-weber\/\">Anne-Katrin Weber<\/a><\/strong><\/p>\n\n\n\n<p><em>Television before TV<\/em> r\u00e9crit l\u2019histoire de la t\u00e9l\u00e9vision de l\u2019entre-deux-guerres en explorant les nombreuses d\u00e9monstrations du m\u00e9dia organis\u00e9es lors de foires nationales et d\u2019expositions internationales \u00e0 la fin des ann\u00e9es 1920 et dans les ann\u00e9es 1930. S\u2019appuyant sur des recherches dans des archives en Allemagne, aux \u00c9tats-Unis et en Grande-Bretagne, j\u2019analyse dans ma premi\u00e8re monographie les sites o\u00f9 le nouveau m\u00e9dia rencontre ses premiers publics. Les expositions constituent des \u00e9v\u00e9nements cruciaux pour comprendre non seulement l\u2019\u00e9mergence de la t\u00e9l\u00e9vision avant la guerre, mais aussi sa domestication dans les ann\u00e9es d\u2019apr\u00e8s-guerre. Con\u00e7u comme une \u00e9tude transnationale, le livre met en lumi\u00e8re les multiples circulations d\u2019objets et d\u2019id\u00e9es \u00e0 travers les fronti\u00e8res des r\u00e9gimes d\u00e9mocratiques et totalitaires. Richement illustr\u00e9 de 100 photographies, j&rsquo;y souligne enfin que, m\u00eame sans programmes r\u00e9guliers, la t\u00e9l\u00e9vision de l\u2019entre-deux-guerres est largement diffus\u00e9e.&nbsp;<\/p>\n\n\n\n<p><strong>R\u00e9censions<\/strong> &nbsp;&nbsp;<\/p>\n\n\n\n<p>Medhurst, Jamie, \u201cBook Review: Television before TV: New media and exhibition culture in Europe and the USA, 1928\u20131939\u201d <em><a href=\"https:\/\/journals.sagepub.com\/doi\/full\/10.1177\/17496020231198598\" target=\"_blank\" rel=\"noreferrer noopener\">Critical Studies in Television: The International Journal of Television Studies <\/a><\/em>18 (4), 2023, p.491\u2013493.<\/p>\n\n\n\n<p>Geddes, Kevin, \u201cBook Review: Anne-Katrin Weber, Television Before TV: New Media and Exhibition Culture in Europe and the USA, 1928\u20131939 (Amsterdam: Amsterdam University Press, 2022)\u201d, <em><a href=\"https:\/\/www.openscreensjournal.com\/article\/id\/10186\/\" target=\"_blank\" rel=\"noreferrer noopener\">Open Screens<\/a><\/em> 6 (1), 2023, p. 390.<\/p>\n\n\n\n<p>Pernuit, Pierre-Jacques, \u00ab Recension de: Weber Anne-Katrin: Television before TV. New Media and Exhibition Culture in Europe and the USA, 1928\u20131939, Amsterdam 2022 \u00bb, <em><a href=\"https:\/\/www.infoclio.ch\/de\/recension-anne-katrin-weber-television-tv-new-media-and-exhibition-culture-europe-and-usa-1928-1939\" target=\"_blank\" rel=\"noreferrer noopener\">infoclio.ch<\/a><\/em>, 27.04.2023<\/p>\n\n\n\n<p>Galili, Doron, \u00ab Anne-Katrin Weber, <em>Television before TV&nbsp;: New Media and Exhibition Culture in Europe and the USA, 1928<\/em>\u2013<em>1939<\/em>, Amsterdam, Amsterdam University Press, 2022, 390 pages \u00bb, <em><a href=\"https:\/\/shs.cairn.info\/revue-le-temps-des-medias-2023-2-page-282?lang=fr#s2n5\" target=\"_blank\" rel=\"noreferrer noopener\">Le Temps des M\u00e9dias<\/a><\/em> 41 (2), 2023.<\/p>\n\n\n\n<p>Keilbach, Judith, \u201cAnne-Katrin Weber: Television before TV: New Media and Exhibition Culture in Europe and the USA, 1928\u20131939\u201d <em><a href=\"https:\/\/mediarep.org\/server\/api\/core\/bitstreams\/0f079b04-8d26-4c20-ab5f-5ce42f21cd88\/content\" target=\"_blank\" rel=\"noreferrer noopener\">MEDIENwissenschaft: Rezensionen | Reviews<\/a><\/em> 41 (3), 2024, p. 458\u2013460.<\/p>\n\n\n\n<figure class=\"wp-block-image size-large is-resized\"><a href=\"https:\/\/www.aup.nl\/en\/book\/9789463727815\/television-before-tv\" target=\"_blank\" rel=\"noreferrer noopener\"><img alt=\"\" loading=\"lazy\" decoding=\"async\" width=\"687\" height=\"1024\" src=\"https:\/\/wp.unil.ch\/collectif-televisuel\/files\/2024\/09\/9789463727815_prom-687x1024.webp\" alt=\"\" class=\"wp-image-666\" style=\"width:338px;height:auto\" srcset=\"https:\/\/wp.unil.ch\/collectif-televisuel\/files\/2024\/09\/9789463727815_prom-687x1024.webp 687w, https:\/\/wp.unil.ch\/collectif-televisuel\/files\/2024\/09\/9789463727815_prom-201x300.webp 201w, https:\/\/wp.unil.ch\/collectif-televisuel\/files\/2024\/09\/9789463727815_prom-768x1145.webp 768w, https:\/\/wp.unil.ch\/collectif-televisuel\/files\/2024\/09\/9789463727815_prom-1031x1536.webp 1031w, https:\/\/wp.unil.ch\/collectif-televisuel\/files\/2024\/09\/9789463727815_prom-1374x2048.webp 1374w, https:\/\/wp.unil.ch\/collectif-televisuel\/files\/2024\/09\/9789463727815_prom-540x805.webp 540w, https:\/\/wp.unil.ch\/collectif-televisuel\/files\/2024\/09\/9789463727815_prom-1080x1610.webp 1080w, https:\/\/wp.unil.ch\/collectif-televisuel\/files\/2024\/09\/9789463727815_prom-scaled.webp 1718w\" sizes=\"auto, (max-width: 687px) 100vw, 687px\" \/><\/a><figcaption class=\"wp-element-caption\">Weber, Anne-Katrin, <em>Television before TV&nbsp;: New Media and Exhibition Culture in Europe and the USA, 1928<\/em>\u2013<em>1939<\/em>, Amsterdam, Amsterdam University Press, 2022, 390 pages.<\/figcaption><\/figure>\n","protected":false},"excerpt":{"rendered":"<p>Monographie publi\u00e9e par Anne-Katrin Weber Television before TV r\u00e9crit l\u2019histoire de la t\u00e9l\u00e9vision de l\u2019entre-deux-guerres en explorant les nombreuses d\u00e9monstrations du m\u00e9dia organis\u00e9es lors de foires nationales et&hellip;<\/p>\n","protected":false},"author":1001449,"featured_media":0,"parent":170,"menu_order":0,"comment_status":"closed","ping_status":"closed","template":"template-full-width.php","meta":{"_seopress_robots_primary_cat":"","_seopress_titles_title":"","_seopress_titles_desc":"","_seopress_robots_index":"","footnotes":""},"class_list":["post-672","page","type-page","status-publish","has-post-thumbnail"],"_links":{"self":[{"href":"https:\/\/wp.unil.ch\/collectif-televisuel\/wp-json\/wp\/v2\/pages\/672","targetHints":{"allow":["GET"]}}],"collection":[{"href":"https:\/\/wp.unil.ch\/collectif-televisuel\/wp-json\/wp\/v2\/pages"}],"about":[{"href":"https:\/\/wp.unil.ch\/collectif-televisuel\/wp-json\/wp\/v2\/types\/page"}],"author":[{"embeddable":true,"href":"https:\/\/wp.unil.ch\/collectif-televisuel\/wp-json\/wp\/v2\/users\/1001449"}],"replies":[{"embeddable":true,"href":"https:\/\/wp.unil.ch\/collectif-televisuel\/wp-json\/wp\/v2\/comments?post=672"}],"version-history":[{"count":4,"href":"https:\/\/wp.unil.ch\/collectif-televisuel\/wp-json\/wp\/v2\/pages\/672\/revisions"}],"predecessor-version":[{"id":2029,"href":"https:\/\/wp.unil.ch\/collectif-televisuel\/wp-json\/wp\/v2\/pages\/672\/revisions\/2029"}],"up":[{"embeddable":true,"href":"https:\/\/wp.unil.ch\/collectif-televisuel\/wp-json\/wp\/v2\/pages\/170"}],"wp:attachment":[{"href":"https:\/\/wp.unil.ch\/collectif-televisuel\/wp-json\/wp\/v2\/media?parent=672"}],"curies":[{"name":"wp","href":"https:\/\/api.w.org\/{rel}","templated":true}]}}