{"id":662,"date":"2024-09-12T19:17:00","date_gmt":"2024-09-12T17:17:00","guid":{"rendered":"https:\/\/wp.unil.ch\/collectif-televisuel\/?page_id=662"},"modified":"2025-02-11T17:45:10","modified_gmt":"2025-02-11T16:45:10","slug":"au-dela-du-service-public","status":"publish","type":"page","link":"https:\/\/wp.unil.ch\/collectif-televisuel\/recherches\/au-dela-du-service-public\/","title":{"rendered":"Au-del\u00e0 du service public : pour une histoire \u00e9largie de la t\u00e9l\u00e9vision en Suisse, 1960 \u00e0 2000"},"content":{"rendered":"\n<div class=\"wp-block-cover alignfull has-parallax has-custom-content-position is-position-center-left wp-duotone-000000-rgb1970255-1\" style=\"min-height:300px;aspect-ratio:unset;\"><span aria-hidden=\"true\" class=\"wp-block-cover__background has-background-dim-0 has-background-dim\" style=\"background-color:#f1f5c7\"><\/span><div class=\"wp-block-cover__image-background wp-image-1815 has-parallax\" style=\"background-position:50% 50%;background-image:url(https:\/\/wp.unil.ch\/collectif-televisuel\/files\/2025\/01\/soutenance-Roxane.jpeg)\"><\/div><div class=\"wp-block-cover__inner-container is-layout-flow wp-block-cover-is-layout-flow\">\n<h1 class=\"wp-block-heading has-text-align-center has-larger-font-size\"><strong>Au-del\u00e0 du service public : pour une histoire \u00e9largie de la t\u00e9l\u00e9vision en Suisse, 1960 \u00e0 2000<\/strong><\/h1>\n<\/div><\/div>\n\n\n\n<p>Le projet de recherche FNS a \u00e9t\u00e9 dirig\u00e9 par<a href=\"https:\/\/www.unil.ch\/lettres\/fr\/home\/menuinst\/faculte\/enseignant-e-s-et-chercheur-euse-s\/nominations\/francois-vallotton.html\" target=\"_blank\" rel=\"noreferrer noopener\"> Fran\u00e7ois Vallotton<\/a> et <a href=\"https:\/\/wp.unil.ch\/collectif-televisuel\/personnes\/anne-katrin-weber\/\">Anne-Katrin Weber<\/a> entre 2016 et 2020. <a href=\"https:\/\/wp.unil.ch\/collectif-televisuel\/personnes\/marie-sandoz\/\">Marie Sandoz<\/a> et <a href=\"https:\/\/wp.unil.ch\/collectif-televisuel\/personnes\/roxane-gray\/\">Roxane Gray<\/a> ont collabor\u00e9 \u00e0 ce projet en tant que doctorantes.<\/p>\n\n\n\n<p>Par le biais d\u2019une approche arch\u00e9ologique des m\u00e9dias, le projet s\u2019est donn\u00e9 comme objectif d\u2019appr\u00e9hender la multitude des pratiques, techniques et discours t\u00e9l\u00e9visuels en Suisse avant la g\u00e9n\u00e9ralisation du num\u00e9rique. Le <a href=\"https:\/\/unil.ch\/tvelargie\" target=\"_blank\" rel=\"noreferrer noopener\">site web du projet<\/a>, g\u00e9r\u00e9 par Marie Sandoz et Roxane Gray, a obtenu le prix Memoriav pour promouvoir \u00ab&nbsp;une meilleure compr\u00e9hension de l\u2019audiovisuel&nbsp;\u00bb.<\/p>\n\n\n\n<div class=\"wp-block-buttons is-layout-flex wp-block-buttons-is-layout-flex\">\n<div class=\"wp-block-button is-style-outline is-style-outline--2\"><a class=\"wp-block-button__link wp-element-button\" href=\"https:\/\/www2.unil.ch\/tvelargie\/\" target=\"_blank\" rel=\"noreferrer noopener\">site web recompens\u00e9 du projet<\/a><\/div>\n<\/div>\n\n\n<div class=\"wp-block-image\">\n<figure class=\"alignleft size-large is-resized\"><a href=\"https:\/\/www2.unil.ch\/tvelargie\/\"><img alt=\"\" loading=\"lazy\" decoding=\"async\" width=\"1024\" height=\"532\" src=\"https:\/\/wp.unil.ch\/collectif-televisuel\/files\/2024\/09\/Bildschirmfoto-2024-09-09-um-10.17.32-1024x532.png\" alt=\"\" class=\"wp-image-521\" style=\"width:814px;height:auto\" srcset=\"https:\/\/wp.unil.ch\/collectif-televisuel\/files\/2024\/09\/Bildschirmfoto-2024-09-09-um-10.17.32-1024x532.png 1024w, https:\/\/wp.unil.ch\/collectif-televisuel\/files\/2024\/09\/Bildschirmfoto-2024-09-09-um-10.17.32-300x156.png 300w, https:\/\/wp.unil.ch\/collectif-televisuel\/files\/2024\/09\/Bildschirmfoto-2024-09-09-um-10.17.32-768x399.png 768w, https:\/\/wp.unil.ch\/collectif-televisuel\/files\/2024\/09\/Bildschirmfoto-2024-09-09-um-10.17.32-1536x798.png 1536w, https:\/\/wp.unil.ch\/collectif-televisuel\/files\/2024\/09\/Bildschirmfoto-2024-09-09-um-10.17.32-540x281.png 540w, https:\/\/wp.unil.ch\/collectif-televisuel\/files\/2024\/09\/Bildschirmfoto-2024-09-09-um-10.17.32-1080x561.png 1080w, https:\/\/wp.unil.ch\/collectif-televisuel\/files\/2024\/09\/Bildschirmfoto-2024-09-09-um-10.17.32.png 1920w\" sizes=\"auto, (max-width: 1024px) 100vw, 1024px\" \/><\/a><figcaption class=\"wp-element-caption\">Capture d&rsquo;\u00e9cran du site web 2024.<\/figcaption><\/figure>\n<\/div>\n\n\n<p><\/p>\n\n\n\n<hr class=\"wp-block-separator has-alpha-channel-opacity\" \/>\n\n\n\n<p><\/p>\n\n\n<div class=\"wp-block-image\">\n<figure class=\"alignright size-full is-resized\"><img alt=\"\" loading=\"lazy\" decoding=\"async\" width=\"573\" height=\"130\" src=\"https:\/\/wp.unil.ch\/collectif-televisuel\/files\/2024\/09\/SNSF-logo.jpg\" alt=\"\" class=\"wp-image-986\" style=\"width:460px;height:auto\" srcset=\"https:\/\/wp.unil.ch\/collectif-televisuel\/files\/2024\/09\/SNSF-logo.jpg 573w, https:\/\/wp.unil.ch\/collectif-televisuel\/files\/2024\/09\/SNSF-logo-300x68.jpg 300w, https:\/\/wp.unil.ch\/collectif-televisuel\/files\/2024\/09\/SNSF-logo-18x4.jpg 18w, https:\/\/wp.unil.ch\/collectif-televisuel\/files\/2024\/09\/SNSF-logo-540x123.jpg 540w\" sizes=\"auto, (max-width: 573px) 100vw, 573px\" \/><\/figure>\n<\/div>","protected":false},"excerpt":{"rendered":"<p>Le projet de recherche FNS a \u00e9t\u00e9 dirig\u00e9 par Fran\u00e7ois Vallotton et Anne-Katrin Weber entre 2016 et 2020. Marie Sandoz et Roxane Gray ont collabor\u00e9 \u00e0 ce projet&hellip;<\/p>\n","protected":false},"author":1001449,"featured_media":0,"parent":170,"menu_order":0,"comment_status":"closed","ping_status":"closed","template":"template-full-width.php","meta":{"_seopress_robots_primary_cat":"","_seopress_titles_title":"","_seopress_titles_desc":"","_seopress_robots_index":"","footnotes":""},"class_list":["post-662","page","type-page","status-publish","has-post-thumbnail"],"_links":{"self":[{"href":"https:\/\/wp.unil.ch\/collectif-televisuel\/wp-json\/wp\/v2\/pages\/662","targetHints":{"allow":["GET"]}}],"collection":[{"href":"https:\/\/wp.unil.ch\/collectif-televisuel\/wp-json\/wp\/v2\/pages"}],"about":[{"href":"https:\/\/wp.unil.ch\/collectif-televisuel\/wp-json\/wp\/v2\/types\/page"}],"author":[{"embeddable":true,"href":"https:\/\/wp.unil.ch\/collectif-televisuel\/wp-json\/wp\/v2\/users\/1001449"}],"replies":[{"embeddable":true,"href":"https:\/\/wp.unil.ch\/collectif-televisuel\/wp-json\/wp\/v2\/comments?post=662"}],"version-history":[{"count":5,"href":"https:\/\/wp.unil.ch\/collectif-televisuel\/wp-json\/wp\/v2\/pages\/662\/revisions"}],"predecessor-version":[{"id":2003,"href":"https:\/\/wp.unil.ch\/collectif-televisuel\/wp-json\/wp\/v2\/pages\/662\/revisions\/2003"}],"up":[{"embeddable":true,"href":"https:\/\/wp.unil.ch\/collectif-televisuel\/wp-json\/wp\/v2\/pages\/170"}],"wp:attachment":[{"href":"https:\/\/wp.unil.ch\/collectif-televisuel\/wp-json\/wp\/v2\/media?parent=662"}],"curies":[{"name":"wp","href":"https:\/\/api.w.org\/{rel}","templated":true}]}}