{"id":652,"date":"2024-09-12T18:56:32","date_gmt":"2024-09-12T16:56:32","guid":{"rendered":"https:\/\/wp.unil.ch\/collectif-televisuel\/?page_id=652"},"modified":"2025-01-21T16:32:06","modified_gmt":"2025-01-21T15:32:06","slug":"lisa-cronjager","status":"publish","type":"page","link":"https:\/\/wp.unil.ch\/collectif-televisuel\/personnes\/lisa-cronjager\/","title":{"rendered":"Lisa Cronj\u00e4ger"},"content":{"rendered":"\n<p><strong>Lisa Cronj\u00e4ger <\/strong>est une chercheuse post-doctorante qui combine l\u2019histoire de m\u00e9dias et de la t\u00e9l\u00e9vision avec l\u2019histoire de la science et de l\u2019environnement. Au sein du projet de recherche \u00ab&nbsp;<a href=\"https:\/\/wp.unil.ch\/collectif-televisuel\/recherches\/operative-tv\/\">Operative TV<\/a>&nbsp;\u00bb, elle explore, par exemple, les correspondances entre les conceptions des circuits ferm\u00e9s dans l\u2019histoire de la t\u00e9l\u00e9vision et dans la pens\u00e9e \u00e9cologique.<strong>&nbsp;<\/strong>&nbsp;<\/p>\n\n\n\n<p>Avant de rejoindre, en mars 2024, le collectif de recherches sur le t\u00e9l\u00e9visuel, Cronj\u00e4ger a fait ses \u00e9tudes \u00e0 Berlin et Helsinki et d\u00e9fendu son doctorat \u00e0 l\u2019Universit\u00e9 de B\u00e2le. Sa th\u00e8se de doctorat, \u00ab&nbsp;<a href=\"https:\/\/medienwissenschaft.philhist.unibas.ch\/en\/research\/forschungsprojekte\/dissertation-sustainabilty-and-accuracy-cronjaeger\/\" target=\"_blank\" rel=\"noreferrer noopener\">Umtriebszeiten<\/a>&nbsp;\u00bb (\u00ab&nbsp;P\u00e9riodes de r\u00e9volutions&nbsp;\u00bb) analyse les cartes foresti\u00e8res et les techniques de visualisation du 19e si\u00e8cle en Europe qui devaient permettre une administration durable des ressources. En 2025 \u00ab&nbsp;Umtriebszeiten&nbsp;\u00bb va \u00eatre publi\u00e9e aux \u00e9ditions <a href=\"https:\/\/www.wallstein-verlag.de\/9783835358355-umtriebszeiten.html\" target=\"_blank\" rel=\"noreferrer noopener\">Wallstein.<\/a>&nbsp;<\/p>\n\n\n\n<p>En 2025, Lisa Cronj\u00e4ger est research fellow \u00e0 l&rsquo;<a href=\"https:\/\/www.ifk.ac.at\/fellows-en.html\" target=\"_blank\" rel=\"noreferrer noopener\">International Research Center for Cultural Studies<\/a> \u00e0 Vienne.<\/p>\n\n\n\n<p><a href=\"https:\/\/applicationspub.unil.ch\/interpub\/noauth\/php\/Un\/UnPers.php?PerNum=1270392&amp;LanCode=8&amp;menu=pub\" target=\"_blank\" rel=\"noreferrer noopener\">Page institutionelle<\/a> &nbsp;<\/p>\n\n\n\n<p><a href=\"https:\/\/orcid.org\/0000-0001-8839-7935\" target=\"_blank\" rel=\"noreferrer noopener\">ORCID<\/a> &nbsp;<\/p>\n\n\n\n<div class=\"wp-block-cover is-light wp-duotone-1a1b1f-ff4747-1\" style=\"min-height:232px;aspect-ratio:unset;\"><span aria-hidden=\"true\" class=\"wp-block-cover__background has-background-dim\" style=\"background-color:#968694\"><\/span><img alt=\"\" loading=\"lazy\" decoding=\"async\" width=\"908\" height=\"544\" class=\"wp-block-cover__image-background wp-image-1012\" alt=\"\" src=\"https:\/\/wp.unil.ch\/collectif-televisuel\/files\/2024\/09\/cours-Cully_horizontal.png\" style=\"object-position:21% 32%\" data-object-fit=\"cover\" data-object-position=\"21% 32%\" srcset=\"https:\/\/wp.unil.ch\/collectif-televisuel\/files\/2024\/09\/cours-Cully_horizontal.png 908w, https:\/\/wp.unil.ch\/collectif-televisuel\/files\/2024\/09\/cours-Cully_horizontal-300x180.png 300w, https:\/\/wp.unil.ch\/collectif-televisuel\/files\/2024\/09\/cours-Cully_horizontal-768x460.png 768w, https:\/\/wp.unil.ch\/collectif-televisuel\/files\/2024\/09\/cours-Cully_horizontal-18x12.png 18w, https:\/\/wp.unil.ch\/collectif-televisuel\/files\/2024\/09\/cours-Cully_horizontal-540x324.png 540w\" sizes=\"auto, (max-width: 908px) 100vw, 908px\" \/><div class=\"wp-block-cover__inner-container is-layout-flow wp-block-cover-is-layout-flow\">\n<p class=\"has-text-align-center has-buttons-text-color has-text-color has-link-color has-larger-font-size wp-elements-dfbb1edd0a122d8f9d6b18c8b69ee7cb\"><a href=\"\/\/wp.unil.ch\/collectif-televisuel\/recherches\/autour-de-lecologie-sociale\/\" data-type=\"page\" data-id=\"672\"><strong>Autour de l&rsquo;\u00e9cologie sociale<\/strong><\/a><\/p>\n\n\n\n<p class=\"has-text-align-center has-buttons-text-color has-text-color has-link-color has-large-font-size wp-elements-2d1096cca5eeb18c147c54170738c730\">Projet de recherche postdoctorale<\/p>\n\n\n\n<p class=\"has-text-align-center has-buttons-text-color has-text-color has-link-color has-large-font-size wp-elements-3b4a943146ba0f17341893281509713b\">Lisa Cronj\u00e4ger<\/p>\n\n\n\n<p class=\"has-text-align-center has-buttons-text-color has-text-color has-link-color has-large-font-size wp-elements-e6874fa95cd3efc8e9181bfe72b85fd8\">2023<strong>\u2013<\/strong>en cours<\/p>\n<\/div><\/div>\n\n\n\n<div class=\"wp-block-cover wp-duotone-1a1b1f-ff4747-2\" style=\"min-height:232px;aspect-ratio:unset;\"><span aria-hidden=\"true\" class=\"wp-block-cover__background has-background-dim\" style=\"background-color:#968694\"><\/span><img alt=\"\" loading=\"lazy\" decoding=\"async\" width=\"1810\" height=\"1200\" class=\"wp-block-cover__image-background wp-image-541\" alt=\"\" src=\"https:\/\/wp.unil.ch\/collectif-televisuel\/files\/2024\/09\/photo-Operative-TV_Schanzenpost-Bern.jpg\" data-object-fit=\"cover\" srcset=\"https:\/\/wp.unil.ch\/collectif-televisuel\/files\/2024\/09\/photo-Operative-TV_Schanzenpost-Bern.jpg 1810w, https:\/\/wp.unil.ch\/collectif-televisuel\/files\/2024\/09\/photo-Operative-TV_Schanzenpost-Bern-300x199.jpg 300w, https:\/\/wp.unil.ch\/collectif-televisuel\/files\/2024\/09\/photo-Operative-TV_Schanzenpost-Bern-1024x679.jpg 1024w, https:\/\/wp.unil.ch\/collectif-televisuel\/files\/2024\/09\/photo-Operative-TV_Schanzenpost-Bern-768x509.jpg 768w, https:\/\/wp.unil.ch\/collectif-televisuel\/files\/2024\/09\/photo-Operative-TV_Schanzenpost-Bern-1536x1018.jpg 1536w, https:\/\/wp.unil.ch\/collectif-televisuel\/files\/2024\/09\/photo-Operative-TV_Schanzenpost-Bern-540x358.jpg 540w, https:\/\/wp.unil.ch\/collectif-televisuel\/files\/2024\/09\/photo-Operative-TV_Schanzenpost-Bern-1080x716.jpg 1080w\" sizes=\"auto, (max-width: 1810px) 100vw, 1810px\" \/><div class=\"wp-block-cover__inner-container is-layout-flow wp-block-cover-is-layout-flow\">\n<p class=\"has-text-align-center has-buttons-text-color has-text-color has-link-color has-larger-font-size wp-elements-f0472a7b83f0309f7a1636ba8d0b5fc5\"><a href=\"https:\/\/wp.unil.ch\/collectif-televisuel\/recherches\/operative-tv\/\" data-type=\"page\" data-id=\"672\"><strong>Operative TV<\/strong><\/a><a href=\"\/\/wp.unil.ch\/collectif-televisuel\/recherches\/autour-de-lecologie-sociale\/\" data-type=\"page\" data-id=\"672\"><\/a><\/p>\n\n\n\n<p class=\"has-text-align-center has-buttons-text-color has-text-color has-link-color has-large-font-size wp-elements-f59282af4e84e5bf622d50cd28b8029e\">Projet de recherche FNS Prima<\/p>\n\n\n\n<p class=\"has-text-align-center has-buttons-text-color has-text-color has-link-color has-large-font-size wp-elements-a8bf9a773340dd37048a308bd47fabe8\">dirig\u00e9 par Anne-Katrin Weber avec Marie Sandoz, Lisa Cronj\u00e4ger<\/p>\n\n\n\n<p class=\"has-text-align-center has-buttons-text-color has-text-color has-link-color has-large-font-size wp-elements-41a8383b66e746f1d9756e59289d8399\">2022<strong>\u2013<\/strong>2029<\/p>\n<\/div><\/div>\n\n\n\n<p><\/p>\n\n\n\n<p><\/p>\n","protected":false},"excerpt":{"rendered":"<p>Lisa Cronj\u00e4ger est une chercheuse post-doctorante qui combine l\u2019histoire de m\u00e9dias et de la t\u00e9l\u00e9vision avec l\u2019histoire de la science et de l\u2019environnement. Au sein du projet de&hellip;<\/p>\n","protected":false},"author":1001449,"featured_media":0,"parent":219,"menu_order":0,"comment_status":"closed","ping_status":"closed","template":"template-full-width.php","meta":{"_seopress_robots_primary_cat":"","_seopress_titles_title":"","_seopress_titles_desc":"","_seopress_robots_index":"","footnotes":""},"class_list":["post-652","page","type-page","status-publish","has-post-thumbnail"],"_links":{"self":[{"href":"https:\/\/wp.unil.ch\/collectif-televisuel\/wp-json\/wp\/v2\/pages\/652","targetHints":{"allow":["GET"]}}],"collection":[{"href":"https:\/\/wp.unil.ch\/collectif-televisuel\/wp-json\/wp\/v2\/pages"}],"about":[{"href":"https:\/\/wp.unil.ch\/collectif-televisuel\/wp-json\/wp\/v2\/types\/page"}],"author":[{"embeddable":true,"href":"https:\/\/wp.unil.ch\/collectif-televisuel\/wp-json\/wp\/v2\/users\/1001449"}],"replies":[{"embeddable":true,"href":"https:\/\/wp.unil.ch\/collectif-televisuel\/wp-json\/wp\/v2\/comments?post=652"}],"version-history":[{"count":5,"href":"https:\/\/wp.unil.ch\/collectif-televisuel\/wp-json\/wp\/v2\/pages\/652\/revisions"}],"predecessor-version":[{"id":1813,"href":"https:\/\/wp.unil.ch\/collectif-televisuel\/wp-json\/wp\/v2\/pages\/652\/revisions\/1813"}],"up":[{"embeddable":true,"href":"https:\/\/wp.unil.ch\/collectif-televisuel\/wp-json\/wp\/v2\/pages\/219"}],"wp:attachment":[{"href":"https:\/\/wp.unil.ch\/collectif-televisuel\/wp-json\/wp\/v2\/media?parent=652"}],"curies":[{"name":"wp","href":"https:\/\/api.w.org\/{rel}","templated":true}]}}