{"id":649,"date":"2024-09-12T18:54:39","date_gmt":"2024-09-12T16:54:39","guid":{"rendered":"https:\/\/wp.unil.ch\/collectif-televisuel\/?page_id=649"},"modified":"2025-04-28T16:27:36","modified_gmt":"2025-04-28T14:27:36","slug":"marie-sandoz","status":"publish","type":"page","link":"https:\/\/wp.unil.ch\/collectif-televisuel\/personnes\/marie-sandoz\/","title":{"rendered":"Marie Sandoz"},"content":{"rendered":"\n<h2 class=\"wp-block-heading\">Marie Sandoz<\/h2>\n\n\n\n<p><strong>Marie Sandoz<\/strong> est historienne des m\u00e9dias et porte un int\u00e9r\u00eat sp\u00e9cifique aux communications par satellite et \u00e0 la t\u00e9l\u00e9vision \u00abutilitaire\u00bb. Sa th\u00e8se a \u00e9t\u00e9 publi\u00e9e aux \u00e9ditions universitaires Alphil sous le titre <em><a href=\"https:\/\/www.alphil.com\/livres\/1412-1749-de-lorbite-au-territoire-helvetique-une-histoire-des-communications-par-satellite-en-suisse-des-annees-1960-a-nos-jours.html#\/1-format-livre_papier\" target=\"_blank\" rel=\"noreferrer noopener\">De l\u2019orbite au territoire helv\u00e9tique. Une histoire des communications par satellite en Suisse des ann\u00e9es 1960 \u00e0 nos jours <\/a><\/em>(2025).\u00a0<\/p>\n\n\n\n<p>Depuis 2023, Sandoz est post-doctorante senior au sein du projet<a href=\"https:\/\/wp.unil.ch\/collectif-televisuel\/recherches\/operative-tv\/\"> Operative TV<\/a>. Dans ce cadre, elle s&rsquo;int\u00e9resse aux usages industriels de la t\u00e9l\u00e9vision qu\u2019elle examine au croisement de l\u2019histoire de l\u2019automation, de l\u2019histoire de la logistique et de la th\u00e9orie sur les images op\u00e9rationnelles et les m\u00e9dias utilitaires. Sandoz fait partie du comit\u00e9 de r\u00e9daction de la revue d&rsquo;histoire de la photographie <em><a href=\"https:\/\/transbordeur.ch\/\" target=\"_blank\" rel=\"noreferrer noopener\">Transbordeur. Photographie histoire soci\u00e9t\u00e9<\/a><\/em> et du comit\u00e9 de l&rsquo;association <a href=\"https:\/\/mediahistory.ch\/\">MEDIA HISTORY | CH<\/a>.<\/p>\n\n\n\n<p><a href=\"https:\/\/applicationspub.unil.ch\/interpub\/noauth\/php\/Un\/UnPers.php?PerNum=1188874&amp;LanCode=37&amp;menu=coord\" target=\"_blank\" rel=\"noreferrer noopener\">Page institutionnelle&nbsp;<\/a><\/p>\n\n\n\n<p><a href=\"https:\/\/orcid.org\/0009-0001-4695-8949\" target=\"_blank\" rel=\"noreferrer noopener\">ORCID<\/a>&nbsp;<\/p>\n\n\n\n<div class=\"wp-block-cover wp-duotone-000000-rgb20911159-1\" style=\"min-height:232px;aspect-ratio:unset;\"><span aria-hidden=\"true\" class=\"wp-block-cover__background has-background-dim-30 has-background-dim\" style=\"background-color:#968694\"><\/span><img alt=\"\" loading=\"lazy\" decoding=\"async\" width=\"1663\" height=\"1200\" class=\"wp-block-cover__image-background wp-image-953\" alt=\"\" src=\"https:\/\/wp.unil.ch\/collectif-televisuel\/files\/2024\/09\/Photo_projet-automation_Marie.png\" style=\"object-position:49% 88%\" data-object-fit=\"cover\" data-object-position=\"49% 88%\" srcset=\"https:\/\/wp.unil.ch\/collectif-televisuel\/files\/2024\/09\/Photo_projet-automation_Marie.png 1663w, https:\/\/wp.unil.ch\/collectif-televisuel\/files\/2024\/09\/Photo_projet-automation_Marie-300x216.png 300w, https:\/\/wp.unil.ch\/collectif-televisuel\/files\/2024\/09\/Photo_projet-automation_Marie-1024x739.png 1024w, https:\/\/wp.unil.ch\/collectif-televisuel\/files\/2024\/09\/Photo_projet-automation_Marie-768x554.png 768w, https:\/\/wp.unil.ch\/collectif-televisuel\/files\/2024\/09\/Photo_projet-automation_Marie-1536x1108.png 1536w, https:\/\/wp.unil.ch\/collectif-televisuel\/files\/2024\/09\/Photo_projet-automation_Marie-18x12.png 18w, https:\/\/wp.unil.ch\/collectif-televisuel\/files\/2024\/09\/Photo_projet-automation_Marie-1120x808.png 1120w, https:\/\/wp.unil.ch\/collectif-televisuel\/files\/2024\/09\/Photo_projet-automation_Marie-540x390.png 540w, https:\/\/wp.unil.ch\/collectif-televisuel\/files\/2024\/09\/Photo_projet-automation_Marie-1080x779.png 1080w\" sizes=\"auto, (max-width: 1663px) 100vw, 1663px\" \/><div class=\"wp-block-cover__inner-container is-layout-flow wp-block-cover-is-layout-flow\">\n<p class=\"has-text-align-center has-buttons-text-color has-text-color has-link-color has-large-font-size wp-elements-3224e338b2de09789478b66c94e59046\" style=\"text-transform:uppercase\"><strong><a href=\"https:\/\/wp.unil.ch\/collectif-televisuel\/recherches\/television-et-automation\/\" data-type=\"page\" data-id=\"672\">T\u00e9l\u00e9vision et automation<\/a><\/strong><\/p>\n\n\n\n<p class=\"has-text-align-center has-buttons-text-color has-text-color has-link-color has-large-font-size wp-elements-2d1096cca5eeb18c147c54170738c730\">Projet de recherche postdoctorale<\/p>\n\n\n\n<p class=\"has-text-align-center has-buttons-text-color has-text-color has-link-color has-large-font-size wp-elements-f840415a6a1c369d251e4369597f1706\">Marie Sandoz<\/p>\n\n\n\n<p class=\"has-text-align-center has-buttons-text-color has-text-color has-link-color has-large-font-size wp-elements-e6874fa95cd3efc8e9181bfe72b85fd8\">2023<strong>\u2013<\/strong>en cours<\/p>\n<\/div><\/div>\n\n\n\n<div class=\"wp-block-cover is-light wp-duotone-midnight\" style=\"min-height:232px;aspect-ratio:unset;\"><span aria-hidden=\"true\" class=\"wp-block-cover__background has-background-dim-0 has-background-dim\" style=\"background-color:#686868\"><\/span><img alt=\"\" loading=\"lazy\" decoding=\"async\" width=\"1514\" height=\"1200\" class=\"wp-block-cover__image-background wp-image-1089\" alt=\"\" src=\"https:\/\/wp.unil.ch\/collectif-televisuel\/files\/2024\/09\/Photo_Marie_Satellites.jpg\" data-object-fit=\"cover\" srcset=\"https:\/\/wp.unil.ch\/collectif-televisuel\/files\/2024\/09\/Photo_Marie_Satellites.jpg 1514w, https:\/\/wp.unil.ch\/collectif-televisuel\/files\/2024\/09\/Photo_Marie_Satellites-300x238.jpg 300w, https:\/\/wp.unil.ch\/collectif-televisuel\/files\/2024\/09\/Photo_Marie_Satellites-1024x812.jpg 1024w, https:\/\/wp.unil.ch\/collectif-televisuel\/files\/2024\/09\/Photo_Marie_Satellites-768x609.jpg 768w, https:\/\/wp.unil.ch\/collectif-televisuel\/files\/2024\/09\/Photo_Marie_Satellites-15x12.jpg 15w, https:\/\/wp.unil.ch\/collectif-televisuel\/files\/2024\/09\/Photo_Marie_Satellites-1120x888.jpg 1120w, https:\/\/wp.unil.ch\/collectif-televisuel\/files\/2024\/09\/Photo_Marie_Satellites-540x428.jpg 540w, https:\/\/wp.unil.ch\/collectif-televisuel\/files\/2024\/09\/Photo_Marie_Satellites-1080x856.jpg 1080w\" sizes=\"auto, (max-width: 1514px) 100vw, 1514px\" \/><div class=\"wp-block-cover__inner-container is-layout-flow wp-block-cover-is-layout-flow\">\n<p class=\"has-text-align-center has-buttons-text-color has-text-color has-link-color has-large-font-size wp-elements-dca43ccd79035ef4086d9f3226e948be\" style=\"text-transform:uppercase\"><strong><a href=\"https:\/\/wp.unil.ch\/collectif-televisuel\/de-lorbite-au-territoire-helvetique\/\">De l\u2019orbite au territoire helv\u00e9tique<\/a><\/strong><\/p>\n\n\n\n<p class=\"has-text-align-center has-buttons-text-color has-text-color has-link-color has-large-font-size wp-elements-4ebf95e3ed286b69f17abe02c6598704\">Livre<\/p>\n\n\n\n<p class=\"has-text-align-center has-buttons-text-color has-text-color has-link-color has-large-font-size wp-elements-f840415a6a1c369d251e4369597f1706\">Marie Sandoz<\/p>\n\n\n\n<p class=\"has-text-align-center has-buttons-text-color has-text-color has-link-color has-large-font-size wp-elements-509ce3fa68aeb1ecb3985ad12aabaf1a\">publication en 2025<\/p>\n<\/div><\/div>\n\n\n\n<div class=\"wp-block-cover wp-duotone-1a1b1f-ff4747-2\" style=\"min-height:232px;aspect-ratio:unset;\"><span aria-hidden=\"true\" class=\"wp-block-cover__background has-background-dim\" style=\"background-color:#968694\"><\/span><img alt=\"\" loading=\"lazy\" decoding=\"async\" width=\"1810\" height=\"1200\" class=\"wp-block-cover__image-background wp-image-541\" alt=\"\" src=\"https:\/\/wp.unil.ch\/collectif-televisuel\/files\/2024\/09\/photo-Operative-TV_Schanzenpost-Bern.jpg\" data-object-fit=\"cover\" srcset=\"https:\/\/wp.unil.ch\/collectif-televisuel\/files\/2024\/09\/photo-Operative-TV_Schanzenpost-Bern.jpg 1810w, https:\/\/wp.unil.ch\/collectif-televisuel\/files\/2024\/09\/photo-Operative-TV_Schanzenpost-Bern-300x199.jpg 300w, https:\/\/wp.unil.ch\/collectif-televisuel\/files\/2024\/09\/photo-Operative-TV_Schanzenpost-Bern-1024x679.jpg 1024w, https:\/\/wp.unil.ch\/collectif-televisuel\/files\/2024\/09\/photo-Operative-TV_Schanzenpost-Bern-768x509.jpg 768w, https:\/\/wp.unil.ch\/collectif-televisuel\/files\/2024\/09\/photo-Operative-TV_Schanzenpost-Bern-1536x1018.jpg 1536w, https:\/\/wp.unil.ch\/collectif-televisuel\/files\/2024\/09\/photo-Operative-TV_Schanzenpost-Bern-540x358.jpg 540w, https:\/\/wp.unil.ch\/collectif-televisuel\/files\/2024\/09\/photo-Operative-TV_Schanzenpost-Bern-1080x716.jpg 1080w\" sizes=\"auto, (max-width: 1810px) 100vw, 1810px\" \/><div class=\"wp-block-cover__inner-container is-layout-flow wp-block-cover-is-layout-flow\">\n<p class=\"has-text-align-center has-buttons-text-color has-text-color has-link-color has-large-font-size wp-elements-c474fa016cbb0e7325323e8fddd4a3ab\" style=\"text-transform:uppercase\"><a href=\"https:\/\/wp.unil.ch\/collectif-televisuel\/recherches\/operative-tv\/\" data-type=\"page\" data-id=\"672\"><strong>Operative TV<\/strong><\/a><a href=\"\/\/wp.unil.ch\/collectif-televisuel\/recherches\/autour-de-lecologie-sociale\/\" data-type=\"page\" data-id=\"672\"><\/a><\/p>\n\n\n\n<p class=\"has-text-align-center has-buttons-text-color has-text-color has-link-color has-large-font-size wp-elements-f59282af4e84e5bf622d50cd28b8029e\">Projet de recherche FNS Prima<\/p>\n\n\n\n<p class=\"has-text-align-center has-buttons-text-color has-text-color has-link-color has-large-font-size wp-elements-a8bf9a773340dd37048a308bd47fabe8\">dirig\u00e9 par Anne-Katrin Weber avec Marie Sandoz, Lisa Cronj\u00e4ger<\/p>\n\n\n\n<p class=\"has-text-align-center has-buttons-text-color has-text-color has-link-color has-large-font-size wp-elements-41a8383b66e746f1d9756e59289d8399\">2022<strong>\u2013<\/strong>2029<\/p>\n<\/div><\/div>\n\n\n\n<div class=\"wp-block-cover is-light wp-duotone-midnight\" style=\"min-height:235px;aspect-ratio:unset;\"><span aria-hidden=\"true\" class=\"wp-block-cover__background has-background-dim\" style=\"background-color:#8b9281\"><\/span><img alt=\"\" loading=\"lazy\" decoding=\"async\" width=\"1600\" height=\"1060\" class=\"wp-block-cover__image-background wp-image-299\" alt=\"\" src=\"https:\/\/wp.unil.ch\/collectif-televisuel\/files\/2024\/09\/Photo-Agora.png\" data-object-fit=\"cover\" srcset=\"https:\/\/wp.unil.ch\/collectif-televisuel\/files\/2024\/09\/Photo-Agora.png 1600w, https:\/\/wp.unil.ch\/collectif-televisuel\/files\/2024\/09\/Photo-Agora-300x199.png 300w, https:\/\/wp.unil.ch\/collectif-televisuel\/files\/2024\/09\/Photo-Agora-1024x678.png 1024w, https:\/\/wp.unil.ch\/collectif-televisuel\/files\/2024\/09\/Photo-Agora-768x509.png 768w, https:\/\/wp.unil.ch\/collectif-televisuel\/files\/2024\/09\/Photo-Agora-1536x1018.png 1536w, https:\/\/wp.unil.ch\/collectif-televisuel\/files\/2024\/09\/Photo-Agora-540x358.png 540w, https:\/\/wp.unil.ch\/collectif-televisuel\/files\/2024\/09\/Photo-Agora-1080x716.png 1080w\" sizes=\"auto, (max-width: 1600px) 100vw, 1600px\" \/><div class=\"wp-block-cover__inner-container is-layout-constrained wp-block-cover-is-layout-constrained\">\n<p class=\"has-text-align-center has-buttons-text-color has-text-color has-link-color has-large-font-size wp-elements-1f2a15c48b272e68b16b468854588b99\" style=\"text-transform:uppercase\"><a href=\"https:\/\/wp.unil.ch\/collectif-televisuel\/mediation\/suivre-le-signal\/\" data-type=\"page\" data-id=\"738\"><strong>La t\u00e9l\u00e9vision en Suisse. 75 sous tension<\/strong><\/a><\/p>\n\n\n\n<p class=\"has-text-align-center has-buttons-text-color has-text-color has-link-color has-large-font-size wp-elements-7e870f12be97885e644d56431f7af80d\">Projet de m\u00e9diation FNS Agora<\/p>\n\n\n\n<p class=\"has-text-align-center has-buttons-text-color has-text-color has-link-color has-large-font-size wp-elements-4c5fa8b81174f05594e342dfebf5d05b\">Marie Sandoz, Anne-Katrin Weber, Roxane Gray<\/p>\n\n\n\n<p class=\"has-text-align-center has-buttons-text-color has-text-color has-link-color has-large-font-size wp-elements-f4f2663c8fc9a991b72414a56dea0774\">2024\u20132025<\/p>\n<\/div><\/div>\n\n\n\n<div class=\"wp-block-cover wp-duotone-1a1b1f-ff4747-3\" style=\"min-height:231px;aspect-ratio:unset;\"><span aria-hidden=\"true\" class=\"wp-block-cover__background has-background-dim-60 has-background-dim\" style=\"background-color:#737f87\"><\/span><img alt=\"\" loading=\"lazy\" decoding=\"async\" width=\"1522\" height=\"585\" class=\"wp-block-cover__image-background wp-image-974\" alt=\"\" src=\"https:\/\/wp.unil.ch\/collectif-televisuel\/files\/2024\/09\/Schweizer-Fernsehen.png\" style=\"object-position:61% 64%\" data-object-fit=\"cover\" data-object-position=\"61% 64%\" srcset=\"https:\/\/wp.unil.ch\/collectif-televisuel\/files\/2024\/09\/Schweizer-Fernsehen.png 1522w, https:\/\/wp.unil.ch\/collectif-televisuel\/files\/2024\/09\/Schweizer-Fernsehen-300x115.png 300w, https:\/\/wp.unil.ch\/collectif-televisuel\/files\/2024\/09\/Schweizer-Fernsehen-1024x394.png 1024w, https:\/\/wp.unil.ch\/collectif-televisuel\/files\/2024\/09\/Schweizer-Fernsehen-768x295.png 768w, https:\/\/wp.unil.ch\/collectif-televisuel\/files\/2024\/09\/Schweizer-Fernsehen-18x7.png 18w, https:\/\/wp.unil.ch\/collectif-televisuel\/files\/2024\/09\/Schweizer-Fernsehen-1120x430.png 1120w, https:\/\/wp.unil.ch\/collectif-televisuel\/files\/2024\/09\/Schweizer-Fernsehen-540x208.png 540w, https:\/\/wp.unil.ch\/collectif-televisuel\/files\/2024\/09\/Schweizer-Fernsehen-1080x415.png 1080w\" sizes=\"auto, (max-width: 1522px) 100vw, 1522px\" \/><div class=\"wp-block-cover__inner-container is-layout-flow wp-block-cover-is-layout-flow\">\n<p class=\"has-text-align-center has-buttons-text-color has-text-color has-link-color has-large-font-size wp-elements-e908bd445f5394439768e99b10836ade\" style=\"text-transform:uppercase\"><strong><a href=\"https:\/\/wp.unil.ch\/collectif-televisuel\/recherches\/au-dela-du-service-public\/\" data-type=\"page\" data-id=\"662\">Pour une histoire \u00e9largie de la t\u00e9l\u00e9vision en Suisse<\/a><\/strong><\/p>\n\n\n\n<p class=\"has-text-align-center has-large-font-size\">Projet de recherche FNS<\/p>\n\n\n\n<p class=\"has-text-align-center has-large-font-size\">dirig\u00e9 par Fran\u00e7ois Vallotton et Anne-Katrin Weber, avec Marie Sandoz, Roxane Gray<\/p>\n\n\n\n<p class=\"has-text-align-center has-large-font-size\">2016<strong>\u2013<\/strong>2022<\/p>\n<\/div><\/div>\n\n\n\n<p><\/p>\n\n\n\n<p><\/p>\n","protected":false},"excerpt":{"rendered":"<p>Marie Sandoz Marie Sandoz est historienne des m\u00e9dias et porte un int\u00e9r\u00eat sp\u00e9cifique aux communications par satellite et \u00e0 la t\u00e9l\u00e9vision \u00abutilitaire\u00bb. Sa th\u00e8se a \u00e9t\u00e9 publi\u00e9e aux&hellip;<\/p>\n","protected":false},"author":1001449,"featured_media":0,"parent":219,"menu_order":0,"comment_status":"closed","ping_status":"closed","template":"template-full-width.php","meta":{"_seopress_robots_primary_cat":"","_seopress_titles_title":"","_seopress_titles_desc":"","_seopress_robots_index":"","footnotes":""},"class_list":["post-649","page","type-page","status-publish","has-post-thumbnail"],"_links":{"self":[{"href":"https:\/\/wp.unil.ch\/collectif-televisuel\/wp-json\/wp\/v2\/pages\/649","targetHints":{"allow":["GET"]}}],"collection":[{"href":"https:\/\/wp.unil.ch\/collectif-televisuel\/wp-json\/wp\/v2\/pages"}],"about":[{"href":"https:\/\/wp.unil.ch\/collectif-televisuel\/wp-json\/wp\/v2\/types\/page"}],"author":[{"embeddable":true,"href":"https:\/\/wp.unil.ch\/collectif-televisuel\/wp-json\/wp\/v2\/users\/1001449"}],"replies":[{"embeddable":true,"href":"https:\/\/wp.unil.ch\/collectif-televisuel\/wp-json\/wp\/v2\/comments?post=649"}],"version-history":[{"count":4,"href":"https:\/\/wp.unil.ch\/collectif-televisuel\/wp-json\/wp\/v2\/pages\/649\/revisions"}],"predecessor-version":[{"id":2209,"href":"https:\/\/wp.unil.ch\/collectif-televisuel\/wp-json\/wp\/v2\/pages\/649\/revisions\/2209"}],"up":[{"embeddable":true,"href":"https:\/\/wp.unil.ch\/collectif-televisuel\/wp-json\/wp\/v2\/pages\/219"}],"wp:attachment":[{"href":"https:\/\/wp.unil.ch\/collectif-televisuel\/wp-json\/wp\/v2\/media?parent=649"}],"curies":[{"name":"wp","href":"https:\/\/api.w.org\/{rel}","templated":true}]}}