{"id":413,"date":"2024-09-05T14:49:07","date_gmt":"2024-09-05T12:49:07","guid":{"rendered":"https:\/\/wp.unil.ch\/collectif-televisuel\/?page_id=413"},"modified":"2025-04-14T14:36:32","modified_gmt":"2025-04-14T12:36:32","slug":"mediation","status":"publish","type":"page","link":"https:\/\/wp.unil.ch\/collectif-televisuel\/mediation\/","title":{"rendered":"M\u00e9diation scientifique"},"content":{"rendered":"\n<div class=\"wp-block-cover alignfull is-light has-parallax wp-duotone-midnight\" style=\"min-height:300px;aspect-ratio:unset;\"><span aria-hidden=\"true\" class=\"wp-block-cover__background has-background-dim-0 has-background-dim\" style=\"background-color:#f1f5c7\"><\/span><div class=\"wp-block-cover__image-background wp-image-191 has-parallax\" style=\"background-position:50% 50%;background-image:url(https:\/\/wp.unil.ch\/collectif-televisuel\/files\/2024\/05\/PRMA_01434_2k.jpg)\"><\/div><div class=\"wp-block-cover__inner-container is-layout-flow wp-block-cover-is-layout-flow\">\n<div class=\"wp-block-group\" style=\"padding-top:2em;padding-right:2em;padding-bottom:2em;padding-left:2em\"><div class=\"wp-block-group__inner-container is-layout-flow wp-block-group-is-layout-flow\">\n<h1 class=\"wp-block-heading alignfull\" style=\"font-size:36px\">M\u00c9DIATION SCIENTIFIQUE <\/h1>\n<\/div><\/div>\n<\/div><\/div>\n\n\n\n<p>Sensibles au r\u00f4le de l&rsquo;histoire pour comprendre la soci\u00e9t\u00e9 contemporaine, nous nous engageons dans des projets de m\u00e9diation scientifique qui prolongent et nourrissent nos recherches. Nous consid\u00e9rons ces projets comme une part importante de notre travail de chercheuses car ils font le lien avec un public plus large que celui concern\u00e9 par nos publications acad\u00e9miques.<\/p>\n\n\n\n<hr class=\"wp-block-separator has-alpha-channel-opacity\" \/>\n\n\n\n<p><\/p>\n\n\n\n<div class=\"wp-block-columns is-layout-flex wp-container-core-columns-is-layout-9d6595d7 wp-block-columns-is-layout-flex\">\n<div class=\"wp-block-column is-layout-flow wp-block-column-is-layout-flow\">\n<div class=\"wp-block-cover is-light has-buttons-text-color has-text-color has-link-color wp-elements-9d02c971ae11ac902342b4382946a105 wp-duotone-000000-rgb101129255-1\" style=\"min-height:235px;aspect-ratio:unset;\"><span aria-hidden=\"true\" class=\"wp-block-cover__background has-buttons-text-background-color has-background-dim-10 has-background-dim\"><\/span><img alt=\"\" loading=\"lazy\" decoding=\"async\" width=\"1600\" height=\"1060\" class=\"wp-block-cover__image-background wp-image-299\" alt=\"\" src=\"https:\/\/wp.unil.ch\/collectif-televisuel\/files\/2024\/09\/Photo-Agora.png\" data-object-fit=\"cover\" srcset=\"https:\/\/wp.unil.ch\/collectif-televisuel\/files\/2024\/09\/Photo-Agora.png 1600w, https:\/\/wp.unil.ch\/collectif-televisuel\/files\/2024\/09\/Photo-Agora-300x199.png 300w, https:\/\/wp.unil.ch\/collectif-televisuel\/files\/2024\/09\/Photo-Agora-1024x678.png 1024w, https:\/\/wp.unil.ch\/collectif-televisuel\/files\/2024\/09\/Photo-Agora-768x509.png 768w, https:\/\/wp.unil.ch\/collectif-televisuel\/files\/2024\/09\/Photo-Agora-1536x1018.png 1536w, https:\/\/wp.unil.ch\/collectif-televisuel\/files\/2024\/09\/Photo-Agora-540x358.png 540w, https:\/\/wp.unil.ch\/collectif-televisuel\/files\/2024\/09\/Photo-Agora-1080x716.png 1080w\" sizes=\"auto, (max-width: 1600px) 100vw, 1600px\" \/><div class=\"wp-block-cover__inner-container is-layout-constrained wp-block-cover-is-layout-constrained\">\n<p class=\"has-text-align-center has-buttons-text-color has-text-color has-link-color has-large-font-size wp-elements-f4419ac6fff83dcdd98a84411189be65\" style=\"text-transform:uppercase\"><a href=\"https:\/\/wp.unil.ch\/collectif-televisuel\/mediation\/suivre-le-signal\/\"><strong>LA T\u00e9L\u00e9VISION EN SUISSE. <\/strong><\/a>       <a href=\"https:\/\/wp.unil.ch\/collectif-televisuel\/mediation\/suivre-le-signal\/\"><strong>75 ANS SOUS TENSION<\/strong><\/a><\/p>\n\n\n\n<p class=\"has-text-align-center has-buttons-text-color has-text-color has-link-color has-large-font-size wp-elements-cf2c8507472d84906a41125ce459652d\">Projet de m\u00e9diation scientifique FNS Agora<\/p>\n\n\n\n<p class=\"has-text-align-center has-buttons-text-color has-text-color has-link-color has-large-font-size wp-elements-4c5fa8b81174f05594e342dfebf5d05b\">Marie Sandoz, Anne-Katrin Weber, Roxane Gray<\/p>\n\n\n\n<p class=\"has-text-align-center has-buttons-text-color has-text-color has-link-color has-large-font-size wp-elements-f4f2663c8fc9a991b72414a56dea0774\">2024\u20132025<\/p>\n<\/div><\/div>\n<\/div>\n\n\n\n<div class=\"wp-block-column is-layout-flow wp-block-column-is-layout-flow\">\n<div class=\"wp-block-cover wp-duotone-000000-rgb101129255-2\" style=\"min-height:235px;aspect-ratio:unset;\"><span aria-hidden=\"true\" class=\"wp-block-cover__background has-background-dim\"><\/span><img alt=\"\" loading=\"lazy\" decoding=\"async\" width=\"1024\" height=\"760\" class=\"wp-block-cover__image-background wp-image-297\" alt=\"\" src=\"https:\/\/wp.unil.ch\/collectif-televisuel\/files\/2024\/09\/Photo-Dictionnaire-1024x760.png\" style=\"object-position:33% 67%\" data-object-fit=\"cover\" data-object-position=\"33% 67%\" srcset=\"https:\/\/wp.unil.ch\/collectif-televisuel\/files\/2024\/09\/Photo-Dictionnaire-1024x760.png 1024w, https:\/\/wp.unil.ch\/collectif-televisuel\/files\/2024\/09\/Photo-Dictionnaire-300x223.png 300w, https:\/\/wp.unil.ch\/collectif-televisuel\/files\/2024\/09\/Photo-Dictionnaire-768x570.png 768w, https:\/\/wp.unil.ch\/collectif-televisuel\/files\/2024\/09\/Photo-Dictionnaire-1536x1140.png 1536w, https:\/\/wp.unil.ch\/collectif-televisuel\/files\/2024\/09\/Photo-Dictionnaire-540x401.png 540w, https:\/\/wp.unil.ch\/collectif-televisuel\/files\/2024\/09\/Photo-Dictionnaire-1080x802.png 1080w, https:\/\/wp.unil.ch\/collectif-televisuel\/files\/2024\/09\/Photo-Dictionnaire.png 1600w\" sizes=\"auto, (max-width: 1024px) 100vw, 1024px\" \/><div class=\"wp-block-cover__inner-container is-layout-flow wp-block-cover-is-layout-flow\">\n<p class=\"has-text-align-center has-buttons-text-color has-text-color has-link-color has-large-font-size wp-elements-9466e7227fcb5b556bf02c11e862ced8\" style=\"text-transform:uppercase\"><a href=\"https:\/\/wp.unil.ch\/collectif-televisuel\/mediation\/les-femmes-a-la-television\/\"><strong>Les femmes \u00e0 la t\u00e9l\u00e9vision <\/strong><\/a><\/p>\n\n\n\n<p class=\"has-text-align-center has-large-font-size\">Projet de m\u00e9diation scientifique soutenu par l&rsquo;Atelier des histoires de l&rsquo;UNIL<\/p>\n\n\n\n<p class=\"has-text-align-center has-large-font-size\">Roxane Gray,  Anne-Katrin Weber, Adelina Osdautaj<\/p>\n\n\n\n<p class=\"has-text-align-center has-large-font-size\">2024\u20132025<\/p>\n<\/div><\/div>\n<\/div>\n<\/div>\n\n\n\n<div class=\"wp-block-group\"><div class=\"wp-block-group__inner-container is-layout-constrained wp-block-group-is-layout-constrained\">\n<div class=\"wp-block-columns is-layout-flex wp-container-core-columns-is-layout-9d6595d7 wp-block-columns-is-layout-flex\">\n<div class=\"wp-block-column is-layout-flow wp-block-column-is-layout-flow\"><\/div>\n\n\n\n<div class=\"wp-block-column is-layout-flow wp-block-column-is-layout-flow\"><\/div>\n<\/div>\n<\/div><\/div>\n","protected":false},"excerpt":{"rendered":"<p>Sensibles au r\u00f4le de l&rsquo;histoire pour comprendre la soci\u00e9t\u00e9 contemporaine, nous nous engageons dans des projets de m\u00e9diation scientifique qui prolongent et nourrissent nos recherches. Nous consid\u00e9rons ces&hellip;<\/p>\n","protected":false},"author":1002804,"featured_media":0,"parent":0,"menu_order":0,"comment_status":"closed","ping_status":"closed","template":"template-full-width.php","meta":{"_seopress_robots_primary_cat":"","_seopress_titles_title":"","_seopress_titles_desc":"","_seopress_robots_index":"","footnotes":""},"class_list":["post-413","page","type-page","status-publish","has-post-thumbnail"],"_links":{"self":[{"href":"https:\/\/wp.unil.ch\/collectif-televisuel\/wp-json\/wp\/v2\/pages\/413","targetHints":{"allow":["GET"]}}],"collection":[{"href":"https:\/\/wp.unil.ch\/collectif-televisuel\/wp-json\/wp\/v2\/pages"}],"about":[{"href":"https:\/\/wp.unil.ch\/collectif-televisuel\/wp-json\/wp\/v2\/types\/page"}],"author":[{"embeddable":true,"href":"https:\/\/wp.unil.ch\/collectif-televisuel\/wp-json\/wp\/v2\/users\/1002804"}],"replies":[{"embeddable":true,"href":"https:\/\/wp.unil.ch\/collectif-televisuel\/wp-json\/wp\/v2\/comments?post=413"}],"version-history":[{"count":5,"href":"https:\/\/wp.unil.ch\/collectif-televisuel\/wp-json\/wp\/v2\/pages\/413\/revisions"}],"predecessor-version":[{"id":2197,"href":"https:\/\/wp.unil.ch\/collectif-televisuel\/wp-json\/wp\/v2\/pages\/413\/revisions\/2197"}],"wp:attachment":[{"href":"https:\/\/wp.unil.ch\/collectif-televisuel\/wp-json\/wp\/v2\/media?parent=413"}],"curies":[{"name":"wp","href":"https:\/\/api.w.org\/{rel}","templated":true}]}}