{"id":289,"date":"2024-08-26T15:29:10","date_gmt":"2024-08-26T13:29:10","guid":{"rendered":"https:\/\/wp.unil.ch\/collectif-televisuel\/?page_id=289"},"modified":"2025-02-11T15:57:44","modified_gmt":"2025-02-11T14:57:44","slug":"enseignement","status":"publish","type":"page","link":"https:\/\/wp.unil.ch\/collectif-televisuel\/enseignement\/","title":{"rendered":"Enseignement"},"content":{"rendered":"\n<div class=\"wp-block-cover alignfull has-parallax wp-duotone-midnight\" style=\"min-height:300px;aspect-ratio:unset;\"><span aria-hidden=\"true\" class=\"wp-block-cover__background has-background-dim-0 has-background-dim\" style=\"background-color:#f1f5c7\"><\/span><div class=\"wp-block-cover__image-background wp-image-953 has-parallax\" style=\"background-position:50% 50%;background-image:url(https:\/\/wp.unil.ch\/collectif-televisuel\/files\/2024\/09\/Photo_projet-automation_Marie.png)\"><\/div><div class=\"wp-block-cover__inner-container is-layout-flow wp-block-cover-is-layout-flow\">\n<div class=\"wp-block-group\" style=\"padding-top:2em;padding-right:2em;padding-bottom:2em;padding-left:2em\"><div class=\"wp-block-group__inner-container is-layout-flow wp-block-group-is-layout-flow\">\n<h1 class=\"wp-block-heading alignfull\" style=\"font-size:36px\">ENSEIGNEMENT<strong> <\/strong><\/h1>\n<\/div><\/div>\n<\/div><\/div>\n\n\n\n<p>Les membres du Collectif dispensent des enseignements \u00e0 la <a href=\"https:\/\/www.unil.ch\/cin\" target=\"_blank\" rel=\"noreferrer noopener\">Section d&rsquo;histoire et esth\u00e9tique du cin\u00e9ma<\/a> de l&rsquo;Universit\u00e9 de Lausanne. <\/p>\n\n\n\n<ul class=\"wp-block-list\">\n<li>Printemps 2025: <a href=\"https:\/\/applicationspub.unil.ch\/interpub\/noauth\/php\/Ud\/ficheCours.php?v_enstyid=95551&amp;v_langue=fr\">L\u2019Eurovision, une histoire transnationale de la t\u00e9l\u00e9vision dans l\u2019Europe de l&rsquo;apr\u00e8s-guerre<\/a>, cours-s\u00e9minare BA, Anne-Katrin Weber, avec des interventions de Marie Sandoz<\/li>\n\n\n\n<li>Automne 2024: <a href=\"https:\/\/applicationspub.unil.ch\/interpub\/noauth\/php\/Ud\/ficheCours.php?v_enstyid=95568&amp;v_ueid=174&amp;v_langue=37\" target=\"_blank\" rel=\"noreferrer noopener\">Madame TV et ses dames de l&rsquo;ombre : une histoire des femmes \u00e0 la TSR<\/a>, cours-s\u00e9minaire MA, Roxane Gray et Anne-Katrin Weber<\/li>\n\n\n\n<li>Automne 2024: <a href=\"https:\/\/applicationspub.unil.ch\/interpub\/noauth\/php\/Ud\/ficheCours.php?v_enstyid=95514&amp;v_langue=fr\" target=\"_blank\" rel=\"noreferrer noopener\">Etudier les s\u00e9ries TV<\/a>, cours-s\u00e9minaire BA, Mireille Berton<\/li>\n\n\n\n<li>Automne 2024: <a href=\"https:\/\/applicationspub.unil.ch\/interpub\/noauth\/php\/Ud\/ficheCours.php?v_enstyid=96724&amp;v_langue=fr\" target=\"_blank\" rel=\"noreferrer noopener\">L&rsquo;antiquit\u00e9 \u00e0 l&rsquo;\u00e9cran<\/a>, cours-s\u00e9minaire BA, Mireille Berton et Anne Bielman<\/li>\n\n\n\n<li>Printemps 2024: <a href=\"https:\/\/applicationspub.unil.ch\/interpub\/noauth\/php\/Ud\/ficheCours.php?v_enstyid=92104&amp;v_ueid=174&amp;v_langue=37\" target=\"_blank\" rel=\"noreferrer noopener\">Introduction \u00e0 l&rsquo;histoire de la t\u00e9l\u00e9vision en Suisse<\/a>, cours-s\u00e9minaire BA, Anne-Katrin Weber<\/li>\n\n\n\n<li>Printemps 2023: <a href=\"https:\/\/vorlesungsverzeichnis.unibas.ch\/de\/recherche?id=274533\" target=\"_blank\" rel=\"noreferrer noopener\">Denkkollektive des Umweltwissens<\/a>, cours-s\u00e9minaire BA, Universit\u00e9 de B\u00e2le, Lisa Cronj\u00e4ger<\/li>\n\n\n\n<li>Printemps 2022: <a href=\"https:\/\/applicationspub.unil.ch\/interpub\/noauth\/php\/Ud\/ficheCours.php?v_enstyid=81807&amp;v_ueid=174&amp;v_langue=37\" target=\"_blank\" rel=\"noreferrer noopener\">Les festivals de t\u00e9l\u00e9vision en Suisse de 1950 \u00e0 nos jours<\/a>, cours-s\u00e9minaire MA, Roxane Gray<\/li>\n<\/ul>\n\n\n\n<div class=\"wp-block-columns alignwide are-vertically-aligned-top is-layout-flex wp-container-core-columns-is-layout-9d6595d7 wp-block-columns-is-layout-flex\">\n<div class=\"wp-block-column is-layout-flow wp-block-column-is-layout-flow\"><\/div>\n<\/div>\n\n\n\n<p><\/p>\n","protected":false},"excerpt":{"rendered":"<p>Les membres du Collectif dispensent des enseignements \u00e0 la Section d&rsquo;histoire et esth\u00e9tique du cin\u00e9ma de l&rsquo;Universit\u00e9 de Lausanne.<\/p>\n","protected":false},"author":1002804,"featured_media":0,"parent":0,"menu_order":0,"comment_status":"closed","ping_status":"closed","template":"template-full-width.php","meta":{"_seopress_robots_primary_cat":"","_seopress_titles_title":"","_seopress_titles_desc":"","_seopress_robots_index":"","footnotes":""},"class_list":["post-289","page","type-page","status-publish","has-post-thumbnail"],"_links":{"self":[{"href":"https:\/\/wp.unil.ch\/collectif-televisuel\/wp-json\/wp\/v2\/pages\/289","targetHints":{"allow":["GET"]}}],"collection":[{"href":"https:\/\/wp.unil.ch\/collectif-televisuel\/wp-json\/wp\/v2\/pages"}],"about":[{"href":"https:\/\/wp.unil.ch\/collectif-televisuel\/wp-json\/wp\/v2\/types\/page"}],"author":[{"embeddable":true,"href":"https:\/\/wp.unil.ch\/collectif-televisuel\/wp-json\/wp\/v2\/users\/1002804"}],"replies":[{"embeddable":true,"href":"https:\/\/wp.unil.ch\/collectif-televisuel\/wp-json\/wp\/v2\/comments?post=289"}],"version-history":[{"count":5,"href":"https:\/\/wp.unil.ch\/collectif-televisuel\/wp-json\/wp\/v2\/pages\/289\/revisions"}],"predecessor-version":[{"id":1919,"href":"https:\/\/wp.unil.ch\/collectif-televisuel\/wp-json\/wp\/v2\/pages\/289\/revisions\/1919"}],"wp:attachment":[{"href":"https:\/\/wp.unil.ch\/collectif-televisuel\/wp-json\/wp\/v2\/media?parent=289"}],"curies":[{"name":"wp","href":"https:\/\/api.w.org\/{rel}","templated":true}]}}