{"id":241,"date":"2024-06-13T22:16:57","date_gmt":"2024-06-13T20:16:57","guid":{"rendered":"https:\/\/wp.unil.ch\/collectif-televisuel\/?page_id=241"},"modified":"2025-02-11T18:16:03","modified_gmt":"2025-02-11T17:16:03","slug":"accueil","status":"publish","type":"page","link":"https:\/\/wp.unil.ch\/collectif-televisuel\/","title":{"rendered":""},"content":{"rendered":"\n<p>Fond\u00e9 en 2024 \u00e0 l\u2019Universit\u00e9 de Lausanne, le <em>Collectif de recherche sur le t\u00e9l\u00e9visuel <\/em>r\u00e9unit des chercheuses et chercheurs travaillant \u00e0 la crois\u00e9e de l\u2019histoire de la t\u00e9l\u00e9vision, des m\u00e9dias et de l\u2019audiovisuel. Ensemble, nous d\u00e9veloppons une approche mat\u00e9rielle et historique du m\u00e9dium qui revisite la d\u00e9finition de \u00ab&nbsp;la t\u00e9l\u00e9vision&nbsp;\u00bb au profit d\u2019une conception \u00e9largie \u00ab&nbsp;du&nbsp;t\u00e9l\u00e9visuel&nbsp;\u00bb englobant les dispositifs pluriels de la vision \u00e0 distance. <\/p>\n\n\n\n<div class=\"wp-block-buttons is-layout-flex wp-block-buttons-is-layout-flex\">\n<div class=\"wp-block-button has-custom-font-size is-style-outline has-normal-font-size is-style-outline--1\" style=\"text-transform:uppercase\"><a class=\"wp-block-button__link has-buttons-text-background-color has-background wp-element-button\" href=\"https:\/\/wp.unil.ch\/collectif-televisuel\/personnes\/\">Qui sommes nous ?<\/a><\/div>\n\n\n\n<div class=\"wp-block-button has-custom-font-size is-style-outline has-normal-font-size is-style-outline--2\" style=\"text-transform:uppercase\"><a class=\"wp-block-button__link wp-element-button\" href=\"https:\/\/wp.unil.ch\/collectif-televisuel\/recherches\/\">Projets de recherche<\/a><\/div>\n\n\n\n<div class=\"wp-block-button has-custom-font-size is-style-outline has-normal-font-size is-style-outline--3\" style=\"text-transform:uppercase\"><a class=\"wp-block-button__link wp-element-button\" href=\"https:\/\/wp.unil.ch\/collectif-televisuel\/enseignement\/\">Enseignement<\/a><\/div>\n\n\n\n<div class=\"wp-block-button has-custom-font-size is-style-outline has-normal-font-size is-style-outline--4\" style=\"text-transform:uppercase\"><a class=\"wp-block-button__link wp-element-button\" href=\"https:\/\/wp.unil.ch\/collectif-televisuel\/mediation\/\">M\u00e9diation scientifique<\/a><\/div>\n\n\n\n<div class=\"wp-block-button has-custom-font-size is-style-outline has-normal-font-size is-style-outline--5\" style=\"text-transform:uppercase\"><a class=\"wp-block-button__link wp-element-button\" href=\"https:\/\/wp.unil.ch\/collectif-televisuel\/publications\/\">Publications<\/a><\/div>\n\n\n\n<div class=\"wp-block-button has-custom-font-size is-style-outline has-normal-font-size is-style-outline--6\" style=\"text-transform:uppercase\"><a class=\"wp-block-button__link wp-element-button\" href=\"https:\/\/wp.unil.ch\/collectif-televisuel\/activites\/\">Nos activit\u00e9s<\/a><\/div>\n\n\n\n<div class=\"wp-block-button has-custom-font-size is-style-outline has-normal-font-size is-style-outline--7\" style=\"text-transform:uppercase\"><a class=\"wp-block-button__link wp-element-button\" href=\"https:\/\/wp.unil.ch\/collectif-televisuel\/recherches\/operative-tv\/les-circuits-de-la-television\/\">Conf\u00e9rence <em>Les circuits de la t\u00e9l\u00e9vision<\/em><\/a><\/div>\n<\/div>\n\n\n\n<div style=\"height:100px\" aria-hidden=\"true\" class=\"wp-block-spacer\"><\/div>\n\n\n\n<div class=\"wp-block-cover alignfull has-parallax wp-duotone-000000-05ffc3-8\" style=\"min-height:430px;aspect-ratio:unset;\"><span aria-hidden=\"true\" class=\"wp-block-cover__background has-background-dim-0 has-background-dim\" style=\"background-color:#000000\"><\/span><div class=\"wp-block-cover__image-background wp-image-541 has-parallax\" style=\"background-position:100% 50%;background-image:url(https:\/\/wp.unil.ch\/collectif-televisuel\/files\/2024\/09\/photo-Operative-TV_Schanzenpost-Bern.jpg)\"><\/div><div class=\"wp-block-cover__inner-container is-layout-flow wp-block-cover-is-layout-flow\">\n<h2 class=\"wp-block-heading alignwide has-white-color has-text-color\" style=\"font-size:48px;line-height:1.2\"><\/h2>\n\n\n\n<div class=\"wp-block-columns alignwide is-layout-flex wp-container-core-columns-is-layout-9d6595d7 wp-block-columns-is-layout-flex\">\n<div class=\"wp-block-column is-layout-flow wp-block-column-is-layout-flow\"><\/div>\n<\/div>\n<\/div><\/div>\n","protected":false},"excerpt":{"rendered":"<p>Fond\u00e9 en 2024 \u00e0 l\u2019Universit\u00e9 de Lausanne, le Collectif de recherche sur le t\u00e9l\u00e9visuel r\u00e9unit des chercheuses et chercheurs travaillant \u00e0 la crois\u00e9e de l\u2019histoire de la t\u00e9l\u00e9vision,&hellip;<\/p>\n","protected":false},"author":1002804,"featured_media":211,"parent":0,"menu_order":0,"comment_status":"closed","ping_status":"closed","template":"template-full-width-cover.php","meta":{"_seopress_robots_primary_cat":"","_seopress_titles_title":"","_seopress_titles_desc":"","_seopress_robots_index":"","footnotes":""},"class_list":["post-241","page","type-page","status-publish","has-post-thumbnail"],"_links":{"self":[{"href":"https:\/\/wp.unil.ch\/collectif-televisuel\/wp-json\/wp\/v2\/pages\/241","targetHints":{"allow":["GET"]}}],"collection":[{"href":"https:\/\/wp.unil.ch\/collectif-televisuel\/wp-json\/wp\/v2\/pages"}],"about":[{"href":"https:\/\/wp.unil.ch\/collectif-televisuel\/wp-json\/wp\/v2\/types\/page"}],"author":[{"embeddable":true,"href":"https:\/\/wp.unil.ch\/collectif-televisuel\/wp-json\/wp\/v2\/users\/1002804"}],"replies":[{"embeddable":true,"href":"https:\/\/wp.unil.ch\/collectif-televisuel\/wp-json\/wp\/v2\/comments?post=241"}],"version-history":[{"count":5,"href":"https:\/\/wp.unil.ch\/collectif-televisuel\/wp-json\/wp\/v2\/pages\/241\/revisions"}],"predecessor-version":[{"id":2023,"href":"https:\/\/wp.unil.ch\/collectif-televisuel\/wp-json\/wp\/v2\/pages\/241\/revisions\/2023"}],"wp:featuredmedia":[{"embeddable":true,"href":"https:\/\/wp.unil.ch\/collectif-televisuel\/wp-json\/wp\/v2\/media\/211"}],"wp:attachment":[{"href":"https:\/\/wp.unil.ch\/collectif-televisuel\/wp-json\/wp\/v2\/media?parent=241"}],"curies":[{"name":"wp","href":"https:\/\/api.w.org\/{rel}","templated":true}]}}