{"id":219,"date":"2024-06-13T15:22:53","date_gmt":"2024-06-13T13:22:53","guid":{"rendered":"https:\/\/wp.unil.ch\/collectif-televisuel\/?page_id=219"},"modified":"2025-04-11T16:17:25","modified_gmt":"2025-04-11T14:17:25","slug":"personnes","status":"publish","type":"page","link":"https:\/\/wp.unil.ch\/collectif-televisuel\/personnes\/","title":{"rendered":"Qui sommes nous?"},"content":{"rendered":"\n<div class=\"wp-block-cover alignfull has-parallax wp-duotone-000000-rgb2550217-1\" style=\"min-height:300px;aspect-ratio:unset;\"><span aria-hidden=\"true\" class=\"wp-block-cover__background has-background-dim-0 has-background-dim\" style=\"background-color:#f1f5c7\"><\/span><div class=\"wp-block-cover__image-background wp-image-1815 has-parallax\" style=\"background-position:50% 50%;background-image:url(https:\/\/wp.unil.ch\/collectif-televisuel\/files\/2025\/01\/soutenance-Roxane.jpeg)\"><\/div><div class=\"wp-block-cover__inner-container is-layout-flow wp-block-cover-is-layout-flow\">\n<div class=\"wp-block-group\" style=\"padding-top:2em;padding-right:2em;padding-bottom:2em;padding-left:2em\"><div class=\"wp-block-group__inner-container is-layout-flow wp-block-group-is-layout-flow\">\n<h1 class=\"wp-block-heading alignfull\" style=\"font-size:36px\"><strong>QUI SOMMES NOUS? <\/strong><\/h1>\n<\/div><\/div>\n<\/div><\/div>\n\n\n\n<p class=\"has-normal-font-size\">Fond\u00e9 en 2024 \u00e0 l&rsquo;Universit\u00e9 de Lausanne, le <em>Collectif de recherche sur le t\u00e9l\u00e9visuel <\/em>r\u00e9unit des chercheuses et chercheurs travaillant \u00e0 la crois\u00e9e de l&rsquo;histoire de la t\u00e9l\u00e9vision, des m\u00e9dias et de l&rsquo;audiovisuel. Ensemble, nous d\u00e9veloppons une approche mat\u00e9rielle et historique du m\u00e9dium qui revisite la d\u00e9finition de \u00ab&nbsp;la t\u00e9l\u00e9vision&nbsp;\u00bb au profit d\u2019une conception \u00e9largie \u00ab&nbsp;du&nbsp;t\u00e9l\u00e9visuel&nbsp;\u00bb englobant les dispositifs pluriels de la vision \u00e0 distance. Nos <a href=\"https:\/\/wp.unil.ch\/collectif-televisuel\/publications\/\" data-type=\"page\" data-id=\"1114\">publications<\/a> portent autant sur le <em>mass media<\/em> que sur les circuits ferm\u00e9s de la vid\u00e9osurveillance, sur les images scientifiques produites dans des laboratoires de l&rsquo;apr\u00e8s-guerre ou encore sur la vid\u00e9o militante des ann\u00e9es 1970-1980. Ils mettent \u00e0 jour le r\u00f4le politique, \u00e9ducatif, \u00e9conomique et plus largement op\u00e9rationnel de l\u2019audiovisuel de la fin du 19\u00e8 si\u00e8cle \u00e0 aujourd&rsquo;hui.<\/p>\n\n\n\n<div class=\"wp-block-group l&apos;equipe is-layout-grid wp-container-core-group-is-layout-9649a0d9 wp-block-group-is-layout-grid\"><\/div>\n\n\n\n<p><\/p>\n\n\n\n<figure class=\"wp-block-gallery has-nested-images columns-3 is-cropped team wp-block-gallery-11 is-layout-flex wp-block-gallery-is-layout-flex\">\n<figure class=\"wp-block-image size-full is-style-default wp-duotone-000000-rgb243153255-2\"><a href=\"https:\/\/wp.unil.ch\/collectif-televisuel\/personnes\/marie-sandoz\/\"><img alt=\"\" loading=\"lazy\" decoding=\"async\" width=\"900\" height=\"1200\" data-id=\"951\" src=\"https:\/\/wp.unil.ch\/collectif-televisuel\/files\/2024\/09\/Marie-Sandoz-portrait.jpg\" alt=\"\" class=\"wp-image-951\" srcset=\"https:\/\/wp.unil.ch\/collectif-televisuel\/files\/2024\/09\/Marie-Sandoz-portrait.jpg 900w, https:\/\/wp.unil.ch\/collectif-televisuel\/files\/2024\/09\/Marie-Sandoz-portrait-225x300.jpg 225w, https:\/\/wp.unil.ch\/collectif-televisuel\/files\/2024\/09\/Marie-Sandoz-portrait-768x1024.jpg 768w, https:\/\/wp.unil.ch\/collectif-televisuel\/files\/2024\/09\/Marie-Sandoz-portrait-9x12.jpg 9w, https:\/\/wp.unil.ch\/collectif-televisuel\/files\/2024\/09\/Marie-Sandoz-portrait-540x720.jpg 540w\" sizes=\"auto, (max-width: 900px) 100vw, 900px\" \/><\/a><figcaption class=\"wp-element-caption\"><strong>Marie Sandoz<\/strong><\/figcaption><\/figure>\n\n\n\n<figure class=\"wp-block-image size-full is-style-default wp-duotone-000000-rgb243153255-3\"><a href=\"https:\/\/wp.unil.ch\/collectif-televisuel\/audrey-hostettler\/\"><img loading=\"lazy\" decoding=\"async\" width=\"427\" height=\"510\" data-id=\"2079\" src=\"https:\/\/wp.unil.ch\/collectif-televisuel\/files\/2025\/04\/ahostettler.png\" alt=\"ahostettler\" class=\"wp-image-2079\" srcset=\"https:\/\/wp.unil.ch\/collectif-televisuel\/files\/2025\/04\/ahostettler.png 427w, https:\/\/wp.unil.ch\/collectif-televisuel\/files\/2025\/04\/ahostettler-251x300.png 251w, https:\/\/wp.unil.ch\/collectif-televisuel\/files\/2025\/04\/ahostettler-10x12.png 10w\" sizes=\"auto, (max-width: 427px) 100vw, 427px\" \/><\/a><figcaption class=\"wp-element-caption\"><strong>Audrey Hostettler<\/strong><\/figcaption><\/figure>\n\n\n\n<figure class=\"wp-block-image size-full is-style-default wp-duotone-000000-f399ff-4\"><a href=\"https:\/\/wp.unil.ch\/collectif-televisuel\/personnes\/roxane-gray\/\"><img alt=\"\" loading=\"lazy\" decoding=\"async\" width=\"900\" height=\"1200\" data-id=\"295\" src=\"https:\/\/wp.unil.ch\/collectif-televisuel\/files\/2024\/09\/Roxane_GRAY_photo-portrait.jpeg\" alt=\"\" class=\"wp-image-295\" srcset=\"https:\/\/wp.unil.ch\/collectif-televisuel\/files\/2024\/09\/Roxane_GRAY_photo-portrait.jpeg 900w, https:\/\/wp.unil.ch\/collectif-televisuel\/files\/2024\/09\/Roxane_GRAY_photo-portrait-225x300.jpeg 225w, https:\/\/wp.unil.ch\/collectif-televisuel\/files\/2024\/09\/Roxane_GRAY_photo-portrait-768x1024.jpeg 768w, https:\/\/wp.unil.ch\/collectif-televisuel\/files\/2024\/09\/Roxane_GRAY_photo-portrait-540x720.jpeg 540w\" sizes=\"auto, (max-width: 900px) 100vw, 900px\" \/><\/a><figcaption class=\"wp-element-caption\"><strong>Roxane Gray<\/strong><\/figcaption><\/figure>\n\n\n\n<figure class=\"wp-block-image size-full is-style-default wp-duotone-000000-rgb243153255-5\"><a href=\"https:\/\/wp.unil.ch\/collectif-televisuel\/personnes\/anne-katrin-weber\/\"><img alt=\"\" loading=\"lazy\" decoding=\"async\" width=\"1200\" height=\"700\" data-id=\"296\" src=\"https:\/\/wp.unil.ch\/collectif-televisuel\/files\/2024\/09\/anne-katrin_weber-6544.jpg\" alt=\"\" class=\"wp-image-296\" srcset=\"https:\/\/wp.unil.ch\/collectif-televisuel\/files\/2024\/09\/anne-katrin_weber-6544.jpg 1200w, https:\/\/wp.unil.ch\/collectif-televisuel\/files\/2024\/09\/anne-katrin_weber-6544-300x175.jpg 300w, https:\/\/wp.unil.ch\/collectif-televisuel\/files\/2024\/09\/anne-katrin_weber-6544-1024x597.jpg 1024w, https:\/\/wp.unil.ch\/collectif-televisuel\/files\/2024\/09\/anne-katrin_weber-6544-768x448.jpg 768w, https:\/\/wp.unil.ch\/collectif-televisuel\/files\/2024\/09\/anne-katrin_weber-6544-540x315.jpg 540w, https:\/\/wp.unil.ch\/collectif-televisuel\/files\/2024\/09\/anne-katrin_weber-6544-1080x630.jpg 1080w\" sizes=\"auto, (max-width: 1200px) 100vw, 1200px\" \/><\/a><figcaption class=\"wp-element-caption\"><strong>Anne-Katrin Weber<\/strong><\/figcaption><\/figure>\n\n\n\n<figure class=\"wp-block-image size-full is-style-default wp-duotone-000000-rgb243153255-6\"><a href=\"https:\/\/wp.unil.ch\/collectif-televisuel\/personnes\/mireille-berton\/\"><img loading=\"lazy\" decoding=\"async\" width=\"284\" height=\"334\" data-id=\"717\" src=\"https:\/\/wp.unil.ch\/collectif-televisuel\/files\/2024\/09\/portrait-Mireille.jpg\" alt=\"Mireille Berton\" class=\"wp-image-717\" srcset=\"https:\/\/wp.unil.ch\/collectif-televisuel\/files\/2024\/09\/portrait-Mireille.jpg 284w, https:\/\/wp.unil.ch\/collectif-televisuel\/files\/2024\/09\/portrait-Mireille-255x300.jpg 255w\" sizes=\"auto, (max-width: 284px) 100vw, 284px\" \/><\/a><figcaption class=\"wp-element-caption\"><strong>Mireille Berton<\/strong><\/figcaption><\/figure>\n\n\n\n<figure class=\"wp-block-image size-full is-style-default wp-duotone-000000-rgb243153255-7\"><a href=\"https:\/\/wp.unil.ch\/collectif-televisuel\/personnes\/adelina-osdautaj\/\"><img alt=\"\" loading=\"lazy\" decoding=\"async\" width=\"937\" height=\"1200\" data-id=\"1414\" src=\"https:\/\/wp.unil.ch\/collectif-televisuel\/files\/2024\/10\/photo_Adelina.jpg\" alt=\"\" class=\"wp-image-1414\" srcset=\"https:\/\/wp.unil.ch\/collectif-televisuel\/files\/2024\/10\/photo_Adelina.jpg 937w, https:\/\/wp.unil.ch\/collectif-televisuel\/files\/2024\/10\/photo_Adelina-234x300.jpg 234w, https:\/\/wp.unil.ch\/collectif-televisuel\/files\/2024\/10\/photo_Adelina-800x1024.jpg 800w, https:\/\/wp.unil.ch\/collectif-televisuel\/files\/2024\/10\/photo_Adelina-768x984.jpg 768w, https:\/\/wp.unil.ch\/collectif-televisuel\/files\/2024\/10\/photo_Adelina-9x12.jpg 9w, https:\/\/wp.unil.ch\/collectif-televisuel\/files\/2024\/10\/photo_Adelina-540x692.jpg 540w\" sizes=\"auto, (max-width: 937px) 100vw, 937px\" \/><\/a><figcaption class=\"wp-element-caption\"><strong>Adelina Osdautaj<\/strong><\/figcaption><\/figure>\n\n\n\n<figure class=\"wp-block-image size-full wp-duotone-000000-f399ff-8\"><a href=\"https:\/\/wp.unil.ch\/collectif-televisuel\/personnes\/daniela-zetti\/\"><img alt=\"\" loading=\"lazy\" decoding=\"async\" width=\"640\" height=\"426\" data-id=\"1823\" src=\"https:\/\/wp.unil.ch\/collectif-televisuel\/files\/2025\/01\/photo_DanielaZetti.jpeg\" alt=\"\" class=\"wp-image-1823\" srcset=\"https:\/\/wp.unil.ch\/collectif-televisuel\/files\/2025\/01\/photo_DanielaZetti.jpeg 640w, https:\/\/wp.unil.ch\/collectif-televisuel\/files\/2025\/01\/photo_DanielaZetti-300x200.jpeg 300w, https:\/\/wp.unil.ch\/collectif-televisuel\/files\/2025\/01\/photo_DanielaZetti-18x12.jpeg 18w, https:\/\/wp.unil.ch\/collectif-televisuel\/files\/2025\/01\/photo_DanielaZetti-540x359.jpeg 540w\" sizes=\"auto, (max-width: 640px) 100vw, 640px\" \/><\/a><figcaption class=\"wp-element-caption\"><strong>Daniela Zetti<\/strong><\/figcaption><\/figure>\n\n\n\n<figure class=\"wp-block-image size-full wp-duotone-000000-f399ff-9\"><a href=\"https:\/\/wp.unil.ch\/collectif-televisuel\/sabine-egli\/\"><img loading=\"lazy\" decoding=\"async\" width=\"901\" height=\"1200\" data-id=\"2109\" src=\"https:\/\/wp.unil.ch\/collectif-televisuel\/files\/2025\/04\/photo-sabine.png\" alt=\"photo sabine\" class=\"wp-image-2109\" srcset=\"https:\/\/wp.unil.ch\/collectif-televisuel\/files\/2025\/04\/photo-sabine.png 901w, https:\/\/wp.unil.ch\/collectif-televisuel\/files\/2025\/04\/photo-sabine-225x300.png 225w, https:\/\/wp.unil.ch\/collectif-televisuel\/files\/2025\/04\/photo-sabine-769x1024.png 769w, https:\/\/wp.unil.ch\/collectif-televisuel\/files\/2025\/04\/photo-sabine-768x1023.png 768w, https:\/\/wp.unil.ch\/collectif-televisuel\/files\/2025\/04\/photo-sabine-9x12.png 9w, https:\/\/wp.unil.ch\/collectif-televisuel\/files\/2025\/04\/photo-sabine-540x719.png 540w\" sizes=\"auto, (max-width: 901px) 100vw, 901px\" \/><\/a><figcaption class=\"wp-element-caption\"><strong>Sabine Egli<\/strong><\/figcaption><\/figure>\n\n\n\n<figure class=\"wp-block-image size-full wp-duotone-000000-f399ff-10\"><img alt=\"\" loading=\"lazy\" decoding=\"async\" width=\"512\" height=\"512\" data-id=\"907\" src=\"https:\/\/wp.unil.ch\/collectif-televisuel\/files\/2024\/06\/cropped-Fernsehen-in-der-Welt-1.png\" alt=\"\" class=\"wp-image-907\" srcset=\"https:\/\/wp.unil.ch\/collectif-televisuel\/files\/2024\/06\/cropped-Fernsehen-in-der-Welt-1.png 512w, https:\/\/wp.unil.ch\/collectif-televisuel\/files\/2024\/06\/cropped-Fernsehen-in-der-Welt-1-300x300.png 300w, https:\/\/wp.unil.ch\/collectif-televisuel\/files\/2024\/06\/cropped-Fernsehen-in-der-Welt-1-150x150.png 150w, https:\/\/wp.unil.ch\/collectif-televisuel\/files\/2024\/06\/cropped-Fernsehen-in-der-Welt-1-12x12.png 12w, https:\/\/wp.unil.ch\/collectif-televisuel\/files\/2024\/06\/cropped-Fernsehen-in-der-Welt-1-270x270.png 270w, https:\/\/wp.unil.ch\/collectif-televisuel\/files\/2024\/06\/cropped-Fernsehen-in-der-Welt-1-192x192.png 192w, https:\/\/wp.unil.ch\/collectif-televisuel\/files\/2024\/06\/cropped-Fernsehen-in-der-Welt-1-180x180.png 180w, https:\/\/wp.unil.ch\/collectif-televisuel\/files\/2024\/06\/cropped-Fernsehen-in-der-Welt-1-32x32.png 32w\" sizes=\"auto, (max-width: 512px) 100vw, 512px\" \/><\/figure>\n<\/figure>\n\n\n\n<hr class=\"wp-block-separator has-alpha-channel-opacity\" \/>\n\n\n\n<h2 class=\"wp-block-heading\">Anciens membres<\/h2>\n\n\n\n<figure class=\"wp-block-gallery has-nested-images columns-default is-cropped wp-block-gallery-12 is-layout-flex wp-block-gallery-is-layout-flex\">\n<figure class=\"wp-block-image size-large wp-duotone-midnight\"><img alt=\"\" loading=\"lazy\" decoding=\"async\" width=\"768\" height=\"1024\" data-id=\"1208\" src=\"https:\/\/wp.unil.ch\/collectif-televisuel\/files\/2024\/09\/sebastien_2-768x1024.jpg\" alt=\"\" class=\"wp-image-1208\" srcset=\"https:\/\/wp.unil.ch\/collectif-televisuel\/files\/2024\/09\/sebastien_2-768x1024.jpg 768w, https:\/\/wp.unil.ch\/collectif-televisuel\/files\/2024\/09\/sebastien_2-225x300.jpg 225w, https:\/\/wp.unil.ch\/collectif-televisuel\/files\/2024\/09\/sebastien_2-9x12.jpg 9w, https:\/\/wp.unil.ch\/collectif-televisuel\/files\/2024\/09\/sebastien_2-540x720.jpg 540w, https:\/\/wp.unil.ch\/collectif-televisuel\/files\/2024\/09\/sebastien_2.jpg 810w\" sizes=\"auto, (max-width: 768px) 100vw, 768px\" \/><figcaption class=\"wp-element-caption\">S\u00e9bastien  Scheiwiller<\/figcaption><\/figure>\n\n\n\n<figure class=\"wp-block-image size-large wp-duotone-midnight\"><img alt=\"\" loading=\"lazy\" decoding=\"async\" width=\"591\" height=\"827\" data-id=\"298\" src=\"https:\/\/wp.unil.ch\/collectif-televisuel\/files\/2024\/09\/lisa-cronjaeger_photo_portrait.jpg\" alt=\"\" class=\"wp-image-298\" srcset=\"https:\/\/wp.unil.ch\/collectif-televisuel\/files\/2024\/09\/lisa-cronjaeger_photo_portrait.jpg 591w, https:\/\/wp.unil.ch\/collectif-televisuel\/files\/2024\/09\/lisa-cronjaeger_photo_portrait-214x300.jpg 214w, https:\/\/wp.unil.ch\/collectif-televisuel\/files\/2024\/09\/lisa-cronjaeger_photo_portrait-540x756.jpg 540w\" sizes=\"auto, (max-width: 591px) 100vw, 591px\" \/><figcaption class=\"wp-element-caption\">Lisa Cronj\u00e4ger<\/figcaption><\/figure>\n\n\n\n<figure class=\"wp-block-image size-large wp-duotone-midnight\"><img alt=\"\" loading=\"lazy\" decoding=\"async\" width=\"768\" height=\"1024\" data-id=\"294\" src=\"https:\/\/wp.unil.ch\/collectif-televisuel\/files\/2024\/09\/Photo_CHETRIT_Candice-768x1024.jpeg\" alt=\"\" class=\"wp-image-294\" srcset=\"https:\/\/wp.unil.ch\/collectif-televisuel\/files\/2024\/09\/Photo_CHETRIT_Candice-768x1024.jpeg 768w, https:\/\/wp.unil.ch\/collectif-televisuel\/files\/2024\/09\/Photo_CHETRIT_Candice-225x300.jpeg 225w, https:\/\/wp.unil.ch\/collectif-televisuel\/files\/2024\/09\/Photo_CHETRIT_Candice-540x720.jpeg 540w, https:\/\/wp.unil.ch\/collectif-televisuel\/files\/2024\/09\/Photo_CHETRIT_Candice.jpeg 900w\" sizes=\"auto, (max-width: 768px) 100vw, 768px\" \/><figcaption class=\"wp-element-caption\">Candice Ch\u00e9trit<\/figcaption><\/figure>\n<\/figure>\n\n\n\n<p><\/p>\n","protected":false},"excerpt":{"rendered":"<p>Fond\u00e9 en 2024 \u00e0 l&rsquo;Universit\u00e9 de Lausanne, le Collectif de recherche sur le t\u00e9l\u00e9visuel r\u00e9unit des chercheuses et chercheurs travaillant \u00e0 la crois\u00e9e de l&rsquo;histoire de la t\u00e9l\u00e9vision,&hellip;<\/p>\n","protected":false},"author":1002804,"featured_media":0,"parent":0,"menu_order":0,"comment_status":"closed","ping_status":"closed","template":"template-full-width.php","meta":{"_seopress_robots_primary_cat":"","_seopress_titles_title":"","_seopress_titles_desc":"","_seopress_robots_index":"","footnotes":""},"class_list":["post-219","page","type-page","status-publish","has-post-thumbnail"],"_links":{"self":[{"href":"https:\/\/wp.unil.ch\/collectif-televisuel\/wp-json\/wp\/v2\/pages\/219","targetHints":{"allow":["GET"]}}],"collection":[{"href":"https:\/\/wp.unil.ch\/collectif-televisuel\/wp-json\/wp\/v2\/pages"}],"about":[{"href":"https:\/\/wp.unil.ch\/collectif-televisuel\/wp-json\/wp\/v2\/types\/page"}],"author":[{"embeddable":true,"href":"https:\/\/wp.unil.ch\/collectif-televisuel\/wp-json\/wp\/v2\/users\/1002804"}],"replies":[{"embeddable":true,"href":"https:\/\/wp.unil.ch\/collectif-televisuel\/wp-json\/wp\/v2\/comments?post=219"}],"version-history":[{"count":5,"href":"https:\/\/wp.unil.ch\/collectif-televisuel\/wp-json\/wp\/v2\/pages\/219\/revisions"}],"predecessor-version":[{"id":2191,"href":"https:\/\/wp.unil.ch\/collectif-televisuel\/wp-json\/wp\/v2\/pages\/219\/revisions\/2191"}],"wp:attachment":[{"href":"https:\/\/wp.unil.ch\/collectif-televisuel\/wp-json\/wp\/v2\/media?parent=219"}],"curies":[{"name":"wp","href":"https:\/\/api.w.org\/{rel}","templated":true}]}}