{"id":2111,"date":"2025-04-10T15:47:33","date_gmt":"2025-04-10T13:47:33","guid":{"rendered":"https:\/\/wp.unil.ch\/collectif-televisuel\/?page_id=2111"},"modified":"2025-05-08T11:47:22","modified_gmt":"2025-05-08T09:47:22","slug":"sabine-egli","status":"publish","type":"page","link":"https:\/\/wp.unil.ch\/collectif-televisuel\/sabine-egli\/","title":{"rendered":"Sabine Egli"},"content":{"rendered":"\n<h2 class=\"wp-block-heading\">Sabine Egli<\/h2>\n\n\n\n<p><strong>Sabine Egli<\/strong>\u00a0est doctorante au sein du projet de recherche FNS <a href=\"https:\/\/graphecran.hypotheses.org\/projet-fns\" data-type=\"link\" data-id=\"https:\/\/graphecran.hypotheses.org\/projet-fns\">Le graphisme pour l\u2019\u00e9cran\u00a0: diapositive, film fixe, cin\u00e9ma, t\u00e9l\u00e9vision (1945-1980)<\/a>. Elle a obtenu un bachelor en histoire de l\u2019art et en langue et litt\u00e9rature allemandes aux universit\u00e9s de Zurich et de Vienne et un master en histoire de l\u2019art et de l\u2019image \u00e0 l\u2019universit\u00e9 Humboldt de Berlin, avec un m\u00e9moire sur l\u2019\u0153uvre photographique d\u2019Alice Lex-Nerlinger. Dans le cadre de sa th\u00e8se, elle \u00e9tudie\u00a0<a href=\"https:\/\/graphecran.hypotheses.org\/le-graphisme-en-mouvement\">la place de l\u2019\u00e9cran de t\u00e9l\u00e9vision dans le d\u00e9veloppement d\u2019un graphisme en mouvement en Suisse al\u00e9manique.<\/a><\/p>\n\n\n\n<p><\/p>\n\n\n\n<div class=\"wp-block-cover wp-duotone-1a1b1f-ff4747-1\" style=\"min-height:231px;aspect-ratio:unset;\"><img loading=\"lazy\" decoding=\"async\" width=\"1024\" height=\"680\" class=\"wp-block-cover__image-background wp-image-2226 size-large\" alt=\"graphisme pour ecran\" src=\"https:\/\/wp.unil.ch\/collectif-televisuel\/files\/2025\/05\/graphisme-pour-ecran-1-1024x680.jpeg\" data-object-fit=\"cover\" srcset=\"https:\/\/wp.unil.ch\/collectif-televisuel\/files\/2025\/05\/graphisme-pour-ecran-1-1024x680.jpeg 1024w, https:\/\/wp.unil.ch\/collectif-televisuel\/files\/2025\/05\/graphisme-pour-ecran-1-300x199.jpeg 300w, https:\/\/wp.unil.ch\/collectif-televisuel\/files\/2025\/05\/graphisme-pour-ecran-1-768x510.jpeg 768w, https:\/\/wp.unil.ch\/collectif-televisuel\/files\/2025\/05\/graphisme-pour-ecran-1-1536x1020.jpeg 1536w, https:\/\/wp.unil.ch\/collectif-televisuel\/files\/2025\/05\/graphisme-pour-ecran-1-18x12.jpeg 18w, https:\/\/wp.unil.ch\/collectif-televisuel\/files\/2025\/05\/graphisme-pour-ecran-1-1120x744.jpeg 1120w, https:\/\/wp.unil.ch\/collectif-televisuel\/files\/2025\/05\/graphisme-pour-ecran-1-540x359.jpeg 540w, https:\/\/wp.unil.ch\/collectif-televisuel\/files\/2025\/05\/graphisme-pour-ecran-1-1080x717.jpeg 1080w, https:\/\/wp.unil.ch\/collectif-televisuel\/files\/2025\/05\/graphisme-pour-ecran-1.jpeg 1807w\" sizes=\"auto, (max-width: 1024px) 100vw, 1024px\" \/><span aria-hidden=\"true\" class=\"wp-block-cover__background has-background-dim-60 has-background-dim\" style=\"background-color:#737f87\"><\/span><div class=\"wp-block-cover__inner-container is-layout-flow wp-block-cover-is-layout-flow\">\n<p class=\"has-text-align-center has-buttons-text-color has-text-color has-link-color has-large-font-size wp-elements-a980b9e4ef28c0960941b974c3f89883\" style=\"text-transform:uppercase\"><strong><a href=\"https:\/\/wp.unil.ch\/collectif-televisuel\/le-graphisme-pour-lecran\/\" data-type=\"page\" data-id=\"662\">Le graphisme pour l&rsquo;\u00e9cran<\/a><\/strong><\/p>\n\n\n\n<p class=\"has-text-align-center has-large-font-size\">Projet de recherche FNS<\/p>\n\n\n\n<p class=\"has-text-align-center has-large-font-size\">dirig\u00e9 par Olivier Lugon<\/p>\n\n\n\n<p class=\"has-text-align-center has-large-font-size\">2024<strong>\u2013<\/strong>2028<\/p>\n<\/div><\/div>\n","protected":false},"excerpt":{"rendered":"<p>Sabine Egli Sabine Egli\u00a0est doctorante au sein du projet de recherche FNS Le graphisme pour l\u2019\u00e9cran\u00a0: diapositive, film fixe, cin\u00e9ma, t\u00e9l\u00e9vision (1945-1980). Elle a obtenu un bachelor en&hellip;<\/p>\n","protected":false},"author":1002974,"featured_media":0,"parent":0,"menu_order":0,"comment_status":"closed","ping_status":"closed","template":"","meta":{"_seopress_robots_primary_cat":"","_seopress_titles_title":"","_seopress_titles_desc":"","_seopress_robots_index":"","footnotes":""},"class_list":["post-2111","page","type-page","status-publish","has-post-thumbnail"],"_links":{"self":[{"href":"https:\/\/wp.unil.ch\/collectif-televisuel\/wp-json\/wp\/v2\/pages\/2111","targetHints":{"allow":["GET"]}}],"collection":[{"href":"https:\/\/wp.unil.ch\/collectif-televisuel\/wp-json\/wp\/v2\/pages"}],"about":[{"href":"https:\/\/wp.unil.ch\/collectif-televisuel\/wp-json\/wp\/v2\/types\/page"}],"author":[{"embeddable":true,"href":"https:\/\/wp.unil.ch\/collectif-televisuel\/wp-json\/wp\/v2\/users\/1002974"}],"replies":[{"embeddable":true,"href":"https:\/\/wp.unil.ch\/collectif-televisuel\/wp-json\/wp\/v2\/comments?post=2111"}],"version-history":[{"count":5,"href":"https:\/\/wp.unil.ch\/collectif-televisuel\/wp-json\/wp\/v2\/pages\/2111\/revisions"}],"predecessor-version":[{"id":2231,"href":"https:\/\/wp.unil.ch\/collectif-televisuel\/wp-json\/wp\/v2\/pages\/2111\/revisions\/2231"}],"wp:attachment":[{"href":"https:\/\/wp.unil.ch\/collectif-televisuel\/wp-json\/wp\/v2\/media?parent=2111"}],"curies":[{"name":"wp","href":"https:\/\/api.w.org\/{rel}","templated":true}]}}