{"id":2102,"date":"2025-04-09T11:52:33","date_gmt":"2025-04-09T09:52:33","guid":{"rendered":"https:\/\/wp.unil.ch\/collectif-televisuel\/?page_id=2102"},"modified":"2025-04-23T11:51:35","modified_gmt":"2025-04-23T09:51:35","slug":"audrey-hostettler","status":"publish","type":"page","link":"https:\/\/wp.unil.ch\/collectif-televisuel\/personnes\/audrey-hostettler\/","title":{"rendered":"Audrey Hostettler"},"content":{"rendered":"\n<h2 class=\"wp-block-heading\"><strong>Audrey Hostettler<\/strong><\/h2>\n\n\n\n<p><strong>Audrey Hostettler<\/strong> est historienne des m\u00e9dias et travaille en particulier sur les technologies \u00e9ducatives. Sa <a href=\"https:\/\/data.snf.ch\/grants\/grant\/178348\" target=\"_blank\" rel=\"noreferrer noopener\">th\u00e8se<\/a>, soutenue en 2025, s\u2019intitule <em>Donner vie \u00e0 l\u2019enseignement. Une histoire du film scolaire en Suisse (1913-1948)<\/em>. Dans le cadre du projet Operative TV, qu\u2019elle a rejoint en 2025 en tant que post-doctorante, Audrey Hostettler investigue les usages scolaires de la t\u00e9l\u00e9vision.<\/p>\n\n\n\n<p><a href=\"https:\/\/www.unil.ch\/cin\/fr\/home\/menuinst\/collaborateurstrices\/hostettler-audrey.html\">Page institutionnelle<\/a><\/p>\n\n\n\n<p><a href=\"https:\/\/orcid.org\/0000-0002-1833-3773\">ORCID-ID<\/a><\/p>\n","protected":false},"excerpt":{"rendered":"<p>Audrey Hostettler Audrey Hostettler est historienne des m\u00e9dias et travaille en particulier sur les technologies \u00e9ducatives. Sa th\u00e8se, soutenue en 2025, s\u2019intitule Donner vie \u00e0 l\u2019enseignement. Une histoire&hellip;<\/p>\n","protected":false},"author":1002974,"featured_media":0,"parent":219,"menu_order":0,"comment_status":"closed","ping_status":"closed","template":"","meta":{"_seopress_robots_primary_cat":"","_seopress_titles_title":"","_seopress_titles_desc":"","_seopress_robots_index":"","footnotes":""},"class_list":["post-2102","page","type-page","status-publish","has-post-thumbnail"],"_links":{"self":[{"href":"https:\/\/wp.unil.ch\/collectif-televisuel\/wp-json\/wp\/v2\/pages\/2102","targetHints":{"allow":["GET"]}}],"collection":[{"href":"https:\/\/wp.unil.ch\/collectif-televisuel\/wp-json\/wp\/v2\/pages"}],"about":[{"href":"https:\/\/wp.unil.ch\/collectif-televisuel\/wp-json\/wp\/v2\/types\/page"}],"author":[{"embeddable":true,"href":"https:\/\/wp.unil.ch\/collectif-televisuel\/wp-json\/wp\/v2\/users\/1002974"}],"replies":[{"embeddable":true,"href":"https:\/\/wp.unil.ch\/collectif-televisuel\/wp-json\/wp\/v2\/comments?post=2102"}],"version-history":[{"count":5,"href":"https:\/\/wp.unil.ch\/collectif-televisuel\/wp-json\/wp\/v2\/pages\/2102\/revisions"}],"predecessor-version":[{"id":2117,"href":"https:\/\/wp.unil.ch\/collectif-televisuel\/wp-json\/wp\/v2\/pages\/2102\/revisions\/2117"}],"up":[{"embeddable":true,"href":"https:\/\/wp.unil.ch\/collectif-televisuel\/wp-json\/wp\/v2\/pages\/219"}],"wp:attachment":[{"href":"https:\/\/wp.unil.ch\/collectif-televisuel\/wp-json\/wp\/v2\/media?parent=2102"}],"curies":[{"name":"wp","href":"https:\/\/api.w.org\/{rel}","templated":true}]}}