{"id":1794,"date":"2024-12-09T09:49:53","date_gmt":"2024-12-09T08:49:53","guid":{"rendered":"https:\/\/wp.unil.ch\/collectif-televisuel\/?page_id=1794"},"modified":"2024-12-12T17:53:15","modified_gmt":"2024-12-12T16:53:15","slug":"collection-medias-et-histoire","status":"publish","type":"page","link":"https:\/\/wp.unil.ch\/collectif-televisuel\/activites\/collection-medias-et-histoire\/","title":{"rendered":"M\u00e9dias et Histoire"},"content":{"rendered":"\n<p>Malgr\u00e9 leur importance dans l\u2019\u00e9criture de l\u2019histoire contemporaine, les m\u00e9dias restent un domaine de recherche \u00e0 explorer, en particulier en Suisse. La collection <strong>M\u00e9dias et Histoire<\/strong> publi\u00e9e aux <a href=\"https:\/\/www.antipodes.ch\/\">\u00c9ditions Antipodes<\/a> ambitionne de combler ce manque en publiant des travaux innovants qui questionnent les interactions entre m\u00e9dias, repr\u00e9sentations et soci\u00e9t\u00e9s.<\/p>\n\n\n\n<p>Mireille Berton et Anne-Katrin Weber, responsables de la collection dirig\u00e9e de 2002 \u00e0 2023 par Gianni Haver<\/p>\n\n\n\n<figure class=\"wp-block-image size-large\"><img alt=\"\" loading=\"lazy\" decoding=\"async\" width=\"1024\" height=\"513\" src=\"https:\/\/wp.unil.ch\/collectif-televisuel\/files\/2024\/12\/Collection_Image-1024x513.png\" alt=\"\" class=\"wp-image-1795\" srcset=\"https:\/\/wp.unil.ch\/collectif-televisuel\/files\/2024\/12\/Collection_Image-1024x513.png 1024w, https:\/\/wp.unil.ch\/collectif-televisuel\/files\/2024\/12\/Collection_Image-300x150.png 300w, https:\/\/wp.unil.ch\/collectif-televisuel\/files\/2024\/12\/Collection_Image-768x384.png 768w, https:\/\/wp.unil.ch\/collectif-televisuel\/files\/2024\/12\/Collection_Image-1536x769.png 1536w, https:\/\/wp.unil.ch\/collectif-televisuel\/files\/2024\/12\/Collection_Image-18x9.png 18w, https:\/\/wp.unil.ch\/collectif-televisuel\/files\/2024\/12\/Collection_Image-1120x561.png 1120w, https:\/\/wp.unil.ch\/collectif-televisuel\/files\/2024\/12\/Collection_Image-540x270.png 540w, https:\/\/wp.unil.ch\/collectif-televisuel\/files\/2024\/12\/Collection_Image-1080x541.png 1080w, https:\/\/wp.unil.ch\/collectif-televisuel\/files\/2024\/12\/Collection_Image.png 1920w\" sizes=\"auto, (max-width: 1024px) 100vw, 1024px\" \/><\/figure>\n\n\n\n<p>La collection explore les multiples articulations possibles entre histoire et m\u00e9dias compris dans un sens large. \u00c0 travers des approches vari\u00e9es (histoire du cin\u00e9ma, arch\u00e9ologie des m\u00e9dias, histoire culturelle, approches socio-politiques, etc.), elle met en lumi\u00e8re la place centrale des moyens d\u2019enregistrement et de communication pour les soci\u00e9t\u00e9s contemporaines, ses savoirs et ses imaginaires. Elle \u00e9claire les mutations des objets et des pratiques m\u00e9diatiques afin de nourrir, dans une perspective historique, notre compr\u00e9hension du pr\u00e9sent.<\/p>\n\n\n\n<p>La collection <strong>M\u00e9dias et Histoire<\/strong> s\u2019inscrit dans une perspective interdisciplinaire. Elle est ouverte \u00e0 une grande diversit\u00e9 d\u2019approches m\u00e9thodologiques et th\u00e9oriques, telles que :<\/p>\n\n\n\n<ul class=\"wp-block-list\">\n<li>L\u2019histoire du cin\u00e9ma et des m\u00e9dias audiovisuels<\/li>\n\n\n\n<li>L\u2019arch\u00e9ologie des m\u00e9dias<\/li>\n\n\n\n<li>Les <em>Media Studies<\/em><\/li>\n\n\n\n<li>L\u2019\u00e9tude des infrastructures m\u00e9diatiques<\/li>\n\n\n\n<li>Les <em>Production Studies<\/em><\/li>\n\n\n\n<li>La sociologie historique des m\u00e9dias<\/li>\n\n\n\n<li>L\u2019histoire des sciences et des techniques<\/li>\n\n\n\n<li>Les \u00e9tudes interm\u00e9diales<\/li>\n\n\n\n<li>L\u2019\u00e9pist\u00e9mologie des dispositifs audiovisuels<\/li>\n\n\n\n<li>Les \u00e9tudes de genre et leur lecture critique des repr\u00e9sentations m\u00e9diatiques<\/li>\n<\/ul>\n\n\n\n<p><strong>Un ancrage dans les sources et les archives<\/strong><\/p>\n\n\n\n<p>La collection met un accent particulier sur l\u2019analyse de sources vari\u00e9es \u2013 audiovisuelles, textuelles, photographiques, iconographiques \u2013 en valorisant des travaux qui interrogent de mani\u00e8re critique la mat\u00e9rialit\u00e9 et les implications des supports m\u00e9diatiques. Tout en portant une attention sp\u00e9cifique aux contextes suisse et europ\u00e9en, elle privil\u00e9gie des perspectives transnationales et comparatives.<\/p>\n\n\n\n<p><strong>Soutien aux auteurs<\/strong>\u00b7<strong>trices<\/strong><\/p>\n\n\n\n<p>La collection se distingue par son accompagnement des chercheurs\u00b7euses dans toutes les \u00e9tapes de publication : relecture par les directrices de collection, recherche de financements (notamment<em> via<\/em> le Fonds national suisse) et soutien \u00e9ditorial.<\/p>\n","protected":false},"excerpt":{"rendered":"<p>Malgr\u00e9 leur importance dans l\u2019\u00e9criture de l\u2019histoire contemporaine, les m\u00e9dias restent un domaine de recherche \u00e0 explorer, en particulier en Suisse. La collection M\u00e9dias et Histoire publi\u00e9e aux&hellip;<\/p>\n","protected":false},"author":1001449,"featured_media":0,"parent":225,"menu_order":0,"comment_status":"closed","ping_status":"closed","template":"template-full-width.php","meta":{"_seopress_robots_primary_cat":"","_seopress_titles_title":"","_seopress_titles_desc":"","_seopress_robots_index":"","footnotes":""},"class_list":["post-1794","page","type-page","status-publish","has-post-thumbnail"],"_links":{"self":[{"href":"https:\/\/wp.unil.ch\/collectif-televisuel\/wp-json\/wp\/v2\/pages\/1794","targetHints":{"allow":["GET"]}}],"collection":[{"href":"https:\/\/wp.unil.ch\/collectif-televisuel\/wp-json\/wp\/v2\/pages"}],"about":[{"href":"https:\/\/wp.unil.ch\/collectif-televisuel\/wp-json\/wp\/v2\/types\/page"}],"author":[{"embeddable":true,"href":"https:\/\/wp.unil.ch\/collectif-televisuel\/wp-json\/wp\/v2\/users\/1001449"}],"replies":[{"embeddable":true,"href":"https:\/\/wp.unil.ch\/collectif-televisuel\/wp-json\/wp\/v2\/comments?post=1794"}],"version-history":[{"count":5,"href":"https:\/\/wp.unil.ch\/collectif-televisuel\/wp-json\/wp\/v2\/pages\/1794\/revisions"}],"predecessor-version":[{"id":1808,"href":"https:\/\/wp.unil.ch\/collectif-televisuel\/wp-json\/wp\/v2\/pages\/1794\/revisions\/1808"}],"up":[{"embeddable":true,"href":"https:\/\/wp.unil.ch\/collectif-televisuel\/wp-json\/wp\/v2\/pages\/225"}],"wp:attachment":[{"href":"https:\/\/wp.unil.ch\/collectif-televisuel\/wp-json\/wp\/v2\/media?parent=1794"}],"curies":[{"name":"wp","href":"https:\/\/api.w.org\/{rel}","templated":true}]}}