{"id":1416,"date":"2024-10-07T14:09:09","date_gmt":"2024-10-07T12:09:09","guid":{"rendered":"https:\/\/wp.unil.ch\/collectif-televisuel\/?page_id=1416"},"modified":"2025-04-09T11:55:18","modified_gmt":"2025-04-09T09:55:18","slug":"adelina-osdautaj","status":"publish","type":"page","link":"https:\/\/wp.unil.ch\/collectif-televisuel\/personnes\/adelina-osdautaj\/","title":{"rendered":"Adelina Osdautaj"},"content":{"rendered":"\n<h2 class=\"wp-block-heading\">Adelina Osdautaj<\/h2>\n\n\n\n<p><strong>Adelina Osdautaj<\/strong> est \u00e9tudiante en histoire \u00e0 l\u2019Universit\u00e9 de Lausanne et travaille comme assistante \u00e9tudiante pour le projet de m\u00e9diation scientifique \u00ab\u00a0<a href=\"https:\/\/wp.unil.ch\/collectif-televisuel\/mediation\/les-femmes-a-la-television\/\">Les femmes de t\u00e9l\u00e9vision entrent dans le dictionnaire<\/a>\u00a0\u00bb, dirig\u00e9 par <a href=\"https:\/\/wp.unil.ch\/collectif-televisuel\/personnes\/anne-katrin-weber\/\">Anne-Katrin Weber<\/a> et <a href=\"https:\/\/wp.unil.ch\/collectif-televisuel\/personnes\/roxane-gray\/\">Roxane Gray<\/a>. Ce projet a pour objectif de valoriser les trajectoires des femmes de t\u00e9l\u00e9vision en Suisse romande, tant dans le domaine scientifique que dans l\u2019espace public. Dans ce cadre, Adelina m\u00e8ne des recherches et r\u00e9dige des notices biographiques qui seront publi\u00e9es dans le <em><a href=\"https:\/\/catima.unil.ch\/fs-ds\/fr\" target=\"_blank\" rel=\"noreferrer noopener\">Dictionnaire sur l\u2019histoire des femmes* en Suisse<\/a><\/em>. Cette plateforme digitale, co-\u00e9dit\u00e9e par <a href=\"https:\/\/www.unil.ch\/lettres\/fr\/home\/menuinst\/faculte\/enseignant-e-s-et-chercheur-euse-s\/nominations\/raphaelle-ruppen-coutaz.html\" target=\"_blank\" rel=\"noreferrer noopener\">Rapha\u00eblle Ruppen Coutaz<\/a> (UNIL) et <a href=\"https:\/\/www.unifr.ch\/histcont\/fr\/departement\/equipe\/milani-pauline.html\" target=\"_blank\" rel=\"noreferrer noopener\">Pauline Milani<\/a> (UNIFR), regroupe des ressources documentaires sur l\u2019histoire des femmes, mettant en lumi\u00e8re leurs r\u00f4les et leurs contributions.<\/p>\n\n\n\n<p><\/p>\n\n\n\n<div class=\"wp-block-cover wp-duotone-midnight\" style=\"min-height:235px;aspect-ratio:unset;\"><span aria-hidden=\"true\" class=\"wp-block-cover__background has-background-dim\"><\/span><img alt=\"\" loading=\"lazy\" decoding=\"async\" width=\"1024\" height=\"760\" class=\"wp-block-cover__image-background wp-image-297\" alt=\"\" src=\"https:\/\/wp.unil.ch\/collectif-televisuel\/files\/2024\/09\/Photo-Dictionnaire-1024x760.png\" style=\"object-position:33% 67%\" data-object-fit=\"cover\" data-object-position=\"33% 67%\" srcset=\"https:\/\/wp.unil.ch\/collectif-televisuel\/files\/2024\/09\/Photo-Dictionnaire-1024x760.png 1024w, https:\/\/wp.unil.ch\/collectif-televisuel\/files\/2024\/09\/Photo-Dictionnaire-300x223.png 300w, https:\/\/wp.unil.ch\/collectif-televisuel\/files\/2024\/09\/Photo-Dictionnaire-768x570.png 768w, https:\/\/wp.unil.ch\/collectif-televisuel\/files\/2024\/09\/Photo-Dictionnaire-1536x1140.png 1536w, https:\/\/wp.unil.ch\/collectif-televisuel\/files\/2024\/09\/Photo-Dictionnaire-540x401.png 540w, https:\/\/wp.unil.ch\/collectif-televisuel\/files\/2024\/09\/Photo-Dictionnaire-1080x802.png 1080w, https:\/\/wp.unil.ch\/collectif-televisuel\/files\/2024\/09\/Photo-Dictionnaire.png 1600w\" sizes=\"auto, (max-width: 1024px) 100vw, 1024px\" \/><div class=\"wp-block-cover__inner-container is-layout-flow wp-block-cover-is-layout-flow\">\n<p class=\"has-text-align-center has-buttons-text-color has-text-color has-link-color has-large-font-size wp-elements-9466e7227fcb5b556bf02c11e862ced8\" style=\"text-transform:uppercase\"><a href=\"https:\/\/wp.unil.ch\/collectif-televisuel\/mediation\/les-femmes-a-la-television\/\"><strong>Les femmes \u00e0 la t\u00e9l\u00e9vision <\/strong><\/a><\/p>\n\n\n\n<p class=\"has-text-align-center has-large-font-size\">Projet de m\u00e9diation scientifique<\/p>\n\n\n\n<p class=\"has-text-align-center has-large-font-size\">dirig\u00e9 par Roxane Gray et Anne-Katrin Weber, avec Adelina Osdautaj<\/p>\n\n\n\n<p class=\"has-text-align-center has-large-font-size\">2024\u20132025<\/p>\n<\/div><\/div>\n","protected":false},"excerpt":{"rendered":"<p>Adelina Osdautaj Adelina Osdautaj est \u00e9tudiante en histoire \u00e0 l\u2019Universit\u00e9 de Lausanne et travaille comme assistante \u00e9tudiante pour le projet de m\u00e9diation scientifique \u00ab\u00a0Les femmes de t\u00e9l\u00e9vision entrent&hellip;<\/p>\n","protected":false},"author":1002804,"featured_media":0,"parent":219,"menu_order":0,"comment_status":"closed","ping_status":"closed","template":"template-full-width.php","meta":{"_seopress_robots_primary_cat":"","_seopress_titles_title":"","_seopress_titles_desc":"","_seopress_robots_index":"","footnotes":""},"class_list":["post-1416","page","type-page","status-publish","has-post-thumbnail"],"_links":{"self":[{"href":"https:\/\/wp.unil.ch\/collectif-televisuel\/wp-json\/wp\/v2\/pages\/1416","targetHints":{"allow":["GET"]}}],"collection":[{"href":"https:\/\/wp.unil.ch\/collectif-televisuel\/wp-json\/wp\/v2\/pages"}],"about":[{"href":"https:\/\/wp.unil.ch\/collectif-televisuel\/wp-json\/wp\/v2\/types\/page"}],"author":[{"embeddable":true,"href":"https:\/\/wp.unil.ch\/collectif-televisuel\/wp-json\/wp\/v2\/users\/1002804"}],"replies":[{"embeddable":true,"href":"https:\/\/wp.unil.ch\/collectif-televisuel\/wp-json\/wp\/v2\/comments?post=1416"}],"version-history":[{"count":5,"href":"https:\/\/wp.unil.ch\/collectif-televisuel\/wp-json\/wp\/v2\/pages\/1416\/revisions"}],"predecessor-version":[{"id":2107,"href":"https:\/\/wp.unil.ch\/collectif-televisuel\/wp-json\/wp\/v2\/pages\/1416\/revisions\/2107"}],"up":[{"embeddable":true,"href":"https:\/\/wp.unil.ch\/collectif-televisuel\/wp-json\/wp\/v2\/pages\/219"}],"wp:attachment":[{"href":"https:\/\/wp.unil.ch\/collectif-televisuel\/wp-json\/wp\/v2\/media?parent=1416"}],"curies":[{"name":"wp","href":"https:\/\/api.w.org\/{rel}","templated":true}]}}