{"id":1114,"date":"2024-09-25T15:24:21","date_gmt":"2024-09-25T13:24:21","guid":{"rendered":"https:\/\/wp.unil.ch\/collectif-televisuel\/?page_id=1114"},"modified":"2025-02-11T21:00:45","modified_gmt":"2025-02-11T20:00:45","slug":"publications","status":"publish","type":"page","link":"https:\/\/wp.unil.ch\/collectif-televisuel\/publications\/","title":{"rendered":"Publications"},"content":{"rendered":"\n<div class=\"wp-block-cover alignfull has-parallax wp-duotone-midnight\" style=\"min-height:300px;aspect-ratio:unset;\"><span aria-hidden=\"true\" class=\"wp-block-cover__background has-background-dim-0 has-background-dim\" style=\"background-color:#f1f5c7\"><\/span><div class=\"wp-block-cover__image-background wp-image-1776 has-parallax\" style=\"background-position:50% 50%;background-image:url(https:\/\/wp.unil.ch\/collectif-televisuel\/files\/2024\/11\/Chasseral-Sendestation-edited.png)\"><\/div><div class=\"wp-block-cover__inner-container is-layout-flow wp-block-cover-is-layout-flow\">\n<div class=\"wp-block-group\" style=\"padding-top:2em;padding-right:2em;padding-bottom:2em;padding-left:2em\"><div class=\"wp-block-group__inner-container is-layout-flow wp-block-group-is-layout-flow\">\n<h1 class=\"wp-block-heading alignfull\" style=\"font-size:36px\">PUBLICATIONS<\/h1>\n<\/div><\/div>\n<\/div><\/div>\n\n\n\n<h2 class=\"wp-block-heading\">2024<\/h2>\n\n\n\n<p>Weber, Anne-Katrin: \u00ab <a href=\"https:\/\/revue-traverse.ch\/ausgabe\/2024-2\/\" target=\"_blank\" rel=\"noreferrer noopener\">Dans l&rsquo;auditoire et au laboratoire: pour une \u00ab science en images t\u00e9l\u00e9visuelles \u00bb. R\u00e9plique \u00e0 \u00ab Science en images \u00bb, \u00e9dit\u00e9 par Monika Dommann et Marietta Meier, Traverse, 1999<\/a> \u00bb, <em>Traverse. Revue d&rsquo;histoire,<\/em> 2\/2024, p. 87-94.&nbsp;<\/p>\n\n\n\n<p>Sandoz, Marie, Cronj\u00e4ger, Lisa: \u201c<a href=\"https:\/\/transbordeur.ch\/fr\/2024\/jussi-parikka-operational-images\/\">Review of: Jussi Parikka, Operational Images. From the Visual to the Invisual, 2023<\/a>\u201d, <em>Transbordeur. Photographie Histoire Soci\u00e9t\u00e9<\/em> (dossier : \u00ab Les histoires \u00e9cologiques de la photographie \u00bb), Vol. 8, 2024, p. 202\u2013203. <\/p>\n\n\n\n<p>Cronj\u00e4ger, Lisa: \u201c<a href=\"https:\/\/revue-traverse.ch\/ausgabe\/2024-1\/\" target=\"_blank\" rel=\"noreferrer noopener\">Umtriebszeiten und planetare Grenzen. Bildmuster der maximalen Ausnutzung nat\u00fcrlicher Ressourcen<\/a>\u201d, <em>Traverse. Revue d&rsquo;histoire<\/em>, 1\/2024, p. 86-104. <\/p>\n\n\n\n<h2 class=\"wp-block-heading\">2023<\/h2>\n\n\n\n<p>Gray, Roxane, Sandoz, Marie, \u00ab <a href=\"https:\/\/www.rts.ch\/archives\/grands-formats\/13897697-levangile-sur-les-ondes-100-ans-de-cultes-radiophoniques-19232023.html\" target=\"_blank\" rel=\"noreferrer noopener\">L\u2019\u00c9vangile sur les ondes\u202f: 100 ans de cultes radiophoniques (1923-2023)<\/a> \u00bb, <em>rts.ch,<\/em> 04.05.2023.<\/p>\n\n\n\n<p>Deblu\u00eb, Claire-Lise, Weber, Anne-Katrin, \u00ab <a href=\"https:\/\/revue-traverse.ch\/ausgabe\/2023-3\/\">Histoire publique, trajectoires de carri\u00e8re et effets de genre: retour d\u2019exp\u00e9rience<\/a> \u00bb, <em>Traverse. Revue d&rsquo;histoire,<\/em> 3\/2023, p. 81-99.&nbsp;<\/p>\n\n\n\n<p>Weber, Anne-Katrin, Comte, Simone, Vallotton, Fran\u00e7ois, \u201c<a href=\"https:\/\/doi.org\/10.18146\/view.297\" target=\"_blank\" rel=\"noreferrer noopener\">Audiovisual Heritage and Its Uses at the Swiss Public Broadcaster: A Dialogue on Opportunities and Constraints for Archives and Academics<\/a>\u201d, <em>VIEW. Journal of European Television History and Culture <\/em>12, no. 23, 2023.<\/p>\n\n\n\n<p>Weber, Anne-Katrin, \u201c<a href=\"https:\/\/doi.org\/10.18146\/tmg.835\" target=\"_blank\" rel=\"noreferrer noopener\">Decentring the Broadcasting Dispositif: Educational Closed-Circuits, Military-Industrial Entanglements, and Useful TV<\/a>\u201d, <em>TMG. Journal for Media History<\/em> 26, no. 1, 2023. &nbsp;<\/p>\n\n\n\n<p>Weber, Anne-Katrin, \u201c<a href=\"https:\/\/manifold.umn.edu\/read\/cc-frame-005-television-media-archaeology\/section\/23f39021-f1b1-411f-a248-b48b5b3796f5\" target=\"_blank\" rel=\"noreferrer noopener\">Television\u2019s Media Archaeology: Present State and Possible Directions<\/a>\u201d, <em>Cultural Critique Online<\/em>, no. 120, 2023.&nbsp;<\/p>\n\n\n\n<p>Cronj\u00e4ger, Lisa, \u201c<a href=\"https:\/\/doi.org\/10.11588\" target=\"_blank\" rel=\"noreferrer noopener\">On Cutting Forests and Avoiding Pasting: Heinrich Cotta\u2019s Forest Maps<\/a>\u201d, in: Ulrike Boskamp, Tabea Braun, Amrei Buchholz, Annette Kranen&nbsp; (eds.), <em>Pasted Topographies<\/em>, Heidelberg: arthistoricum.net-ART-Books, 2023, p. 83\u2013105. <\/p>\n\n\n\n<p>Berton, Mireille, \u00ab&nbsp;De la cure au <em>care<\/em>&nbsp;: la psychanalyse \u00e0 l\u2019\u00e9cran. L\u2019exemple de <em>A Dangerous Method<\/em> de David Cronenberg et de la s\u00e9rie t\u00e9l\u00e9vis\u00e9e <em>En analyse<\/em>&nbsp;\u00bb, in: Jean-Michel Durafour (eds.), <em><a href=\"https:\/\/www.lespressesdureel.com\/ouvrage.php?id=10900&amp;menu=0\">Sites du film. Le cin\u00e9ma et ses parages<\/a><\/em>, Paris : Presses du r\u00e9el 2023, p. 327\u2013348.<\/p>\n\n\n\n<p>Berton, Mireille, \u00ab\u2009<a href=\"https:\/\/journals.openedition.org\/narratologie\/14224\" target=\"_blank\" rel=\"noreferrer noopener\">L\u2019impact du <em>streaming<\/em> sur l\u2019\u00e9criture s\u00e9rielle\u2009: <em>Dark<\/em> (2017\u20132020) et les s\u00e9ries \u00e0 \u00e9nigme\u2009<\/a>\u00bb, <em>Cahiers de Narratologie<\/em> [en ligne], n\u00b0&nbsp;43, 2023.<\/p>\n\n\n\n<h2 class=\"wp-block-heading\">2022<\/h2>\n\n\n\n<p>Sandoz, Marie, Weber, Anne-Katrin, eds. T<em>ransbordeur. Photographie, histoire, soci\u00e9t\u00e9 <\/em>(dossier \u00ab <a href=\"https:\/\/www.editionsmacula.com\/livre\/transbordeur-photographie-histoire-societe-n-6-dossier-limage-verticale-politiques-de-la-vue-aerienne-dirige-par-marie-sandoz-et-anne-katrin-weber\/\" target=\"_blank\" rel=\"noreferrer noopener\">L\u2019image verticale. Politiques de la vue a\u00e9rienne<\/a> \u00bb), Vol. 6, Lausanne : \u00c9ditions Macula 2022.&nbsp;&nbsp;<\/p>\n\n\n\n<p>Sandoz, Marie, \u201c<a href=\"https:\/\/serval.unil.ch\/resource\/serval:BIB_A6C1740AB1B3.P001\/REF.pdf\" target=\"_blank\" rel=\"noreferrer noopener\">The Big Ear of Leuk (1974\u20132020). The Cultural History of a Large Technical Infrastructure<\/a>\u201d, <em>Histoire et informatique. Framing Communication Infrastructures (1950-2000)<\/em>, 2022, p. 51\u201170.&nbsp;<\/p>\n\n\n\n<p>Weber, Anne-Katrin, <a href=\"https:\/\/www.aup.nl\/en\/book\/9789463727815\/television-before-tv\" target=\"_blank\" rel=\"noreferrer noopener\"><em>Television before TV: New Media and Exhibition Culture in Europe and the USA, 1928-1939<\/em><\/a>, Amsterdam University Press 2022.&nbsp;<\/p>\n\n\n\n<p>Cronj\u00e4ger, Lisa: \u201c<a href=\"https:\/\/doi.org\/10.1086\/721307\" target=\"_blank\" rel=\"noreferrer noopener\">On the Exactly Balanced Use of Nature and Its Representation<\/a>\u201d, <em>History of Humanities<\/em>. Forum Section: \u201cThe Promises of Exactitude\u201d, Vol. 7, No. 2, 2022, p. 161\u2013175.<\/p>\n\n\n\n<p>Gray, Roxane, \u00ab Devenir r\u00e9alisatrice de t\u00e9l\u00e9vision en Suisse romande au tournant des ann\u00e9es 1960 \u00bb, in : Chedaleux, Delphine (ed.), <em>N\u00e9gocier la norme. Genre et m\u00e9dias (1946-1959)<\/em>, 2022.&nbsp;&nbsp;&nbsp;<\/p>\n\n\n\n<h2 class=\"wp-block-heading\">2021<\/h2>\n\n\n\n<p>Vallotton, Fran\u00e7ois, Weber, Anne-Katrin (eds.),<a href=\"https:\/\/livingbooksabouthistory.ch\/fr\/book\/towards-an-expanded-history-of-television\" target=\"_blank\" rel=\"noreferrer noopener\"> Towards an Expanded History of Television<\/a>, <em>Infoclio,<\/em> 2021.&nbsp;<\/p>\n\n\n\n<p>Gray, Roxane, \u00ab <a href=\"https:\/\/journals.openedition.org\/decadrages\/1712\" target=\"_blank\" rel=\"noreferrer noopener\">Aux origines du Groupe 5 : les dramatiques de t\u00e9l\u00e9vision<\/a> \u00bb, <em>D\u00e9cadrages,<\/em> no 44-45, p. 208-218, 2021.&nbsp;<\/p>\n\n\n\n<p>Gray, Roxane, \u00ab <a href=\"https:\/\/journals.openedition.org\/decadrages\/1739\" target=\"_blank\" rel=\"noreferrer noopener\">Quand la t\u00e9l\u00e9vision fait son cin\u00e9ma. Les t\u00e9l\u00e9films romands (1980-1990)<\/a> \u00bb, <em>D\u00e9cadrages<\/em>, no 44-45, 2021, p. 242-255.&nbsp;<\/p>\n\n\n\n<p>Sandoz, Marie, \u00ab <a href=\"https:\/\/journals.openedition.org\/decadrages\/1703\" target=\"_blank\" rel=\"noreferrer noopener\">Qui a peur de la Pay-TV\u202f?<\/a> \u00bb, <em>D\u00e9cadrages,<\/em> no 44\u201145, 2021, p. 233\u2011242.&nbsp;<\/p>\n\n\n\n<p>Berton, Mireille, Boni, Marta, \u00ab&nbsp;<a href=\"https:\/\/journals.openedition.org\/tvseries\/4991\" target=\"_blank\" rel=\"noreferrer noopener\">How to study the complexity of television series? Towards a spatial approach<\/a>&nbsp;\u00bb, <em>TV\/Series <\/em>[en ligne], n\u00b015 [\u201cLa S\u00e9rialit\u00e9 en question(s)\u201d, Florent Favard &amp; H\u00e9l\u00e8ne Machinal, dir.], 2019. Mis en ligne le 16 mars 2021.<\/p>\n\n\n\n<p>Cronj\u00e4ger, Lisa, \u201c<a href=\"https:\/\/neofelis-verlag.de\/media\/pdf\/f0\/52\/f0\/OA_9783958083875.pdf\" target=\"_blank\" rel=\"noreferrer noopener\">B\u00e4ume f\u00fcr das neue Jahrtausend. Die Vorstellung einer genauen Ressourcenverwaltung im Kreislaufprinzip<\/a>\u201d, in: Larissa D\u00e4twyler, Aurea Klarskov, Lucas Knierzinger (eds.), I<em>magination und Genauigkeit. Verschr\u00e4nkungen in K\u00fcnsten und Wissenschaften<\/em>, Berlin: Neofelis 2021, p. 137\u2013154.<\/p>\n\n\n\n<p>Cronj\u00e4ger, Lisa, \u201c<a href=\"https:\/\/edoc.unibas.ch\/81865\/1\/BMCCT_WorkingPaper_No_005.pdf\" target=\"_blank\" rel=\"noreferrer noopener\">The Curated Forest: Seeing Aesthetically and Scientifically<\/a>\u201d, <em>Basel Media Culture and Cultural Techniques Working Papers<\/em>, No. 5, 2021.<\/p>\n\n\n\n<p><\/p>\n\n\n\n<h2 class=\"wp-block-heading\">2020<\/h2>\n\n\n\n<p>Sandoz, Marie, \u00ab <a href=\"https:\/\/journals.openedition.org\/edl\/2347?lang=en\" target=\"_blank\" rel=\"noreferrer noopener\">Une t\u00e9l\u00e9vision satellite suisse ? Lib\u00e9ralisation de l\u2019audiovisuel public et \u00ab nouveaux m\u00e9dias \u00bb : l\u2019ann\u00e9e 1980<\/a> \u00bb, <em>\u00c9tudes de Lettres<\/em>, vol. 1, no. 312, 2020, p. 59-62.&nbsp;<\/p>\n\n\n\n<p>Weber, Anne-Katrin, Gray, Roxane, Sandoz, \u201cITU Exhibitions in Switzerland: Displaying the \u2018Big Family of Telecommunications\u2019, 1960s\u20131970s\u201d, in: <em><a href=\"https:\/\/www.degruyter.com\/document\/doi\/10.1515\/9783110669701\/html\" target=\"_blank\" rel=\"noreferrer noopener\">History of the International Telecommunication Union (ITU). Transnational Techno-Diplomacy from the Telegraph to the Internet<\/a><\/em>, ed. by Gabriele Balbi and Andreas Fickers, 2020, p. 263\u201394.&nbsp;<\/p>\n\n\n\n<p>Vallotton, Fran\u00e7ois, Weber, Anne-Katrin \u00ab <a href=\"https:\/\/doi.org\/10.4000\/edl.2349\" target=\"_blank\" rel=\"noreferrer noopener\">Un scandale t\u00e9l\u00e9visuel dans l\u2019\u00e9t\u00e9 chaud zurichois<\/a>. \u00bb <em>\u00c9tudes de lettres<\/em>, no. 312, 2020, p. 63\u201368.&nbsp;<\/p>\n\n\n\n<h2 class=\"wp-block-heading\">2019<\/h2>\n\n\n\n<p>Weber, Anne-Katrin, Fickers, Andreas, Mustata, Dana, \u201c<a href=\"https:\/\/onlinelibrary.wiley.com\/doi\/abs\/10.1002\/9781119161783.ch13\" target=\"_blank\" rel=\"noreferrer noopener\">The Rise of Television: Institutionalization and the Forming of National Audiences<\/a>\u201d in: <em>Handbook of European Communication History<\/em>, ed. by Paschal Preston, Klaus Arnold, and Susanne Kinnebrock, Wiley 2019, p. 239\u201355.&nbsp;<\/p>\n\n\n\n<p><\/p>\n","protected":false},"excerpt":{"rendered":"<p>2024 Weber, Anne-Katrin: \u00ab Dans l&rsquo;auditoire et au laboratoire: pour une \u00ab science en images t\u00e9l\u00e9visuelles \u00bb. R\u00e9plique \u00e0 \u00ab Science en images \u00bb, \u00e9dit\u00e9 par Monika Dommann&hellip;<\/p>\n","protected":false},"author":1002804,"featured_media":0,"parent":0,"menu_order":0,"comment_status":"closed","ping_status":"closed","template":"template-full-width.php","meta":{"_seopress_robots_primary_cat":"","_seopress_titles_title":"","_seopress_titles_desc":"","_seopress_robots_index":"","footnotes":""},"class_list":["post-1114","page","type-page","status-publish","has-post-thumbnail"],"_links":{"self":[{"href":"https:\/\/wp.unil.ch\/collectif-televisuel\/wp-json\/wp\/v2\/pages\/1114","targetHints":{"allow":["GET"]}}],"collection":[{"href":"https:\/\/wp.unil.ch\/collectif-televisuel\/wp-json\/wp\/v2\/pages"}],"about":[{"href":"https:\/\/wp.unil.ch\/collectif-televisuel\/wp-json\/wp\/v2\/types\/page"}],"author":[{"embeddable":true,"href":"https:\/\/wp.unil.ch\/collectif-televisuel\/wp-json\/wp\/v2\/users\/1002804"}],"replies":[{"embeddable":true,"href":"https:\/\/wp.unil.ch\/collectif-televisuel\/wp-json\/wp\/v2\/comments?post=1114"}],"version-history":[{"count":5,"href":"https:\/\/wp.unil.ch\/collectif-televisuel\/wp-json\/wp\/v2\/pages\/1114\/revisions"}],"predecessor-version":[{"id":2035,"href":"https:\/\/wp.unil.ch\/collectif-televisuel\/wp-json\/wp\/v2\/pages\/1114\/revisions\/2035"}],"wp:attachment":[{"href":"https:\/\/wp.unil.ch\/collectif-televisuel\/wp-json\/wp\/v2\/media?parent=1114"}],"curies":[{"name":"wp","href":"https:\/\/api.w.org\/{rel}","templated":true}]}}