{"id":1093,"date":"2024-09-24T17:18:28","date_gmt":"2024-09-24T15:18:28","guid":{"rendered":"https:\/\/wp.unil.ch\/collectif-televisuel\/?page_id=1093"},"modified":"2025-04-23T11:57:59","modified_gmt":"2025-04-23T09:57:59","slug":"de-lorbite-au-territoire-helvetique","status":"publish","type":"page","link":"https:\/\/wp.unil.ch\/collectif-televisuel\/recherches\/de-lorbite-au-territoire-helvetique\/","title":{"rendered":"De l\u2019orbite au territoire helv\u00e9tique : une histoire des communications par satellite en Suisse des ann\u00e9es 1960 \u00e0 nos jours\u00a0"},"content":{"rendered":"\n<div class=\"wp-block-cover alignfull has-parallax wp-duotone-midnight\" style=\"min-height:300px;aspect-ratio:unset;\"><span aria-hidden=\"true\" class=\"wp-block-cover__background has-background-dim-0 has-background-dim\" style=\"background-color:#f1f5c7\"><\/span><div class=\"wp-block-cover__image-background wp-image-1815 has-parallax\" style=\"background-position:50% 50%;background-image:url(https:\/\/wp.unil.ch\/collectif-televisuel\/files\/2025\/01\/soutenance-Roxane.jpeg)\"><\/div><div class=\"wp-block-cover__inner-container is-layout-flow wp-block-cover-is-layout-flow\">\n<h1 class=\"wp-block-heading has-text-align-center has-larger-font-size\"><strong>De l\u2019orbite au territoire helv\u00e9tique : une histoire des communications par satellite en Suisse des ann\u00e9es 1960 \u00e0 nos jours<\/strong><\/h1>\n<\/div><\/div>\n\n\n\n<div class=\"wp-block-media-text is-stacked-on-mobile\" style=\"grid-template-columns:61% auto\"><figure class=\"wp-block-media-text__media\"><img loading=\"lazy\" decoding=\"async\" width=\"713\" height=\"1024\" src=\"https:\/\/wp.unil.ch\/collectif-televisuel\/files\/2025\/04\/capture-decran-2025-04-23-a-11.56.25-713x1024.png\" alt=\"capture d\u2019e\u0301cran 2025 04 23 a\u0300 11.56.25\" class=\"wp-image-2207 size-full\" srcset=\"https:\/\/wp.unil.ch\/collectif-televisuel\/files\/2025\/04\/capture-decran-2025-04-23-a-11.56.25-713x1024.png 713w, https:\/\/wp.unil.ch\/collectif-televisuel\/files\/2025\/04\/capture-decran-2025-04-23-a-11.56.25-209x300.png 209w, https:\/\/wp.unil.ch\/collectif-televisuel\/files\/2025\/04\/capture-decran-2025-04-23-a-11.56.25-768x1104.png 768w, https:\/\/wp.unil.ch\/collectif-televisuel\/files\/2025\/04\/capture-decran-2025-04-23-a-11.56.25-8x12.png 8w, https:\/\/wp.unil.ch\/collectif-televisuel\/files\/2025\/04\/capture-decran-2025-04-23-a-11.56.25-540x776.png 540w, https:\/\/wp.unil.ch\/collectif-televisuel\/files\/2025\/04\/capture-decran-2025-04-23-a-11.56.25.png 835w\" sizes=\"auto, (max-width: 713px) 100vw, 713px\" \/><\/figure><div class=\"wp-block-media-text__content\">\n<p><strong>Th\u00e8se de doctorat de<\/strong> <a href=\"https:\/\/wp.unil.ch\/collectif-televisuel\/personnes\/marie-sandoz\/\">Marie Sandoz<\/a><\/p>\n\n\n\n<p>Parue aux \u00c9ditions universitaires Alphil (<em><a href=\"https:\/\/www.alphil.com\/livres\/1412-1749-de-lorbite-au-territoire-helvetique-une-histoire-des-communications-par-satellite-en-suisse-des-annees-1960-a-nos-jours.html#\/1-format-livre_papier\" data-type=\"link\" data-id=\"https:\/\/www.alphil.com\/livres\/1412-1749-de-lorbite-au-territoire-helvetique-une-histoire-des-communications-par-satellite-en-suisse-des-annees-1960-a-nos-jours.html#\/1-format-livre_papier\" target=\"_blank\" rel=\"noreferrer noopener\">open access<\/a><\/em>).<\/p>\n<\/div><\/div>\n\n\n\n<p>Quel int\u00e9r\u00eat peut bien rev\u00eatir la \u00ab\u00a0petite\u00a0\u00bb Suisse pour \u00e9clairer l\u2019histoire des communications par satellite\u00a0?\u00a0<\/p>\n\n\n\n<p>Le 4 octobre 1957, le fameux <em>bip-bip <\/em>du satellite sovi\u00e9tique Spoutnik d\u00e9clenche la Course \u00e0 l\u2019espace. Un an plus tard, le premier satellite de communication exp\u00e9rimental est mis en orbite par les Etats-Unis et, \u00e0 partir de 1964, des services de t\u00e9l\u00e9phone et de t\u00e9l\u00e9vision par satellite sont commercialis\u00e9s. D\u00e8s lors, ils ne cesseront de s\u2019\u00e9tendre pour devenir cet \u00e9l\u00e9ment \u00e0 la fois essentiel et quotidien de nos syst\u00e8mes de communication.&nbsp;<\/p>\n\n\n\n<p>Or, la Suisse n\u2019est pas, loin de l\u00e0, une actrice de premier plan de cette histoire domin\u00e9e par les grandes puissances \u00e9conomiques mondiales. La Conf\u00e9d\u00e9ration n\u2019a jamais mis en place un programme spatial national et, par cons\u00e9quent, jamais plac\u00e9 son propre satellite de communication en orbite. La perspective helv\u00e9tique offre donc \u00e0 l\u2019histoire des communications spatiales une analyse qui navigue entre le centre et les marges. Depuis la Suisse, il est moins question de s\u2019int\u00e9resser au d\u00e9veloppement de cette technologie transnationale qu\u2019\u00e0 son<em> int\u00e9gration <\/em>dans un territoire donn\u00e9.&nbsp;<\/p>\n\n\n\n<p>De la mise en sc\u00e8ne d\u2019un t\u00e9l\u00e9phone transatlantique au Comptoir suisse de 1962 \u00e0 la strat\u00e9gie de la d\u00e9l\u00e9gation helv\u00e9tique lors de Conf\u00e9rence mondiale sur la radiodiffusion par satellite de 1977 en passant par la politique multilat\u00e9rale de la Soci\u00e9t\u00e9 suisse de radiodiffusion (SSR), un projet n\u00e9olib\u00e9ral de t\u00e9l\u00e9vision internationale port\u00e9 par des publicitaires et des \u00e9diteurs de presse ou encore par l\u2019\u00e9volution des repr\u00e9sentations visuelles de la Grande Oreilles de la station de Lo\u00e8che, cet ouvrage d\u00e9voile la pluralit\u00e9 des facettes de l\u2019int\u00e9gration des communications spatiales sur le territoire helv\u00e9tique. &nbsp;<\/p>\n\n\n\n<p>Il met en \u00e9vidence les n\u00e9gociations conflictuelles qui la fa\u00e7onnent, que ces luttes se d\u00e9ploient sur le plan juridique, diplomatique, technique ou culturel. Cet ouvrage replace les communications spatiales dans des \u00e9volutions de longue dur\u00e9e et d\u00e9voile les jeux d\u2019\u00e9chelles \u00e0 l\u2019\u0153uvre dans leur appropriation par des acteurs helv\u00e9tiques vari\u00e9s. Il d\u00e9tricote ainsi le mythe du satellite comme le vecteur d\u2019une r\u00e9volution globale des communications tout en proposant une histoire r\u00e9solument transnationale de la Suisse par le biais de ses acteurs et de ses infrastructures m\u00e9diatiques. En croisant les historiographies et les approches th\u00e9oriques, il propose, enfin, une r\u00e9flexion sur les reconfigurations historiques du t\u00e9l\u00e9phone et de la t\u00e9l\u00e9vision et, plus g\u00e9n\u00e9ralement, sur les modalit\u00e9s de l\u2019innovation technologique.&nbsp;<\/p>\n\n\n\n<figure class=\"wp-block-image size-large is-resized\"><a href=\"https:\/\/wp.unil.ch\/collectif-televisuel\/files\/2024\/09\/Photo_Marie_Satellites.jpg\"><img alt=\"\" loading=\"lazy\" decoding=\"async\" width=\"1024\" height=\"812\" src=\"https:\/\/wp.unil.ch\/collectif-televisuel\/files\/2024\/09\/Photo_Marie_Satellites-1024x812.jpg\" alt=\"\" class=\"wp-image-1089\" style=\"width:628px;height:auto\" srcset=\"https:\/\/wp.unil.ch\/collectif-televisuel\/files\/2024\/09\/Photo_Marie_Satellites-1024x812.jpg 1024w, https:\/\/wp.unil.ch\/collectif-televisuel\/files\/2024\/09\/Photo_Marie_Satellites-300x238.jpg 300w, https:\/\/wp.unil.ch\/collectif-televisuel\/files\/2024\/09\/Photo_Marie_Satellites-768x609.jpg 768w, https:\/\/wp.unil.ch\/collectif-televisuel\/files\/2024\/09\/Photo_Marie_Satellites-15x12.jpg 15w, https:\/\/wp.unil.ch\/collectif-televisuel\/files\/2024\/09\/Photo_Marie_Satellites-1120x888.jpg 1120w, https:\/\/wp.unil.ch\/collectif-televisuel\/files\/2024\/09\/Photo_Marie_Satellites-540x428.jpg 540w, https:\/\/wp.unil.ch\/collectif-televisuel\/files\/2024\/09\/Photo_Marie_Satellites-1080x856.jpg 1080w, https:\/\/wp.unil.ch\/collectif-televisuel\/files\/2024\/09\/Photo_Marie_Satellites.jpg 1514w\" sizes=\"auto, (max-width: 1024px) 100vw, 1024px\" \/><\/a><figcaption class=\"wp-element-caption\">La station terrienne pour satellites de Lo\u00e8che photographi\u00e9e par son architecte Peter Wenger en 1976 \u00a9 Stiftung Heidi und Peter Wenger<\/figcaption><\/figure>\n","protected":false},"excerpt":{"rendered":"<p>Th\u00e8se de doctorat de Marie Sandoz Parue aux \u00c9ditions universitaires Alphil (open access). Quel int\u00e9r\u00eat peut bien rev\u00eatir la \u00ab\u00a0petite\u00a0\u00bb Suisse pour \u00e9clairer l\u2019histoire des communications par satellite\u00a0?\u00a0&hellip;<\/p>\n","protected":false},"author":1002804,"featured_media":0,"parent":170,"menu_order":0,"comment_status":"closed","ping_status":"closed","template":"template-full-width.php","meta":{"_seopress_robots_primary_cat":"","_seopress_titles_title":"","_seopress_titles_desc":"","_seopress_robots_index":"","footnotes":""},"class_list":["post-1093","page","type-page","status-publish","has-post-thumbnail"],"_links":{"self":[{"href":"https:\/\/wp.unil.ch\/collectif-televisuel\/wp-json\/wp\/v2\/pages\/1093","targetHints":{"allow":["GET"]}}],"collection":[{"href":"https:\/\/wp.unil.ch\/collectif-televisuel\/wp-json\/wp\/v2\/pages"}],"about":[{"href":"https:\/\/wp.unil.ch\/collectif-televisuel\/wp-json\/wp\/v2\/types\/page"}],"author":[{"embeddable":true,"href":"https:\/\/wp.unil.ch\/collectif-televisuel\/wp-json\/wp\/v2\/users\/1002804"}],"replies":[{"embeddable":true,"href":"https:\/\/wp.unil.ch\/collectif-televisuel\/wp-json\/wp\/v2\/comments?post=1093"}],"version-history":[{"count":5,"href":"https:\/\/wp.unil.ch\/collectif-televisuel\/wp-json\/wp\/v2\/pages\/1093\/revisions"}],"predecessor-version":[{"id":2208,"href":"https:\/\/wp.unil.ch\/collectif-televisuel\/wp-json\/wp\/v2\/pages\/1093\/revisions\/2208"}],"up":[{"embeddable":true,"href":"https:\/\/wp.unil.ch\/collectif-televisuel\/wp-json\/wp\/v2\/pages\/170"}],"wp:attachment":[{"href":"https:\/\/wp.unil.ch\/collectif-televisuel\/wp-json\/wp\/v2\/media?parent=1093"}],"curies":[{"name":"wp","href":"https:\/\/api.w.org\/{rel}","templated":true}]}}