{"id":1006,"date":"2024-09-23T10:44:20","date_gmt":"2024-09-23T08:44:20","guid":{"rendered":"https:\/\/wp.unil.ch\/collectif-televisuel\/?page_id=1006"},"modified":"2025-02-11T17:16:56","modified_gmt":"2025-02-11T16:16:56","slug":"autour-de-lecologie-sociale","status":"publish","type":"page","link":"https:\/\/wp.unil.ch\/collectif-televisuel\/recherches\/autour-de-lecologie-sociale\/","title":{"rendered":"Autour de l&rsquo;\u00e9cologie sociale : les collectifs de la pens\u00e9e \u00e9cologique entre science, politique et m\u00e9dias (1970\u20131990) \u00a0"},"content":{"rendered":"\n<div class=\"wp-block-cover alignfull has-parallax wp-duotone-midnight\" style=\"min-height:300px;aspect-ratio:unset;\"><span aria-hidden=\"true\" class=\"wp-block-cover__background has-background-dim-0 has-background-dim\" style=\"background-color:#f1f5c7\"><\/span><div class=\"wp-block-cover__image-background wp-image-1815 has-parallax\" style=\"background-position:50% 50%;background-image:url(https:\/\/wp.unil.ch\/collectif-televisuel\/files\/2025\/01\/soutenance-Roxane.jpeg)\"><\/div><div class=\"wp-block-cover__inner-container is-layout-flow wp-block-cover-is-layout-flow\">\n<h1 class=\"wp-block-heading has-text-align-center has-larger-font-size\"><strong>Autour de l&rsquo;\u00e9cologie sociale : les collectifs de la pens\u00e9e \u00e9cologique entre science, politique et m\u00e9dias (1970\u20131990)<\/strong><\/h1>\n<\/div><\/div>\n\n\n\n<p><\/p>\n\n\n\n<p><strong>Projet de recherche postdoctorale de <a href=\"https:\/\/wp.unil.ch\/collectif-televisuel\/personnes\/lisa-cronjager\/\">Lisa Cronj\u00e4ger<\/a><\/strong><\/p>\n\n\n\n<p class=\"has-text-align-left\">A Cully, Langenbruck et Neuch\u00e2tel, mais \u00e9galement \u00e0 Vienne et \u00e0 Berlin, \u00e0 Vermont et \u00e0 Montevideo, les ann\u00e9es 1970 et 1980 repr\u00e9sentent une p\u00e9riode faste pour les groupes de recherche sur l\u2019\u00e9cologie sociale. N\u00e9s d\u2019une prise de conscience de la crise environnementale et des in\u00e9galit\u00e9s sociales, ces groupes s\u2019efforcent d\u2019instaurer un dialogue transdisciplinaire entre leurs membres et la soci\u00e9t\u00e9. Pour cela, ils s\u2019appuient sur des perspectives multiples&nbsp;: sciences et humanit\u00e9s, arts et nouvelles technologies, sources audiovisuelles et r\u00e9seaux de m\u00e9dias locaux et internationaux. &nbsp;<\/p>\n\n\n\n<p>Le projet de recherche se concentre sur ce que le th\u00e9oricien des sciences Ludwik Fleck appelle \u00ab la circulation intercollective des pens\u00e9es&nbsp;\u00bb, c\u2019est-\u00e0-dire l\u2019\u00e9change d\u2019id\u00e9es entre les collectifs de la pens\u00e9e \u00e9cologique et la soci\u00e9t\u00e9 civile, entre les initiatives locales et les mouvements politiques internationaux. Souvent, ces collectifs ont \u00e9t\u00e9 en contact avec des stations de t\u00e9l\u00e9vision et utilisaient des sources audiovisuelles en exp\u00e9rimentant avec les formes d\u2019enseignement et du travail politique. C\u2019est pourquoi les archives t\u00e9l\u00e9visuelles constituent un point de d\u00e9part important pour \u00e9tudier ces collectifs. Le projet de recherche \u00ab&nbsp;Autour de l\u2019\u00e9cologie sociale&nbsp;\u00bb cherche ainsi \u00e0 comprendre comment les r\u00e9seaux de recherche en \u00e9cologie sociale ont produit de nouvelles formes de savoir visant \u00e0 r\u00e9pondre \u00e0 la crise environnementale dans les derni\u00e8res d\u00e9cennies du vingti\u00e8me si\u00e8cle.&nbsp;<\/p>\n\n\n<div class=\"wp-block-image\">\n<figure class=\"alignleft size-full is-resized\"><a href=\"https:\/\/wp.unil.ch\/collectif-televisuel\/files\/2024\/09\/cours-Cully_horizontal.png\"><img alt=\"\" loading=\"lazy\" decoding=\"async\" width=\"908\" height=\"544\" src=\"https:\/\/wp.unil.ch\/collectif-televisuel\/files\/2024\/09\/cours-Cully_horizontal.png\" alt=\"\" class=\"wp-image-1012\" style=\"width:616px;height:auto\" srcset=\"https:\/\/wp.unil.ch\/collectif-televisuel\/files\/2024\/09\/cours-Cully_horizontal.png 908w, https:\/\/wp.unil.ch\/collectif-televisuel\/files\/2024\/09\/cours-Cully_horizontal-300x180.png 300w, https:\/\/wp.unil.ch\/collectif-televisuel\/files\/2024\/09\/cours-Cully_horizontal-768x460.png 768w, https:\/\/wp.unil.ch\/collectif-televisuel\/files\/2024\/09\/cours-Cully_horizontal-18x12.png 18w, https:\/\/wp.unil.ch\/collectif-televisuel\/files\/2024\/09\/cours-Cully_horizontal-540x324.png 540w\" sizes=\"auto, (max-width: 908px) 100vw, 908px\" \/><\/a><figcaption class=\"wp-element-caption\">\u00ab Premier Cours \u00e0 l&rsquo;institut international d&rsquo;\u00e9cologie \u00e0 Cully \u00bb, Feuille d&rsquo;Avis de Vevey, No. 294, 15.12.1972, <br>dans l&rsquo;exposition <a href=\"https:\/\/www.maisondelariviere.ch\/\" target=\"_blank\" rel=\"noreferrer noopener\">Myst\u00e8res du L\u00e9man<\/a> \u00e0 la Maison de la Rivi\u00e8re \u00e0 Tolochenaz, 2024.<\/figcaption><\/figure>\n<\/div>\n\n\n<p><\/p>\n","protected":false},"excerpt":{"rendered":"<p>Projet de recherche postdoctorale de Lisa Cronj\u00e4ger A Cully, Langenbruck et Neuch\u00e2tel, mais \u00e9galement \u00e0 Vienne et \u00e0 Berlin, \u00e0 Vermont et \u00e0 Montevideo, les ann\u00e9es 1970 et&hellip;<\/p>\n","protected":false},"author":1002804,"featured_media":0,"parent":170,"menu_order":0,"comment_status":"closed","ping_status":"closed","template":"template-full-width.php","meta":{"_seopress_robots_primary_cat":"","_seopress_titles_title":"","_seopress_titles_desc":"","_seopress_robots_index":"","footnotes":""},"class_list":["post-1006","page","type-page","status-publish","has-post-thumbnail"],"_links":{"self":[{"href":"https:\/\/wp.unil.ch\/collectif-televisuel\/wp-json\/wp\/v2\/pages\/1006","targetHints":{"allow":["GET"]}}],"collection":[{"href":"https:\/\/wp.unil.ch\/collectif-televisuel\/wp-json\/wp\/v2\/pages"}],"about":[{"href":"https:\/\/wp.unil.ch\/collectif-televisuel\/wp-json\/wp\/v2\/types\/page"}],"author":[{"embeddable":true,"href":"https:\/\/wp.unil.ch\/collectif-televisuel\/wp-json\/wp\/v2\/users\/1002804"}],"replies":[{"embeddable":true,"href":"https:\/\/wp.unil.ch\/collectif-televisuel\/wp-json\/wp\/v2\/comments?post=1006"}],"version-history":[{"count":5,"href":"https:\/\/wp.unil.ch\/collectif-televisuel\/wp-json\/wp\/v2\/pages\/1006\/revisions"}],"predecessor-version":[{"id":1983,"href":"https:\/\/wp.unil.ch\/collectif-televisuel\/wp-json\/wp\/v2\/pages\/1006\/revisions\/1983"}],"up":[{"embeddable":true,"href":"https:\/\/wp.unil.ch\/collectif-televisuel\/wp-json\/wp\/v2\/pages\/170"}],"wp:attachment":[{"href":"https:\/\/wp.unil.ch\/collectif-televisuel\/wp-json\/wp\/v2\/media?parent=1006"}],"curies":[{"name":"wp","href":"https:\/\/api.w.org\/{rel}","templated":true}]}}