{"id":192,"date":"2018-07-11T16:09:37","date_gmt":"2018-07-11T14:09:37","guid":{"rendered":"http:\/\/wp.unil.ch\/collart-palmyre\/?page_id=192"},"modified":"2023-06-01T14:32:12","modified_gmt":"2023-06-01T12:32:12","slug":"presse","status":"publish","type":"page","link":"https:\/\/wp.unil.ch\/collart-palmyre\/presse\/","title":{"rendered":"Presse"},"content":{"rendered":"\n<div class=\"wp-block-columns is-layout-flex wp-container-core-columns-is-layout-9d6595d7 wp-block-columns-is-layout-flex\">\n<div class=\"wp-block-column is-layout-flow wp-block-column-is-layout-flow\">\n<h4 class=\"wp-block-heading\">Contact<\/h4>\n\n\n\n<p>Pour toutes questions relatives au projet Collart-Palmyre, merci de contacter Guillaume Conne, responsable de la communication:&nbsp;<a href=\"mailto:communication-lettres@unil.ch\">communication-lettres@unil.ch<\/a>&nbsp;ou +41 21 692 29 11, ou d&rsquo;envoyer votre demande \u00e0 l&rsquo;adresse : <a href=\"mailto:Projet-CollartPalmyre@unil.ch\">Projet-CollartPalmyre@unil.ch<\/a><\/p>\n<\/div>\n\n\n\n<div class=\"wp-block-column is-layout-flow wp-block-column-is-layout-flow\">\n<h4 class=\"wp-block-heading\">\u00c0 t\u00e9l\u00e9charger<\/h4>\n\n\n\n<ul class=\"wp-block-list\" id=\"block-3ffe4fde-26d5-4fdc-83d5-8a527d44060c\">\n<li><a href=\"https:\/\/wp.unil.ch\/collart-palmyre\/files\/2018\/09\/Projet_Collart-Palmyre_images.zip\">S\u00e9lection d&rsquo;images<\/a>&nbsp;(merci de toujours indiquer le copyright).<\/li>\n\n\n\n<li><a rel=\"noreferrer noopener\" href=\"https:\/\/wp.unil.ch\/collart-palmyre\/files\/2018\/07\/Resume_projet_Collart-Palmyre_fr.pdf\" target=\"_blank\">R\u00e9sum\u00e9 du projet en fran\u00e7ais<\/a><\/li>\n\n\n\n<li><a rel=\"noreferrer noopener\" href=\"https:\/\/wp.unil.ch\/collart-palmyre\/files\/2018\/07\/Resume_projet_Collart-Palmyre_arabe.pdf\" target=\"_blank\">R\u00e9sum\u00e9 du projet en arabe<\/a><\/li>\n\n\n\n<li>Dossier de presse de l&rsquo;exposition <a rel=\"noreferrer noopener\" href=\"https:\/\/wp.unil.ch\/collart-palmyre\/files\/2018\/10\/IMA_DPCITESMILLENAIRES.pdf\" target=\"_blank\">Cit\u00e9s mill\u00e9naires \u00e0 l&rsquo;Institut du monde arabe<\/a><\/li>\n<\/ul>\n<\/div>\n<\/div>\n\n\n\n<h4 class=\"wp-block-heading\"><strong>Le projet Collart-Palmyre dans les m\u00e9dias<\/strong><\/h4>\n\n\n\n<div class=\"wp-block-group\"><div class=\"wp-block-group__inner-container is-layout-constrained wp-block-group-is-layout-constrained\"><ul class=\"wp-block-latest-posts__list is-grid columns-4 wp-block-latest-posts\"><li><a class=\"wp-block-latest-posts__post-title\" href=\"https:\/\/wp.unil.ch\/collart-palmyre\/pakomuze-une-centaine-dactivites-pour-les-enfants-dans-les-musees-vaudois-rts-un-17-04-2023\/\">P\u00e2KOMUZ\u00e9, une centaine d&rsquo;activit\u00e9s pour les enfants dans les mus\u00e9es vaudois, RTS Un, 17.04.2023<\/a><\/li>\n<li><a class=\"wp-block-latest-posts__post-title\" href=\"https:\/\/wp.unil.ch\/collart-palmyre\/un-joyau-romain-du-desert-syrien-renait-a-nyon-rts-un-17-04-2023\/\">Un joyau romain du d\u00e9sert syrien rena\u00eet \u00e0 Nyon, RTS Un, 17.04.2023<\/a><\/li>\n<li><a class=\"wp-block-latest-posts__post-title\" href=\"https:\/\/wp.unil.ch\/collart-palmyre\/syrie-10-ans-de-guerre-et-un-patrimoine-en-peril-le-temps-16-03-2021\/\">Syrie : 10 ans de guerre et un patrimoine en p\u00e9ril &#8211; Le Temps, 16.03.2021<\/a><\/li>\n<li><a class=\"wp-block-latest-posts__post-title\" href=\"https:\/\/wp.unil.ch\/collart-palmyre\/digitalisierung-als-letzte-chance-phase-5-04-2020\/\">Digitalisierung als letzte Chance \u2013 Phase 5, 04.2020<\/a><\/li>\n<li><a class=\"wp-block-latest-posts__post-title\" href=\"https:\/\/wp.unil.ch\/collart-palmyre\/le-patrimoine-mutile-de-palmyre-reconstruit-virtuellement-le-temps-22-12-2019\/\">Le patrimoine mutil\u00e9 de Palmyre reconstruit virtuellement &#8211; Le Temps, 22.12.2019<\/a><\/li>\n<li><a class=\"wp-block-latest-posts__post-title\" href=\"https:\/\/wp.unil.ch\/collart-palmyre\/on-ne-peut-pas-dissocier-larcheologie-de-palmyre-de-lhumain-24-heures-21-12-2019\/\">\u00ab On ne peut pas dissocier l&rsquo;arch\u00e9ologie de Palmyre de l&rsquo;humain \u00bb &#8211; 24 Heures, 21.12.2019<\/a><\/li>\n<li><a class=\"wp-block-latest-posts__post-title\" href=\"https:\/\/wp.unil.ch\/collart-palmyre\/la-reconstruction-du-site-de-palmyre-est-une-question-vivement-debattue-rts-la-premiere-la-matinale-16-12-2019\/\">La reconstruction du site de Palmyre est une question vivement d\u00e9battue &#8211; RTS La Premi\u00e8re, La matinale, 16.12.2019<\/a><\/li>\n<li><a class=\"wp-block-latest-posts__post-title\" href=\"https:\/\/wp.unil.ch\/collart-palmyre\/le-numerique-au-secours-du-patrimoine-de-lhumanite-tv5-monde-12-08-2019\/\">Le num\u00e9rique au secours du patrimoine de l\u2019humanit\u00e9 ? &#8211; TV5 Monde, 12.08.2019<\/a><\/li>\n<li><a class=\"wp-block-latest-posts__post-title\" href=\"https:\/\/wp.unil.ch\/collart-palmyre\/le-projet-collart-palmyre-rts-la-premiere-le-12h30-05-07-2019\/\">Le projet Collart-Palmyre &#8211; RTS La Premi\u00e8re, Le 12h30, 05.07.2019<\/a><\/li>\n<li><a class=\"wp-block-latest-posts__post-title\" href=\"https:\/\/wp.unil.ch\/collart-palmyre\/lausanner-archaologen-rekonstruieren-palmyra-tempel-mit-vr-dank-riesigem-archiv-von-paul-collart-23-04-2019\/\">Lausanner Arch\u00e4ologen rekonstruieren Palmyra Tempel mit VR \u2013 dank riesigem Archiv von Paul Collart \u2013 23.04.2019<\/a><\/li>\n<li><a class=\"wp-block-latest-posts__post-title\" href=\"https:\/\/wp.unil.ch\/collart-palmyre\/des-villes-detruites-reconstruites-virtuellement-cqfd-rts-la-premiere-17-01-2019\/\">Des villes d\u00e9truites reconstruites virtuellement \u2013 CQFD, RTS La Premi\u00e8re, 17.01.2019<\/a><\/li>\n<li><a class=\"wp-block-latest-posts__post-title\" href=\"https:\/\/wp.unil.ch\/collart-palmyre\/les-cites-millenaires-se-visitent-en-3d-cqfd-rts-la-premiere-20-12-2018\/\">Les cit\u00e9s mill\u00e9naires se visitent en 3D \u2013 CQFD, RTS La Premi\u00e8re, 20.12.2018<\/a><\/li>\n<li><a class=\"wp-block-latest-posts__post-title\" href=\"https:\/\/wp.unil.ch\/collart-palmyre\/villes-millenaires-leur-destruction-sera-t-elle-suivie-de-leur-resurrection-nectar-rts-espace-2-19-12-2018\/\">Villes mill\u00e9naires, leur destruction sera-t-elle suivie de leur r\u00e9surrection ? \u2013 Nectar, RTS Espace 2, 19.12.2018<\/a><\/li>\n<\/ul><\/div><\/div>\n","protected":false},"excerpt":{"rendered":"<p>Contact Pour toutes questions relatives au projet Collart-Palmyre, merci de contacter Guillaume Conne, responsable de la communication:&nbsp;communication-lettres@unil.ch&nbsp;ou +41 21 692 29 11, ou d&rsquo;envoyer votre demande \u00e0 l&rsquo;adresse&hellip;<\/p>\n","protected":false},"author":1001334,"featured_media":0,"parent":0,"menu_order":0,"comment_status":"closed","ping_status":"closed","template":"template-full-width.php","meta":{"_seopress_robots_primary_cat":"","_seopress_titles_title":"","_seopress_titles_desc":"","_seopress_robots_index":"","footnotes":""},"class_list":["post-192","page","type-page","status-publish","has-post-thumbnail"],"_links":{"self":[{"href":"https:\/\/wp.unil.ch\/collart-palmyre\/wp-json\/wp\/v2\/pages\/192","targetHints":{"allow":["GET"]}}],"collection":[{"href":"https:\/\/wp.unil.ch\/collart-palmyre\/wp-json\/wp\/v2\/pages"}],"about":[{"href":"https:\/\/wp.unil.ch\/collart-palmyre\/wp-json\/wp\/v2\/types\/page"}],"author":[{"embeddable":true,"href":"https:\/\/wp.unil.ch\/collart-palmyre\/wp-json\/wp\/v2\/users\/1001334"}],"replies":[{"embeddable":true,"href":"https:\/\/wp.unil.ch\/collart-palmyre\/wp-json\/wp\/v2\/comments?post=192"}],"version-history":[{"count":0,"href":"https:\/\/wp.unil.ch\/collart-palmyre\/wp-json\/wp\/v2\/pages\/192\/revisions"}],"wp:attachment":[{"href":"https:\/\/wp.unil.ch\/collart-palmyre\/wp-json\/wp\/v2\/media?parent=192"}],"curies":[{"name":"wp","href":"https:\/\/api.w.org\/{rel}","templated":true}]}}